{"id":91134,"date":"2024-11-24T17:56:23","date_gmt":"2024-11-24T17:56:23","guid":{"rendered":"https:\/\/electromenagerexpress.com\/product\/tapis-de-courseklarfittreado-sport-2-0\/"},"modified":"2024-11-24T17:56:28","modified_gmt":"2024-11-24T17:56:28","slug":"tapis-de-courseklarfittreado-sport-2-0","status":"publish","type":"product","link":"https:\/\/electromenagerexpress.com\/en\/product\/tapis-de-courseklarfittreado-sport-2-0\/","title":{"rendered":"Tapis de course\t\t\t\t\t\t\tKLARFIT\t\t\t\tTreado Sport 2.0"},"content":{"rendered":"<div class=\"product-features__content\">\n<ul role=\"list\">\n<li class=\"product-features__item\" role=\"listitem\">\n<h3 class=\"product-features__label\">Caract\u00e9ristiques<\/h3>\n<ul role=\"list\">\n<li class=\"product-features__item-list__item\" role=\"listitem\"><span class=\"is--medium\">Type de produit :<\/span> Tapis de course\t\t\t\t\t<\/li>\n<li class=\"product-features__item-list__item\" role=\"listitem\"><span class=\"is--medium\">Nombre de programmes :<\/span> 3\t\t\t\t\t<\/li>\n<li class=\"product-features__item-list__item\" role=\"listitem\"><span class=\"is--medium\">T\u00e9l\u00e9commande :<\/span> Non\t\t\t\t\t<\/li>\n<\/ul>\n<\/li>\n<li class=\"product-features__item\" role=\"listitem\">\n<h3 class=\"product-features__label\">Utilisation<\/h3>\n<ul role=\"list\">\n<li class=\"product-features__item-list__item\" role=\"listitem\"><span class=\"is--medium\">Charge maximale :<\/span> 120,0 kg\t\t\t\t\t<\/li>\n<li class=\"product-features__item-list__item\" role=\"listitem\"><span class=\"is--medium\">Bienfait :<\/span> Endurance, force et vitesses, d\u00e9penses caloriques\t\t\t\t\t<\/li>\n<\/ul>\n<\/li>\n<li class=\"product-features__item\" role=\"listitem\">\n<h3 class=\"product-features__label\">Dimensions<\/h3>\n<ul role=\"list\">\n<li class=\"product-features__item-list__item\" role=\"listitem\"><span class=\"is--medium\">Facile \u00e0 ranger :<\/span> Oui\t\t\t\t\t<\/li>\n<\/ul>\n<\/li>\n<li class=\"product-features__item\" role=\"listitem\">\n<h3 class=\"product-features__label\">Dimensions<\/h3>\n<ul role=\"list\">\n<li class=\"product-features__item-list__item\" role=\"listitem\"><span class=\"is--medium\">Dimensions l x h x p :<\/span> 66 x 124 x 138 cm\t\t\t\t\t<\/li>\n<li class=\"product-features__item-list__item\" role=\"listitem\"><span class=\"is--medium\">Poids Net (kg) :<\/span> 50\t\t\t\t\t<\/li>\n<\/ul>\n<\/li>\n<li class=\"product-features__item\" role=\"listitem\">\n<h3 class=\"product-features__label\">Informations compl\u00e9mentaires<\/h3>\n<ul role=\"list\">\n<li class=\"product-features__item-list__item\" role=\"listitem\"><span class=\"is--medium\">Disponibilit\u00e9 des pi\u00e8ces d\u00e9tach\u00e9es (donn\u00e9es fournisseur) :<\/span> Non communiqu\u00e9e\t\t\t\t\t<\/li>\n<li class=\"product-features__item-list__item\" role=\"listitem\"><span class=\"is--medium\">R\u00e9f\u00e9rence constructeur :<\/span> Treado Sport 2.0\t\t\t\t\t<\/li>\n<li class=\"product-features__item-list__item\" role=\"listitem\"><span class=\"is--medium\">Marque :<\/span> KLARFIT\t\t\t\t\t<\/li>\n<\/ul>\n<\/li>\n<\/ul>\n<\/div>\n<div class=\"product__disclosure-content\">\n<div class=\"js-read-more product-description__content read-more read-more--truncated\" data-read-more-name=\"description\" style=\"max-height: 500px; overflow: hidden;\">\n<p><b>Tapis de course avec moteur de 2 ch, <i>3-Level InclineSystem<\/i>, <i>AutoLubrication System<\/i> et<br \/><i>LowNoise-FX Drive<\/i> pour un entra\u00eenement cardio doux pour les articulations.<\/b><\/p>\n<p><b>La meilleure technologie : vitesse de d\u00e9placement r\u00e9glable jusqu&rsquo;\u00e0 12km\/h, 12<br \/> programmes d&rsquo;entrainement ainsi qu&rsquo;un haut-parleur int\u00e9gr\u00e9 pour des entrainements<br \/>avec le meilleur son.<\/b><\/p>\n<p><b>Ordinateur de bord avec capteur de fr\u00e9quence<br \/> cardiaque pour contr\u00f4ler les performances, support tablette, connexion Bluetooth et<br \/>App-Feature.<\/b><\/p>\n<p> Le <b>tapis de course Klarfit offre, gr\u00e2ce \u00e0 sa<br \/>technologie\u00a0moderne et ses fonctionnalit\u00e9s int\u00e9gr\u00e9es, une exp\u00e9rience d&rsquo;entra\u00eenement \u00e0<br \/>domicile confortable.<\/p>\n<p>Son moteur puissant de 2 ch \u00e0 courant continu<br \/> met le tapis roulant en marche jusqu&rsquo;\u00e0 12 km\/h, et fera transpirer les d\u00e9butants<br \/>comme les<br \/> sportifs accomplis.\u00a0Dot\u00e9 du syst\u00e8me 3-Level InclineSystems, il est possible de<br \/>s\u00e9lectionner une pente de 0,5 \u00b0, 2,5 \u00b0ou 4 \u00b0 pour adapter de mani\u00e8re optimale le<br \/>tapis de course \u00e0 vos propres objectifs de performance. Le syst\u00e8me <i>AutoLubrication<br \/>System<\/i> certifi\u00e9 vous \u00e9pargne les travaux d&rsquo;entretien pour le tapis de course gr\u00e2ce \u00e0<br \/>son m\u00e9canisme d&rsquo;autolubrification. Le tapis de course multicouche<br \/>sp\u00e9cialement d\u00e9velopp\u00e9 assure un entra\u00eenement doux pour les articulations et une<br \/>longue dur\u00e9e de vie de l&rsquo;appareil.<\/p>\n<p>L&rsquo;ordinateur int\u00e9gr\u00e9 avec \u00e9cran LCD et capteur de fr\u00e9quence<br \/>cardiaque permet de garder un oeil sur des donn\u00e9es telles que les kilom\u00e8tres<br \/>parcourus, les calories br\u00fbl\u00e9es, la vitesse et la fr\u00e9quence cardiaque. Il propose<br \/>\u00e9galement 12 programmes pour un entra\u00eenement vari\u00e9. Et ce n&rsquo;est pas tout: le tableau<br \/>de commande est \u00e9quip\u00e9 d&rsquo;un support pour les tablettes afin que vous puissiez vous<br \/>occupez en regardant des vid\u00e9os ou en \u00e9coutant de la musique pendant l&rsquo;entrainement.<br \/>Via le Bluetooth, vous pouvez envoyer vos performances \u00e0 votre<br \/>tablette, iPad ou Smartphone et les analyser avec l&rsquo;application iFit .<\/p>\n<p>Le syst\u00e8me hydraulique de pliage aide \u00e0<br \/>replier et \u00e0 d\u00e9plier le tapis de course Klarfit Treado Sport 2.0, qui,\u00a0 se range,<br \/>facilement gr\u00e2ce \u00e0 ses roulettes.\u00a0<\/p>\n<p><b>Top Features:<\/b><\/p>\n<p>\u2022 <b>Peu encombrant <br \/>\u2022 <b> <\/b><i>AutoLubrication System<\/i> absorbeur de chocs pour un fonctionnement<br \/> particuli\u00e8rement doux et sans entretien du tapis de course<br \/>\u2022 <b>Contr\u00f4le via l&rsquo;appli<br \/>\u2022 <b>Moteur performant <i>LowNoise-FX Drive<\/i> \u2022 <b>3 niveaux de pente r\u00e9glables manuellement<br \/>\u2022 <b>Haut-parleur int\u00e9gr\u00e9 dot\u00e9 d&rsquo;une connexion USB &amp; SD ou d&rsquo;une entr\u00e9e<br \/>AUX 3,5 mm<br \/> \u2022 <b>Ordinateur de bord avec support\u00a0pour tablette<\/p>\n<p><b>Caract\u00e9ristiques:<\/b><\/p>\n<p>\u2022 Connexions: 1x entr\u00e9e AUX 3,5mm, 1x USB, 1x carte SD<br \/>\u2022 Capteur de fr\u00e9quence cardiaque int\u00e9gr\u00e9 aux poign\u00e9es<br \/>\u2022 Affichage des calories br\u00fbl\u00e9es, de la dur\u00e9e de l&rsquo;entra\u00eenement, de la distance, de<br \/> la vitesse et de la fr\u00e9quence cardiaque<br \/>\u2022 Vitesse r\u00e9glable entre 1 et 12 km\/h<br \/>\u2022 12 programmes d&rsquo;entra\u00eenement<br \/>\u2022 Possibilit\u00e9 de connexion d&rsquo;un lecteur MP3 via l&rsquo;entr\u00e9e 3,5 mm<br \/>\u2022 Connexion USB et emplacement carte SD pour m\u00e9moire de masse MP3<br \/>\u2022 Media-Player int\u00e9gr\u00e9 avec haut-parleurs<br \/>\u2022 Poids maximal de l&rsquo;utilisateur : 120 kg<br \/>\u2022 Tapis de course avec syst\u00e8me hydraulique de pliage<br \/>\u2022 Goupille de s\u00e9curit\u00e9 pour un entra\u00eenement sans danger<br \/>\u2022 Puissance du moteur : 2,0 ch (en pointe) \/ 1,2 ch (en continu)<br \/>\u2022 Lubrifiant pour le syst\u00e8me autolubrifiant disponible sous la r\u00e9f\u00e9rence d&rsquo;article<br \/> 10032930<br \/>\u2022 Alimentation : 220-240 V~ \/ 50-60 Hz<\/p>\n<p><b>Inclus dans la livraison:<\/b><\/p>\n<p>\u2022 1 x tapis de course (en kit \u00e0 monter)<br \/>\u2022 Mode d&#8217;emploi<\/p>\n<p><b>Dimensions:<\/b><\/p>\n<p>\u2022 Dimensions install\u00e9 : env. 66 x 124 x 138 cm (LxHxP)<br \/>\u2022 Dimensions repli\u00e9 : env. 66 x 133 x 68 cm (LxHxP)<br \/>\u2022 Dimensions de la surface de course : env.\u00a040 x\u00a0110 cm (lxL)<br \/>\u2022 Poids : env. 50 kg<\/p>\n<p><\/b><\/b><\/b><\/b><\/b><\/b><\/b><\/p>\n<p><b><b><\/b><\/b><\/div>\n<p><b><b><\/b><\/b><bl-button a11yexpanded=\"false\" arialabel=\"Afficher toute la description\" class=\"read-more__btn\" full=\"false\" link=\"true\"><\/bl-button><\/div>","protected":false},"excerpt":{"rendered":"<div class=\"keypoints\">\n<h3 class=\"keypoints__title\">Les points cl\u00e9s<\/h3>\n<ul role=\"list\">\n<li class=\"keypoints__item\" role=\"listitem\">                                        Bienfait : Endurance, force et vitesses, d\u00e9penses caloriques                      <\/li>\n<li class=\"keypoints__item\" role=\"listitem\">                                        Nombre de programmes : 3                      <\/li>\n<li class=\"keypoints__item\" role=\"listitem\">                                        Charge maximale : 120,0 kg                      <\/li>\n<\/ul>","protected":false},"featured_media":91133,"template":"","meta":{"_glsr_average":0,"_glsr_ranking":0,"_glsr_reviews":0},"product_cat":[498],"product_tag":[187,500],"class_list":{"0":"post-91134","1":"product","2":"type-product","3":"status-publish","4":"has-post-thumbnail","6":"product_cat-minceur-fitness","7":"product_tag-beaute-sante","8":"product_tag-minceur-fitness","10":"first","11":"instock","12":"sale","13":"shipping-taxable","14":"purchasable","15":"product-type-simple"},"_links":{"self":[{"href":"https:\/\/electromenagerexpress.com\/en\/wp-json\/wp\/v2\/product\/91134","targetHints":{"allow":["GET"]}}],"collection":[{"href":"https:\/\/electromenagerexpress.com\/en\/wp-json\/wp\/v2\/product"}],"about":[{"href":"https:\/\/electromenagerexpress.com\/en\/wp-json\/wp\/v2\/types\/product"}],"wp:featuredmedia":[{"embeddable":true,"href":"https:\/\/electromenagerexpress.com\/en\/wp-json\/wp\/v2\/media\/91133"}],"wp:attachment":[{"href":"https:\/\/electromenagerexpress.com\/en\/wp-json\/wp\/v2\/media?parent=91134"}],"wp:term":[{"taxonomy":"product_cat","embeddable":true,"href":"https:\/\/electromenagerexpress.com\/en\/wp-json\/wp\/v2\/product_cat?post=91134"},{"taxonomy":"product_tag","embeddable":true,"href":"https:\/\/electromenagerexpress.com\/en\/wp-json\/wp\/v2\/product_tag?post=91134"}],"curies":[{"name":"wp","href":"https:\/\/api.w.org\/{rel}","templated":true}]}}