{"id":91113,"date":"2024-11-24T17:56:00","date_gmt":"2024-11-24T17:56:00","guid":{"rendered":"https:\/\/electromenagerexpress.com\/product\/velo-dappartementvidaxlmulticolore-2\/"},"modified":"2024-11-24T17:56:09","modified_gmt":"2024-11-24T17:56:09","slug":"velo-dappartementvidaxlmulticolore-2","status":"publish","type":"product","link":"https:\/\/electromenagerexpress.com\/en\/product\/velo-dappartementvidaxlmulticolore-2\/","title":{"rendered":"V\u00e9lo d&rsquo;appartement\t\t\t\t\t\t\tVIDAXL\t\t\t\tMulticolore"},"content":{"rendered":"<div class=\"product-features__content\">\n<ul role=\"list\">\n<li class=\"product-features__item\" role=\"listitem\">\n<h3 class=\"product-features__label\">Pour prendre soin de vous<\/h3>\n<ul role=\"list\">\n<li class=\"product-features__item-list__item\" role=\"listitem\"><span class=\"is--medium\">D\u00e9couvrez notre boutique Sant\u00e9\/Bien-\u00catre :<\/span> <a href=\"https:\/\/www.boulanger.com\/evenement\/boutique-bien-etre-sante\" target=\"_blank\">Cliquez ici<\/a><\/li>\n<\/ul>\n<\/li>\n<li class=\"product-features__item\" role=\"listitem\">\n<h3 class=\"product-features__label\">Caract\u00e9ristiques g\u00e9n\u00e9rales<\/h3>\n<ul role=\"list\">\n<li class=\"product-features__item-list__item\" role=\"listitem\"><span class=\"is--medium\">Type de produit :<\/span> V\u00e9lo appartement\t\t\t\t\t<\/li>\n<\/ul>\n<\/li>\n<li class=\"product-features__item\" role=\"listitem\">\n<h3 class=\"product-features__label\">Informations compl\u00e9mentaires<\/h3>\n<ul role=\"list\">\n<li class=\"product-features__item-list__item\" role=\"listitem\"><span class=\"is--medium\">Fabriqu\u00e9 en :<\/span> Chine\t\t\t\t\t<\/li>\n<li class=\"product-features__item-list__item\" role=\"listitem\"><span class=\"is--medium\">Disponibilit\u00e9 des pi\u00e8ces d\u00e9tach\u00e9es (donn\u00e9es fournisseur) :<\/span> Non concern\u00e9\t\t\t\t\t<\/li>\n<li class=\"product-features__item-list__item\" role=\"listitem\"><span class=\"is--medium\">R\u00e9f\u00e9rence constructeur :<\/span> Multicolore\t\t\t\t\t<\/li>\n<li class=\"product-features__item-list__item\" role=\"listitem\"><span class=\"is--medium\">Marque :<\/span> VIDAXL\t\t\t\t\t<\/li>\n<\/ul>\n<\/li>\n<li class=\"product-features__item\" role=\"listitem\">\n<h3 class=\"product-features__label\">Dimensions<\/h3>\n<ul role=\"list\">\n<li class=\"product-features__item-list__item\" role=\"listitem\"><span class=\"is--medium\">Dimensions l x h x p :<\/span> 97 x 108 x NC cm\t\t\t\t\t<\/li>\n<li class=\"product-features__item-list__item\" role=\"listitem\"><span class=\"is--medium\">Poids Net (kg) :<\/span> 26\t\t\t\t\t<\/li>\n<\/ul>\n<\/li>\n<\/ul>\n<\/div>\n<div class=\"product__disclosure-content\">\n<div class=\"js-read-more product-description__content read-more read-more--truncated\" data-read-more-name=\"description\" style=\"max-height: 500px; overflow: hidden;\">\n<p>Ce v\u00e9lo d&rsquo;appartement compact, mais robuste est id\u00e9al pour faire de l&rsquo;exercice \u00e0 la maison. Il a un si\u00e8ge r\u00e9glable, des contr\u00f4les de r\u00e9sistance \u00e0 plusieurs niveaux et une vari\u00e9t\u00e9 de fonctions informatiques pour vous donner un entra\u00eenement efficace.<\/p>\n<p>\u00a0<\/p>\n<p>L&rsquo;\u00e9cran LCD fournira toutes les informations pertinentes, y compris le dur\u00e9e, la vitesse, la distance, les calories br\u00fbl\u00e9es, l&rsquo;odom\u00e8tre et le pouls. Le si\u00e8ge et le guidon sont r\u00e9glables pour que vous puissiez trouver la position d&rsquo;entra\u00eenement la plus confortable.<\/p>\n<p>\u00a0<\/p>\n<p>Notre v\u00e9lo d&rsquo;appartement est \u00e9quip\u00e9 d&rsquo;un porte-bouteille facile \u00e0 atteindre sur le cadre, ainsi vous pouvez rester hydrat\u00e9 pendant votre entra\u00eenement et il a des p\u00e9dales antid\u00e9rapantes avec des sangles de p\u00e9dale. Le v\u00e9lo d&rsquo;appartement a une courroie de transmission en caoutchouc, ce qui rend votre entra\u00eenement plus doux et plus silencieux.<\/p>\n<\/p>\n<ul>\n<li>Couleur : Blanc et rouge<\/li>\n<li>Mat\u00e9riau : Cadre en acier + volant d&rsquo;inertie en acier et plastique<\/li>\n<li>Dimensions : 97 x 46 x 108 cm (L x l x H)<\/li>\n<li>Poids du volant d&rsquo;inertie : 15 kg<\/li>\n<li>Poids maximal de l\u2019utilisateur : 100 kg<\/li>\n<li>Fonctions de l&rsquo;ordinateur : Scan, dur\u00e9e, vitesse, distance, calories, odom\u00e8tre, pouls<\/li>\n<li>Avec un porte-bouteille<\/li>\n<li>Avec courroie de transmission en caoutchouc<\/li>\n<li>La selle peut \u00eatre ajust\u00e9e verticalement et horizontalement<\/li>\n<li>Les guidons peuvent \u00eatre ajust\u00e9s verticalement<\/li>\n<li>Syst\u00e8me de r\u00e9sistance \u00e0 friction \u00e0 plusieurs niveaux<\/li>\n<li>EAN : 8719883737171<\/li>\n<li>SKU : 92136<\/li>\n<li>Marque : vidaXL<\/li>\n<\/ul>\n<\/div>\n<p><bl-button a11yexpanded=\"false\" arialabel=\"Afficher toute la description\" class=\"read-more__btn\" full=\"false\" link=\"true\"><\/bl-button><\/div>","protected":false},"excerpt":{"rendered":"<p>None<\/p>","protected":false},"featured_media":91112,"template":"","meta":{"_glsr_average":0,"_glsr_ranking":0,"_glsr_reviews":0},"product_cat":[504],"product_tag":[187,505,500],"class_list":{"0":"post-91113","1":"product","2":"type-product","3":"status-publish","4":"has-post-thumbnail","6":"product_cat-equipement-du-sportif","7":"product_tag-beaute-sante","8":"product_tag-equipement-du-sportif","9":"product_tag-minceur-fitness","11":"first","12":"instock","13":"sale","14":"shipping-taxable","15":"purchasable","16":"product-type-simple"},"_links":{"self":[{"href":"https:\/\/electromenagerexpress.com\/en\/wp-json\/wp\/v2\/product\/91113","targetHints":{"allow":["GET"]}}],"collection":[{"href":"https:\/\/electromenagerexpress.com\/en\/wp-json\/wp\/v2\/product"}],"about":[{"href":"https:\/\/electromenagerexpress.com\/en\/wp-json\/wp\/v2\/types\/product"}],"wp:featuredmedia":[{"embeddable":true,"href":"https:\/\/electromenagerexpress.com\/en\/wp-json\/wp\/v2\/media\/91112"}],"wp:attachment":[{"href":"https:\/\/electromenagerexpress.com\/en\/wp-json\/wp\/v2\/media?parent=91113"}],"wp:term":[{"taxonomy":"product_cat","embeddable":true,"href":"https:\/\/electromenagerexpress.com\/en\/wp-json\/wp\/v2\/product_cat?post=91113"},{"taxonomy":"product_tag","embeddable":true,"href":"https:\/\/electromenagerexpress.com\/en\/wp-json\/wp\/v2\/product_tag?post=91113"}],"curies":[{"name":"wp","href":"https:\/\/api.w.org\/{rel}","templated":true}]}}