{"id":91086,"date":"2024-11-24T17:55:32","date_gmt":"2024-11-24T17:55:32","guid":{"rendered":"https:\/\/electromenagerexpress.com\/product\/velo-dappartementhmshorizontal-avec-generateur-premium-r18\/"},"modified":"2024-11-24T17:55:36","modified_gmt":"2024-11-24T17:55:36","slug":"velo-dappartementhmshorizontal-avec-generateur-premium-r18","status":"publish","type":"product","link":"https:\/\/electromenagerexpress.com\/en\/product\/velo-dappartementhmshorizontal-avec-generateur-premium-r18\/","title":{"rendered":"V\u00e9lo d&rsquo;appartement\t\t\t\t\t\t\tHMS\t\t\t\tHorizontal avec g\u00e9n\u00e9rateur Premium R18"},"content":{"rendered":"<div class=\"product-features__content\">\n<ul role=\"list\">\n<li class=\"product-features__item\" role=\"listitem\">\n<h3 class=\"product-features__label\">Pour prendre soin de vous<\/h3>\n<ul role=\"list\">\n<li class=\"product-features__item-list__item\" role=\"listitem\"><span class=\"is--medium\">D\u00e9couvrez notre boutique Sant\u00e9\/Bien-\u00catre :<\/span> <a href=\"https:\/\/www.boulanger.com\/evenement\/boutique-bien-etre-sante\" target=\"_blank\">Cliquez ici<\/a><\/li>\n<\/ul>\n<\/li>\n<li class=\"product-features__item\" role=\"listitem\">\n<h3 class=\"product-features__label\">Caract\u00e9ristiques g\u00e9n\u00e9rales<\/h3>\n<ul role=\"list\">\n<li class=\"product-features__item-list__item\" role=\"listitem\"><span class=\"is--medium\">Type de produit :<\/span> V\u00e9lo appartement\t\t\t\t\t<\/li>\n<li class=\"product-features__item-list__item\" role=\"listitem\"><span class=\"is--medium\">Couleur :<\/span> Gris\t\t\t\t\t<\/li>\n<li class=\"product-features__item-list__item\" role=\"listitem\"><span class=\"is--medium\">Ecran int\u00e9gr\u00e9 :<\/span> Oui\t\t\t\t\t<\/li>\n<li class=\"product-features__item-list__item\" role=\"listitem\"><span class=\"is--medium\">Nombre de programmes :<\/span> 19\t\t\t\t\t<\/li>\n<\/ul>\n<\/li>\n<li class=\"product-features__item\" role=\"listitem\">\n<h3 class=\"product-features__label\">Confort d&rsquo;utilisation<\/h3>\n<ul role=\"list\">\n<li class=\"product-features__item-list__item\" role=\"listitem\"><span class=\"is--medium\">Accroche p\u00e9dale :<\/span> Sangle\t\t\t\t\t<\/li>\n<li class=\"product-features__item-list__item\" role=\"listitem\"><span class=\"is--medium\">R\u00e9glage de la selle et du guidon :<\/span> Oui\t\t\t\t\t<\/li>\n<\/ul>\n<\/li>\n<li class=\"product-features__item\" role=\"listitem\">\n<h3 class=\"product-features__label\">Encombrement &#8211; Installation<\/h3>\n<ul role=\"list\">\n<li class=\"product-features__item-list__item\" role=\"listitem\"><span class=\"is--medium\">Pliable :<\/span> Oui\t\t\t\t\t<\/li>\n<\/ul>\n<\/li>\n<li class=\"product-features__item\" role=\"listitem\">\n<h3 class=\"product-features__label\">Affichage \u00e9cran<\/h3>\n<ul role=\"list\">\n<li class=\"product-features__item-list__item\" role=\"listitem\"><span class=\"is--medium\">Temps :<\/span> Oui\t\t\t\t\t<\/li>\n<li class=\"product-features__item-list__item\" role=\"listitem\"><span class=\"is--medium\">Distance :<\/span> Oui\t\t\t\t\t<\/li>\n<li class=\"product-features__item-list__item\" role=\"listitem\"><span class=\"is--medium\">Rythme cardiaque :<\/span> Oui\t\t\t\t\t<\/li>\n<li class=\"product-features__item-list__item\" role=\"listitem\"><span class=\"is--medium\">Calorie :<\/span> Oui\t\t\t\t\t<\/li>\n<li class=\"product-features__item-list__item\" role=\"listitem\"><span class=\"is--medium\">Programme pr\u00e9 enregistr\u00e9 :<\/span> Oui\t\t\t\t\t<\/li>\n<li class=\"product-features__item-list__item\" role=\"listitem\"><span class=\"is--medium\">Vitesse :<\/span> Oui\t\t\t\t\t<\/li>\n<\/ul>\n<\/li>\n<li class=\"product-features__item\" role=\"listitem\">\n<h3 class=\"product-features__label\">Caract\u00e9ristiques techniques<\/h3>\n<ul role=\"list\">\n<li class=\"product-features__item-list__item\" role=\"listitem\"><span class=\"is--medium\">Type de r\u00e9sistance :<\/span> Magn\u00e9tique\t\t\t\t\t<\/li>\n<li class=\"product-features__item-list__item\" role=\"listitem\"><span class=\"is--medium\">Vitesse max :<\/span> 99,00 Kg\t\t\t\t\t<\/li>\n<\/ul>\n<\/li>\n<li class=\"product-features__item\" role=\"listitem\">\n<h3 class=\"product-features__label\">Informations compl\u00e9mentaires<\/h3>\n<ul role=\"list\">\n<li class=\"product-features__item-list__item\" role=\"listitem\"><span class=\"is--medium\">Fabriqu\u00e9 en :<\/span> Europe\t\t\t\t\t<\/li>\n<li class=\"product-features__item-list__item\" role=\"listitem\"><span class=\"is--medium\">Disponibilit\u00e9 des pi\u00e8ces d\u00e9tach\u00e9es (donn\u00e9es fournisseur) :<\/span> Non communiqu\u00e9e\t\t\t\t\t<\/li>\n<\/ul>\n<\/li>\n<li class=\"product-features__item\" role=\"listitem\">\n<h3 class=\"product-features__label\">Dimensions<\/h3>\n<ul role=\"list\">\n<li class=\"product-features__item-list__item\" role=\"listitem\"><span class=\"is--medium\">Dimensions l x h x p :<\/span> 67 x 112 x 172 cm\t\t\t\t\t<\/li>\n<\/ul>\n<\/li>\n<\/ul>\n<\/div>\n<div class=\"product__disclosure-content\">\n<div class=\"js-read-more product-description__content read-more read-more--truncated\" data-read-more-name=\"description\" style=\"max-height: 500px; overflow: hidden;\">\n<p>Le R1817 HMS est un v\u00e9lo horizontal semi-commercial de haute qualit\u00e9. Un tel standard signifie que l&rsquo;\u00e9quipement est parfaitement adapt\u00e9 \u00e0 une utilisation commerciale dans les petits clubs de fitness, les salons SPA et les salles de bien-\u00eatre. L&rsquo;avantage le plus important de ce mod\u00e8le est le g\u00e9n\u00e9rateur int\u00e9gr\u00e9 \u00e0 base de dynamo. Ainsi, nous prenons soin de l&rsquo;environnement et \u00e9conomisons de l&rsquo;\u00e9lectricit\u00e9 et de l&rsquo;argent puisque nous l&rsquo;alimentons avec nos propres muscles. Le v\u00e9lo a \u00e9t\u00e9 \u00e9quip\u00e9 d&rsquo;une selle offrant un r\u00e9glage souple dans une plage de 28 cm. L&rsquo;utilisateur peut \u00e9galement r\u00e9gler librement le dossier afin que la position pendant l&rsquo;entra\u00eenement soit la plus confortable possible. Cela donne la possibilit\u00e9 d&rsquo;une grande personnalisation de l&rsquo;appareil et un confort m\u00eame pour les personnes de grande taille. L&rsquo;\u00e9cran fonctionnel et moderne recueille et pr\u00e9sente tous les param\u00e8tres d&rsquo;entra\u00eenement les plus importants. Vous pouvez r\u00e9gler son angle d&rsquo;inclinaison en fonction de vos besoins individuels. L&rsquo;utilisateur dispose de 7 fonctions principales, \u00e0 savoir : Temps (dur\u00e9e de l&rsquo;exercice), Distance (distance parcourue), Calories (calories br\u00fbl\u00e9es), Pouls (pouls), Watt (puissance), Vitesse (vitesse) et RPM (vitesse). Le R1817 HMS propose \u00e9galement 12 programmes d&rsquo;entra\u00eenement de base (19 au total). Ce n&rsquo;est pas tout ! L&rsquo;utilisateur a la possibilit\u00e9 de : HRC, Body Fat (mesure des graisses br\u00fbl\u00e9es), Recovery (mesure de la fr\u00e9quence cardiaque). A son tour, la fonction de cr\u00e9ation de votre propre profil utilisateur &#8211; donne la possibilit\u00e9 d&rsquo;une personnalisation compl\u00e8te de l&rsquo;appareil ! Vous pouvez d\u00e9finir : l&rsquo;\u00e2ge, la taille ou le poids. Gr\u00e2ce au syst\u00e8me de r\u00e9sistance magn\u00e9tique, les exercices sont silencieux &#8211; ils ne d\u00e9rangent donc pas les autres personnes de votre entourage. De son c\u00f4t\u00e9, le r\u00e9glage \u00e9lectronique de la charge vous permet de modifier les param\u00e8tres sans avoir \u00e0 interrompre l&rsquo;entra\u00eenement. L&rsquo;appareil est \u00e9quip\u00e9 de p\u00e9dales antid\u00e9rapantes qui disposent de sangles sp\u00e9ciales pour stabiliser les pieds. Pour garantir une s\u00e9curit\u00e9 maximale, toutes les poign\u00e9es ont \u00e9t\u00e9 recouvertes d&rsquo;un mat\u00e9riau sp\u00e9cial antid\u00e9rapant. ATTENTION : L&rsquo;achat est possible sur la base d&rsquo;un pr\u00e9paiement ! (virement ou PayU) Sp\u00e9cification : r\u00e9sistance : magn\u00e9tique interne Volant d&rsquo;inertie : 9 kg Rotation de la roue dans les deux sens Assise confortable Dimensions d\u00e9pli\u00e9es : longueur : 172 cm, largeur : 67 cm, hauteur : 112 cm Hauteur du si\u00e8ge mesur\u00e9e \u00e0 partir du sol : 45 cm Dossier : r\u00e9glable en inclinaison Selle : ergonomique avec r\u00e9glage horizontal de 28 centim\u00e8tres R\u00e9glage automatique en 32 \u00e9tapes Dossier : r\u00e9glage de l&rsquo;inclinaison P\u00e9dales \u00e9quilibr\u00e9es qui se mettent automatiquement en position horizontale Distance entre le si\u00e8ge et les p\u00e9dales 62 \u00f7 90 cm Poids : 58,5 kg la fonction de cr\u00e9ation de votre propre profil d&rsquo;utilisateur : \u00e2ge, taille et poids 12 programmes d&rsquo;entra\u00eenement de base : 4 niveaux d\u00e9butants 4 niveaux avanc\u00e9s 4 niveaux de sport Les p\u00e9dales se d\u00e9placent automatiquement en position horizontale Poids max. de l&rsquo;utilisateur : 180 kg Commentaires : 24 mois de garantie Semi Commercial : 12 mois Full Commercial : aucun Bluetooth : Prise USB (pour charger les appareils) Mesure du pouls : capteurs tactiles Roues de transport Alimentation \u00e9lectrique : g\u00e9n\u00e9rateur int\u00e9gr\u00e9 &#8211; dynamo affichage : Heure Distance Vitesse Calories Pulse Watt &#8211; puissance : plage de r\u00e9glage RPM &#8211; vitesse de rotation HRC &#8211; contr\u00f4le de la fr\u00e9quence cardiaque Body fat &#8211; mesure de la graisse corporelle Programme de contr\u00f4le de la puissance : 10-350 Watt Programme HRC : 4 variantes Programme cible : temps, distance et calories orient\u00e9s Niveau de vitesse : 0.0 &#8211; 99.9km Plage de r\u00e9glage de la distance : 0.00 &#8211; 99.90 km Plage de r\u00e9glage du pouls : 0-30 &#8211; 230 Un total de 19 programmes d&rsquo;entra\u00eenement<\/p>\n<\/div>\n<p><bl-button a11yexpanded=\"false\" arialabel=\"Afficher toute la description\" class=\"read-more__btn\" full=\"false\" link=\"true\"><\/bl-button><\/div>","protected":false},"excerpt":{"rendered":"<div class=\"keypoints\">\n<h3 class=\"keypoints__title\">Les points cl\u00e9s<\/h3>\n<ul role=\"list\">\n<li class=\"keypoints__item\" role=\"listitem\">                                        Pliable                      <\/li>\n<\/ul>","protected":false},"featured_media":91085,"template":"","meta":{"_glsr_average":0,"_glsr_ranking":0,"_glsr_reviews":0},"product_cat":[504],"product_tag":[187,505,500],"class_list":{"0":"post-91086","1":"product","2":"type-product","3":"status-publish","4":"has-post-thumbnail","6":"product_cat-equipement-du-sportif","7":"product_tag-beaute-sante","8":"product_tag-equipement-du-sportif","9":"product_tag-minceur-fitness","11":"first","12":"instock","13":"sale","14":"shipping-taxable","15":"purchasable","16":"product-type-simple"},"_links":{"self":[{"href":"https:\/\/electromenagerexpress.com\/en\/wp-json\/wp\/v2\/product\/91086","targetHints":{"allow":["GET"]}}],"collection":[{"href":"https:\/\/electromenagerexpress.com\/en\/wp-json\/wp\/v2\/product"}],"about":[{"href":"https:\/\/electromenagerexpress.com\/en\/wp-json\/wp\/v2\/types\/product"}],"wp:featuredmedia":[{"embeddable":true,"href":"https:\/\/electromenagerexpress.com\/en\/wp-json\/wp\/v2\/media\/91085"}],"wp:attachment":[{"href":"https:\/\/electromenagerexpress.com\/en\/wp-json\/wp\/v2\/media?parent=91086"}],"wp:term":[{"taxonomy":"product_cat","embeddable":true,"href":"https:\/\/electromenagerexpress.com\/en\/wp-json\/wp\/v2\/product_cat?post=91086"},{"taxonomy":"product_tag","embeddable":true,"href":"https:\/\/electromenagerexpress.com\/en\/wp-json\/wp\/v2\/product_tag?post=91086"}],"curies":[{"name":"wp","href":"https:\/\/api.w.org\/{rel}","templated":true}]}}