{"id":91058,"date":"2024-11-24T17:55:02","date_gmt":"2024-11-24T17:55:02","guid":{"rendered":"https:\/\/electromenagerexpress.com\/product\/pese-personne-connectewithingsbody-cardio-noir\/"},"modified":"2024-11-24T17:55:17","modified_gmt":"2024-11-24T17:55:17","slug":"pese-personne-connectewithingsbody-cardio-noir","status":"publish","type":"product","link":"https:\/\/electromenagerexpress.com\/en\/product\/pese-personne-connectewithingsbody-cardio-noir\/","title":{"rendered":"P\u00e8se personne connect\u00e9\t\t\t\t\t\t\tWITHINGS\t\t\t\tBody Cardio Noir"},"content":{"rendered":"<div class=\"product-features__content\">\n<ul role=\"list\">\n<li class=\"product-features__item\" role=\"listitem\">\n<h3 class=\"product-features__label\">Pour prendre soin de vous<\/h3>\n<ul role=\"list\">\n<li class=\"product-features__item-list__item\" role=\"listitem\"><span class=\"is--medium\">D\u00e9couvrez notre boutique Sant\u00e9\/Bien-\u00catre :<\/span> <a href=\"https:\/\/www.boulanger.com\/evenement\/boutique-bien-etre-sante\" target=\"_blank\">Cliquez ici<\/a><\/li>\n<\/ul>\n<\/li>\n<li class=\"product-features__item\" role=\"listitem\">\n<h3 class=\"product-features__label\">Caract\u00e9ristiques g\u00e9n\u00e9rales<\/h3>\n<ul role=\"list\">\n<li class=\"product-features__item-list__item\" role=\"listitem\"><span class=\"is--medium\">Utilisation :<\/span> Pesage connect\u00e9\t\t\t\t\t<\/li>\n<li class=\"product-features__item-list__item\" role=\"listitem\"><span class=\"is--medium\">Produit :<\/span> P\u00e8se personne connect\u00e9\t\t\t\t\t<\/li>\n<li class=\"product-features__item-list__item\" role=\"listitem\"><span class=\"is--medium\">Mode transfert donn\u00e9es :<\/span> WiFi et Bluetooth\t\t\t\t\t<\/li>\n<li class=\"product-features__item-list__item\" role=\"listitem\"><span class=\"is--medium\">Alimentation :<\/span> Batterie\t\t\t\t\t<\/li>\n<li class=\"product-features__item-list__item\" role=\"listitem\"><span class=\"is--medium\">Type de commande :<\/span> Bouton et Smartphone\t\t\t\t\t<\/li>\n<li class=\"product-features__item-list__item\" role=\"listitem\"><span class=\"is--medium\">Type d&rsquo;\u00e9cran :<\/span> Digital\t\t\t\t\t<\/li>\n<li class=\"product-features__item-list__item\" role=\"listitem\"><span class=\"is--medium\">Mati\u00e8re :<\/span> Verre tremp\u00e9 et Plastique\t\t\t\t\t<\/li>\n<li class=\"product-features__item-list__item\" role=\"listitem\"><span class=\"is--medium\">Coloris :<\/span> Noir\t\t\t\t\t<\/li>\n<li class=\"product-features__item-list__item\" role=\"listitem\"><span class=\"is--medium\">Existe aussi en :<\/span> Blanc\t\t\t\t\t<\/li>\n<li class=\"product-features__item-list__item\" role=\"listitem\"><span class=\"is--medium\">Gamme :<\/span> Body Cardio V2\t\t\t\t\t<\/li>\n<\/ul>\n<\/li>\n<li class=\"product-features__item\" role=\"listitem\">\n<h3 class=\"product-features__label\">Pesage<\/h3>\n<ul role=\"list\">\n<li class=\"product-features__item-list__item\" role=\"listitem\"><span class=\"is--medium\">Nombre de personnes en m\u00e9moire :<\/span> 8\t\t\t\t\t<\/li>\n<li class=\"product-features__item-list__item\" role=\"listitem\"><span class=\"is--medium\">Marche\/Arr\u00eat :<\/span> Mise en marche\/Arr\u00eat automatique\t\t\t\t\t<\/li>\n<li class=\"product-features__item-list__item\" role=\"listitem\"><span class=\"is--medium\">S\u00e9lection de l&rsquo;utilisateur :<\/span> Reconnaissance automatique\t\t\t\t\t<\/li>\n<li class=\"product-features__item-list__item\" role=\"listitem\"><span class=\"is--medium\">Plage de mesure :<\/span> 5 \u00e0 180 kg\t\t\t\t\t<\/li>\n<li class=\"product-features__item-list__item\" role=\"listitem\"><span class=\"is--medium\">Graduation :<\/span> 100 g\t\t\t\t\t<\/li>\n<li class=\"product-features__item-list__item\" role=\"listitem\"><span class=\"is--medium\">IMC :<\/span> Oui\t\t\t\t\t<\/li>\n<li class=\"product-features__item-list__item\" role=\"listitem\"><span class=\"is--medium\">Taille de l&rsquo;\u00e9cran :<\/span> 65 x 42 mm\t\t\t\t\t<\/li>\n<li class=\"product-features__item-list__item\" role=\"listitem\"><span class=\"is--medium\">Composition corporelle :<\/span> % masse graisseuse, % masse hydrique, % masse musculaire, % masse osseuse\t\t\t\t\t<\/li>\n<li class=\"product-features__item-list__item\" role=\"listitem\"><span class=\"is--medium\">Mode Athl\u00e8te :<\/span> Mode Athl\u00e8te : Si vous faites r\u00e9guli\u00e8rement de l&rsquo;exercice intensif, passez en mode athl\u00e8te\t\t\t\t\t<\/li>\n<\/ul>\n<\/li>\n<li class=\"product-features__item\" role=\"listitem\">\n<h3 class=\"product-features__label\">Autre fonction<\/h3>\n<ul role=\"list\">\n<li class=\"product-features__item-list__item\" role=\"listitem\"><span class=\"is--medium\">Rythme cardiaque :<\/span> Pouls : Il mesure votre pouls \u00e0 travers vos pieds. Prenez des mesures r\u00e9guli\u00e8res et examinez l&rsquo;historique de votre rythme cardiaque au repos pour savoir si vous am\u00e9liorez votre condition physique\t\t\t\t\t<\/li>\n<li class=\"product-features__item-list__item\" role=\"listitem\"><span class=\"is--medium\">Autre :<\/span> Nombre de pas : Affichage du nombre de pas accomplis la veille avec un tracker d&rsquo;activit\u00e9 Nokia ou l&rsquo;application Health Mate\t\t\t\t\t<\/li>\n<li class=\"product-features__item-list__item\" role=\"listitem\"><span class=\"is--medium\">M\u00e9t\u00e9o :<\/span> Affichage \u00e0 chaque pes\u00e9e de la m\u00e9t\u00e9o locale. Fonctionne uniquement si la balance est install\u00e9e en Wi-Fi.\t\t\t\t\t<\/li>\n<\/ul>\n<\/li>\n<li class=\"product-features__item\" role=\"listitem\">\n<h3 class=\"product-features__label\">Smartphone et Tablette<\/h3>\n<ul role=\"list\">\n<li class=\"product-features__item-list__item\" role=\"listitem\"><span class=\"is--medium\">Appareils compatibles :<\/span> iPhone, iPad, iPod touch, Smartphone Android\t\t\t\t\t<\/li>\n<li class=\"product-features__item-list__item\" role=\"listitem\"><span class=\"is--medium\">Syst\u00e8me d&rsquo;exploitation :<\/span> Android et iOS\t\t\t\t\t<\/li>\n<\/ul>\n<\/li>\n<li class=\"product-features__item\" role=\"listitem\">\n<h3 class=\"product-features__label\">Application<\/h3>\n<ul role=\"list\">\n<li class=\"product-features__item-list__item\" role=\"listitem\"><span class=\"is--medium\">Syst\u00e8me d&rsquo;exploitation :<\/span> Android et iOS\t\t\t\t\t<\/li>\n<li class=\"product-features__item-list__item\" role=\"listitem\"><span class=\"is--medium\">Application d\u00e9di\u00e9e gratuite \u00e0 t\u00e9l\u00e9charger :<\/span> Health Mate\t\t\t\t\t<\/li>\n<\/ul>\n<\/li>\n<li class=\"product-features__item\" role=\"listitem\">\n<h3 class=\"product-features__label\">Partage de donn\u00e9es<\/h3>\n<ul role=\"list\">\n<li class=\"product-features__item-list__item\" role=\"listitem\"><span class=\"is--medium\">Compte :<\/span> Nokia Health Mate\t\t\t\t\t<\/li>\n<\/ul>\n<\/li>\n<li class=\"product-features__item\" role=\"listitem\">\n<h3 class=\"product-features__label\">Objectif et Suivi<\/h3>\n<ul role=\"list\">\n<li class=\"product-features__item-list__item\" role=\"listitem\"><span class=\"is--medium\">Repas :<\/span> Enregistrez vos repas avec MyFitnessPal et g\u00e9rez votre budget calorique quotidien directement dans Health Mate\t\t\t\t\t<\/li>\n<li class=\"product-features__item-list__item\" role=\"listitem\"><span class=\"is--medium\">Objectif :<\/span> Toutes les mesures sont synchronis\u00e9es automatiquement avec l&rsquo;application Health Mate via Wi-Fi ou Bluetooth. D\u00e9finissez un objectif de poids, recevez des encouragements et conseils pour atteindre votre poids id\u00e9al.\t\t\t\t\t<\/li>\n<li class=\"product-features__item-list__item\" role=\"listitem\"><span class=\"is--medium\">Suivi :<\/span> Suivez vos progr\u00e8s gr\u00e2ce \u00e0 des courbes d&rsquo;\u00e9volution intuitives.\t\t\t\t\t<\/li>\n<\/ul>\n<\/li>\n<li class=\"product-features__item\" role=\"listitem\">\n<h3 class=\"product-features__label\">Informations compl\u00e9mentaires<\/h3>\n<ul role=\"list\">\n<li class=\"product-features__item-list__item\" role=\"listitem\"><span class=\"is--medium\">Garantie :<\/span> 2 ans\t\t\t\t\t<\/li>\n<li class=\"product-features__item-list__item\" role=\"listitem\"><span class=\"is--medium\">Optez pour la \u00ab\u00a0French Tech :<\/span> La French Tech, c&rsquo;est une nouvelle g\u00e9n\u00e9ration d&rsquo;entrepreneurs, qui ont en commun une volont\u00e9 de cr\u00e9er des produits innovants, en s&rsquo;appuyant sur un savoir-faire \u00e0 la fran\u00e7aise.\t\t\t\t\t<\/li>\n<li class=\"product-features__item-list__item\" role=\"listitem\"><span class=\"is--medium\">Disponibilit\u00e9 des pi\u00e8ces d\u00e9tach\u00e9es (donn\u00e9es fournisseur) :<\/span> Non concern\u00e9, \u00e0 compter de la date de fabrication\t\t\t\t\t<\/li>\n<li class=\"product-features__item-list__item\" role=\"listitem\"><span class=\"is--medium\">R\u00e9f\u00e9rence constructeur :<\/span> Body cardio noir V2\t\t\t\t\t<\/li>\n<li class=\"product-features__item-list__item\" role=\"listitem\"><span class=\"is--medium\">Marque :<\/span> WITHINGS\t\t\t\t\t<\/li>\n<\/ul>\n<\/li>\n<li class=\"product-features__item\" role=\"listitem\">\n<h3 class=\"product-features__label\">Dimensions<\/h3>\n<ul role=\"list\">\n<li class=\"product-features__item-list__item\" role=\"listitem\"><span class=\"is--medium\">Dimensions l x h x p :<\/span> 32.7 x 32.7 x 1.8 cm\t\t\t\t\t<\/li>\n<\/ul>\n<\/li>\n<\/ul>\n<\/div>\n<div class=\"product__disclosure-content\">\n<div class=\"js-read-more product-description__content read-more read-more--truncated\" data-read-more-name=\"description\" style=\"max-height: 500px; overflow: hidden;\">\n<p>Que seraient les sessions d&rsquo;entra\u00eenement r\u00e9guli\u00e8res sans un syst\u00e8me de suivi de votre corps. Avec le p\u00e8se-personne Withings Body Cardio, vous allez pouvoir suivre l&rsquo;\u00e9volution de votre corps selon divers param\u00e8tres comme le poids, la composition corporelle ou encore votre sant\u00e9 cardiovasculaire.<\/p>\n<h3><img fetchpriority=\"high\" decoding=\"async\" ,=\"\" alt=\"P\u00e8se-Pers WITHINGS \/NOKIA Body Cardio No\" class=\"wy_tableau_gauche\" height=\"270\" src=\"https:\/\/boulanger.scene7.com\/is\/image\/Boulanger\/3700546704451_h_f_l_0?wid=400&amp;hei=270\" width=\"400\"\/>Un suivi de l&rsquo;\u00e9volution de votre corps<\/h3>\n<p>Avec son design ultrafin et robuste, le p\u00e8se-personne Withings Body Cardio poss\u00e8de de tr\u00e8s nombreuses fonctionnalit\u00e9s pour am\u00e9liorer votre sant\u00e9. Outre le <b>suivi de votre poids<\/b>, ce p\u00e8se-personne est dot\u00e9 de capacit\u00e9s d&rsquo;<b>analyse de votre IMC<\/b>, votre masse grasse, votre masse d&rsquo;eau, votre masse musculaire et votre masse osseuse. <\/p>\n<p>Les sportifs appr\u00e9cieront le <b>suivi de la sant\u00e9 cardiovasculaire<\/b>. Placez-vous sur la balance et gr\u00e2ce \u00e0 la mesure de la vitesse de votre pouls, une mesure g\u00e9n\u00e9ralement obtenue en milieu hospitalier, et du rythme cardiaque en position debout, vous pourrez <b>conna\u00eetre votre condition physique<\/b>.<\/p>\n<h3><img decoding=\"async\" ,=\"\" alt=\"P\u00e8se-Pers WITHINGS \/NOKIA Body Cardio No\" class=\"wy_tableau_right\" height=\"270\" src=\"https:\/\/boulanger.scene7.com\/is\/image\/Boulanger\/3700546704451_h_f_l_1?wid=400&amp;hei=270\" width=\"400\"\/>Toutes les donn\u00e9es sur votre smartphone<\/h3>\n<p>Pour suivre l&rsquo;\u00e9volution de votre poids, le p\u00e8se-personne Withings Body Cardio affiche sur son \u00e9cran les <b>variations sur les huit derni\u00e8res mesures<\/b>. Gr\u00e2ce \u00e0 sa <b>connexion Wi-Fi et Bluetooth<\/b>, les donn\u00e9es sont automatiquement <b>synchronis\u00e9es avec l&rsquo;application gratuite Health Mate<\/b> install\u00e9 sur votre smartphone iOS ou Android.<\/p>\n<p>L&rsquo;\u00e9cran du p\u00e8se-personne Withings Body Cardio est capable d&rsquo;<b>afficher le bulletin m\u00e9t\u00e9o local<\/b> \u00e0 chaque pes\u00e9e. Il a \u00e9t\u00e9 pens\u00e9 pour la famille et est capable <b>reconna\u00eetre et suivre s\u00e9par\u00e9ment les donn\u00e9es de 8 utilisateurs<\/b>. Sa batterie lithium-ion offre une <b>autonomie moyenne jusqu&rsquo;\u00e0 18 mois<\/b>.<\/p>\n<\/p>\n<p><video class=\"s7Video\" controls=\"\" controlslist=\"nodownload\" poster=\"https:\/\/boulanger.scene7.com\/is\/image\/Boulanger\/3700546704451_v_0?scl=1\" preload=\"metadata\" src=\"https:\/\/boulanger.scene7.com\/is\/content\/Boulanger\/3700546704451_v_0\" width=\"100%\"><\/video><\/p>\n<\/div>\n<p><bl-button a11yexpanded=\"false\" arialabel=\"Afficher toute la description\" class=\"read-more__btn\" full=\"false\" link=\"true\">Voir plus<\/bl-button><\/div>","protected":false},"excerpt":{"rendered":"<div class=\"keypoints\">\n<h3 class=\"keypoints__title\">Les points cl\u00e9s<\/h3>\n<ul role=\"list\">\n<li class=\"keypoints__item\" role=\"listitem\">                          5 \u00e0 180 kg &#8211;                                        Graduation : 100 g &#8211;                                                      IMC                      <\/li>\n<li class=\"keypoints__item\" role=\"listitem\">                                        Batterie                      <\/li>\n<li class=\"keypoints__item\" role=\"listitem\">                                        Mati\u00e8re du plateau : Verre et plastique                      <\/li>\n<li class=\"keypoints__item keypoints__item--advantage\" role=\"listitem\"><strong>Le + :<\/strong> l&rsquo;indication de votre sant\u00e9 cardiovasculaire ainsi que votre composition corporelle !      <\/li>\n<\/ul>","protected":false},"featured_media":91057,"template":"","meta":{"_glsr_average":0,"_glsr_ranking":0,"_glsr_reviews":0},"product_cat":[499],"product_tag":[187,500,501],"class_list":{"0":"post-91058","1":"product","2":"type-product","3":"status-publish","4":"has-post-thumbnail","6":"product_cat-pese-personne","7":"product_tag-beaute-sante","8":"product_tag-minceur-fitness","9":"product_tag-pese-personne","11":"first","12":"instock","13":"shipping-taxable","14":"purchasable","15":"product-type-simple"},"_links":{"self":[{"href":"https:\/\/electromenagerexpress.com\/en\/wp-json\/wp\/v2\/product\/91058","targetHints":{"allow":["GET"]}}],"collection":[{"href":"https:\/\/electromenagerexpress.com\/en\/wp-json\/wp\/v2\/product"}],"about":[{"href":"https:\/\/electromenagerexpress.com\/en\/wp-json\/wp\/v2\/types\/product"}],"wp:featuredmedia":[{"embeddable":true,"href":"https:\/\/electromenagerexpress.com\/en\/wp-json\/wp\/v2\/media\/91057"}],"wp:attachment":[{"href":"https:\/\/electromenagerexpress.com\/en\/wp-json\/wp\/v2\/media?parent=91058"}],"wp:term":[{"taxonomy":"product_cat","embeddable":true,"href":"https:\/\/electromenagerexpress.com\/en\/wp-json\/wp\/v2\/product_cat?post=91058"},{"taxonomy":"product_tag","embeddable":true,"href":"https:\/\/electromenagerexpress.com\/en\/wp-json\/wp\/v2\/product_tag?post=91058"}],"curies":[{"name":"wp","href":"https:\/\/api.w.org\/{rel}","templated":true}]}}