{"id":91049,"date":"2024-11-24T17:54:52","date_gmt":"2024-11-24T17:54:52","guid":{"rendered":"https:\/\/electromenagerexpress.com\/product\/appareil-electrostimulationsport-elecfree-action\/"},"modified":"2024-11-24T17:55:00","modified_gmt":"2024-11-24T17:55:00","slug":"appareil-electrostimulationsport-elecfree-action","status":"publish","type":"product","link":"https:\/\/electromenagerexpress.com\/en\/product\/appareil-electrostimulationsport-elecfree-action\/","title":{"rendered":"Appareil \u00e9lectrostimulation\t\t\t\t\t\t\tSPORT ELEC\t\t\t\tFree Action"},"content":{"rendered":"<div class=\"product-features__content\">\n<ul role=\"list\">\n<li class=\"product-features__item\" role=\"listitem\">\n<h3 class=\"product-features__label\">Caract\u00e9ristiques g\u00e9n\u00e9rales<\/h3>\n<ul role=\"list\">\n<li class=\"product-features__item-list__item\" role=\"listitem\"><span class=\"is--medium\">Alimentation :<\/span> Rechargeable\t\t\t\t\t<\/li>\n<li class=\"product-features__item-list__item\" role=\"listitem\"><span class=\"is--medium\">Nombre de programmes :<\/span> 14\t\t\t\t\t<\/li>\n<li class=\"product-features__item-list__item\" role=\"listitem\"><span class=\"is--medium\">Zone travaill\u00e9e :<\/span> Abdominaux, Bras, Jambes, Fessier, Dos\t\t\t\t\t<\/li>\n<li class=\"product-features__item-list__item\" role=\"listitem\"><span class=\"is--medium\">Objectif :<\/span> Anti-douleur, musculation et d\u00e9tente massage\t\t\t\t\t<\/li>\n<li class=\"product-features__item-list__item\" role=\"listitem\"><span class=\"is--medium\">Cat\u00e9gories :<\/span> Sport\/fitness\/minceur\/douleur\t\t\t\t\t<\/li>\n<li class=\"product-features__item-list__item\" role=\"listitem\"><span class=\"is--medium\">Commande :<\/span> T\u00e9l\u00e9commande\t\t\t\t\t<\/li>\n<li class=\"product-features__item-list__item\" role=\"listitem\"><span class=\"is--medium\">Public :<\/span> Mixte\t\t\t\t\t<\/li>\n<li class=\"product-features__item-list__item\" role=\"listitem\"><span class=\"is--medium\">Coloris :<\/span> Noir\t\t\t\t\t<\/li>\n<\/ul>\n<\/li>\n<li class=\"product-features__item\" role=\"listitem\">\n<h3 class=\"product-features__label\">Balisage v2 ne pas supprimer<\/h3>\n<ul role=\"list\">\n<li class=\"product-features__item-list__item\" role=\"listitem\"><span class=\"is--medium\">Objectif :<\/span> Anti-douleur, muscu, d\u00e9tente\t\t\t\t\t<\/li>\n<li class=\"product-features__item-list__item\" role=\"listitem\"><span class=\"is--medium\">Zone(s) : :<\/span> Abdo+bras+jambes+fessier+dos\t\t\t\t\t<\/li>\n<li class=\"product-features__item-list__item\" role=\"listitem\"><span class=\"is--medium\">Programmes : :<\/span> 14 programmes int\u00e9gr\u00e9s\t\t\t\t\t<\/li>\n<li class=\"product-features__item-list__item\" role=\"listitem\"><span class=\"is--medium\">Alimentation :<\/span> Fonctionne sur batterie\t\t\t\t\t<\/li>\n<li class=\"product-features__item-list__item\" role=\"listitem\"><span class=\"is--medium\">Intensit\u00e9 :<\/span> R\u00e9glable\t\t\t\t\t<\/li>\n<\/ul>\n<\/li>\n<li class=\"product-features__item\" role=\"listitem\">\n<h3 class=\"product-features__label\">Caract\u00e9ristiques sp\u00e9cifiques<\/h3>\n<ul role=\"list\">\n<li class=\"product-features__item-list__item\" role=\"listitem\"><span class=\"is--medium\">Intensit\u00e9 r\u00e9glable :<\/span> Oui\t\t\t\t\t<\/li>\n<\/ul>\n<\/li>\n<li class=\"product-features__item\" role=\"listitem\">\n<h3 class=\"product-features__label\">Informations compl\u00e9mentaires<\/h3>\n<ul role=\"list\">\n<li class=\"product-features__item-list__item\" role=\"listitem\"><span class=\"is--medium\">R\u00e9f\u00e9rence constructeur :<\/span> Free Action\t\t\t\t\t<\/li>\n<li class=\"product-features__item-list__item\" role=\"listitem\"><span class=\"is--medium\">Marque :<\/span> SPORT ELEC\t\t\t\t\t<\/li>\n<li class=\"product-features__item-list__item\" role=\"listitem\"><span class=\"is--medium\">Garantie :<\/span> 2 ans\t\t\t\t\t<\/li>\n<li class=\"product-features__item-list__item\" role=\"listitem\"><span class=\"is--medium\">Disponibilit\u00e9 des pi\u00e8ces d\u00e9tach\u00e9es (donn\u00e9es fournisseur) :<\/span> Pi\u00e8ce non disponible\t\t\t\t\t<\/li>\n<\/ul>\n<\/li>\n<li class=\"product-features__item\" role=\"listitem\">\n<h3 class=\"product-features__label\">Carton<\/h3>\n<ul role=\"list\">\n<li class=\"product-features__item-list__item\" role=\"listitem\"><span class=\"is--medium\">Livr\u00e9 avec :<\/span> Notice\t\t\t\t\t<\/li>\n<\/ul>\n<\/li>\n<\/ul>\n<\/div>\n<div class=\"product__disclosure-content\">\n<div class=\"js-read-more product-description__content read-more read-more--truncated\" data-read-more-name=\"description\" style=\"max-height: 500px; overflow: hidden;\">\n<p>Vous voulez muscler votre corps\u00a0\u00a0\u00bb Alors, le syst\u00e8me Electro-Stim SPORT ELEC Free Action est fait pour vous. Il vous accompagne durant vos s\u00e9ances de sport ou quand vous \u00eates au repos.<\/p>\n<h3>Des s\u00e9ances de sport plus efficaces<img fetchpriority=\"high\" decoding=\"async\" alt=\"Electro-Stim SPORT ELEC Free Action\" class=\"wy_tableau_gauche\" height=\"270\" src=\"https:\/\/boulanger.scene7.com\/is\/image\/Boulanger\/0831609003211_p1?wid=400&amp;hei=270\" width=\"400\"\/><\/h3>\n<p>Avec le syst\u00e8me Electro-Stim SPORT ELEC Free Action, vous allez pouvoir stimuler vos muscles intelligemment durant vos s\u00e9ances de sport pour les rendre plus efficaces. Il s&rsquo;agit de <b>bo\u00eetiers sans fil avec des \u00e9lectrodes<\/b> que l&rsquo;on place sur les muscles. L&rsquo;\u00e9lectromusculation d\u00e9bute alors sans le moindre effort\u00a0de votre part !<\/p>\n<p>Cet appareil vous propose <b>8 programmes sport adapt\u00e9s \u00e0 11 zones musculaires<\/b>, ce qui donne donc au total 88 mani\u00e8res d&rsquo;utiliser votre Electro-Stim SPORT ELEC Free Action. Vous g\u00e9rez facilement l&rsquo;intensit\u00e9 et le choix des programmes \u00e0 partir d&rsquo;une <b>interface tactile<\/b> fournie avec. Tr\u00e8s intuitive, vous n&rsquo;aurez aucun mal \u00e0 l&rsquo;utiliser.<\/p>\n<h3>Des programmes sant\u00e9 pour se faire du bien<img decoding=\"async\" alt=\"Electro-Stim SPORT ELEC Free Action\" class=\"wy_tableau_right\" height=\"270\" src=\"https:\/\/boulanger.scene7.com\/is\/image\/Boulanger\/0831609003211_p2?wid=400&amp;hei=270\" width=\"400\"\/><\/h3>\n<p>Mais votre Electro-Stim SPORT ELEC Free Action pense \u00e9galement \u00e0 votre sant\u00e9, en vous proposant <b>6 programmes<\/b> sp\u00e9cifiques. Vous pouvez alors placer vos bo\u00eetiers n&rsquo;importe o\u00f9 sur votre corps pour profiter des bienfaits de ses programmes. Ce sont des moments de d\u00e9tente que vous ne regretterez pas\u00a0!<\/p>\n<p>Les six programmes sant\u00e9 propos\u00e9s sont\u00a0: <b>Massage, Myorelaxant, R\u00e9cup\u00e9ration active, Tens, Endorphine et Vascularisation<\/b>. Le programme Tens, par exemple, est parfait pour \u00e9liminer les douleurs locales, alors que le programme Vascularisation \u00e9vite les effets de jambes lourdes. Au quotidien, vous trouverez forc\u00e9ment le programme sant\u00e9 qu&rsquo;il vous faut pour am\u00e9liorer votre bien-\u00eatre\u00a0!<\/p>\n<\/p>\n<p><video class=\"s7Video\" controls=\"\" controlslist=\"nodownload\" poster=\"https:\/\/boulanger.scene7.com\/is\/image\/Boulanger\/0831609003211_v_0?scl=1\" preload=\"metadata\" src=\"https:\/\/boulanger.scene7.com\/is\/content\/Boulanger\/0831609003211_v_0\" width=\"100%\"><\/video><\/p>\n<\/div>\n<p><bl-button a11yexpanded=\"false\" arialabel=\"Afficher toute la description\" class=\"read-more__btn\" full=\"false\" link=\"true\"><\/bl-button><\/div>","protected":false},"excerpt":{"rendered":"<div class=\"keypoints\">\n<h3 class=\"keypoints__title\">Les points cl\u00e9s<\/h3>\n<ul role=\"list\">\n<li class=\"keypoints__item\" role=\"listitem\">                                        3 en 1 TENS &amp; EMS                      <\/li>\n<li class=\"keypoints__item\" role=\"listitem\">                                        14 programmes                      <\/li>\n<li class=\"keypoints__item\" role=\"listitem\">                                        2 Electrodes moteur                      <\/li>\n<li class=\"keypoints__item\" role=\"listitem\">                                        Sans fil                      <\/li>\n<li class=\"keypoints__item keypoints__item--advantage\" role=\"listitem\"><strong>Le + :<\/strong> Equip\u00e9 d&rsquo;un \u00e9cran tactile et utilisable sans fil, il combine confort, facilit\u00e9 d&rsquo;utilisation et encombrement minimum      <\/li>\n<\/ul>","protected":false},"featured_media":91048,"template":"","meta":{"_glsr_average":0,"_glsr_ranking":0,"_glsr_reviews":0},"product_cat":[502],"product_tag":[187,503,500],"class_list":{"0":"post-91049","1":"product","2":"type-product","3":"status-publish","4":"has-post-thumbnail","6":"product_cat-electrostimulation","7":"product_tag-beaute-sante","8":"product_tag-electrostimulation","9":"product_tag-minceur-fitness","11":"first","12":"instock","13":"sale","14":"shipping-taxable","15":"purchasable","16":"product-type-simple"},"_links":{"self":[{"href":"https:\/\/electromenagerexpress.com\/en\/wp-json\/wp\/v2\/product\/91049","targetHints":{"allow":["GET"]}}],"collection":[{"href":"https:\/\/electromenagerexpress.com\/en\/wp-json\/wp\/v2\/product"}],"about":[{"href":"https:\/\/electromenagerexpress.com\/en\/wp-json\/wp\/v2\/types\/product"}],"wp:featuredmedia":[{"embeddable":true,"href":"https:\/\/electromenagerexpress.com\/en\/wp-json\/wp\/v2\/media\/91048"}],"wp:attachment":[{"href":"https:\/\/electromenagerexpress.com\/en\/wp-json\/wp\/v2\/media?parent=91049"}],"wp:term":[{"taxonomy":"product_cat","embeddable":true,"href":"https:\/\/electromenagerexpress.com\/en\/wp-json\/wp\/v2\/product_cat?post=91049"},{"taxonomy":"product_tag","embeddable":true,"href":"https:\/\/electromenagerexpress.com\/en\/wp-json\/wp\/v2\/product_tag?post=91049"}],"curies":[{"name":"wp","href":"https:\/\/api.w.org\/{rel}","templated":true}]}}