{"id":91019,"date":"2024-11-24T17:54:21","date_gmt":"2024-11-24T17:54:21","guid":{"rendered":"https:\/\/electromenagerexpress.com\/product\/tapis-de-coursecapital-sportsinfinity-track-6t\/"},"modified":"2024-11-24T17:54:26","modified_gmt":"2024-11-24T17:54:26","slug":"tapis-de-coursecapital-sportsinfinity-track-6t","status":"publish","type":"product","link":"https:\/\/electromenagerexpress.com\/en\/product\/tapis-de-coursecapital-sportsinfinity-track-6t\/","title":{"rendered":"Tapis de course\t\t\t\t\t\t\tCAPITAL SPORTS\t\t\t\tInfinity Track 6T"},"content":{"rendered":"<div class=\"product-features__content\">\n<ul role=\"list\">\n<li class=\"product-features__item\" role=\"listitem\">\n<h3 class=\"product-features__label\">Pour prendre soin de vous<\/h3>\n<ul role=\"list\">\n<li class=\"product-features__item-list__item\" role=\"listitem\"><span class=\"is--medium\">D\u00e9couvrez notre boutique Sant\u00e9\/Bien-\u00catre :<\/span> <a href=\"https:\/\/www.boulanger.com\/evenement\/boutique-bien-etre-sante\" target=\"_blank\">Cliquez ici<\/a><\/li>\n<\/ul>\n<\/li>\n<li class=\"product-features__item\" role=\"listitem\">\n<h3 class=\"product-features__label\">Caract\u00e9ristiques g\u00e9n\u00e9rales<\/h3>\n<ul role=\"list\">\n<li class=\"product-features__item-list__item\" role=\"listitem\"><span class=\"is--medium\">Type de produit :<\/span> Tapis de course\t\t\t\t\t<\/li>\n<\/ul>\n<\/li>\n<li class=\"product-features__item\" role=\"listitem\">\n<h3 class=\"product-features__label\">Informations compl\u00e9mentaires<\/h3>\n<ul role=\"list\">\n<li class=\"product-features__item-list__item\" role=\"listitem\"><span class=\"is--medium\">Fabriqu\u00e9 en :<\/span> Europe\t\t\t\t\t<\/li>\n<li class=\"product-features__item-list__item\" role=\"listitem\"><span class=\"is--medium\">Disponibilit\u00e9 des pi\u00e8ces d\u00e9tach\u00e9es (donn\u00e9es fournisseur) :<\/span> Non communiqu\u00e9e\t\t\t\t\t<\/li>\n<\/ul>\n<\/li>\n<\/ul>\n<\/div>\n<div class=\"product__disclosure-content\">\n<div class=\"js-read-more product-description__content read-more read-more--truncated\" data-read-more-name=\"description\" style=\"max-height: 500px; overflow: hidden;\">\n<p>Top Features:<\/p>\n<p>\u2022 <b>Puissant :<\/b> moteur de 5,5 ch pour s&rsquo;entra\u00eener \u00e0 toute heure et quelle que soit la<br \/>m\u00e9t\u00e9o<br \/>\u2022 <b>Confortable &amp; multim\u00e9dia :<\/b> \u00e9cran tactile TFT 9&Prime; int\u00e9gr\u00e9 avec Wifi pour contr\u00f4ler le<br \/>tapis de course et comme lecteur de m\u00e9dias<br \/>\u2022 <b>Rafra\u00eechissant :<\/b><i>Syst\u00e8me<\/i><i>NX-AeroFan <\/i>avec ventilateur int\u00e9gr\u00e9 pour une brise<br \/>rafra\u00eechissante pendant l&rsquo;entra\u00eenement<br \/>\u2022 <b>Doux pour les articulations :<\/b><i>suspension 6P-AntiShock <\/i>avec 6 amortisseurs en nid<br \/>d&rsquo;abeille internes et 2 externes<br \/>\u2022 <b>Entra\u00eenement personnalis\u00e9 :<\/b> vitesse jusqu&rsquo;\u00e0 18 km\/h pour une marche d\u00e9tente ou un<br \/>jogging sportif<br \/>\u2022 <b>Course de c\u00f4te :<\/b> pente jusqu&rsquo;\u00e0 15 % \u00e0 r\u00e9glage motoris\u00e9<br \/>\u2022 <b>Votre son :<\/b> enceinte int\u00e9gr\u00e9e avec port USB et entr\u00e9e AUX 3,5 mm pour la lecture de<br \/>musique<br \/>\u2022 <b>Grande diversit\u00e9 :<\/b> 36 programmes d&rsquo;entra\u00eenement pr\u00e9d\u00e9finis et 3 modes utilisateur<\/p>\n<p><b>Caract\u00e9ristiques:<\/b><\/p>\n<p>\u2022 Certifications EN957-1 &amp; EN957-6<br \/>\u2022 Tapis de course extra large de 50 x 140 cm (lxL) pour une foul\u00e9e de longueur<br \/>agr\u00e9able<br \/>\u2022 Navigateur Chrome int\u00e9gr\u00e9<br \/>\u2022 Affichage du niveau d&rsquo;entra\u00eenement, des calories br\u00fbl\u00e9es, de la dur\u00e9e<br \/>d&rsquo;entra\u00eenement, de la distance, de la vitesse et de la fr\u00e9quence cardiaque<br \/>\u2022 Vitesses r\u00e9glables de 0,8 \u00e0 18 km\/h<br \/>\u2022 R\u00e9glage de la pente motoris\u00e9 jusqu&rsquo;\u00e0 15 %<br \/>\u2022 36 programmes d&rsquo;entra\u00eenement<br \/>\u2022 3 modes personnalis\u00e9s<br \/>\u2022 Mode HRC : entra\u00eenement avec fr\u00e9quence cardiaque cible<br \/>\u2022 Enceinte int\u00e9gr\u00e9e<br \/>\u2022 Poids maximal de l&rsquo;utilisateur : 135 kg<br \/>\u2022Puissance du moteur : 5,5 ch (en pointe) \/ 2,0 PS (en continu)<br \/>\u2022 Alimentation : 220-240 V~ \/ 50-60 Hz<\/p>\n<p><b>Inclus dans la livraison:<\/b><\/p>\n<p>\u2022 1 x tapis de course (en kit \u00e0 monter)<br \/>\u2022 Mode d&#8217;emploi fourni<\/p>\n<p><b>Dimensions:<\/b><\/p>\n<p>\u2022 Dimensions install\u00e9 : env. 83 x 142 x 172 cm (LxHxP)<br \/>\u2022 Dimensions repli\u00e9 : env. 83 x 142 x 120 cm (LxHxP)<br \/>\u2022 Poids : env. 90 kg<\/p>\n<\/div>\n<p><bl-button a11yexpanded=\"false\" arialabel=\"Afficher toute la description\" class=\"read-more__btn\" full=\"false\" link=\"true\"><\/bl-button><\/div>","protected":false},"excerpt":{"rendered":"<p>None<\/p>","protected":false},"featured_media":91018,"template":"","meta":{"_glsr_average":0,"_glsr_ranking":0,"_glsr_reviews":0},"product_cat":[504],"product_tag":[187,505,500],"class_list":{"0":"post-91019","1":"product","2":"type-product","3":"status-publish","4":"has-post-thumbnail","6":"product_cat-equipement-du-sportif","7":"product_tag-beaute-sante","8":"product_tag-equipement-du-sportif","9":"product_tag-minceur-fitness","11":"first","12":"instock","13":"sale","14":"shipping-taxable","15":"purchasable","16":"product-type-simple"},"_links":{"self":[{"href":"https:\/\/electromenagerexpress.com\/en\/wp-json\/wp\/v2\/product\/91019","targetHints":{"allow":["GET"]}}],"collection":[{"href":"https:\/\/electromenagerexpress.com\/en\/wp-json\/wp\/v2\/product"}],"about":[{"href":"https:\/\/electromenagerexpress.com\/en\/wp-json\/wp\/v2\/types\/product"}],"wp:featuredmedia":[{"embeddable":true,"href":"https:\/\/electromenagerexpress.com\/en\/wp-json\/wp\/v2\/media\/91018"}],"wp:attachment":[{"href":"https:\/\/electromenagerexpress.com\/en\/wp-json\/wp\/v2\/media?parent=91019"}],"wp:term":[{"taxonomy":"product_cat","embeddable":true,"href":"https:\/\/electromenagerexpress.com\/en\/wp-json\/wp\/v2\/product_cat?post=91019"},{"taxonomy":"product_tag","embeddable":true,"href":"https:\/\/electromenagerexpress.com\/en\/wp-json\/wp\/v2\/product_tag?post=91019"}],"curies":[{"name":"wp","href":"https:\/\/api.w.org\/{rel}","templated":true}]}}