{"id":90970,"date":"2024-11-24T17:53:28","date_gmt":"2024-11-24T17:53:28","guid":{"rendered":"https:\/\/electromenagerexpress.com\/product\/gps-velogarminedge-540-eu\/"},"modified":"2024-11-24T17:53:41","modified_gmt":"2024-11-24T17:53:41","slug":"gps-velogarminedge-540-eu","status":"publish","type":"product","link":"https:\/\/electromenagerexpress.com\/en\/product\/gps-velogarminedge-540-eu\/","title":{"rendered":"GPS v\u00e9lo\t\t\t\t\t\t\tGARMIN\t\t\t\tEdge 540 EU"},"content":{"rendered":"<div class=\"product-features__content\">\n<ul role=\"list\">\n<li class=\"product-features__item\" role=\"listitem\">\n<h3 class=\"product-features__label\">Caract\u00e9ristiques g\u00e9n\u00e9rales<\/h3>\n<ul role=\"list\">\n<li class=\"product-features__item-list__item\" role=\"listitem\"><span class=\"is--medium\">Type :<\/span> GPS v\u00e9lo\t\t\t\t\t<\/li>\n<li class=\"product-features__item-list__item\" role=\"listitem\"><span class=\"is--medium\">Utilisation :<\/span> Ajouter fonction\t\t\t\t\t<\/li>\n<li class=\"product-features__item-list__item\" role=\"listitem\"><span class=\"is--medium\">Compatible avec :<\/span> Bracelet connect\u00e9 et Montre GPS\t\t\t\t\t<\/li>\n<li class=\"product-features__item-list__item\" role=\"listitem\"><span class=\"is--medium\">Mod\u00e8le(s) compatible(s) :<\/span> Garmin\t\t\t\t\t<\/li>\n<li class=\"product-features__item-list__item\" role=\"listitem\"><span class=\"is--medium\">Coloris :<\/span> Noir\t\t\t\t\t<\/li>\n<li class=\"product-features__item-list__item\" role=\"listitem\"><span class=\"is--medium\">Mati\u00e8re :<\/span> Plastique\t\t\t\t\t<\/li>\n<li class=\"product-features__item-list__item\" role=\"listitem\"><span class=\"is--medium\">Marque compatible (bracelet montre connect\u00e9e) :<\/span> Garmin\t\t\t\t\t<\/li>\n<\/ul>\n<\/li>\n<li class=\"product-features__item\" role=\"listitem\">\n<h3 class=\"product-features__label\">Connectivit\u00e9<\/h3>\n<ul role=\"list\">\n<li class=\"product-features__item-list__item\" role=\"listitem\"><span class=\"is--medium\">Bluetooth :<\/span> Oui\t\t\t\t\t<\/li>\n<\/ul>\n<\/li>\n<li class=\"product-features__item\" role=\"listitem\">\n<h3 class=\"product-features__label\">Dimensions<\/h3>\n<ul role=\"list\">\n<li class=\"product-features__item-list__item\" role=\"listitem\"><span class=\"is--medium\">Dimensions l x h x p :<\/span> 5.78 x 8.51 x 1.96 cm\t\t\t\t\t<\/li>\n<li class=\"product-features__item-list__item\" role=\"listitem\"><span class=\"is--medium\">Poids Net (kg) :<\/span> 0.08\t\t\t\t\t<\/li>\n<\/ul>\n<\/li>\n<li class=\"product-features__item\" role=\"listitem\">\n<h3 class=\"product-features__label\">Informations compl\u00e9mentaires<\/h3>\n<ul role=\"list\">\n<li class=\"product-features__item-list__item\" role=\"listitem\"><span class=\"is--medium\">Fabriqu\u00e9 en :<\/span> Ta\u00efwan\t\t\t\t\t<\/li>\n<li class=\"product-features__item-list__item\" role=\"listitem\"><span class=\"is--medium\">Garantie :<\/span> 2 ans\t\t\t\t\t<\/li>\n<li class=\"product-features__item-list__item\" role=\"listitem\"><span class=\"is--medium\">Disponibilit\u00e9 des pi\u00e8ces d\u00e9tach\u00e9es (donn\u00e9es fournisseur) :<\/span> Pendant 2 ans, \u00e0 compter de la date de fabrication\t\t\t\t\t<\/li>\n<li class=\"product-features__item-list__item\" role=\"listitem\"><span class=\"is--medium\">R\u00e9f\u00e9rence constructeur :<\/span> Edge 540 EU\t\t\t\t\t<\/li>\n<li class=\"product-features__item-list__item\" role=\"listitem\"><span class=\"is--medium\">Marque :<\/span> GARMIN\t\t\t\t\t<\/li>\n<\/ul>\n<\/li>\n<\/ul>\n<\/div>\n<div class=\"product__disclosure-content\">\n<div class=\"js-read-more product-description__content read-more read-more--truncated\" data-read-more-name=\"description\" style=\"max-height: 500px; overflow: hidden;\">\n<div class=\"product__description-content read-more\">\n<p>D\u00e9couvrez le GARMIN Edge 540 EU : Votre Compagnon de Route Intelligent<\/p>\n<h3><img fetchpriority=\"high\" decoding=\"async\" alt=\"GPS v\u00e9lo GARMIN Edge 540 EU\" class=\"wy_tableau_gauche\" height=\"270\" src=\"https:\/\/boulanger.scene7.com\/is\/image\/Boulanger\/0753759299811_h_f_l_0?wid=400&amp;hei=270\" width=\"400\"\/>Une technologie de pointe pour une exp\u00e9rience cycliste am\u00e9lior\u00e9e<\/h3>\n<p>Le GARMIN Edge 540 EU est con\u00e7u pour les cyclistes qui recherchent \u00e0 optimiser leurs performances et leur exp\u00e9rience de conduite. Avec son coaching adaptatif cibl\u00e9, il devient un entra\u00eeneur personnel lorsqu&rsquo;il est coupl\u00e9 \u00e0 un capteur de puissance et un moniteur de fr\u00e9quence cardiaque compatibles. Il vous guide en vous fournissant des objectifs de puissance et des informations sur l&rsquo;endurance, vous permettant ainsi de g\u00e9rer vos efforts avec pr\u00e9cision. La technologie GNSS multi-bandes assure une localisation pr\u00e9cise m\u00eame dans les environnements difficiles, tandis que l&rsquo;\u00e9cran tactile r\u00e9actif et les boutons de commande offrent une navigation ais\u00e9e entre les menus, quelles que soient les conditions m\u00e9t\u00e9orologiques.<\/p>\n<p>\u00a0<\/p>\n<p>\u00a0<\/p>\n<h3><img decoding=\"async\" alt=\"GPS v\u00e9lo GARMIN Edge 540 EU\" class=\"wy_tableau_right\" height=\"270\" src=\"https:\/\/boulanger.scene7.com\/is\/image\/Boulanger\/0753759299811_h_f_l_1?wid=400&amp;hei=270\" width=\"400\"\/>Autonomie et fonctionnalit\u00e9s avanc\u00e9es pour des sorties prolong\u00e9es<\/h3>\n<p>Les mod\u00e8les solaires du GARMIN Edge 540 EU prolongent l&rsquo;autonomie de la batterie jusqu&rsquo;\u00e0 32 heures en mode intensif, gr\u00e2ce \u00e0 l&rsquo;\u00e9cran solaire Power Glass. Les cyclistes peuvent ainsi profiter de longues sorties sans se soucier de la recharge. La cartographie actualis\u00e9e met en \u00e9vidence les routes et sentiers populaires, et avec ClimbPro, vous pouvez voir le d\u00e9nivel\u00e9 et la pente restantes lors d&rsquo;une ascension. La fonction Stamina vous permet de surveiller votre \u00e9nergie en temps r\u00e9el, et la compatibilit\u00e9 avec les radars arri\u00e8re Varia et les feux intelligents assurent une visibilit\u00e9 accrue sur la route. Avec une configuration simplifi\u00e9e et une interface utilisateur intuitive, le GARMIN Edge 540 EU est le choix id\u00e9al pour les cyclistes d\u00e9sireux de repousser leurs limites tout en restant connect\u00e9s et en s\u00e9curit\u00e9.<\/p>\n<\/div>\n<\/div>\n<p><bl-button a11yexpanded=\"false\" arialabel=\"Afficher toute la description\" class=\"read-more__btn\" full=\"false\" link=\"true\"><\/bl-button><\/div>","protected":false},"excerpt":{"rendered":"<div class=\"keypoints\">\n<h3 class=\"keypoints__title\">Les points cl\u00e9s<\/h3>\n<ul role=\"list\">\n<li class=\"keypoints__item\" role=\"listitem\">                                        Bluetooth                      <\/li>\n<li class=\"keypoints__item\" role=\"listitem\">                                        Mati\u00e8re : Plastique                      <\/li>\n<li class=\"keypoints__item keypoints__item--advantage\" role=\"listitem\"><strong>Le + :<\/strong> b\u00e9n\u00e9ficiez d&rsquo;informations et d&rsquo;entrainements  quotidiens sugg\u00e9r\u00e9s pour progresser.      <\/li>\n<\/ul>","protected":false},"featured_media":90969,"template":"","meta":{"_glsr_average":0,"_glsr_ranking":0,"_glsr_reviews":0},"product_cat":[504],"product_tag":[187,505,500],"class_list":{"0":"post-90970","1":"product","2":"type-product","3":"status-publish","4":"has-post-thumbnail","6":"product_cat-equipement-du-sportif","7":"product_tag-beaute-sante","8":"product_tag-equipement-du-sportif","9":"product_tag-minceur-fitness","11":"first","12":"instock","13":"sale","14":"shipping-taxable","15":"purchasable","16":"product-type-simple"},"_links":{"self":[{"href":"https:\/\/electromenagerexpress.com\/en\/wp-json\/wp\/v2\/product\/90970","targetHints":{"allow":["GET"]}}],"collection":[{"href":"https:\/\/electromenagerexpress.com\/en\/wp-json\/wp\/v2\/product"}],"about":[{"href":"https:\/\/electromenagerexpress.com\/en\/wp-json\/wp\/v2\/types\/product"}],"wp:featuredmedia":[{"embeddable":true,"href":"https:\/\/electromenagerexpress.com\/en\/wp-json\/wp\/v2\/media\/90969"}],"wp:attachment":[{"href":"https:\/\/electromenagerexpress.com\/en\/wp-json\/wp\/v2\/media?parent=90970"}],"wp:term":[{"taxonomy":"product_cat","embeddable":true,"href":"https:\/\/electromenagerexpress.com\/en\/wp-json\/wp\/v2\/product_cat?post=90970"},{"taxonomy":"product_tag","embeddable":true,"href":"https:\/\/electromenagerexpress.com\/en\/wp-json\/wp\/v2\/product_tag?post=90970"}],"curies":[{"name":"wp","href":"https:\/\/api.w.org\/{rel}","templated":true}]}}