{"id":90964,"date":"2024-11-24T17:53:22","date_gmt":"2024-11-24T17:53:22","guid":{"rendered":"https:\/\/electromenagerexpress.com\/product\/appareil-electrostimulationcompexfit-1-0\/"},"modified":"2024-11-24T17:53:26","modified_gmt":"2024-11-24T17:53:26","slug":"appareil-electrostimulationcompexfit-1-0","status":"publish","type":"product","link":"https:\/\/electromenagerexpress.com\/en\/product\/appareil-electrostimulationcompexfit-1-0\/","title":{"rendered":"Appareil \u00e9lectrostimulation\t\t\t\t\t\t\tCOMPEX\t\t\t\tFIT 1.0"},"content":{"rendered":"<div class=\"product-features__content\">\n<ul role=\"list\">\n<li class=\"product-features__item\" role=\"listitem\">\n<h3 class=\"product-features__label\">Caract\u00e9ristiques g\u00e9n\u00e9rales<\/h3>\n<ul role=\"list\">\n<li class=\"product-features__item-list__item\" role=\"listitem\"><span class=\"is--medium\">Alimentation :<\/span> Rechargeable\t\t\t\t\t<\/li>\n<li class=\"product-features__item-list__item\" role=\"listitem\"><span class=\"is--medium\">Nombre de programmes :<\/span> 10\t\t\t\t\t<\/li>\n<li class=\"product-features__item-list__item\" role=\"listitem\"><span class=\"is--medium\">Zone travaill\u00e9e :<\/span> Abdominaux, Bras, Jambes, Fessier, Dos\t\t\t\t\t<\/li>\n<li class=\"product-features__item-list__item\" role=\"listitem\"><span class=\"is--medium\">Objectif :<\/span> Anti-douleur, musculation et d\u00e9tente massage\t\t\t\t\t<\/li>\n<li class=\"product-features__item-list__item\" role=\"listitem\"><span class=\"is--medium\">Cat\u00e9gories :<\/span> Sport\/Fitness, Traitement de la douleur\/ R\u00e9\u00e9ducation &amp; Relaxation\t\t\t\t\t<\/li>\n<li class=\"product-features__item-list__item\" role=\"listitem\"><span class=\"is--medium\">Commande :<\/span> T\u00e9l\u00e9commande\t\t\t\t\t<\/li>\n<li class=\"product-features__item-list__item\" role=\"listitem\"><span class=\"is--medium\">Public :<\/span> Mixte\t\t\t\t\t<\/li>\n<li class=\"product-features__item-list__item\" role=\"listitem\"><span class=\"is--medium\">Bienfait :<\/span> Corps plus tonique, Douleurs articulaires et tendineuses soulag\u00e9es, Moment de d\u00e9tente\t\t\t\t\t<\/li>\n<li class=\"product-features__item-list__item\" role=\"listitem\"><span class=\"is--medium\">Nombre de canaux de puissance :<\/span> 4\t\t\t\t\t<\/li>\n<li class=\"product-features__item-list__item\" role=\"listitem\"><span class=\"is--medium\">Type d&rsquo;affichage :<\/span> LCD\t\t\t\t\t<\/li>\n<li class=\"product-features__item-list__item\" role=\"listitem\"><span class=\"is--medium\">Batterie :<\/span> Batterie\t\t\t\t\t<\/li>\n<li class=\"product-features__item-list__item\" role=\"listitem\"><span class=\"is--medium\">Coloris :<\/span> Bleu\t\t\t\t\t<\/li>\n<\/ul>\n<\/li>\n<li class=\"product-features__item\" role=\"listitem\">\n<h3 class=\"product-features__label\">Balisage v2 ne pas supprimer<\/h3>\n<ul role=\"list\">\n<li class=\"product-features__item-list__item\" role=\"listitem\"><span class=\"is--medium\">Objectif :<\/span> Anti-douleur, muscu, d\u00e9tente\t\t\t\t\t<\/li>\n<li class=\"product-features__item-list__item\" role=\"listitem\"><span class=\"is--medium\">Zone(s) : :<\/span> Abdo+bras+jambes+fessier+dos\t\t\t\t\t<\/li>\n<li class=\"product-features__item-list__item\" role=\"listitem\"><span class=\"is--medium\">Programmes : :<\/span> 10 programmes int\u00e9gr\u00e9s\t\t\t\t\t<\/li>\n<li class=\"product-features__item-list__item\" role=\"listitem\"><span class=\"is--medium\">Nbre d&rsquo;\u00e9lectrodes :<\/span> 12 \u00e9lectrodes fournies\t\t\t\t\t<\/li>\n<li class=\"product-features__item-list__item\" role=\"listitem\"><span class=\"is--medium\">Alimentation :<\/span> Fonctionne sur batterie\t\t\t\t\t<\/li>\n<li class=\"product-features__item-list__item\" role=\"listitem\"><span class=\"is--medium\">Intensit\u00e9 :<\/span> R\u00e9glable\t\t\t\t\t<\/li>\n<\/ul>\n<\/li>\n<li class=\"product-features__item\" role=\"listitem\">\n<h3 class=\"product-features__label\">Equipement<\/h3>\n<ul role=\"list\">\n<li class=\"product-features__item-list__item\" role=\"listitem\"><span class=\"is--medium\">Electrodes :<\/span> 12 \u00e9lectrodes adh\u00e9sives\t\t\t\t\t<\/li>\n<\/ul>\n<\/li>\n<li class=\"product-features__item\" role=\"listitem\">\n<h3 class=\"product-features__label\">Caract\u00e9ristiques sp\u00e9cifiques<\/h3>\n<ul role=\"list\">\n<li class=\"product-features__item-list__item\" role=\"listitem\"><span class=\"is--medium\">Intensit\u00e9 r\u00e9glable :<\/span> Oui\t\t\t\t\t<\/li>\n<li class=\"product-features__item-list__item\" role=\"listitem\"><span class=\"is--medium\">Arr\u00eat automatique :<\/span> Oui\t\t\t\t\t<\/li>\n<\/ul>\n<\/li>\n<li class=\"product-features__item\" role=\"listitem\">\n<h3 class=\"product-features__label\">Electrodes<\/h3>\n<ul role=\"list\">\n<li class=\"product-features__item-list__item\" role=\"listitem\"><span class=\"is--medium\">Type d&rsquo;\u00e9lectrodes :<\/span> Adh\u00e9sives\t\t\t\t\t<\/li>\n<li class=\"product-features__item-list__item\" role=\"listitem\"><span class=\"is--medium\">Nombre d&rsquo;\u00e9lectrodes :<\/span> 12\t\t\t\t\t<\/li>\n<\/ul>\n<\/li>\n<li class=\"product-features__item\" role=\"listitem\">\n<h3 class=\"product-features__label\">Fonctionnement<\/h3>\n<ul role=\"list\">\n<li class=\"product-features__item-list__item\" role=\"listitem\"><span class=\"is--medium\">Arr\u00eat automatique :<\/span> Oui\t\t\t\t\t<\/li>\n<li class=\"product-features__item-list__item\" role=\"listitem\"><span class=\"is--medium\">D\u00e9tection absence de contact :<\/span> Oui\t\t\t\t\t<\/li>\n<\/ul>\n<\/li>\n<li class=\"product-features__item\" role=\"listitem\">\n<h3 class=\"product-features__label\">Informations compl\u00e9mentaires<\/h3>\n<ul role=\"list\">\n<li class=\"product-features__item-list__item\" role=\"listitem\"><span class=\"is--medium\">R\u00e9f\u00e9rence constructeur :<\/span> FIT 1.0\t\t\t\t\t<\/li>\n<li class=\"product-features__item-list__item\" role=\"listitem\"><span class=\"is--medium\">Marque :<\/span> COMPEX\t\t\t\t\t<\/li>\n<li class=\"product-features__item-list__item\" role=\"listitem\"><span class=\"is--medium\">Garantie :<\/span> 2 ans\t\t\t\t\t<\/li>\n<li class=\"product-features__item-list__item\" role=\"listitem\"><span class=\"is--medium\">Fabriqu\u00e9 en :<\/span> Tunisie\t\t\t\t\t<\/li>\n<li class=\"product-features__item-list__item\" role=\"listitem\"><span class=\"is--medium\">Disponibilit\u00e9 des pi\u00e8ces d\u00e9tach\u00e9es (donn\u00e9es fournisseur) :<\/span> Pas de pi\u00e8ce disponible\t\t\t\t\t<\/li>\n<\/ul>\n<\/li>\n<li class=\"product-features__item\" role=\"listitem\">\n<h3 class=\"product-features__label\">Carton<\/h3>\n<ul role=\"list\">\n<li class=\"product-features__item-list__item\" role=\"listitem\"><span class=\"is--medium\">Livr\u00e9 avec :<\/span> Notice, Electrodes: 12, T\u00e9l\u00e9commande, Housse de transport\t\t\t\t\t<\/li>\n<\/ul>\n<\/li>\n<\/ul>\n<\/div>\n<div class=\"product__disclosure-content\">\n<div class=\"js-read-more product-description__content read-more read-more--truncated\" data-read-more-name=\"description\" style=\"max-height: 500px; overflow: hidden;\">\n<div class=\"product__description-content read-more\" style=\"\">\n<p>Appareil \u00e9lectrostimulation COMPEX FIT 1.0<\/p>\n<h3> <img fetchpriority=\"high\" decoding=\"async\" ,=\"\" alt=\"Appareil \u00e9lectrostimulation COMPEX FIT 1.0\" class=\"wy_tableau_gauche\" height=\"270\" src=\"https:\/\/boulanger.scene7.com\/is\/image\/Boulanger\/7640109600225_h_f_l_0?wid=400&amp;hei=270\" width=\"400\"\/>Des performances optimales pour sculpter votre corps                    <\/h3>\n<p>                        Le COMPEX FIT 1.0 est l&rsquo;outil id\u00e9al pour les adeptes du fitness et de la remise en forme pratiquant leur activit\u00e9 1 \u00e0 2 fois par semaine. Dot\u00e9 de 4 canaux et utilisant une technologie \u00e0 fil, cet appareil permet de sculpter les abdos, d\u00e9velopper les biceps, les pectoraux et muscler les cuisses. Avec une puissance de 120mA, 150Hz et 400us, il offre une stimulation efficace pour des r\u00e9sultats visibles rapidement. Le set comprend 4 \u00e9lectrodes Snap 5&#215;10 cm et 8 \u00e9lectrodes Snap 5&#215;5 cm, ainsi qu&rsquo;une trousse de transport pour une utilisation pratique et mobile.                    <\/p>\n<\/p>\n<h3> <img decoding=\"async\" ,=\"\" alt=\"Appareil \u00e9lectrostimulation COMPEX FIT 1.0\" class=\"wy_tableau_right\" height=\"270\" src=\"https:\/\/boulanger.scene7.com\/is\/image\/Boulanger\/7640109600225_h_f_l_1?wid=400&amp;hei=270\" width=\"400\"\/>Un alli\u00e9 pour le bien-\u00eatre et la relaxation                    <\/h3>\n<p>                        En plus de ses capacit\u00e9s \u00e0 tonifier et raffermir les muscles, le COMPEX FIT 1.0 propose des programmes de massage relaxant et antidouleur TENS, parfaits pour soulager les douleurs musculaires et favoriser la r\u00e9cup\u00e9ration. Les utilisateurs peuvent ainsi profiter d&rsquo;un bien-\u00eatre complet apr\u00e8s chaque s\u00e9ance d&rsquo;entra\u00eenement. L&rsquo;appareil est l\u00e9ger avec un poids net de 1.3 kg et des dimensions compactes de 27.2 x 17.5 x 12 cm, facilitant son rangement et son transport. De plus, en s&rsquo;inscrivant sur le site, une ann\u00e9e suppl\u00e9mentaire de garantie est offerte, assurant une tranquillit\u00e9 d&rsquo;esprit pour une utilisation prolong\u00e9e.                    <\/p>\n<\/p><\/div>\n<\/p>\n<\/div>\n<p><bl-button a11yexpanded=\"false\" arialabel=\"Afficher toute la description\" class=\"read-more__btn\" full=\"false\" link=\"true\"><\/bl-button><\/div>","protected":false},"excerpt":{"rendered":"<div class=\"keypoints\">\n<h3 class=\"keypoints__title\">Les points cl\u00e9s<\/h3>\n<ul role=\"list\">\n<li class=\"keypoints__item\" role=\"listitem\">                                        10 programmes                      <\/li>\n<li class=\"keypoints__item\" role=\"listitem\">                                        Electrodes adh\u00e9sives                      <\/li>\n<li class=\"keypoints__item\" role=\"listitem\">                                        Affichage LCD                      <\/li>\n<li class=\"keypoints__item keypoints__item--advantage\" role=\"listitem\"><strong>Le + :<\/strong> . Poss\u00e9de aussi une fonction r\u00e9cup\u00e9ration\/ massage. Batterie rechargeable.      <\/li>\n<\/ul>","protected":false},"featured_media":90963,"template":"","meta":{"_glsr_average":0,"_glsr_ranking":0,"_glsr_reviews":0},"product_cat":[502],"product_tag":[187,503,500],"class_list":{"0":"post-90964","1":"product","2":"type-product","3":"status-publish","4":"has-post-thumbnail","6":"product_cat-electrostimulation","7":"product_tag-beaute-sante","8":"product_tag-electrostimulation","9":"product_tag-minceur-fitness","11":"first","12":"instock","13":"sale","14":"shipping-taxable","15":"purchasable","16":"product-type-simple"},"_links":{"self":[{"href":"https:\/\/electromenagerexpress.com\/en\/wp-json\/wp\/v2\/product\/90964","targetHints":{"allow":["GET"]}}],"collection":[{"href":"https:\/\/electromenagerexpress.com\/en\/wp-json\/wp\/v2\/product"}],"about":[{"href":"https:\/\/electromenagerexpress.com\/en\/wp-json\/wp\/v2\/types\/product"}],"wp:featuredmedia":[{"embeddable":true,"href":"https:\/\/electromenagerexpress.com\/en\/wp-json\/wp\/v2\/media\/90963"}],"wp:attachment":[{"href":"https:\/\/electromenagerexpress.com\/en\/wp-json\/wp\/v2\/media?parent=90964"}],"wp:term":[{"taxonomy":"product_cat","embeddable":true,"href":"https:\/\/electromenagerexpress.com\/en\/wp-json\/wp\/v2\/product_cat?post=90964"},{"taxonomy":"product_tag","embeddable":true,"href":"https:\/\/electromenagerexpress.com\/en\/wp-json\/wp\/v2\/product_tag?post=90964"}],"curies":[{"name":"wp","href":"https:\/\/api.w.org\/{rel}","templated":true}]}}