{"id":90922,"date":"2024-11-24T17:52:39","date_gmt":"2024-11-24T17:52:39","guid":{"rendered":"https:\/\/electromenagerexpress.com\/product\/appareil-anti-cellulitewellboxs-white\/"},"modified":"2024-11-24T17:53:02","modified_gmt":"2024-11-24T17:53:02","slug":"appareil-anti-cellulitewellboxs-white","status":"publish","type":"product","link":"https:\/\/electromenagerexpress.com\/en\/product\/appareil-anti-cellulitewellboxs-white\/","title":{"rendered":"Appareil anti cellulite\t\t\t\t\t\t\tWELLBOX\t\t\t\tS White"},"content":{"rendered":"<div class=\"product-features__content\">\n<ul role=\"list\">\n<li class=\"product-features__item\" role=\"listitem\">\n<h3 class=\"product-features__label\">Pour prendre soin de vous<\/h3>\n<ul role=\"list\">\n<li class=\"product-features__item-list__item\" role=\"listitem\"><span class=\"is--medium\">D\u00e9couvrez notre boutique Sant\u00e9\/Bien-\u00catre :<\/span> <a href=\"https:\/\/www.boulanger.com\/evenement\/boutique-bien-etre-sante\" target=\"_blank\">Cliquez ici<\/a><\/li>\n<\/ul>\n<\/li>\n<li class=\"product-features__item\" role=\"listitem\">\n<h3 class=\"product-features__label\">Caract\u00e9ristiques g\u00e9n\u00e9rales<\/h3>\n<ul role=\"list\">\n<li class=\"product-features__item-list__item\" role=\"listitem\"><span class=\"is--medium\">Produit :<\/span> Appareil anti cellulite\t\t\t\t\t<\/li>\n<li class=\"product-features__item-list__item\" role=\"listitem\"><span class=\"is--medium\">Technologie :<\/span> Battements de clapets ( T\u00eates LIFT) + Rouleaux ( T\u00eates ROLL)\t\t\t\t\t<\/li>\n<li class=\"product-features__item-list__item\" role=\"listitem\"><span class=\"is--medium\">Action principale :<\/span> Lisser rides et ridules, combattre la cellulite et le stockage graisseux\t\t\t\t\t<\/li>\n<li class=\"product-features__item-list__item\" role=\"listitem\"><span class=\"is--medium\">Zone d&rsquo;application :<\/span> Corps et visage\t\t\t\t\t<\/li>\n<li class=\"product-features__item-list__item\" role=\"listitem\"><span class=\"is--medium\">Alimentation :<\/span> Secteur\t\t\t\t\t<\/li>\n<li class=\"product-features__item-list__item\" role=\"listitem\"><span class=\"is--medium\">Inclus :<\/span> 5 t\u00eates interchangeables\t\t\t\t\t<\/li>\n<li class=\"product-features__item-list__item\" role=\"listitem\"><span class=\"is--medium\">Intensit\u00e9 :<\/span> 6 niveaux\t\t\t\t\t<\/li>\n<li class=\"product-features__item-list__item\" role=\"listitem\"><span class=\"is--medium\">Commande :<\/span> Bouton\t\t\t\t\t<\/li>\n<li class=\"product-features__item-list__item\" role=\"listitem\"><span class=\"is--medium\">Affichage :<\/span> LCD\t\t\t\t\t<\/li>\n<li class=\"product-features__item-list__item\" role=\"listitem\"><span class=\"is--medium\">Technologie anti-cellulite :<\/span> Action fermet\u00e9 :SPS + de la Wellbox, raffermissement doubl\u00e9 gr\u00e2ce \u00e0 des battements de clapets 2x plus rapide\t\t\t\t\t<\/li>\n<li class=\"product-features__item-list__item\" role=\"listitem\"><span class=\"is--medium\">A utiliser avec Gel :<\/span> Non\t\t\t\t\t<\/li>\n<li class=\"product-features__item-list__item\" role=\"listitem\"><span class=\"is--medium\">Coloris :<\/span> Blanc\t\t\t\t\t<\/li>\n<\/ul>\n<\/li>\n<li class=\"product-features__item\" role=\"listitem\">\n<h3 class=\"product-features__label\">Utilisation<\/h3>\n<ul role=\"list\">\n<li class=\"product-features__item-list__item\" role=\"listitem\"><span class=\"is--medium\">Traitement pr\u00e9-programm\u00e9 :<\/span> 4 s\u00e9quentialit\u00e9s d&rsquo;aspiration : aspiration continue ( action d\u00e9stockage), 4 aspirations\/seconde ( action drainage), 8 aspirations\/seconde ( action anti-rides, repulper la peau), 16 aspirations\/seconde ( action raffermissement, coup d&rsquo;\u00e9clat).\t\t\t\t\t<\/li>\n<li class=\"product-features__item-list__item\" role=\"listitem\"><span class=\"is--medium\">Fr\u00e9quence d&rsquo;utilisation :<\/span> 2 \u00e0 3 fois par semaine\t\t\t\t\t<\/li>\n<li class=\"product-features__item-list__item\" role=\"listitem\"><span class=\"is--medium\">Dur\u00e9e d&rsquo;utilisation :<\/span> 6 min par zone\t\t\t\t\t<\/li>\n<li class=\"product-features__item-list__item\" role=\"listitem\"><span class=\"is--medium\">Entretien :<\/span> Une fois vos r\u00e9sultats atteints, 2 \u00e0 3 s\u00e9ances par mois suffiront pour entretenir les r\u00e9sultats\t\t\t\t\t<\/li>\n<li class=\"product-features__item-list__item\" role=\"listitem\"><span class=\"is--medium\">Conseil d&rsquo;utilisation :<\/span> Pour favoriser les r\u00e9sultats, pratiquer une activit\u00e9 physique r\u00e9guli\u00e8re, manger correctement et buvez suffisamment d&rsquo;eau.\t\t\t\t\t<\/li>\n<li class=\"product-features__item-list__item\" role=\"listitem\"><span class=\"is--medium\">Avantage :<\/span> En seulement 6 minutes par jour seulement, chez soi. Ne pas appliquer de cr\u00e8me avant le soin, ni porter de collant de protection.\t\t\t\t\t<\/li>\n<\/ul>\n<\/li>\n<li class=\"product-features__item\" role=\"listitem\">\n<h3 class=\"product-features__label\">Zones trait\u00e9es<\/h3>\n<ul role=\"list\">\n<li class=\"product-features__item-list__item\" role=\"listitem\"><span class=\"is--medium\">Corps :<\/span> Oui\t\t\t\t\t<\/li>\n<li class=\"product-features__item-list__item\" role=\"listitem\"><span class=\"is--medium\">Corps et visage :<\/span> Oui\t\t\t\t\t<\/li>\n<li class=\"product-features__item-list__item\" role=\"listitem\"><span class=\"is--medium\">Flanc \/ abdomen :<\/span> Oui\t\t\t\t\t<\/li>\n<li class=\"product-features__item-list__item\" role=\"listitem\"><span class=\"is--medium\">Hanches \/ Fesses :<\/span> Oui\t\t\t\t\t<\/li>\n<li class=\"product-features__item-list__item\" role=\"listitem\"><span class=\"is--medium\">Bras :<\/span> Oui\t\t\t\t\t<\/li>\n<li class=\"product-features__item-list__item\" role=\"listitem\"><span class=\"is--medium\">Abdomen :<\/span> Oui\t\t\t\t\t<\/li>\n<li class=\"product-features__item-list__item\" role=\"listitem\"><span class=\"is--medium\">Dos :<\/span> Oui\t\t\t\t\t<\/li>\n<li class=\"product-features__item-list__item\" role=\"listitem\"><span class=\"is--medium\">Int\u00e9rieur genou et cuisse :<\/span> Oui\t\t\t\t\t<\/li>\n<\/ul>\n<\/li>\n<li class=\"product-features__item\" role=\"listitem\">\n<h3 class=\"product-features__label\">Fonction et \u00e9quipement<\/h3>\n<ul role=\"list\">\n<li class=\"product-features__item-list__item\" role=\"listitem\"><span class=\"is--medium\">Bouton marche arr\u00eat :<\/span> Oui\t\t\t\t\t<\/li>\n<li class=\"product-features__item-list__item\" role=\"listitem\"><span class=\"is--medium\">Minuteur :<\/span> Oui\t\t\t\t\t<\/li>\n<li class=\"product-features__item-list__item\" role=\"listitem\"><span class=\"is--medium\">Pause :<\/span> Pour d\u00e9marrer, arr\u00eater, reprendre ou annuler une session\t\t\t\t\t<\/li>\n<li class=\"product-features__item-list__item\" role=\"listitem\"><span class=\"is--medium\">Charge rapide :<\/span> Non\t\t\t\t\t<\/li>\n<li class=\"product-features__item-list__item\" role=\"listitem\"><span class=\"is--medium\">Arr\u00eat automatique :<\/span> Non\t\t\t\t\t<\/li>\n<li class=\"product-features__item-list__item\" role=\"listitem\"><span class=\"is--medium\">Accessoires :<\/span> 5 t\u00eates interchangeables\t\t\t\t\t<\/li>\n<\/ul>\n<\/li>\n<li class=\"product-features__item\" role=\"listitem\">\n<h3 class=\"product-features__label\">Bienfaits<\/h3>\n<ul role=\"list\">\n<li class=\"product-features__item-list__item\" role=\"listitem\"><span class=\"is--medium\">Destocke les graisses :<\/span> Oui\t\t\t\t\t<\/li>\n<li class=\"product-features__item-list__item\" role=\"listitem\"><span class=\"is--medium\">Raffermit la peau :<\/span> Oui\t\t\t\t\t<\/li>\n<li class=\"product-features__item-list__item\" role=\"listitem\"><span class=\"is--medium\">Lisse les rides :<\/span> Oui\t\t\t\t\t<\/li>\n<li class=\"product-features__item-list__item\" role=\"listitem\"><span class=\"is--medium\">D\u00e9fatigue le regard :<\/span> Oui\t\t\t\t\t<\/li>\n<li class=\"product-features__item-list__item\" role=\"listitem\"><span class=\"is--medium\">Illumine le teint :<\/span> Oui\t\t\t\t\t<\/li>\n<li class=\"product-features__item-list__item\" role=\"listitem\"><span class=\"is--medium\">Chaleur appaisante :<\/span> Non\t\t\t\t\t<\/li>\n<li class=\"product-features__item-list__item\" role=\"listitem\"><span class=\"is--medium\">100% naturel :<\/span> Oui\t\t\t\t\t<\/li>\n<li class=\"product-features__item-list__item\" role=\"listitem\"><span class=\"is--medium\">Soin professionnel :<\/span> Oui\t\t\t\t\t<\/li>\n<\/ul>\n<\/li>\n<li class=\"product-features__item\" role=\"listitem\">\n<h3 class=\"product-features__label\">Dimensions<\/h3>\n<ul role=\"list\">\n<li class=\"product-features__item-list__item\" role=\"listitem\"><span class=\"is--medium\">Dimensions l x h x p :<\/span> 30 x 35 x 25 cm\t\t\t\t\t<\/li>\n<li class=\"product-features__item-list__item\" role=\"listitem\"><span class=\"is--medium\">Poids net :<\/span> 7,5 kg\t\t\t\t\t<\/li>\n<li class=\"product-features__item-list__item\" role=\"listitem\"><span class=\"is--medium\">Poids Brut (kg) :<\/span> 10\t\t\t\t\t<\/li>\n<\/ul>\n<\/li>\n<li class=\"product-features__item\" role=\"listitem\">\n<h3 class=\"product-features__label\">Informations compl\u00e9mentaires<\/h3>\n<ul role=\"list\">\n<li class=\"product-features__item-list__item\" role=\"listitem\"><span class=\"is--medium\">Fabriqu\u00e9 en :<\/span> France\t\t\t\t\t<\/li>\n<li class=\"product-features__item-list__item\" role=\"listitem\"><span class=\"is--medium\">Assembl\u00e9 en :<\/span> France &#8211; Rh\u00f4ne-Alpes\t\t\t\t\t<\/li>\n<li class=\"product-features__item-list__item\" role=\"listitem\"><span class=\"is--medium\">Garantie :<\/span> 2 ans\t\t\t\t\t<\/li>\n<li class=\"product-features__item-list__item\" role=\"listitem\"><span class=\"is--medium\">Disponibilit\u00e9 des pi\u00e8ces d\u00e9tach\u00e9es (donn\u00e9es fournisseur) :<\/span> Pendant 3 ans, \u00e0 compter de la date fin de commercialisation\t\t\t\t\t<\/li>\n<li class=\"product-features__item-list__item\" role=\"listitem\"><span class=\"is--medium\">R\u00e9f\u00e9rence constructeur :<\/span> S\t\t\t\t\t<\/li>\n<li class=\"product-features__item-list__item\" role=\"listitem\"><span class=\"is--medium\">Marque :<\/span> WELLBOX\t\t\t\t\t<\/li>\n<\/ul>\n<\/li>\n<\/ul>\n<\/div>\n<div class=\"product__disclosure-content\">\n<div class=\"js-read-more product-description__content read-more read-more--truncated\" data-read-more-name=\"description\" style=\"max-height: 500px; overflow: hidden;\">\n<p>WELLBOX S est un appareil de stimulation cellulaire. Avec un objectif minceur sur le corps et le visage, les technologies en place raffermissent l&rsquo;\u00e9piderme, draine les toxines, comble les rides et d\u00e9stockent les graisses. En 6 minutes de temps et une utilisation r\u00e9guli\u00e8re, les r\u00e9sultats sont rapidement au rendez-vous\u00a0!<\/p>\n<h3><img fetchpriority=\"high\" decoding=\"async\" ,=\"\" alt=\"Masseur WELLBOX S\" class=\"wy_tableau_gauche\" height=\"270\" src=\"https:\/\/boulanger.scene7.com\/is\/image\/Boulanger\/3607492036608_h_f_l_0?wid=400&amp;hei=270\" width=\"400\"\/>Pour le corps et le visage<\/h3>\n<p>Le WELLBOX S est un appareil compos\u00e9 d&rsquo;un <b>\u00e9cran LCD et de 8 touches de contr\u00f4le<\/b>. Gr\u00e2ce \u00e0 une interface ergonomique, vous param\u00e9trez les \u00e9tapes \u00e0 suivre ainsi le temps que dure une s\u00e9ance. Que ce soit sur le corps, les jambes ou le visage, les r\u00e9sultats s&rsquo;av\u00e8rent probants si vous vous tenez \u00e0 un emploi r\u00e9gulier.<\/p>\n<p>Le WELLBOX S permet de retrouver un corps sculpt\u00e9, un ventre plat ou un visage repos\u00e9. Merci \u00e0 ses rouleaux qui op\u00e8rent sur une partie de l&rsquo;anatomie soit un mouvement de massage ou d&rsquo;aspiration. L&rsquo;appareil b\u00e9n\u00e9ficie d&rsquo;une <b>technologie brevet\u00e9e test\u00e9e scientifiquement<\/b>.<\/p>\n<h3><img decoding=\"async\" ,=\"\" alt=\"Masseur WELLBOX S\" class=\"wy_tableau_right\" height=\"270\" src=\"https:\/\/boulanger.scene7.com\/is\/image\/Boulanger\/3607492036608_p3?wid=400&amp;hei=270\" width=\"400\"\/>Une application r\u00e9guli\u00e8re 100% naturelle<\/h3>\n<p>Les <b>5 t\u00eates interchangeables<\/b> du WELLBOX S autorisent une multitude d&rsquo;utilisations. L&rsquo;appareil vous guide \u00e0 travers une routine \u00e0 ex\u00e9cuter r\u00e9guli\u00e8rement. Depuis l&rsquo;\u00e9cran LCD, appliquez les consignes prodigu\u00e9es \u00e0 l&rsquo;aide d&rsquo;ic\u00f4nes comme des fl\u00e8ches. Elles vous donnent le sens du massage ou de l&rsquo;aspiration. Chaque exercice est pr\u00e9c\u00e9d\u00e9 de la pose d&rsquo;une cr\u00e8me revitalisante sur la zone souhait\u00e9e.<\/p>\n<p>Le WELLBOX S utilise une <b>m\u00e9thode 100% naturelle<\/b>. Le remodelage de votre corps ou le raffermissement de votre visage sont r\u00e9alis\u00e9s par la technologie SPS+. Elle permet une action 2 fois plus puissante avec des r\u00e9sultats qui s&rsquo;intensifient sur la dur\u00e9e.<\/p>\n<\/p>\n<p><video class=\"s7Video\" controls=\"\" controlslist=\"nodownload\" poster=\"https:\/\/boulanger.scene7.com\/is\/image\/Boulanger\/3607492036608_v_0?scl=1\" preload=\"metadata\" src=\"https:\/\/boulanger.scene7.com\/is\/content\/Boulanger\/3607492036608_v_0\" width=\"100%\"><\/video><\/p>\n<\/div>\n<p><bl-button a11yexpanded=\"false\" arialabel=\"Afficher toute la description\" class=\"read-more__btn\" full=\"false\" link=\"true\">Voir plus<\/bl-button><\/div>","protected":false},"excerpt":{"rendered":"<div class=\"keypoints\">\n<h3 class=\"keypoints__title\">Les points cl\u00e9s<\/h3>\n<ul role=\"list\">\n<li class=\"keypoints__item\" role=\"listitem\">                                        Battement, aspiration, massage                      <\/li>\n<li class=\"keypoints__item\" role=\"listitem\">                                        Fonctionne sur secteur                      <\/li>\n<li class=\"keypoints__item\" role=\"listitem\">                                        Inclus : 5 t\u00eates interchangeables                      <\/li>\n<li class=\"keypoints__item keypoints__item--advantage\" role=\"listitem\"><strong>Le + :<\/strong> ses micro aspirations permettent de stimuler la peau afin de remodeler les contours de votre corps.      <\/li>\n<\/ul>","protected":false},"featured_media":90921,"template":"","meta":{"_glsr_average":0,"_glsr_ranking":0,"_glsr_reviews":0},"product_cat":[495],"product_tag":[497,187,496],"class_list":{"0":"post-90922","1":"product","2":"type-product","3":"status-publish","4":"has-post-thumbnail","6":"product_cat-appareil-anti-cellulite","7":"product_tag-appareil-anti-cellulite","8":"product_tag-beaute-sante","9":"product_tag-soin-visage-corps","11":"first","12":"instock","13":"sale","14":"shipping-taxable","15":"purchasable","16":"product-type-simple"},"_links":{"self":[{"href":"https:\/\/electromenagerexpress.com\/en\/wp-json\/wp\/v2\/product\/90922","targetHints":{"allow":["GET"]}}],"collection":[{"href":"https:\/\/electromenagerexpress.com\/en\/wp-json\/wp\/v2\/product"}],"about":[{"href":"https:\/\/electromenagerexpress.com\/en\/wp-json\/wp\/v2\/types\/product"}],"wp:featuredmedia":[{"embeddable":true,"href":"https:\/\/electromenagerexpress.com\/en\/wp-json\/wp\/v2\/media\/90921"}],"wp:attachment":[{"href":"https:\/\/electromenagerexpress.com\/en\/wp-json\/wp\/v2\/media?parent=90922"}],"wp:term":[{"taxonomy":"product_cat","embeddable":true,"href":"https:\/\/electromenagerexpress.com\/en\/wp-json\/wp\/v2\/product_cat?post=90922"},{"taxonomy":"product_tag","embeddable":true,"href":"https:\/\/electromenagerexpress.com\/en\/wp-json\/wp\/v2\/product_tag?post=90922"}],"curies":[{"name":"wp","href":"https:\/\/api.w.org\/{rel}","templated":true}]}}