{"id":90910,"date":"2024-11-24T17:52:25","date_gmt":"2024-11-24T17:52:25","guid":{"rendered":"https:\/\/electromenagerexpress.com\/product\/gps-velogarminedge-explore-2-support-potence\/"},"modified":"2024-11-24T17:52:36","modified_gmt":"2024-11-24T17:52:36","slug":"gps-velogarminedge-explore-2-support-potence","status":"publish","type":"product","link":"https:\/\/electromenagerexpress.com\/en\/product\/gps-velogarminedge-explore-2-support-potence\/","title":{"rendered":"GPS v\u00e9lo\t\t\t\t\t\t\tGARMIN\t\t\t\tEdge Explore 2 &#8211; support potence"},"content":{"rendered":"<div class=\"product-features__content\">\n<ul role=\"list\">\n<li class=\"product-features__item\" role=\"listitem\">\n<h3 class=\"product-features__label\">Caract\u00e9ristiques g\u00e9n\u00e9rales<\/h3>\n<ul role=\"list\">\n<li class=\"product-features__item-list__item\" role=\"listitem\"><span class=\"is--medium\">Type :<\/span> GPS v\u00e9lo\t\t\t\t\t<\/li>\n<li class=\"product-features__item-list__item\" role=\"listitem\"><span class=\"is--medium\">Utilisation :<\/span> Ajouter fonction\t\t\t\t\t<\/li>\n<li class=\"product-features__item-list__item\" role=\"listitem\"><span class=\"is--medium\">Compatible avec :<\/span> Bracelet connect\u00e9 et Montre GPS\t\t\t\t\t<\/li>\n<li class=\"product-features__item-list__item\" role=\"listitem\"><span class=\"is--medium\">Mod\u00e8le(s) compatible(s) :<\/span> Garmin\t\t\t\t\t<\/li>\n<li class=\"product-features__item-list__item\" role=\"listitem\"><span class=\"is--medium\">Coloris :<\/span> Blanc\t\t\t\t\t<\/li>\n<li class=\"product-features__item-list__item\" role=\"listitem\"><span class=\"is--medium\">Mati\u00e8re :<\/span> Plastique\t\t\t\t\t<\/li>\n<\/ul>\n<\/li>\n<li class=\"product-features__item\" role=\"listitem\">\n<h3 class=\"product-features__label\">Connectivit\u00e9<\/h3>\n<ul role=\"list\">\n<li class=\"product-features__item-list__item\" role=\"listitem\"><span class=\"is--medium\">Bluetooth :<\/span> Oui\t\t\t\t\t<\/li>\n<\/ul>\n<\/li>\n<li class=\"product-features__item\" role=\"listitem\">\n<h3 class=\"product-features__label\">Dimensions<\/h3>\n<ul role=\"list\">\n<li class=\"product-features__item-list__item\" role=\"listitem\"><span class=\"is--medium\">Dimensions l x h x p :<\/span> 5.57 x 10.61 x 2.06 cm\t\t\t\t\t<\/li>\n<li class=\"product-features__item-list__item\" role=\"listitem\"><span class=\"is--medium\">Poids Net (kg) :<\/span> 0.104\t\t\t\t\t<\/li>\n<\/ul>\n<\/li>\n<li class=\"product-features__item\" role=\"listitem\">\n<h3 class=\"product-features__label\">Informations compl\u00e9mentaires<\/h3>\n<ul role=\"list\">\n<li class=\"product-features__item-list__item\" role=\"listitem\"><span class=\"is--medium\">Fabriqu\u00e9 en :<\/span> Ta\u00efwan\t\t\t\t\t<\/li>\n<li class=\"product-features__item-list__item\" role=\"listitem\"><span class=\"is--medium\">Garantie :<\/span> 2 ans\t\t\t\t\t<\/li>\n<li class=\"product-features__item-list__item\" role=\"listitem\"><span class=\"is--medium\">Disponibilit\u00e9 des pi\u00e8ces d\u00e9tach\u00e9es (donn\u00e9es fournisseur) :<\/span> Pendant 2 ans, \u00e0 compter de la date de fabrication\t\t\t\t\t<\/li>\n<li class=\"product-features__item-list__item\" role=\"listitem\"><span class=\"is--medium\">R\u00e9f\u00e9rence constructeur :<\/span> Edge Explore 2 &#8211; support potence\t\t\t\t\t<\/li>\n<li class=\"product-features__item-list__item\" role=\"listitem\"><span class=\"is--medium\">Marque :<\/span> GARMIN\t\t\t\t\t<\/li>\n<\/ul>\n<\/li>\n<\/ul>\n<\/div>\n<div class=\"product__disclosure-content\">\n<div class=\"js-read-more product-description__content read-more read-more--truncated\" data-read-more-name=\"description\" style=\"max-height: 500px; overflow: hidden;\">\n<div class=\"product__description-content read-more\">\n<p><strong>GARMIN Edge Explore 2 : Le GPS v\u00e9lo intuitif et connect\u00e9<\/strong><\/p>\n<h3><img fetchpriority=\"high\" decoding=\"async\" alt=\"GPS v\u00e9lo GARMIN Edge Explore 2 - support potence\" class=\"wy_tableau_gauche\" height=\"270\" src=\"https:\/\/boulanger.scene7.com\/is\/image\/Boulanger\/0753759305857_h_f_l_0?wid=400&amp;hei=270\" width=\"400\"\/>Navigation optimis\u00e9e et simplicit\u00e9 d&rsquo;utilisation<\/h3>\n<p>Le GARMIN Edge Explore 2 se distingue par son \u00e9cran tactile de 3 pouces, lisible en plein soleil, utilisable avec des gants et r\u00e9sistant \u00e0 la pluie, offrant une exp\u00e9rience de navigation fluide et accessible. La configuration intuitive et l&rsquo;interface simplifi\u00e9e permettent un acc\u00e8s rapide aux informations essentielles et aux outils utiles pour les cyclistes. Avec des cartes sp\u00e9cifiques pour le v\u00e9lo, qui mettent en avant les routes et sentiers populaires, ainsi que le suivi du trafic en temps r\u00e9el, les utilisateurs b\u00e9n\u00e9ficient d&rsquo;une cartographie am\u00e9lior\u00e9e pour une exp\u00e9rience de conduite adapt\u00e9e \u00e0 tous les terrains. La connexion ANT+\u00ae avec les v\u00e9los \u00e9lectriques compatibles enrichit l&rsquo;exp\u00e9rience en fournissant des donn\u00e9es pr\u00e9cises sur l&rsquo;autonomie et l&rsquo;assistance \u00e9lectrique, tandis que l&rsquo;autonomie de la batterie jusqu&rsquo;\u00e0 16 heures assure une utilisation prolong\u00e9e.<\/p>\n<p>\u00a0<\/p>\n<p>\u00a0<\/p>\n<h3><img decoding=\"async\" alt=\"GPS v\u00e9lo GARMIN Edge Explore 2 - support potence\" class=\"wy_tableau_right\" height=\"270\" src=\"https:\/\/boulanger.scene7.com\/is\/image\/Boulanger\/0753759305857_h_f_l_1?wid=400&amp;hei=270\" width=\"400\"\/>S\u00e9curit\u00e9 et compatibilit\u00e9 \u00e9tendues<\/h3>\n<p>La s\u00e9curit\u00e9 est au coeur des fonctionnalit\u00e9s du GARMIN Edge Explore 2, avec la d\u00e9tection d&rsquo;incident et la demande d&rsquo;assistance, qui apportent une tranquillit\u00e9 d&rsquo;esprit suppl\u00e9mentaire lors des sorties. La connectivit\u00e9 avec les smartphones permet de rester en lien avec les autres gr\u00e2ce \u00e0 LiveTrack et GroupTrack, tout en recevant notifications et messages. La compatibilit\u00e9 avec les capteurs externes, tels que ceux mesurant la fr\u00e9quence cardiaque, la vitesse ou la cadence, permet une analyse d\u00e9taill\u00e9e des performances. De plus, l&rsquo;appareil est compatible avec les home trainers Tacx pour un entra\u00eenement indoor efficace. Pour les versions Power, le support aliment\u00e9 inclus permet de recharger l&rsquo;appareil directement depuis la batterie du v\u00e9lo \u00e9lectrique, garantissant ainsi une alimentation constante, peu importe la distance parcourue.<\/p>\n<\/div>\n<\/div>\n<p><bl-button a11yexpanded=\"false\" arialabel=\"Afficher toute la description\" class=\"read-more__btn\" full=\"false\" link=\"true\"><\/bl-button><\/div>","protected":false},"excerpt":{"rendered":"<div class=\"keypoints\">\n<h3 class=\"keypoints__title\">Les points cl\u00e9s<\/h3>\n<ul role=\"list\">\n<li class=\"keypoints__item\" role=\"listitem\">                                        Bluetooth                      <\/li>\n<li class=\"keypoints__item\" role=\"listitem\">                                        Mati\u00e8re : Plastique                      <\/li>\n<li class=\"keypoints__item keypoints__item--advantage\" role=\"listitem\"><strong>Le + :<\/strong> cartes sp\u00e9cifiques am\u00e9lior\u00e9e en fonction du type d&rsquo;activit\u00e9 et indiquant les sentiers populaires.      <\/li>\n<\/ul>","protected":false},"featured_media":90909,"template":"","meta":{"_glsr_average":0,"_glsr_ranking":0,"_glsr_reviews":0},"product_cat":[504],"product_tag":[187,505,500],"class_list":{"0":"post-90910","1":"product","2":"type-product","3":"status-publish","4":"has-post-thumbnail","6":"product_cat-equipement-du-sportif","7":"product_tag-beaute-sante","8":"product_tag-equipement-du-sportif","9":"product_tag-minceur-fitness","11":"first","12":"instock","13":"sale","14":"shipping-taxable","15":"purchasable","16":"product-type-simple"},"_links":{"self":[{"href":"https:\/\/electromenagerexpress.com\/en\/wp-json\/wp\/v2\/product\/90910","targetHints":{"allow":["GET"]}}],"collection":[{"href":"https:\/\/electromenagerexpress.com\/en\/wp-json\/wp\/v2\/product"}],"about":[{"href":"https:\/\/electromenagerexpress.com\/en\/wp-json\/wp\/v2\/types\/product"}],"wp:featuredmedia":[{"embeddable":true,"href":"https:\/\/electromenagerexpress.com\/en\/wp-json\/wp\/v2\/media\/90909"}],"wp:attachment":[{"href":"https:\/\/electromenagerexpress.com\/en\/wp-json\/wp\/v2\/media?parent=90910"}],"wp:term":[{"taxonomy":"product_cat","embeddable":true,"href":"https:\/\/electromenagerexpress.com\/en\/wp-json\/wp\/v2\/product_cat?post=90910"},{"taxonomy":"product_tag","embeddable":true,"href":"https:\/\/electromenagerexpress.com\/en\/wp-json\/wp\/v2\/product_tag?post=90910"}],"curies":[{"name":"wp","href":"https:\/\/api.w.org\/{rel}","templated":true}]}}