{"id":90906,"date":"2024-11-24T17:52:21","date_gmt":"2024-11-24T17:52:21","guid":{"rendered":"https:\/\/electromenagerexpress.com\/product\/appareil-anti-cellulitewellboxs-nude\/"},"modified":"2024-11-24T17:52:23","modified_gmt":"2024-11-24T17:52:23","slug":"appareil-anti-cellulitewellboxs-nude","status":"publish","type":"product","link":"https:\/\/electromenagerexpress.com\/en\/product\/appareil-anti-cellulitewellboxs-nude\/","title":{"rendered":"Appareil anti cellulite\t\t\t\t\t\t\tWELLBOX\t\t\t\tS nude"},"content":{"rendered":"<div class=\"product-features__content\">\n<ul role=\"list\">\n<li class=\"product-features__item\" role=\"listitem\">\n<h3 class=\"product-features__label\">Pour prendre soin de vous<\/h3>\n<ul role=\"list\">\n<li class=\"product-features__item-list__item\" role=\"listitem\"><span class=\"is--medium\">D\u00e9couvrez notre boutique Sant\u00e9\/Bien-\u00catre :<\/span> <a href=\"https:\/\/www.boulanger.com\/evenement\/boutique-bien-etre-sante\" target=\"_blank\">Cliquez ici<\/a><\/li>\n<\/ul>\n<\/li>\n<li class=\"product-features__item\" role=\"listitem\">\n<h3 class=\"product-features__label\">Caract\u00e9ristiques g\u00e9n\u00e9rales<\/h3>\n<ul role=\"list\">\n<li class=\"product-features__item-list__item\" role=\"listitem\"><span class=\"is--medium\">Produit :<\/span> Appareil anti cellulite\t\t\t\t\t<\/li>\n<li class=\"product-features__item-list__item\" role=\"listitem\"><span class=\"is--medium\">Technologie :<\/span> Battements de clapets ( T\u00eates LIFT) + Rouleaux ( T\u00eates ROLL)\t\t\t\t\t<\/li>\n<li class=\"product-features__item-list__item\" role=\"listitem\"><span class=\"is--medium\">Action principale :<\/span> Lisser rides et ridules, combattre la cellulite et le stockage graisseux\t\t\t\t\t<\/li>\n<li class=\"product-features__item-list__item\" role=\"listitem\"><span class=\"is--medium\">Zone d&rsquo;application :<\/span> Corps et visage\t\t\t\t\t<\/li>\n<li class=\"product-features__item-list__item\" role=\"listitem\"><span class=\"is--medium\">Alimentation :<\/span> Secteur\t\t\t\t\t<\/li>\n<li class=\"product-features__item-list__item\" role=\"listitem\"><span class=\"is--medium\">Inclus :<\/span> 5 t\u00eates interchangeables\t\t\t\t\t<\/li>\n<li class=\"product-features__item-list__item\" role=\"listitem\"><span class=\"is--medium\">Intensit\u00e9 :<\/span> 6 niveaux\t\t\t\t\t<\/li>\n<li class=\"product-features__item-list__item\" role=\"listitem\"><span class=\"is--medium\">Commande :<\/span> Bouton\t\t\t\t\t<\/li>\n<li class=\"product-features__item-list__item\" role=\"listitem\"><span class=\"is--medium\">Affichage :<\/span> LCD\t\t\t\t\t<\/li>\n<li class=\"product-features__item-list__item\" role=\"listitem\"><span class=\"is--medium\">Technologie anti-cellulite :<\/span> Action fermet\u00e9 :SPS + de la Wellbox, raffermissement doubl\u00e9 gr\u00e2ce \u00e0 des battements de clapets 2x plus rapide\t\t\t\t\t<\/li>\n<li class=\"product-features__item-list__item\" role=\"listitem\"><span class=\"is--medium\">A utiliser avec Gel :<\/span> Non\t\t\t\t\t<\/li>\n<li class=\"product-features__item-list__item\" role=\"listitem\"><span class=\"is--medium\">Coloris :<\/span> Nude\t\t\t\t\t<\/li>\n<\/ul>\n<\/li>\n<li class=\"product-features__item\" role=\"listitem\">\n<h3 class=\"product-features__label\">Utilisation<\/h3>\n<ul role=\"list\">\n<li class=\"product-features__item-list__item\" role=\"listitem\"><span class=\"is--medium\">Traitement pr\u00e9-programm\u00e9 :<\/span> 4 s\u00e9quentialit\u00e9s d&rsquo;aspiration : aspiration continue ( action d\u00e9stockage), 4 aspirations\/seconde ( action drainage), 8 aspirations\/seconde ( action anti-rides, repulper la peau), 16 aspirations\/seconde ( action raffermissement, coup d&rsquo;\u00e9clat).\t\t\t\t\t<\/li>\n<li class=\"product-features__item-list__item\" role=\"listitem\"><span class=\"is--medium\">Fr\u00e9quence d&rsquo;utilisation :<\/span> 2 \u00e0 3 fois par semaine\t\t\t\t\t<\/li>\n<li class=\"product-features__item-list__item\" role=\"listitem\"><span class=\"is--medium\">Dur\u00e9e d&rsquo;utilisation :<\/span> 6 min par zone\t\t\t\t\t<\/li>\n<li class=\"product-features__item-list__item\" role=\"listitem\"><span class=\"is--medium\">Entretien :<\/span> Une fois vos r\u00e9sultats atteints, 2 \u00e0 3 s\u00e9ances par mois suffiront pour entretenir les r\u00e9sultats\t\t\t\t\t<\/li>\n<li class=\"product-features__item-list__item\" role=\"listitem\"><span class=\"is--medium\">Conseil d&rsquo;utilisation :<\/span> Pour favoriser les r\u00e9sultats, pratiquer une activit\u00e9 physique r\u00e9guli\u00e8re, manger correctement et buvez suffisamment d&rsquo;eau.\t\t\t\t\t<\/li>\n<li class=\"product-features__item-list__item\" role=\"listitem\"><span class=\"is--medium\">Avantage :<\/span> En seulement 6 minutes par jour seulement, chez soi. Ne pas appliquer de cr\u00e8me avant le soin, ni porter de collant de protection.\t\t\t\t\t<\/li>\n<\/ul>\n<\/li>\n<li class=\"product-features__item\" role=\"listitem\">\n<h3 class=\"product-features__label\">Zones trait\u00e9es<\/h3>\n<ul role=\"list\">\n<li class=\"product-features__item-list__item\" role=\"listitem\"><span class=\"is--medium\">Corps :<\/span> Oui\t\t\t\t\t<\/li>\n<li class=\"product-features__item-list__item\" role=\"listitem\"><span class=\"is--medium\">Corps et visage :<\/span> Oui\t\t\t\t\t<\/li>\n<li class=\"product-features__item-list__item\" role=\"listitem\"><span class=\"is--medium\">Flanc \/ abdomen :<\/span> Oui\t\t\t\t\t<\/li>\n<li class=\"product-features__item-list__item\" role=\"listitem\"><span class=\"is--medium\">Hanches \/ Fesses :<\/span> Oui\t\t\t\t\t<\/li>\n<li class=\"product-features__item-list__item\" role=\"listitem\"><span class=\"is--medium\">Bras :<\/span> Oui\t\t\t\t\t<\/li>\n<li class=\"product-features__item-list__item\" role=\"listitem\"><span class=\"is--medium\">Abdomen :<\/span> Oui\t\t\t\t\t<\/li>\n<li class=\"product-features__item-list__item\" role=\"listitem\"><span class=\"is--medium\">Dos :<\/span> Oui\t\t\t\t\t<\/li>\n<li class=\"product-features__item-list__item\" role=\"listitem\"><span class=\"is--medium\">Int\u00e9rieur genou et cuisse :<\/span> Oui\t\t\t\t\t<\/li>\n<\/ul>\n<\/li>\n<li class=\"product-features__item\" role=\"listitem\">\n<h3 class=\"product-features__label\">Fonction et \u00e9quipement<\/h3>\n<ul role=\"list\">\n<li class=\"product-features__item-list__item\" role=\"listitem\"><span class=\"is--medium\">Bouton marche arr\u00eat :<\/span> Oui\t\t\t\t\t<\/li>\n<li class=\"product-features__item-list__item\" role=\"listitem\"><span class=\"is--medium\">Minuteur :<\/span> Oui\t\t\t\t\t<\/li>\n<li class=\"product-features__item-list__item\" role=\"listitem\"><span class=\"is--medium\">Pause :<\/span> Pour d\u00e9marrer, arr\u00eater, reprendre ou annuler une session\t\t\t\t\t<\/li>\n<li class=\"product-features__item-list__item\" role=\"listitem\"><span class=\"is--medium\">Accessoires :<\/span> 5 t\u00eates interchangeables\t\t\t\t\t<\/li>\n<\/ul>\n<\/li>\n<li class=\"product-features__item\" role=\"listitem\">\n<h3 class=\"product-features__label\">Bienfaits<\/h3>\n<ul role=\"list\">\n<li class=\"product-features__item-list__item\" role=\"listitem\"><span class=\"is--medium\">Destocke les graisses :<\/span> Oui\t\t\t\t\t<\/li>\n<li class=\"product-features__item-list__item\" role=\"listitem\"><span class=\"is--medium\">Raffermit la peau :<\/span> Oui\t\t\t\t\t<\/li>\n<li class=\"product-features__item-list__item\" role=\"listitem\"><span class=\"is--medium\">Lisse les rides :<\/span> Oui\t\t\t\t\t<\/li>\n<li class=\"product-features__item-list__item\" role=\"listitem\"><span class=\"is--medium\">D\u00e9fatigue le regard :<\/span> Oui\t\t\t\t\t<\/li>\n<li class=\"product-features__item-list__item\" role=\"listitem\"><span class=\"is--medium\">Illumine le teint :<\/span> Oui\t\t\t\t\t<\/li>\n<li class=\"product-features__item-list__item\" role=\"listitem\"><span class=\"is--medium\">Chaleur appaisante :<\/span> Non\t\t\t\t\t<\/li>\n<li class=\"product-features__item-list__item\" role=\"listitem\"><span class=\"is--medium\">100% naturel :<\/span> Oui\t\t\t\t\t<\/li>\n<li class=\"product-features__item-list__item\" role=\"listitem\"><span class=\"is--medium\">Soin professionnel :<\/span> Oui\t\t\t\t\t<\/li>\n<\/ul>\n<\/li>\n<li class=\"product-features__item\" role=\"listitem\">\n<h3 class=\"product-features__label\">Dimensions<\/h3>\n<ul role=\"list\">\n<li class=\"product-features__item-list__item\" role=\"listitem\"><span class=\"is--medium\">Dimensions l x h x p :<\/span> 30 x 35 x 25 cm\t\t\t\t\t<\/li>\n<li class=\"product-features__item-list__item\" role=\"listitem\"><span class=\"is--medium\">Poids net :<\/span> 7,5 kg\t\t\t\t\t<\/li>\n<li class=\"product-features__item-list__item\" role=\"listitem\"><span class=\"is--medium\">Poids Brut (kg) :<\/span> 10\t\t\t\t\t<\/li>\n<\/ul>\n<\/li>\n<li class=\"product-features__item\" role=\"listitem\">\n<h3 class=\"product-features__label\">Informations compl\u00e9mentaires<\/h3>\n<ul role=\"list\">\n<li class=\"product-features__item-list__item\" role=\"listitem\"><span class=\"is--medium\">Fabriqu\u00e9 en :<\/span> France\t\t\t\t\t<\/li>\n<li class=\"product-features__item-list__item\" role=\"listitem\"><span class=\"is--medium\">Assembl\u00e9 en :<\/span> France &#8211; Rh\u00f4ne-Alpes\t\t\t\t\t<\/li>\n<li class=\"product-features__item-list__item\" role=\"listitem\"><span class=\"is--medium\">Garantie :<\/span> 2 ans\t\t\t\t\t<\/li>\n<li class=\"product-features__item-list__item\" role=\"listitem\"><span class=\"is--medium\">Disponibilit\u00e9 des pi\u00e8ces d\u00e9tach\u00e9es (donn\u00e9es fournisseur) :<\/span> Pendant 3 ans, \u00e0 compter de la date fin de commercialisation\t\t\t\t\t<\/li>\n<li class=\"product-features__item-list__item\" role=\"listitem\"><span class=\"is--medium\">R\u00e9f\u00e9rence constructeur :<\/span> S nude\t\t\t\t\t<\/li>\n<li class=\"product-features__item-list__item\" role=\"listitem\"><span class=\"is--medium\">Marque :<\/span> WELLBOX\t\t\t\t\t<\/li>\n<\/ul>\n<\/li>\n<\/ul>\n<\/div>\n<div class=\"product__disclosure-content\">\n<div class=\"js-read-more product-description__content read-more read-more--truncated\" data-read-more-name=\"description\" style=\"max-height: 500px; overflow: hidden;\">\n<p>Pour des soins du corps et du visage \u00e0 domicile, d\u00e9couvrez le <b>masseur WELLBOX S NUDE<\/b> et retrouvez la jeunesse de votre peau ainsi qu&rsquo;un corps plus ferme facilement et \u00e0 votre rythme. Un soin WELLBOX dure seulement 6 minutes, parfait pour une utilisation quotidienne. Facile \u00e0 utiliser, l&rsquo;appareil vous propose un \u00e9cran LCD de 8 touches vous permettant d&rsquo;acc\u00e9der aux diff\u00e9rents param\u00e8tres en un clin d&rsquo;oeil. <\/p>\n<h3><img fetchpriority=\"high\" decoding=\"async\" ,=\"\" alt=\"Masseur WELLBOX S NUDE\" class=\"wy_tableau_gauche\" height=\"270\" src=\"https:\/\/boulanger.scene7.com\/is\/image\/Boulanger\/3607490238011_h_f_l_0?wid=400&amp;hei=270\" width=\"400\"\/>Soins du corps<\/h3>\n<p>Adoptez le masseur WELLBOX S NUDE et retrouvez un corps sculpt\u00e9 et une silhouette affin\u00e9e gr\u00e2ce aux <b>t\u00eates ROLL<\/b> sp\u00e9cialement con\u00e7ues pour s&rsquo;attaquer \u00e0 la culotte de cheval et \u00e0 la cellulite pour un ventre plus plat et des cuisses plus fermes. La technologie SPS+ du masseur WELLBOX vous offre une action fermet\u00e9 2 fois plus puissante avec son aspiration s\u00e9quentielle plus performante. <\/p>\n<p>Les t\u00eates ROLL sp\u00e9ciales corps du masseur WELLBOX S NUDE et les roulements massant stimulent naturellement les adipocytes qui r\u00e9gulent le stockage des graisses dans le corps. Battez vous contre les exc\u00e8s de cellulite et de volume efficacement et en douceur. <\/p>\n<h3><img decoding=\"async\" ,=\"\" alt=\"Masseur WELLBOX S NUDE\" class=\"wy_tableau_right\" height=\"270\" src=\"https:\/\/boulanger.scene7.com\/is\/image\/Boulanger\/3607490238011_h_f_l_1?wid=400&amp;hei=270\" width=\"400\"\/>Soins du visage <\/h3>\n<p>Un soin du visage avec le masseur WELLBOX S NUDE est recommand\u00e9 chaque jour. Lorsque vous commencez \u00e0 voir les b\u00e9n\u00e9fices, vous pourrez espacer les s\u00e9ances. Les <b>t\u00eates de soin Lift 1 et Lift 2<\/b> sp\u00e9ciales visages sont recommand\u00e9es pour agir sur la peau en profondeur en alliant l&rsquo;efficacit\u00e9 d&rsquo;une aspiration verticale et de battements. <\/p>\n<p>Les battements et motions aspirantes du masseur WELLBOX stimulent efficacement le fibroblaste, une cellule qui garantit la jeunesse de votre peau. Sa stimulation agit sur la production de collag\u00e8ne, d&rsquo;\u00e9lastine et d&rsquo;acide hyaluronique pour retrouver toute la fermet\u00e9, le volume et\u00a0l&rsquo;hydratation naturelle de la peau de vos 20 ans. <\/p>\n<\/p>\n<\/div>\n<p><bl-button a11yexpanded=\"false\" arialabel=\"Afficher toute la description\" class=\"read-more__btn\" full=\"false\" link=\"true\">Voir plus<\/bl-button><\/div>","protected":false},"excerpt":{"rendered":"<div class=\"keypoints\">\n<h3 class=\"keypoints__title\">Les points cl\u00e9s<\/h3>\n<ul role=\"list\">\n<li class=\"keypoints__item\" role=\"listitem\">                                        Battement, aspiration, massage                      <\/li>\n<li class=\"keypoints__item\" role=\"listitem\">                                        Fonctionne sur secteur                      <\/li>\n<li class=\"keypoints__item\" role=\"listitem\">                                        Inclus : 5 t\u00eates interchangeables                      <\/li>\n<li class=\"keypoints__item keypoints__item--advantage\" role=\"listitem\"><strong>Le + :<\/strong> les micro aspirations des t\u00eates de soin permettent de stimuler la peau et de remodeler les contours.      <\/li>\n<\/ul>","protected":false},"featured_media":90905,"template":"","meta":{"_glsr_average":0,"_glsr_ranking":0,"_glsr_reviews":0},"product_cat":[495],"product_tag":[497,187,496],"class_list":{"0":"post-90906","1":"product","2":"type-product","3":"status-publish","4":"has-post-thumbnail","6":"product_cat-appareil-anti-cellulite","7":"product_tag-appareil-anti-cellulite","8":"product_tag-beaute-sante","9":"product_tag-soin-visage-corps","11":"first","12":"instock","13":"sale","14":"shipping-taxable","15":"purchasable","16":"product-type-simple"},"_links":{"self":[{"href":"https:\/\/electromenagerexpress.com\/en\/wp-json\/wp\/v2\/product\/90906","targetHints":{"allow":["GET"]}}],"collection":[{"href":"https:\/\/electromenagerexpress.com\/en\/wp-json\/wp\/v2\/product"}],"about":[{"href":"https:\/\/electromenagerexpress.com\/en\/wp-json\/wp\/v2\/types\/product"}],"wp:featuredmedia":[{"embeddable":true,"href":"https:\/\/electromenagerexpress.com\/en\/wp-json\/wp\/v2\/media\/90905"}],"wp:attachment":[{"href":"https:\/\/electromenagerexpress.com\/en\/wp-json\/wp\/v2\/media?parent=90906"}],"wp:term":[{"taxonomy":"product_cat","embeddable":true,"href":"https:\/\/electromenagerexpress.com\/en\/wp-json\/wp\/v2\/product_cat?post=90906"},{"taxonomy":"product_tag","embeddable":true,"href":"https:\/\/electromenagerexpress.com\/en\/wp-json\/wp\/v2\/product_tag?post=90906"}],"curies":[{"name":"wp","href":"https:\/\/api.w.org\/{rel}","templated":true}]}}