{"id":90818,"date":"2024-11-24T17:50:51","date_gmt":"2024-11-24T17:50:51","guid":{"rendered":"https:\/\/electromenagerexpress.com\/product\/ecran-de-projectioncelexonmanuel-advanced-slowmotion-43-171x128\/"},"modified":"2024-12-31T12:33:44","modified_gmt":"2024-12-31T12:33:44","slug":"ecran-de-projectioncelexonmanuel-advanced-slowmotion-43-171x128","status":"publish","type":"product","link":"https:\/\/electromenagerexpress.com\/en\/product\/ecran-de-projectioncelexonmanuel-advanced-slowmotion-43-171x128\/","title":{"rendered":"Ecran de projection\t CELEXON Manuel Advanced Slowmotion 4:3 171&#215;128"},"content":{"rendered":"<div class=\"product-features__content\">\n<ul role=\"list\">\n<li class=\"product-features__item\" role=\"listitem\">\n<h3 class=\"product-features__label\">Installation<\/h3>\n<ul role=\"list\">\n<li class=\"product-features__item-list__item\" role=\"listitem\"><span class=\"is--medium\">Utilisation :<\/span> fixe, id\u00e9al pour une installation avec un emplacement d\u00e9di\u00e9<\/li>\n<li class=\"product-features__item-list__item\" role=\"listitem\"><span class=\"is--medium\">Installation transportable :<\/span> non concern\u00e9<\/li>\n<li class=\"product-features__item-list__item\" role=\"listitem\"><span class=\"is--medium\">Installation fixe :<\/span> non concern\u00e9<\/li>\n<li class=\"product-features__item-list__item\" role=\"listitem\"><span class=\"is--medium\">D\u00e9roulement :<\/span> manuel<\/li>\n<li class=\"product-features__item-list__item\" role=\"listitem\"><span class=\"is--medium\">Installation au sol :<\/span> Non<\/li>\n<li class=\"product-features__item-list__item\" role=\"listitem\"><span class=\"is--medium\">Fixation au plafond :<\/span> Non<\/li>\n<li class=\"product-features__item-list__item\" role=\"listitem\"><span class=\"is--medium\">Fixation murale :<\/span> Non<\/li>\n<li class=\"product-features__item-list__item\" role=\"listitem\"><span class=\"is--medium\">Hauteur d&rsquo;ouverture ajustable :<\/span> Non<\/li>\n<li class=\"product-features__item-list__item\" role=\"listitem\"><span class=\"is--medium\">Tendeurs int\u00e9gr\u00e9s :<\/span> Non<\/li>\n<\/ul>\n<\/li>\n<li class=\"product-features__item\" role=\"listitem\">\n<h3 class=\"product-features__label\">Ecran<\/h3>\n<ul role=\"list\">\n<li class=\"product-features__item-list__item\" role=\"listitem\"><span class=\"is--medium\">Type d&rsquo;\u00e9cran :<\/span> Ecran de projection<\/li>\n<li class=\"product-features__item-list__item\" role=\"listitem\"><span class=\"is--medium\">Format :<\/span> 4\/3, pour une utilisation bureau<\/li>\n<li class=\"product-features__item-list__item\" role=\"listitem\"><span class=\"is--medium\">Dimensions (hauteur x base) :<\/span> 128 x 171 cm<\/li>\n<li class=\"product-features__item-list__item\" role=\"listitem\"><span class=\"is--medium\">Diagonale de l&rsquo;image :<\/span> non communiqu\u00e9e<\/li>\n<li class=\"product-features__item-list__item\" role=\"listitem\"><span class=\"is--medium\">Extra drop :<\/span> Non<\/li>\n<li class=\"product-features__item-list__item\" role=\"listitem\"><span class=\"is--medium\">Cadrage noir :<\/span> non<\/li>\n<li class=\"product-features__item-list__item\" role=\"listitem\"><span class=\"is--medium\">Dos noir :<\/span> non communiqu\u00e9<\/li>\n<li class=\"product-features__item-list__item\" role=\"listitem\"><span class=\"is--medium\">Gain :<\/span> non communiqu\u00e9<\/li>\n<li class=\"product-features__item-list__item\" role=\"listitem\"><span class=\"is--medium\">Traitement sur l&rsquo;\u00e9cran :<\/span> non communiqu\u00e9<\/li>\n<li class=\"product-features__item-list__item\" role=\"listitem\"><span class=\"is--medium\">Ecran accoustique :<\/span> non<\/li>\n<li class=\"product-features__item-list__item\" role=\"listitem\"><span class=\"is--medium\">Coloris :<\/span> blanc mat<\/li>\n<\/ul>\n<\/li>\n<li class=\"product-features__item\" role=\"listitem\">\n<h3 class=\"product-features__label\">Informations compl\u00e9mentaires<\/h3>\n<ul role=\"list\">\n<li class=\"product-features__item-list__item\" role=\"listitem\"><span class=\"is--medium\">Fabriqu\u00e9 en :<\/span> Chine<\/li>\n<li class=\"product-features__item-list__item\" role=\"listitem\"><span class=\"is--medium\">Disponibilit\u00e9 des pi\u00e8ces d\u00e9tach\u00e9es (donn\u00e9es fournisseur) :<\/span> Non communiqu\u00e9e<\/li>\n<li class=\"product-features__item-list__item\" role=\"listitem\"><span class=\"is--medium\">R\u00e9f\u00e9rence constructeur :<\/span> Manuel Advanced Slowmotion 4:3 171&#215;128<\/li>\n<li class=\"product-features__item-list__item\" role=\"listitem\"><span class=\"is--medium\">Marque :<\/span> CELEXON<\/li>\n<\/ul>\n<\/li>\n<\/ul>\n<\/div>\n<div class=\"product__disclosure-content\">\n<div class=\"js-read-more product-description__content\" style=\"max-height: 500px;overflow: hidden\" data-read-more-name=\"description\">\n<p>\u00c9cran de projection manuel DELUXX Expert Slowmotion 4:3 Blanc Mat Polaro 171 x 128<\/p>\n<p>L&rsquo;\u00e9cran de projection manuel 171 x 128 cm DELUXX Advanced pr\u00e9sente un d\u00e9roulement et enroulement optimal gr\u00e2ce \u00e0 son m\u00e9chanisme brevet\u00e9 Slow-Return. Le syst\u00e8me Softmovement permet l&rsquo;enroulement discret de l&rsquo;\u00e9cran dans le carter. Le d\u00e9roulement est ainsi \u00e9galement facilit\u00e9 et permet d&rsquo;\u00e9viter toute mauvaise mainpulation ainsi qu&rsquo;un endommagement du syst\u00e8me.<\/p>\n<p>Le syt\u00e8me Softmovement de l&rsquo;\u00e9cran de projection manuel slowmotion DELUXX Advanced permet de r\u00e9gler l&rsquo;\u00e9cran \u00e0 souhait sans \u00e0-coups. Il suffit de tenir l&rsquo;\u00e9cran 3 secondes apr\u00e8s d\u00e9roulement pour une tenue parfaite de l&rsquo;\u00e9cran et de tirer doucement en fin d&rsquo;utilisation pour un enroulement automatique qui ne dure que 8 secondes. Cette fonction permet un montage dans des endroits difficilement accesibles et \u00e9vite que l&rsquo;\u00e9cran soit abim\u00e9 par le carter (et vice-versa), puisqu&rsquo;il n&rsquo;y a aucun retour pr\u00e9cipit\u00e9. M\u00eame si l&rsquo;\u00e9cran d\u00e9passe, la toile n&rsquo;est jamais tendue au repos, ce qui minimise la formation de vagues \u00e0 long terme.<\/p>\n<p>L&rsquo;\u00e9cran de projection manuel blanc mat Polaro 178 x 128 cm DELUXX Advanced est \u00e9quipp\u00e9 de 4 couches: une toile blanche matte, suivi de deux rev\u00eatements en PVC diffus qui contiennent en leur coeur une couche en fibre de verre. Ces couches veillent \u00e0 une parfaite r\u00e9partition de l&rsquo;image sur l&rsquo;ensemble de la surface utile. Les fibres de verre, elles, assurent un aspect homog\u00e8ne de la toile et emp\u00eachent toute distorsion de l&rsquo;\u00e9cran caus\u00e9e par quelconque perturbation externe.<\/p>\n<p>Le tissu de la toile est \u00e9galement rev\u00eatu d&rsquo;un traitement anti-moisissure r\u00e9sistant \u00e0 l&rsquo;eau, permettant ainsi une humidit\u00e9 pare-feu.<\/p>\n<p>&nbsp;<\/p>\n<ul>\n<li>Surface utile de 171 x 128 cm<\/li>\n<li>Toile au gain de 1,0 et d&rsquo;angle de visualisation \u00e0 160\u00b0 degr\u00e9s<\/li>\n<li>Cadre noir (p\u00e9riph\u00e9rique) de 4 cm \u00e0 contraste intensifiant<\/li>\n<li>Extra Drop noir de 8 cm<\/li>\n<li>Dimensions du carter : 186 x 8,4 x 7,3 cm (largeur x hauteur x profondeur)<\/li>\n<li>M\u00e9canisme Softmovement brevet\u00e9 : toile qui s&rsquo;enroule au ralenti<\/li>\n<li>\u00c9cran de projection manuel opaque avec au c\u0153ur une couche en fibre de verre, plac\u00e9e entre deux couches de PVC (dos noir)<\/li>\n<li>\u00c9l\u00e9gant carter en aluminium<\/li>\n<li>\u00c9cran r\u00e9glable \u00e0 souhait en hauteur, pour \u00e9pouser tous types de formats<\/li>\n<li>Barre de lestage offrant une parfaite r\u00e9partition de l&rsquo;image jusqu&rsquo;aux extr\u00e9mit\u00e9s<\/li>\n<li>Id\u00e9al pour les murs comme pour les plafonds gr\u00e2ce aux \u00e9querres ajustables incluses<\/li>\n<\/ul>\n<\/div>\n<\/div>","protected":false},"excerpt":{"rendered":"<div class=\"keypoints\">\n<h3 class=\"keypoints__title\">Les points cl\u00e9s<\/h3>\n<ul role=\"list\">\n<li class=\"keypoints__item\" role=\"listitem\">Utilisation \u00e9cran : fixe<\/li>\n<li class=\"keypoints__item\" role=\"listitem\">Format : 4\/3<\/li>\n<li class=\"keypoints__item\" role=\"listitem\">manuel &#8211; 128 x 171 cm<\/li>\n<\/ul>\n<\/div>","protected":false},"featured_media":90817,"template":"","meta":{"_glsr_average":0,"_glsr_ranking":0,"_glsr_reviews":0},"product_cat":[492],"product_tag":[493,451],"class_list":{"0":"post-90818","1":"product","2":"type-product","3":"status-publish","4":"has-post-thumbnail","6":"product_cat-ecran-de-projection","7":"product_tag-ecran-de-projection","8":"product_tag-tv-image-son","10":"first","11":"instock","12":"sale","13":"shipping-taxable","14":"purchasable","15":"product-type-simple"},"_links":{"self":[{"href":"https:\/\/electromenagerexpress.com\/en\/wp-json\/wp\/v2\/product\/90818","targetHints":{"allow":["GET"]}}],"collection":[{"href":"https:\/\/electromenagerexpress.com\/en\/wp-json\/wp\/v2\/product"}],"about":[{"href":"https:\/\/electromenagerexpress.com\/en\/wp-json\/wp\/v2\/types\/product"}],"wp:featuredmedia":[{"embeddable":true,"href":"https:\/\/electromenagerexpress.com\/en\/wp-json\/wp\/v2\/media\/90817"}],"wp:attachment":[{"href":"https:\/\/electromenagerexpress.com\/en\/wp-json\/wp\/v2\/media?parent=90818"}],"wp:term":[{"taxonomy":"product_cat","embeddable":true,"href":"https:\/\/electromenagerexpress.com\/en\/wp-json\/wp\/v2\/product_cat?post=90818"},{"taxonomy":"product_tag","embeddable":true,"href":"https:\/\/electromenagerexpress.com\/en\/wp-json\/wp\/v2\/product_tag?post=90818"}],"curies":[{"name":"wp","href":"https:\/\/api.w.org\/{rel}","templated":true}]}}