{"id":90770,"date":"2024-11-24T17:50:03","date_gmt":"2024-11-24T17:50:03","guid":{"rendered":"https:\/\/electromenagerexpress.com\/product\/ecran-de-projectioncelexontensionne-haut-contraste-cinema-203x114\/"},"modified":"2024-12-31T16:25:55","modified_gmt":"2024-12-31T16:25:55","slug":"ecran-de-projectioncelexontensionne-haut-contraste-cinema-203x114","status":"publish","type":"product","link":"https:\/\/electromenagerexpress.com\/en\/product\/ecran-de-projectioncelexontensionne-haut-contraste-cinema-203x114\/","title":{"rendered":"Ecran de projection CELEXON\ttensionn\u00e9 haut  contraste Cinema 203&#215;114"},"content":{"rendered":"<div class=\"product-features__content\">\n<ul role=\"list\">\n<li class=\"product-features__item\" role=\"listitem\">\n<h3 class=\"product-features__label\">Installation<\/h3>\n<ul role=\"list\">\n<li class=\"product-features__item-list__item\" role=\"listitem\"><span class=\"is--medium\">Utilisation :<\/span> fixe, id\u00e9al pour une installation avec un emplacement d\u00e9di\u00e9<\/li>\n<li class=\"product-features__item-list__item\" role=\"listitem\"><span class=\"is--medium\">Installation transportable :<\/span> non concern\u00e9<\/li>\n<li class=\"product-features__item-list__item\" role=\"listitem\"><span class=\"is--medium\">Installation fixe :<\/span> \u00e9cran manuel, se d\u00e9roule et se bloque \u00e0 la position d\u00e9sir\u00e9e<\/li>\n<li class=\"product-features__item-list__item\" role=\"listitem\"><span class=\"is--medium\">D\u00e9roulement :<\/span> motoris\u00e9<\/li>\n<li class=\"product-features__item-list__item\" role=\"listitem\"><span class=\"is--medium\">Installation au sol :<\/span> Non<\/li>\n<li class=\"product-features__item-list__item\" role=\"listitem\"><span class=\"is--medium\">Fixation au plafond :<\/span> Non<\/li>\n<li class=\"product-features__item-list__item\" role=\"listitem\"><span class=\"is--medium\">Fixation murale :<\/span> Non<\/li>\n<li class=\"product-features__item-list__item\" role=\"listitem\"><span class=\"is--medium\">Hauteur d&rsquo;ouverture ajustable :<\/span> Non<\/li>\n<li class=\"product-features__item-list__item\" role=\"listitem\"><span class=\"is--medium\">Tendeurs int\u00e9gr\u00e9s :<\/span> Non<\/li>\n<\/ul>\n<\/li>\n<li class=\"product-features__item\" role=\"listitem\">\n<h3 class=\"product-features__label\">Ecran<\/h3>\n<ul role=\"list\">\n<li class=\"product-features__item-list__item\" role=\"listitem\"><span class=\"is--medium\">Type d&rsquo;\u00e9cran :<\/span> Ecran de projection<\/li>\n<li class=\"product-features__item-list__item\" role=\"listitem\"><span class=\"is--medium\">Format :<\/span> 16\/09, id\u00e9al pour des images de films ou de t\u00e9l\u00e9vision<\/li>\n<li class=\"product-features__item-list__item\" role=\"listitem\"><span class=\"is--medium\">Dimensions (hauteur x base) :<\/span> 114 x 203 cm<\/li>\n<li class=\"product-features__item-list__item\" role=\"listitem\"><span class=\"is--medium\">Diagonale de l&rsquo;image :<\/span> non communiqu\u00e9e<\/li>\n<li class=\"product-features__item-list__item\" role=\"listitem\"><span class=\"is--medium\">Extra drop :<\/span> Non<\/li>\n<li class=\"product-features__item-list__item\" role=\"listitem\"><span class=\"is--medium\">Cadrage noir :<\/span> non<\/li>\n<li class=\"product-features__item-list__item\" role=\"listitem\"><span class=\"is--medium\">Dos noir :<\/span> non communiqu\u00e9<\/li>\n<li class=\"product-features__item-list__item\" role=\"listitem\"><span class=\"is--medium\">Gain :<\/span> non communiqu\u00e9<\/li>\n<li class=\"product-features__item-list__item\" role=\"listitem\"><span class=\"is--medium\">Traitement sur l&rsquo;\u00e9cran :<\/span> non communiqu\u00e9<\/li>\n<li class=\"product-features__item-list__item\" role=\"listitem\"><span class=\"is--medium\">Ecran accoustique :<\/span> non<\/li>\n<li class=\"product-features__item-list__item\" role=\"listitem\"><span class=\"is--medium\">Coloris :<\/span> blanc mat<\/li>\n<\/ul>\n<\/li>\n<li class=\"product-features__item\" role=\"listitem\">\n<h3 class=\"product-features__label\">Informations compl\u00e9mentaires<\/h3>\n<ul role=\"list\">\n<li class=\"product-features__item-list__item\" role=\"listitem\"><span class=\"is--medium\">Fabriqu\u00e9 en :<\/span> Chine<\/li>\n<li class=\"product-features__item-list__item\" role=\"listitem\"><span class=\"is--medium\">Disponibilit\u00e9 des pi\u00e8ces d\u00e9tach\u00e9es (donn\u00e9es fournisseur) :<\/span> Non communiqu\u00e9e<\/li>\n<li class=\"product-features__item-list__item\" role=\"listitem\"><span class=\"is--medium\">R\u00e9f\u00e9rence constructeur :<\/span> tensionn\u00e9 haut contraste Cinema 203&#215;114<\/li>\n<li class=\"product-features__item-list__item\" role=\"listitem\"><span class=\"is--medium\">Marque :<\/span> CELEXON<\/li>\n<\/ul>\n<\/li>\n<\/ul>\n<\/div>\n<div class=\"product__disclosure-content\">\n<div class=\"js-read-more product-description__content read-more read-more--truncated\" style=\"max-height: 500px;overflow: hidden\" data-read-more-name=\"description\">\n<p>L&rsquo;\u00e9cran de projection a presque autant d&rsquo;influence sur la qualit\u00e9 de l&rsquo;image dans les pi\u00e8ces lumineuses que le vid\u00e9oprojecteur lui-m\u00eame. La lumi\u00e8re diffus\u00e9e par les lampes ou les reflets de lumi\u00e8re des murs blancs peuvent perturber l&rsquo;exp\u00e9rience home cin\u00e9ma.<\/p>\n<p>La solution ? La toile Deluxx Haut Contraste Gain 0.8. La toile DARKVISION&rsquo; filtre la pollution lumineuse et recentre la lumi\u00e8re de projection sur le spectateur. Ainsi, l&rsquo;\u00e9cran motoris\u00e9 tensionn\u00e9 DELUXX Cinema &#8211; DARKVISION combine les propri\u00e9t\u00e9s optimales de la toile pour une image de r\u00e9f\u00e9rence dans le home cin\u00e9ma.<\/p>\n<p>L&rsquo;\u00e9cran Deluxx tensionn\u00e9 DARKVISION ALR est un \u00e9cran motoris\u00e9 haut de gamme dans un \u00e9l\u00e9gant carter blanc mat &#8211; discret pour pouvant facilement s&rsquo;int\u00e9grer dans votre salon ou votre salle d\u00e9di\u00e9e home cin\u00e9ma. La toile de projection a \u00e9t\u00e9 sp\u00e9cialement d\u00e9velopp\u00e9e pour maximiser la valeur du noir et le contraste. Vous pouvez d&rsquo;ores et d\u00e9j\u00e0 dire adieu aux &lsquo;effets d\u00e9lav\u00e9s&rsquo; ou \u00e0 la &lsquo;brume grise&rsquo; typiques dans une pi\u00e8ce l\u00e9g\u00e8rement assombrie. La toile de contraste Deluxx augmente la valeur du noir d&rsquo;un facteur jusqu&rsquo;\u00e0 8 : vous pouvez \u00e0 nouveau profiter de votre vid\u00e9oprojecteur : les films Full HD et HDR 4K comme au cin\u00e9ma sont d\u00e9sormais possibles.<\/p>\n<p>La toile de haut contraste Deluxx DARKVISION a \u00e9t\u00e9 d\u00e9velopp\u00e9e avec une structure extr\u00eamement fine, d\u00e9j\u00e0 adapt\u00e9e au 8K et 100% neutre en couleur. Les c\u00e2bles lat\u00e9raux de tension (Tension System) permettent une excellente plan\u00e9it\u00e9 et peuvent \u00eatre ajust\u00e9s \u00e0 tout moment de chaque c\u00f4t\u00e9 si n\u00e9cessaire. Cela permet de compenser efficacement les possibles ondulations des bords de la toile.<\/p>\n<p>L&rsquo;\u00e9cran motoris\u00e9 tensionn\u00e9 DELUXX Cinema &#8211; DARKVISION est livr\u00e9 avec une large gamme d&rsquo;accessoires et peut \u00eatre contr\u00f4l\u00e9 de plusieurs fa\u00e7ons : le syst\u00e8me radio-fr\u00e9quence sans fil et IR sont inclus, ou vous pouvez \u00e9galement le connecter sans fil \u00e0 votre t\u00e9l\u00e9commande Logitech (les codes sont indiqu\u00e9s par Logitech) sans aucun probl\u00e8me. De plus, vous trouverez sur le carter une entr\u00e9e trigger 5V-20V (l&rsquo;\u00e9cran descend et remonte automatiquement au d\u00e9marrage ainsi qu&rsquo;\u00e0 l&rsquo;arr\u00eat du vid\u00e9oprojecteur) ainsi qu&rsquo;une int\u00e9gration professionnelle via RS232\/RS485 dans des syst\u00e8mes tels que Crestron ou RTI, ou encore diff\u00e9rentes m\u00e9thodes de transmissions entre deux appareils telle que la domotisation. Vous avez le choix !<\/p>\n<p><strong>Toile :<\/strong><\/p>\n<ul>\n<li>Technologie DARKVISION &#8211; <strong>Gain de 0,8 <\/strong>pour une augmentation jusqu&rsquo;\u00e0 8 fois de la valeur des noirs<\/li>\n<li>Surface utile :\u00a0199,2 x 112 cm<\/li>\n<li>Contrastes des images nettement meilleur que les toiles de projection classiques<\/li>\n<li>Structure de toile extr\u00eamement fine : appropri\u00e9 au 8K<\/li>\n<li>Grand angle de vision de 150 degr\u00e9s<\/li>\n<li>Bords noirs<\/li>\n<li>Drop noir adapt\u00e9 de 52 cm<\/li>\n<li>Arbre enrouleur de toile de grand diam\u00e8tre, stable et rigide pour une plan\u00e9it\u00e9 optimale et une toile sans plis<\/li>\n<\/ul>\n<p><strong>Montage et Design :<\/strong><\/p>\n<ul>\n<li>Carter en t\u00f4le d&rsquo;aluminium blanc mat au design discret<\/li>\n<li>Dimensions du carter :\u00a0248,2 x 10,8 x 10,3 cm, Poids : 14,6 kg<\/li>\n<li>Kit de montage intelligent, discret et flexible pour montage mural ou au plafond, mat\u00e9riel de per\u00e7age inclus<\/li>\n<li>Niveau \u00e0 bulle int\u00e9gr\u00e9, la toile peut \u00eatre ajust\u00e9e avec pr\u00e9cision apr\u00e8s l&rsquo;installation<\/li>\n<li>Installation simple et connexion plug&amp;play ( pr\u00eat \u00e0 l&rsquo;utilisation )<\/li>\n<li>Syst\u00e8me de tension lat\u00e9ral sp\u00e9cial contre l&rsquo;incurvation de la toile<\/li>\n<li>Moteur tubulaire de qualit\u00e9 Deluxx tr\u00e8s silencieux : longue dur\u00e9e de vie, fonctionnement silencieux et rapide<\/li>\n<\/ul>\n<p><strong>Certifications :<\/strong><\/p>\n<p>ROHS, REACH, CE &#8211; 2014\/53\/EU<\/p>\n<p><strong>Contr\u00f4le de l&rsquo;\u00e9cran :<\/strong><\/p>\n<ul>\n<li>R\u00e9cepteur radio fr\u00e9quence int\u00e9gr\u00e9 + r\u00e9cepteur infrarouge s\u00e9par\u00e9 avec t\u00e9l\u00e9commande correspondante<\/li>\n<li>Boutons lat\u00e9raux sur le carter avec 3 fonctions : Mont\u00e9e, arr\u00eat et descente<\/li>\n<li>Trigger : 5V-20V (AC\/DC)<\/li>\n<li>RJ12 (protocole RS232\/RS485) Connexion pour RTI, Crestron, Control4 etc.<\/li>\n<li>M\u00e9thode de transmission via RJ12 possible ( domotique &#8211; smart home )<\/li>\n<\/ul>\n<p><strong>Contenu de la livraison :<\/strong><\/p>\n<ul>\n<li>\u00c9cran de projection motoris\u00e9 tensionn\u00e9 DELUXX avec toile DARKVISION ALR<\/li>\n<li>C\u00e2ble d&rsquo;alimentation blanc<\/li>\n<li>T\u00e9l\u00e9commande RF<\/li>\n<li>T\u00e9l\u00e9commande IR<\/li>\n<li>Piles: 3x CR2032<\/li>\n<li>C\u00e2ble trigger de 5m<\/li>\n<li>R\u00e9cepteur IR<\/li>\n<li>Support de montage mural\/plafond<\/li>\n<li>Mat\u00e9riel de per\u00e7age et niveau \u00e0 bulle pour une installation parfaite<\/li>\n<li>Manuel d&rsquo;utilisation &amp; conseil d&rsquo;utilisation de l&rsquo;\u00e9cran<\/li>\n<\/ul>\n<\/div>\n<p>Voir plus<\/p>\n<\/div>","protected":false},"excerpt":{"rendered":"<div class=\"keypoints\">\n<h3 class=\"keypoints__title\">Les points cl\u00e9s<\/h3>\n<ul role=\"list\">\n<li class=\"keypoints__item\" role=\"listitem\">Utilisation \u00e9cran : fixe<\/li>\n<li class=\"keypoints__item\" role=\"listitem\">Format : 16\/9<\/li>\n<li class=\"keypoints__item\" role=\"listitem\">motoris\u00e9 &#8211; 114 x 203 cm<\/li>\n<\/ul>\n<\/div>","protected":false},"featured_media":90769,"template":"","meta":{"_glsr_average":0,"_glsr_ranking":0,"_glsr_reviews":0},"product_cat":[492],"product_tag":[493,451],"class_list":{"0":"post-90770","1":"product","2":"type-product","3":"status-publish","4":"has-post-thumbnail","6":"product_cat-ecran-de-projection","7":"product_tag-ecran-de-projection","8":"product_tag-tv-image-son","10":"first","11":"instock","12":"sale","13":"shipping-taxable","14":"purchasable","15":"product-type-simple"},"_links":{"self":[{"href":"https:\/\/electromenagerexpress.com\/en\/wp-json\/wp\/v2\/product\/90770","targetHints":{"allow":["GET"]}}],"collection":[{"href":"https:\/\/electromenagerexpress.com\/en\/wp-json\/wp\/v2\/product"}],"about":[{"href":"https:\/\/electromenagerexpress.com\/en\/wp-json\/wp\/v2\/types\/product"}],"wp:featuredmedia":[{"embeddable":true,"href":"https:\/\/electromenagerexpress.com\/en\/wp-json\/wp\/v2\/media\/90769"}],"wp:attachment":[{"href":"https:\/\/electromenagerexpress.com\/en\/wp-json\/wp\/v2\/media?parent=90770"}],"wp:term":[{"taxonomy":"product_cat","embeddable":true,"href":"https:\/\/electromenagerexpress.com\/en\/wp-json\/wp\/v2\/product_cat?post=90770"},{"taxonomy":"product_tag","embeddable":true,"href":"https:\/\/electromenagerexpress.com\/en\/wp-json\/wp\/v2\/product_tag?post=90770"}],"curies":[{"name":"wp","href":"https:\/\/api.w.org\/{rel}","templated":true}]}}