{"id":90768,"date":"2024-11-24T17:50:01","date_gmt":"2024-11-24T17:50:01","guid":{"rendered":"https:\/\/electromenagerexpress.com\/product\/ecran-de-projectioncelexonexpert-motorise-300-x-225-cm\/"},"modified":"2024-12-31T16:27:23","modified_gmt":"2024-12-31T16:27:23","slug":"ecran-de-projectioncelexonexpert-motorise-300-x-225-cm","status":"publish","type":"product","link":"https:\/\/electromenagerexpress.com\/en\/product\/ecran-de-projectioncelexonexpert-motorise-300-x-225-cm\/","title":{"rendered":"Ecran de projection\t CELEXON Expert motoris\u00e9 300 x 225 cm"},"content":{"rendered":"<div class=\"product-features__content\">\n<ul role=\"list\">\n<li class=\"product-features__item\" role=\"listitem\">\n<h3 class=\"product-features__label\">Installation<\/h3>\n<ul role=\"list\">\n<li class=\"product-features__item-list__item\" role=\"listitem\"><span class=\"is--medium\">Utilisation :<\/span> fixe, id\u00e9al pour une installation avec un emplacement d\u00e9di\u00e9<\/li>\n<li class=\"product-features__item-list__item\" role=\"listitem\"><span class=\"is--medium\">Installation transportable :<\/span> non concern\u00e9<\/li>\n<li class=\"product-features__item-list__item\" role=\"listitem\"><span class=\"is--medium\">Installation fixe :<\/span> non concern\u00e9<\/li>\n<li class=\"product-features__item-list__item\" role=\"listitem\"><span class=\"is--medium\">D\u00e9roulement :<\/span> motoris\u00e9<\/li>\n<li class=\"product-features__item-list__item\" role=\"listitem\"><span class=\"is--medium\">Installation au sol :<\/span> Non<\/li>\n<li class=\"product-features__item-list__item\" role=\"listitem\"><span class=\"is--medium\">Fixation au plafond :<\/span> Non<\/li>\n<li class=\"product-features__item-list__item\" role=\"listitem\"><span class=\"is--medium\">Fixation murale :<\/span> Non<\/li>\n<li class=\"product-features__item-list__item\" role=\"listitem\"><span class=\"is--medium\">Hauteur d&rsquo;ouverture ajustable :<\/span> Non<\/li>\n<li class=\"product-features__item-list__item\" role=\"listitem\"><span class=\"is--medium\">Tendeurs int\u00e9gr\u00e9s :<\/span> Non<\/li>\n<\/ul>\n<\/li>\n<li class=\"product-features__item\" role=\"listitem\">\n<h3 class=\"product-features__label\">Ecran<\/h3>\n<ul role=\"list\">\n<li class=\"product-features__item-list__item\" role=\"listitem\"><span class=\"is--medium\">Type d&rsquo;\u00e9cran :<\/span> Ecran de projection<\/li>\n<li class=\"product-features__item-list__item\" role=\"listitem\"><span class=\"is--medium\">Format :<\/span> 4\/3, pour une utilisation bureau<\/li>\n<li class=\"product-features__item-list__item\" role=\"listitem\"><span class=\"is--medium\">Dimensions (hauteur x base) :<\/span> 225 x 300 cm<\/li>\n<li class=\"product-features__item-list__item\" role=\"listitem\"><span class=\"is--medium\">Diagonale de l&rsquo;image :<\/span> non communiqu\u00e9e<\/li>\n<li class=\"product-features__item-list__item\" role=\"listitem\"><span class=\"is--medium\">Extra drop :<\/span> Non<\/li>\n<li class=\"product-features__item-list__item\" role=\"listitem\"><span class=\"is--medium\">Cadrage noir :<\/span> non<\/li>\n<li class=\"product-features__item-list__item\" role=\"listitem\"><span class=\"is--medium\">Dos noir :<\/span> non communiqu\u00e9<\/li>\n<li class=\"product-features__item-list__item\" role=\"listitem\"><span class=\"is--medium\">Gain :<\/span> non communiqu\u00e9<\/li>\n<li class=\"product-features__item-list__item\" role=\"listitem\"><span class=\"is--medium\">Traitement sur l&rsquo;\u00e9cran :<\/span> non communiqu\u00e9<\/li>\n<li class=\"product-features__item-list__item\" role=\"listitem\"><span class=\"is--medium\">Ecran accoustique :<\/span> non<\/li>\n<li class=\"product-features__item-list__item\" role=\"listitem\"><span class=\"is--medium\">Coloris :<\/span> blanc mat<\/li>\n<\/ul>\n<\/li>\n<li class=\"product-features__item\" role=\"listitem\">\n<h3 class=\"product-features__label\">Dimensions<\/h3>\n<ul role=\"list\">\n<li class=\"product-features__item-list__item\" role=\"listitem\"><span class=\"is--medium\">Dimensions l x h x p :<\/span> 300 x 225 x NC cm<\/li>\n<\/ul>\n<\/li>\n<li class=\"product-features__item\" role=\"listitem\">\n<h3 class=\"product-features__label\">Informations compl\u00e9mentaires<\/h3>\n<ul role=\"list\">\n<li class=\"product-features__item-list__item\" role=\"listitem\"><span class=\"is--medium\">Disponibilit\u00e9 des pi\u00e8ces d\u00e9tach\u00e9es (donn\u00e9es fournisseur) :<\/span> Non communiqu\u00e9e<\/li>\n<li class=\"product-features__item-list__item\" role=\"listitem\"><span class=\"is--medium\">R\u00e9f\u00e9rence constructeur :<\/span> Expert motoris\u00e9 300 x 225 cm<\/li>\n<li class=\"product-features__item-list__item\" role=\"listitem\"><span class=\"is--medium\">Marque :<\/span> CELEXON<\/li>\n<\/ul>\n<\/li>\n<\/ul>\n<\/div>\n<div class=\"product__disclosure-content\">\n<div class=\"js-read-more product-description__content read-more read-more--truncated\" style=\"max-height: 500px;overflow: hidden\" data-read-more-name=\"description\">\n<p>Ecran encastrable au plafond Celexon Expert motoris\u00e9 300 x 225 cm Dans la s\u00e9rie \u00ab\u00a0Expert\u00a0\u00bb de Celexon, il s&rsquo;agit d&rsquo;\u00e9crans destin\u00e9s \u00e0\u00a0 l&rsquo;int\u00e9gration au plafond pour une utilisation professionnelle comme dans les salles de conf\u00e9rence, s\u00e9minaire et \u00e9galement pour les utilisateurs Home Cinema ambitieux. Ces \u00e9crans se caract\u00e9risent par une fabrication et une finition particuli\u00e8re qualitative, utilisables avec tous types de projection. Caract\u00e9ristiques : &#8211; Surface exploitable 300 x 225 cm (correspond \u00e0\u00a0 une diagonale de 375 cm ou 147 pouces) &#8211; Format 4:3 &#8211; Bords noirs \u00e0\u00a0 gauche et \u00e0\u00a0 droite de 5 cm. &#8211; Barre de poids noire particuli\u00e8rement lourde (38mm). &#8211; Dimensions du carter (L x h x P ) : 319 x 11,2 x 9,4 cm. &#8211; Poids : 21 kg. &#8211; Dos noir opaque. &#8211; Excellent tendu de la toile de part son \u00e9paisseur et son poids. &#8211; Classement M1 7201-96 &#8211; Puissance : 40 Watts, Tension : 230 Volts, Fr\u00e9quence : 50 Hz. &#8211; Gain de 1.2 &#8211; id\u00e9al pour le Home Cin\u00e9ma, comme pour les pr\u00e9sentations &#8211; Bo\u00eetier mural de pilotage inclus dans la livraison. &#8211; Carter carr\u00e9 \u00e9l\u00e9gant blanc (RAL 9010). &#8211; Cadre de montage \u00e9l\u00e9gant blanc (RAL 9010). &#8211; Trappes d&rsquo;acc\u00e8s lat\u00e9rales. &#8211; Hauteur min. de montage 12.5 cm, max 110 cm. &#8211; Possibilit\u00e9 de fixation au mur ou au plafond (Equerres incluses). &#8211; T\u00e9l\u00e9commande disponible en option. &#8211; Kit Trigger 12V disponible en option. &#8211; Hauteur r\u00e9glable \u00e0\u00a0 souhait. Les \u00e9crans \u00ab\u00a0Expert \u00a0\u00bb s&rsquo;int\u00e8grent parfaitement dans les salles de s\u00e9minaire, de conf\u00e9rence, et \u00e9videmment dans les salons Home Cinema. Une excellente fabrication et finition, une toile de qualit\u00e9, ainsi qu&rsquo;un syst\u00e8me de montage \u00e0\u00a0 la fois simple et g\u00e9nial sont la garantie d&rsquo;une utilisation qui vous donnera totale satisfaction. Il est possible de piloter l&rsquo;\u00e9cran avec un bo\u00eetier mural de pilotage (inclus), ou avec une t\u00e9l\u00e9commande (en option), le tout, en silence, gr\u00e2ce \u00e0\u00a0 un moteur Gaposa. Cet \u00e9cran peut \u00e9galement \u00eatre fix\u00e9 \u00e0\u00a0 un mur ou au plafond (Gr\u00e2ce aux \u00e9querres incluses). Son Design simple et \u00e9pur\u00e9 sera du meilleur effet optique. Le montage est un jeu d&rsquo;enfant. Une fois l&rsquo;installation effectu\u00e9e, l&rsquo;acc\u00e8s \u00e0\u00a0 l&rsquo;\u00e9cran reste possible gr\u00e2ce aux trappes d&rsquo;acc\u00e8s lat\u00e9rales. L&rsquo;int\u00e9gration au plafond est flexible en profondeur (de 12.5 cm \u00e0\u00a0 110 cm). L&rsquo;int\u00e9gration du dispositif est telle, qu&rsquo;il se confond avec le plafond. La toile poss\u00e8de un bord noir afin de d\u00e9limiter la surface de projection et augmenter le contraste. Le dos noir opaque emp\u00eache les fuites de lumi\u00e8re. Ainsi, l&rsquo;\u00e9cran peut \u00eatre fix\u00e9 devant une fen\u00eatre. L&rsquo;\u00e9cran se pilote \u00e0\u00a0 l&rsquo;aide du bo\u00eetier de pilotage ou d&rsquo;une t\u00e9l\u00e9commande, se r\u00e8gle \u00e0\u00a0 volont\u00e9, et peut donc \u00e9pouser d&rsquo;autres formats en plus du 4:3, comme le 16:9 ou le 21:9. Inclus dans la livraison : L&rsquo;\u00e9cran de projection \u00e0\u00a0 proprement parl\u00e9 (y compris les c\u00e2bles vers le bo\u00eetier mural), le cadre d&rsquo;int\u00e9gration, un bo\u00eetier mural, ainsi que les instructions de montage et d&rsquo;utilisation. La t\u00e9l\u00e9commande UHF et le kit Trigger 12V sont disponibles en option.<\/p>\n<\/div>\n<p>&nbsp;<\/p>\n<\/div>","protected":false},"excerpt":{"rendered":"<div class=\"keypoints\">\n<h3 class=\"keypoints__title\">Les points cl\u00e9s<\/h3>\n<ul role=\"list\">\n<li class=\"keypoints__item\" role=\"listitem\">Utilisation \u00e9cran : fixe<\/li>\n<li class=\"keypoints__item\" role=\"listitem\">Format : 4\/3<\/li>\n<li class=\"keypoints__item\" role=\"listitem\">motoris\u00e9 &#8211; 225 x 300 cm<\/li>\n<\/ul>\n<\/div>","protected":false},"featured_media":90767,"template":"","meta":{"_glsr_average":0,"_glsr_ranking":0,"_glsr_reviews":0},"product_cat":[492],"product_tag":[493,451],"class_list":{"0":"post-90768","1":"product","2":"type-product","3":"status-publish","4":"has-post-thumbnail","6":"product_cat-ecran-de-projection","7":"product_tag-ecran-de-projection","8":"product_tag-tv-image-son","10":"first","11":"instock","12":"sale","13":"shipping-taxable","14":"purchasable","15":"product-type-simple"},"_links":{"self":[{"href":"https:\/\/electromenagerexpress.com\/en\/wp-json\/wp\/v2\/product\/90768","targetHints":{"allow":["GET"]}}],"collection":[{"href":"https:\/\/electromenagerexpress.com\/en\/wp-json\/wp\/v2\/product"}],"about":[{"href":"https:\/\/electromenagerexpress.com\/en\/wp-json\/wp\/v2\/types\/product"}],"wp:featuredmedia":[{"embeddable":true,"href":"https:\/\/electromenagerexpress.com\/en\/wp-json\/wp\/v2\/media\/90767"}],"wp:attachment":[{"href":"https:\/\/electromenagerexpress.com\/en\/wp-json\/wp\/v2\/media?parent=90768"}],"wp:term":[{"taxonomy":"product_cat","embeddable":true,"href":"https:\/\/electromenagerexpress.com\/en\/wp-json\/wp\/v2\/product_cat?post=90768"},{"taxonomy":"product_tag","embeddable":true,"href":"https:\/\/electromenagerexpress.com\/en\/wp-json\/wp\/v2\/product_tag?post=90768"}],"curies":[{"name":"wp","href":"https:\/\/api.w.org\/{rel}","templated":true}]}}