{"id":90752,"date":"2024-11-24T17:49:45","date_gmt":"2024-11-24T17:49:45","guid":{"rendered":"https:\/\/electromenagerexpress.com\/product\/ecran-de-projectioncelexonmotorise-expert-xl-350-x-350-cm\/"},"modified":"2025-01-02T08:55:55","modified_gmt":"2025-01-02T08:55:55","slug":"ecran-de-projectioncelexonmotorise-expert-xl-350-x-350-cm","status":"publish","type":"product","link":"https:\/\/electromenagerexpress.com\/en\/product\/ecran-de-projectioncelexonmotorise-expert-xl-350-x-350-cm\/","title":{"rendered":"Ecran de projection\t CELEXON Motoris\u00e9 Expert XL 350 x 350 cm"},"content":{"rendered":"<div class=\"product-features__content\">\n<ul role=\"list\">\n<li class=\"product-features__item\" role=\"listitem\">\n<h3 class=\"product-features__label\">Installation<\/h3>\n<ul role=\"list\">\n<li class=\"product-features__item-list__item\" role=\"listitem\"><span class=\"is--medium\">Utilisation :<\/span> fixe, id\u00e9al pour une installation avec un emplacement d\u00e9di\u00e9<\/li>\n<li class=\"product-features__item-list__item\" role=\"listitem\"><span class=\"is--medium\">Installation transportable :<\/span> non concern\u00e9<\/li>\n<li class=\"product-features__item-list__item\" role=\"listitem\"><span class=\"is--medium\">Installation fixe :<\/span> \u00e9cran motoris\u00e9, la toile descend et monte electriquement pour plus de confort<\/li>\n<li class=\"product-features__item-list__item\" role=\"listitem\"><span class=\"is--medium\">D\u00e9roulement :<\/span> motoris\u00e9<\/li>\n<li class=\"product-features__item-list__item\" role=\"listitem\"><span class=\"is--medium\">Installation au sol :<\/span> Non<\/li>\n<li class=\"product-features__item-list__item\" role=\"listitem\"><span class=\"is--medium\">Fixation au plafond :<\/span> Non<\/li>\n<li class=\"product-features__item-list__item\" role=\"listitem\"><span class=\"is--medium\">Fixation murale :<\/span> Non<\/li>\n<li class=\"product-features__item-list__item\" role=\"listitem\"><span class=\"is--medium\">Hauteur d&rsquo;ouverture ajustable :<\/span> Non<\/li>\n<li class=\"product-features__item-list__item\" role=\"listitem\"><span class=\"is--medium\">Tendeurs int\u00e9gr\u00e9s :<\/span> Non<\/li>\n<\/ul>\n<\/li>\n<li class=\"product-features__item\" role=\"listitem\">\n<h3 class=\"product-features__label\">Ecran<\/h3>\n<ul role=\"list\">\n<li class=\"product-features__item-list__item\" role=\"listitem\"><span class=\"is--medium\">Type d&rsquo;\u00e9cran :<\/span> Ecran de projection<\/li>\n<li class=\"product-features__item-list__item\" role=\"listitem\"><span class=\"is--medium\">Format :<\/span> 1\/1, permet de projeter diff\u00e9rent formats. Id\u00e9al pour les professionnels<\/li>\n<li class=\"product-features__item-list__item\" role=\"listitem\"><span class=\"is--medium\">Dimensions (hauteur x base) :<\/span> 350 x 350 cm<\/li>\n<li class=\"product-features__item-list__item\" role=\"listitem\"><span class=\"is--medium\">Diagonale de l&rsquo;image :<\/span> non communiqu\u00e9e<\/li>\n<li class=\"product-features__item-list__item\" role=\"listitem\"><span class=\"is--medium\">Extra drop :<\/span> Non<\/li>\n<li class=\"product-features__item-list__item\" role=\"listitem\"><span class=\"is--medium\">Cadrage noir :<\/span> non<\/li>\n<li class=\"product-features__item-list__item\" role=\"listitem\"><span class=\"is--medium\">Dos noir :<\/span> non communiqu\u00e9<\/li>\n<li class=\"product-features__item-list__item\" role=\"listitem\"><span class=\"is--medium\">Gain :<\/span> non communiqu\u00e9<\/li>\n<li class=\"product-features__item-list__item\" role=\"listitem\"><span class=\"is--medium\">Traitement sur l&rsquo;\u00e9cran :<\/span> non communiqu\u00e9<\/li>\n<li class=\"product-features__item-list__item\" role=\"listitem\"><span class=\"is--medium\">Ecran accoustique :<\/span> non<\/li>\n<li class=\"product-features__item-list__item\" role=\"listitem\"><span class=\"is--medium\">Coloris :<\/span> blanc mat<\/li>\n<\/ul>\n<\/li>\n<li class=\"product-features__item\" role=\"listitem\">\n<h3 class=\"product-features__label\">Dimensions<\/h3>\n<ul role=\"list\">\n<li class=\"product-features__item-list__item\" role=\"listitem\"><span class=\"is--medium\">Dimensions l x h x p :<\/span> 350 x 350 x NC cm<\/li>\n<\/ul>\n<\/li>\n<li class=\"product-features__item\" role=\"listitem\">\n<h3 class=\"product-features__label\">Informations compl\u00e9mentaires<\/h3>\n<ul role=\"list\">\n<li class=\"product-features__item-list__item\" role=\"listitem\"><span class=\"is--medium\">Disponibilit\u00e9 des pi\u00e8ces d\u00e9tach\u00e9es (donn\u00e9es fournisseur) :<\/span> Non communiqu\u00e9e<\/li>\n<li class=\"product-features__item-list__item\" role=\"listitem\"><span class=\"is--medium\">R\u00e9f\u00e9rence constructeur :<\/span> Motoris\u00e9 Expert XL 350 x 350 cm<\/li>\n<li class=\"product-features__item-list__item\" role=\"listitem\"><span class=\"is--medium\">Marque :<\/span> CELEXON<\/li>\n<\/ul>\n<\/li>\n<\/ul>\n<\/div>\n<div class=\"product__disclosure-content\">\n<div class=\"js-read-more product-description__content read-more read-more--truncated\" style=\"max-height: 500px;overflow: hidden\" data-read-more-name=\"description\">\n<p>Ecran de projection Celexon Motoris\u00e9 Expert XL 350 x 350 cm Les \u00e9crans de projection motoris\u00e9s de la s\u00e9rie \u00ab\u00a0Expert XL\u00a0\u00bb de Celexon, s&rsquo; adressent essentiellement \u00e0\u00a0 des applications professionnelles dans de grandes salles de s\u00e9minaire\/r\u00e9union mais \u00e9galement au monde du Cinema plus pouss\u00e9 chez soi. Des kits d&rsquo; encastrement au plafond sont disponibles Caract\u00e9ristiques : &#8211; 350 x 350 cm de surface utile (correspond \u00e0\u00a0 une diagonale de 494 cm ou 194 pouces) &#8211; Format 1:1 &#8211; 5 cm de bords noirs, \u00e0\u00a0 gauche comme \u00e0\u00a0 droite. &#8211; Barre de lestage noir, lourde (38mm) &#8211; Dimensions du carter en cm (Largeur x Hauteur x Profondeur) : 371 x 13,3 x 12,4 cm &#8211; Poids : 30 kg. &#8211; Dos noir &amp; opaque. &#8211; Tr\u00e8s bon tendu gr\u00e2ce \u00e0\u00a0 une toile \u00e9paisse et lourde. &#8211; Classement M1 7201-96 &#8211; Puissance 90 Watts, Tension : 230 Volts, Fr\u00e9quence : 50 Hz &#8211; Gain de 1.2 &#8211; id\u00e9al pour le Home Cin\u00e9ma, comme pour les pr\u00e9sentations &#8211; Sortie de c\u00e2ble \u00e0\u00a0 droite (vu de l&rsquo; avant) &#8211; Bo\u00eetier de pilotage mural inclus dans la livraison. &#8211; Carter carr\u00e9 blanc \u00e9l\u00e9gant (RAL 9010) en aluminium. (Equerres jointes \u00e0\u00a0 la livraison) &#8211; Adapt\u00e9 \u00e0\u00a0 une installation au mur et au plafond. &#8211; En option : Kit d&rsquo; installation pour assemblage au plafond. &#8211; En option : T\u00e9l\u00e9commande UHF &#8211; En option : Kit Trigger-Set 12V &#8211; Hauteur d&rsquo; arr\u00eat r\u00e9glable sans \u00e0\u00a0-coups pour d&rsquo; autres formats. L&rsquo; \u00e9cran de projection Celexon motoris\u00e9 Expert XL est LA solution pour vos grandes salles de r\u00e9union\/s\u00e9minaire, salles de pr\u00e9sentation ou salles de cours, et \u00e9videmment, pour le Home Cinema exigeant. Une finition et une qualit\u00e9 remarquable, une toile de qualit\u00e9 avec un excellent tendu, ainsi qu&rsquo; un kit d&rsquo; installation au plafond (en option) simple d&rsquo; utilisation, mais g\u00e9nial, tels sont les caract\u00e9ristiques de l&rsquo; \u00e9cran de projection Celexon. Cet \u00e9cran de projection peut \u00eatre op\u00e9r\u00e9 gr\u00e2ce \u00e0\u00a0 l&rsquo; interrupteur inclus dans la livraison. En option, vous pourrez \u00e9galement faire l&rsquo;acquisition d&rsquo;une t\u00e9l\u00e9commande UHF. Le motorisation, elle, s&rsquo;effectue gr\u00e2ce \u00e0\u00a0 un moteur Gaposa tr\u00e8s silencieux. Cet \u00e9cran de projection peut-\u00eatre fix\u00e9 au mur comme au plafond, gr\u00e2ce aux \u00e9querres de fixation incluses dans la livraison. Le Design a \u00e9galement \u00e9t\u00e9 particuli\u00e8rement soign\u00e9, gr\u00e2ce \u00e0\u00a0 son carter carr\u00e9 blanc en aluminium. Un kit d&rsquo;encastrement au plafond est \u00e9galement disponible pour la gamme Expert XL (en option), afin d&rsquo;obtenir une int\u00e9gration parfaite dans la pi\u00e8ce. L&rsquo;\u00e9cran de projection dispose d&rsquo;une bordure noire. Ceci permet une d\u00e9limitation optimale de l&rsquo;image, tout en donnant un meilleur contraste \u00e0\u00a0 vos projections. Le dos noir, quant \u00e0\u00a0 lui, emp\u00eachera la lumi\u00e8re de s&rsquo;\u00e9chapper. Ainsi, cet \u00e9cran peut \u00e9videmment \u00eatre utilis\u00e9 devant une fen\u00eatre. La hauteur de la toile sera facilement ajustable gr\u00e2ce \u00e0\u00a0 l&rsquo;interrupteur mural ou la t\u00e9l\u00e9commande, afin de permettre non seulement un format 1:1, mais \u00e9galement 4:3, 16:9 voire 21:9. La livraison comprend l&rsquo; \u00e9cran de projection (C\u00e2bles et Interrupteur inclus), un interrupteur mural, une notice de montage, un manuel d&rsquo; utilisation. En option, sont disponibles une t\u00e9l\u00e9commande UHF et un Kit Trigger 12V.<\/p>\n<\/div>\n<p>&nbsp;<\/p>\n<\/div>","protected":false},"excerpt":{"rendered":"<div class=\"keypoints\">\n<h3 class=\"keypoints__title\">Les points cl\u00e9s<\/h3>\n<ul role=\"list\">\n<li class=\"keypoints__item\" role=\"listitem\">Utilisation \u00e9cran : fixe<\/li>\n<li class=\"keypoints__item\" role=\"listitem\">Format : 1\/1<\/li>\n<li class=\"keypoints__item\" role=\"listitem\">motoris\u00e9 &#8211; 350 x 350 cm<\/li>\n<\/ul>\n<\/div>","protected":false},"featured_media":90751,"template":"","meta":{"_glsr_average":0,"_glsr_ranking":0,"_glsr_reviews":0},"product_cat":[492],"product_tag":[493,451],"class_list":{"0":"post-90752","1":"product","2":"type-product","3":"status-publish","4":"has-post-thumbnail","6":"product_cat-ecran-de-projection","7":"product_tag-ecran-de-projection","8":"product_tag-tv-image-son","10":"first","11":"instock","12":"sale","13":"shipping-taxable","14":"purchasable","15":"product-type-simple"},"_links":{"self":[{"href":"https:\/\/electromenagerexpress.com\/en\/wp-json\/wp\/v2\/product\/90752","targetHints":{"allow":["GET"]}}],"collection":[{"href":"https:\/\/electromenagerexpress.com\/en\/wp-json\/wp\/v2\/product"}],"about":[{"href":"https:\/\/electromenagerexpress.com\/en\/wp-json\/wp\/v2\/types\/product"}],"wp:featuredmedia":[{"embeddable":true,"href":"https:\/\/electromenagerexpress.com\/en\/wp-json\/wp\/v2\/media\/90751"}],"wp:attachment":[{"href":"https:\/\/electromenagerexpress.com\/en\/wp-json\/wp\/v2\/media?parent=90752"}],"wp:term":[{"taxonomy":"product_cat","embeddable":true,"href":"https:\/\/electromenagerexpress.com\/en\/wp-json\/wp\/v2\/product_cat?post=90752"},{"taxonomy":"product_tag","embeddable":true,"href":"https:\/\/electromenagerexpress.com\/en\/wp-json\/wp\/v2\/product_tag?post=90752"}],"curies":[{"name":"wp","href":"https:\/\/api.w.org\/{rel}","templated":true}]}}