{"id":90725,"date":"2024-11-24T17:49:15","date_gmt":"2024-11-24T17:49:15","guid":{"rendered":"https:\/\/electromenagerexpress.com\/product\/ecran-de-projectioncelexonmotorise-tensionne-basic-200x113\/"},"modified":"2025-01-02T09:22:17","modified_gmt":"2025-01-02T09:22:17","slug":"ecran-de-projectioncelexonmotorise-tensionne-basic-200x113","status":"publish","type":"product","link":"https:\/\/electromenagerexpress.com\/en\/product\/ecran-de-projectioncelexonmotorise-tensionne-basic-200x113\/","title":{"rendered":"Ecran de projection\tCELEXON\t motoris\u00e9 tensionn\u00e9 basic 200&#215;113"},"content":{"rendered":"<div class=\"product-features__content\">\n<ul role=\"list\">\n<li class=\"product-features__item\" role=\"listitem\">\n<h3 class=\"product-features__label\">Installation<\/h3>\n<ul role=\"list\">\n<li class=\"product-features__item-list__item\" role=\"listitem\"><span class=\"is--medium\">Utilisation :<\/span> fixe, id\u00e9al pour une installation avec un emplacement d\u00e9di\u00e9<\/li>\n<li class=\"product-features__item-list__item\" role=\"listitem\"><span class=\"is--medium\">Installation transportable :<\/span> non concern\u00e9<\/li>\n<li class=\"product-features__item-list__item\" role=\"listitem\"><span class=\"is--medium\">Installation fixe :<\/span> \u00e9cran motoris\u00e9, la toile descend et monte \u00e9lectriquement pour plus de confort<\/li>\n<li class=\"product-features__item-list__item\" role=\"listitem\"><span class=\"is--medium\">D\u00e9roulement :<\/span> motoris\u00e9<\/li>\n<li class=\"product-features__item-list__item\" role=\"listitem\"><span class=\"is--medium\">Installation au sol :<\/span> Non<\/li>\n<li class=\"product-features__item-list__item\" role=\"listitem\"><span class=\"is--medium\">Fixation au plafond :<\/span> Non<\/li>\n<li class=\"product-features__item-list__item\" role=\"listitem\"><span class=\"is--medium\">Fixation murale :<\/span> Non<\/li>\n<li class=\"product-features__item-list__item\" role=\"listitem\"><span class=\"is--medium\">Hauteur d&rsquo;ouverture ajustable :<\/span> Non<\/li>\n<li class=\"product-features__item-list__item\" role=\"listitem\"><span class=\"is--medium\">Tendeurs int\u00e9gr\u00e9s :<\/span> Non<\/li>\n<\/ul>\n<\/li>\n<li class=\"product-features__item\" role=\"listitem\">\n<h3 class=\"product-features__label\">Ecran<\/h3>\n<ul role=\"list\">\n<li class=\"product-features__item-list__item\" role=\"listitem\"><span class=\"is--medium\">Type d&rsquo;\u00e9cran :<\/span> Ecran de projection<\/li>\n<li class=\"product-features__item-list__item\" role=\"listitem\"><span class=\"is--medium\">Format :<\/span> 16\/09, id\u00e9al pour des images de films ou de t\u00e9l\u00e9vision<\/li>\n<li class=\"product-features__item-list__item\" role=\"listitem\"><span class=\"is--medium\">Dimensions (hauteur x base) :<\/span> 113 x 200 cm<\/li>\n<li class=\"product-features__item-list__item\" role=\"listitem\"><span class=\"is--medium\">Diagonale de l&rsquo;image :<\/span> non communiqu\u00e9e<\/li>\n<li class=\"product-features__item-list__item\" role=\"listitem\"><span class=\"is--medium\">Extra drop :<\/span> Non<\/li>\n<li class=\"product-features__item-list__item\" role=\"listitem\"><span class=\"is--medium\">Cadrage noir :<\/span> non<\/li>\n<li class=\"product-features__item-list__item\" role=\"listitem\"><span class=\"is--medium\">Dos noir :<\/span> non communiqu\u00e9<\/li>\n<li class=\"product-features__item-list__item\" role=\"listitem\"><span class=\"is--medium\">Gain :<\/span> non communiqu\u00e9<\/li>\n<li class=\"product-features__item-list__item\" role=\"listitem\"><span class=\"is--medium\">Traitement sur l&rsquo;\u00e9cran :<\/span> non communiqu\u00e9<\/li>\n<li class=\"product-features__item-list__item\" role=\"listitem\"><span class=\"is--medium\">Ecran accoustique :<\/span> non<\/li>\n<li class=\"product-features__item-list__item\" role=\"listitem\"><span class=\"is--medium\">Coloris :<\/span> blanc mat<\/li>\n<\/ul>\n<\/li>\n<li class=\"product-features__item\" role=\"listitem\">\n<h3 class=\"product-features__label\">Informations compl\u00e9mentaires<\/h3>\n<ul role=\"list\">\n<li class=\"product-features__item-list__item\" role=\"listitem\"><span class=\"is--medium\">Fabriqu\u00e9 en :<\/span> Chine<\/li>\n<li class=\"product-features__item-list__item\" role=\"listitem\"><span class=\"is--medium\">Disponibilit\u00e9 des pi\u00e8ces d\u00e9tach\u00e9es (donn\u00e9es fournisseur) :<\/span> Non communiqu\u00e9e<\/li>\n<li class=\"product-features__item-list__item\" role=\"listitem\"><span class=\"is--medium\">R\u00e9f\u00e9rence constructeur :<\/span> motoris\u00e9 tensionn\u00e9 basic 200&#215;113<\/li>\n<li class=\"product-features__item-list__item\" role=\"listitem\"><span class=\"is--medium\">Marque :<\/span> CELEXON<\/li>\n<\/ul>\n<\/li>\n<\/ul>\n<\/div>\n<div class=\"product__disclosure-content\">\n<div class=\"js-read-more product-description__content\" style=\"max-height: 500px;overflow: hidden\" data-read-more-name=\"description\">\n<p>Le tout nouvel \u00e9cran de projection motoris\u00e9 tensionn\u00e9 de la marque celexon Basic est l&rsquo;\u00e9cran avec un syst\u00e8me de tendu \u00e0 cordes qui propose le meilleur rapport qualit\u00e9-prix sur le march\u00e9.<\/p>\n<p>Le carter r\u00e9sistant en acier, le tissu en fibre de verre r\u00e9sistant aux temp\u00e9ratures extr\u00eames avec une surface fine pour les contenus haute-d\u00e9finition, le moteur silencieux et robuste ainsi que le syst\u00e8me de tendu font de cet \u00e9cran un produit de qualit\u00e9.<\/p>\n<p><strong>Caract\u00e9ristiques principales :<\/strong><\/p>\n<ul>\n<li>Surface visible de\u00a0200 x 113\u00a0cm<\/li>\n<li>Dimensions du carter :\u00a0239\u00a0x 8 x 11 cm\u00a0(L x H x P)<\/li>\n<li>Drop noir de 40 cm<\/li>\n<li>Bords noirs de 4 cm \u00e0 gauche, \u00e0 droite et en bas<\/li>\n<li>Toile en fibre de verre, Type D, blanche mate, gain de 1,0, angle de vision de 160\u00b0<\/li>\n<li>Dos noir opaque<\/li>\n<li>Structure fine pour contenus haute-d\u00e9finition au-dessus du 4K<\/li>\n<li>Plan\u00e9it\u00e9 durable gr\u00e2ce au syst\u00e8me de cordelettes lat\u00e9rales<\/li>\n<li>Carter en acier, laqu\u00e9 blanc<\/li>\n<li>Montage au mur et au plafond possibles<\/li>\n<li>Interrupteur mural et t\u00e9l\u00e9commande infrarouge inclus<\/li>\n<\/ul>\n<p>Vous trouverez inclus dans la livraison avec l&rsquo;\u00e9cran, une t\u00e9l\u00e9commande infrarouge, un interrupteur mural, une notice d&rsquo;utilisation ainsi que des accessoires de montage.<\/p>\n<\/div>\n<\/div>","protected":false},"excerpt":{"rendered":"<div class=\"keypoints\">\n<h3 class=\"keypoints__title\">Les points cl\u00e9s<\/h3>\n<ul role=\"list\">\n<li class=\"keypoints__item\" role=\"listitem\">Utilisation \u00e9cran : fixe<\/li>\n<li class=\"keypoints__item\" role=\"listitem\">Format : 16\/9<\/li>\n<li class=\"keypoints__item\" role=\"listitem\">motoris\u00e9 &#8211; 113 x 200 cm<\/li>\n<\/ul>\n<\/div>","protected":false},"featured_media":90724,"template":"","meta":{"_glsr_average":0,"_glsr_ranking":0,"_glsr_reviews":0},"product_cat":[492],"product_tag":[493,451],"class_list":{"0":"post-90725","1":"product","2":"type-product","3":"status-publish","4":"has-post-thumbnail","6":"product_cat-ecran-de-projection","7":"product_tag-ecran-de-projection","8":"product_tag-tv-image-son","10":"first","11":"instock","12":"sale","13":"shipping-taxable","14":"purchasable","15":"product-type-simple"},"_links":{"self":[{"href":"https:\/\/electromenagerexpress.com\/en\/wp-json\/wp\/v2\/product\/90725","targetHints":{"allow":["GET"]}}],"collection":[{"href":"https:\/\/electromenagerexpress.com\/en\/wp-json\/wp\/v2\/product"}],"about":[{"href":"https:\/\/electromenagerexpress.com\/en\/wp-json\/wp\/v2\/types\/product"}],"wp:featuredmedia":[{"embeddable":true,"href":"https:\/\/electromenagerexpress.com\/en\/wp-json\/wp\/v2\/media\/90724"}],"wp:attachment":[{"href":"https:\/\/electromenagerexpress.com\/en\/wp-json\/wp\/v2\/media?parent=90725"}],"wp:term":[{"taxonomy":"product_cat","embeddable":true,"href":"https:\/\/electromenagerexpress.com\/en\/wp-json\/wp\/v2\/product_cat?post=90725"},{"taxonomy":"product_tag","embeddable":true,"href":"https:\/\/electromenagerexpress.com\/en\/wp-json\/wp\/v2\/product_tag?post=90725"}],"curies":[{"name":"wp","href":"https:\/\/api.w.org\/{rel}","templated":true}]}}