{"id":90715,"date":"2024-11-24T17:49:04","date_gmt":"2024-11-24T17:49:04","guid":{"rendered":"https:\/\/electromenagerexpress.com\/product\/ecran-de-projectioncelexonmotorise-home-cinema-160-x-160\/"},"modified":"2025-01-02T09:33:41","modified_gmt":"2025-01-02T09:33:41","slug":"ecran-de-projectioncelexonmotorise-home-cinema-160-x-160","status":"publish","type":"product","link":"https:\/\/electromenagerexpress.com\/en\/product\/ecran-de-projectioncelexonmotorise-home-cinema-160-x-160\/","title":{"rendered":"Ecran de projection\tCELEXON\t Motoris\u00e9 Home Cinema 160 x 160"},"content":{"rendered":"<div class=\"product-features__content\">\n<ul role=\"list\">\n<li class=\"product-features__item\" role=\"listitem\">\n<h3 class=\"product-features__label\">Installation<\/h3>\n<ul role=\"list\">\n<li class=\"product-features__item-list__item\" role=\"listitem\"><span class=\"is--medium\">Utilisation :<\/span> fixe, id\u00e9al pour une installation avec un emplacement d\u00e9di\u00e9<\/li>\n<li class=\"product-features__item-list__item\" role=\"listitem\"><span class=\"is--medium\">Installation transportable :<\/span> non concern\u00e9<\/li>\n<li class=\"product-features__item-list__item\" role=\"listitem\"><span class=\"is--medium\">Installation fixe :<\/span> \u00e9cran motoris\u00e9, la toile descend et monte electriquement pour plus de confort<\/li>\n<li class=\"product-features__item-list__item\" role=\"listitem\"><span class=\"is--medium\">D\u00e9roulement :<\/span> motoris\u00e9<\/li>\n<li class=\"product-features__item-list__item\" role=\"listitem\"><span class=\"is--medium\">Installation au sol :<\/span> Non<\/li>\n<li class=\"product-features__item-list__item\" role=\"listitem\"><span class=\"is--medium\">Fixation au plafond :<\/span> Non<\/li>\n<li class=\"product-features__item-list__item\" role=\"listitem\"><span class=\"is--medium\">Fixation murale :<\/span> Non<\/li>\n<li class=\"product-features__item-list__item\" role=\"listitem\"><span class=\"is--medium\">Hauteur d&rsquo;ouverture ajustable :<\/span> Non<\/li>\n<li class=\"product-features__item-list__item\" role=\"listitem\"><span class=\"is--medium\">Tendeurs int\u00e9gr\u00e9s :<\/span> Non<\/li>\n<\/ul>\n<\/li>\n<li class=\"product-features__item\" role=\"listitem\">\n<h3 class=\"product-features__label\">Ecran<\/h3>\n<ul role=\"list\">\n<li class=\"product-features__item-list__item\" role=\"listitem\"><span class=\"is--medium\">Type d&rsquo;\u00e9cran :<\/span> Ecran de projection<\/li>\n<li class=\"product-features__item-list__item\" role=\"listitem\"><span class=\"is--medium\">Format :<\/span> 1\/1, permet de projeter diff\u00e9rent formats. Id\u00e9al pour les professionnels<\/li>\n<li class=\"product-features__item-list__item\" role=\"listitem\"><span class=\"is--medium\">Dimensions (hauteur x base) :<\/span> 160 x 160 cm<\/li>\n<li class=\"product-features__item-list__item\" role=\"listitem\"><span class=\"is--medium\">Diagonale de l&rsquo;image :<\/span> non communiqu\u00e9e<\/li>\n<li class=\"product-features__item-list__item\" role=\"listitem\"><span class=\"is--medium\">Extra drop :<\/span> Non<\/li>\n<li class=\"product-features__item-list__item\" role=\"listitem\"><span class=\"is--medium\">Cadrage noir :<\/span> non<\/li>\n<li class=\"product-features__item-list__item\" role=\"listitem\"><span class=\"is--medium\">Dos noir :<\/span> non communiqu\u00e9<\/li>\n<li class=\"product-features__item-list__item\" role=\"listitem\"><span class=\"is--medium\">Gain :<\/span> non communiqu\u00e9<\/li>\n<li class=\"product-features__item-list__item\" role=\"listitem\"><span class=\"is--medium\">Traitement sur l&rsquo;\u00e9cran :<\/span> non communiqu\u00e9<\/li>\n<li class=\"product-features__item-list__item\" role=\"listitem\"><span class=\"is--medium\">Ecran accoustique :<\/span> non<\/li>\n<li class=\"product-features__item-list__item\" role=\"listitem\"><span class=\"is--medium\">Coloris :<\/span> blanc mat<\/li>\n<\/ul>\n<\/li>\n<li class=\"product-features__item\" role=\"listitem\">\n<h3 class=\"product-features__label\">Dimensions<\/h3>\n<ul role=\"list\">\n<li class=\"product-features__item-list__item\" role=\"listitem\"><span class=\"is--medium\">Dimensions l x h x p :<\/span> 160 x 160 x NC cm<\/li>\n<\/ul>\n<\/li>\n<li class=\"product-features__item\" role=\"listitem\">\n<h3 class=\"product-features__label\">Informations compl\u00e9mentaires<\/h3>\n<ul role=\"list\">\n<li class=\"product-features__item-list__item\" role=\"listitem\"><span class=\"is--medium\">Disponibilit\u00e9 des pi\u00e8ces d\u00e9tach\u00e9es (donn\u00e9es fournisseur) :<\/span> Non communiqu\u00e9e<\/li>\n<li class=\"product-features__item-list__item\" role=\"listitem\"><span class=\"is--medium\">R\u00e9f\u00e9rence constructeur :<\/span> Motoris\u00e9 Home Cinema 160 x 160<\/li>\n<li class=\"product-features__item-list__item\" role=\"listitem\"><span class=\"is--medium\">Marque :<\/span> CELEXON<\/li>\n<\/ul>\n<\/li>\n<\/ul>\n<\/div>\n<div class=\"product__disclosure-content\">\n<div class=\"js-read-more product-description__content read-more read-more--truncated\" style=\"max-height: 500px;overflow: hidden\" data-read-more-name=\"description\">\n<p>Ecran de projection Celexon Motoris\u00e9 Home Cinema 160 x 160 cm La s\u00e9rie \u00ab\u00a0Home Cinema\u00a0\u00bb de Celexon a \u00e9t\u00e9 sp\u00e9cialement con\u00e7ue pour le monde du Home Cin\u00e9ma. Le carter arrondi en aluminium donne une impression \u00e9l\u00e9gante et souligne la finition de grande qualit\u00e9. La toile lourde et blanc mat, conf\u00e8re un excellent tendu. Gr\u00e2ce \u00e0\u00a0 son dos noir, l&rsquo;\u00e9cran de projection est absolument opaque, ainsi, aucune lumi\u00e8re ne se perd. Caract\u00e9ristiques : &#8211; 154 x 154 cm (Largeur x Hauteur) de surface utile blanche (correspond \u00e0\u00a0 une diagonale de 84 pouces ou 214 cm) &#8211; 3cm de bords noirs, \u00e0\u00a0 gauche comme \u00e0\u00a0 droite. &#8211; Dimensions du carter en cm (Largeur x Diam\u00e8tre) : 182 x 8cm &#8211; Poids : 9 kg. &#8211; Bo\u00eetier de pilotage mural et t\u00e9l\u00e9commande IR inclus dans la livraison. &#8211; Puissance 40 Watts, Tension : 230 Volts, Fr\u00e9quence : 50 Hz &#8211; Sortie de c\u00e2ble \u00e0\u00a0 droite (vu de l&rsquo; avant) &#8211; Dos noir &amp; opaque. &#8211; Id\u00e9al pour le Home Cin\u00e9ma et les salles de s\u00e9minaires avec un facteur de gain de 1,2 &#8211; Hauteur d&rsquo; arr\u00eat r\u00e9glable sans \u00e0 -coups pour d&rsquo; autres formats. &#8211; Adapt\u00e9 \u00e0\u00a0 une installation au mur et au plafond gr\u00e2ce \u00e0\u00a0 sa monture inclinable. La s\u00e9rie motoris\u00e9e Home Cin\u00e9ma se pr\u00eate \u00e0\u00a0 merveille pour des environnement Home Cin\u00e9ma \u00e0\u00a0 \u00e9quipement de qualit\u00e9. Mais elle trouvera \u00e9galement sa place au sein des environnements professionnels tr\u00e8s orient\u00e9s vers le Design. Vous pouvez op\u00e9rer l&rsquo;\u00e9cran de projection soit par la t\u00e9l\u00e9commande, soit par le bo\u00eetier de pilotage mural. L&rsquo;\u00e9cran de projection poss\u00e8de un moteur silencieux. L&rsquo;\u00e9cran de projection, gr\u00e2ce \u00e0\u00a0 sa monture inclinable, se pr\u00eate autant \u00e0\u00a0 un montage au mur, qu&rsquo;\u00e0\u00a0 un montage au plafond. La sortie de c\u00e2ble se situe sur la droite, vu de devant. L&rsquo;\u00e9cran de projection \u00e0\u00a0 un bon tendu gr\u00e2ce \u00e0\u00a0 sa toile \u00e9paisse et lourde. La s\u00e9rie Home Cin\u00e9ma se laisse arr\u00eater sans \u00e0 -coups. Ainsi, en plus d&rsquo; un format 1:1, vous pouvez \u00e9galement b\u00e9n\u00e9ficier d&rsquo; un format 21:9 ou r\u00e9gler sur des formats plus petits. L&rsquo;\u00e9cran de projection poss\u00e8de un facteur gain de 1,2. Celui-ci est optimis\u00e9 pour les vid\u00e9oprojecteurs LCD comme les DLP et permet un angle de vision large. Un dos noir vous permet de n&rsquo; avoir aucune perte de lumi\u00e8re et une projection toujours claire. Ainsi, vous pouvez \u00e9galement installer votre \u00e9cran devant une fen\u00eatre. Les bords noirs et\/ou le drop noir vous permettront d&rsquo; obtenir un tr\u00e8s bon contraste, et une meilleure tenue de la toile. Fournis en standard, se trouvent un bo\u00eetier de pilotage mural, une t\u00e9l\u00e9commande infrarouge (Piles incluses), le mat\u00e9riel de montage au mur ainsi qu&rsquo;une notice. Ainsi, l&rsquo;\u00e9cran de projection est livr\u00e9 pr\u00eat \u00e0\u00a0 l&#8217;emploi.<\/p>\n<\/div>\n<p>&nbsp;<\/p>\n<\/div>","protected":false},"excerpt":{"rendered":"<div class=\"keypoints\">\n<h3 class=\"keypoints__title\">Les points cl\u00e9s<\/h3>\n<ul role=\"list\">\n<li class=\"keypoints__item\" role=\"listitem\">Utilisation \u00e9cran : fixe<\/li>\n<li class=\"keypoints__item\" role=\"listitem\">Format : 1\/1<\/li>\n<li class=\"keypoints__item\" role=\"listitem\">motoris\u00e9 &#8211; 160 x 160 cm<\/li>\n<\/ul>\n<\/div>","protected":false},"featured_media":90714,"template":"","meta":{"_glsr_average":0,"_glsr_ranking":0,"_glsr_reviews":0},"product_cat":[492],"product_tag":[493,451],"class_list":{"0":"post-90715","1":"product","2":"type-product","3":"status-publish","4":"has-post-thumbnail","6":"product_cat-ecran-de-projection","7":"product_tag-ecran-de-projection","8":"product_tag-tv-image-son","10":"first","11":"instock","12":"sale","13":"shipping-taxable","14":"purchasable","15":"product-type-simple"},"_links":{"self":[{"href":"https:\/\/electromenagerexpress.com\/en\/wp-json\/wp\/v2\/product\/90715","targetHints":{"allow":["GET"]}}],"collection":[{"href":"https:\/\/electromenagerexpress.com\/en\/wp-json\/wp\/v2\/product"}],"about":[{"href":"https:\/\/electromenagerexpress.com\/en\/wp-json\/wp\/v2\/types\/product"}],"wp:featuredmedia":[{"embeddable":true,"href":"https:\/\/electromenagerexpress.com\/en\/wp-json\/wp\/v2\/media\/90714"}],"wp:attachment":[{"href":"https:\/\/electromenagerexpress.com\/en\/wp-json\/wp\/v2\/media?parent=90715"}],"wp:term":[{"taxonomy":"product_cat","embeddable":true,"href":"https:\/\/electromenagerexpress.com\/en\/wp-json\/wp\/v2\/product_cat?post=90715"},{"taxonomy":"product_tag","embeddable":true,"href":"https:\/\/electromenagerexpress.com\/en\/wp-json\/wp\/v2\/product_tag?post=90715"}],"curies":[{"name":"wp","href":"https:\/\/api.w.org\/{rel}","templated":true}]}}