{"id":90635,"date":"2024-11-24T17:47:42","date_gmt":"2024-11-24T17:47:42","guid":{"rendered":"https:\/\/electromenagerexpress.com\/product\/ecran-de-projectioncelexoneconomy-motorise-220-x-220-cm\/"},"modified":"2025-01-02T11:04:07","modified_gmt":"2025-01-02T11:04:07","slug":"ecran-de-projectioncelexoneconomy-motorise-220-x-220-cm","status":"publish","type":"product","link":"https:\/\/electromenagerexpress.com\/en\/product\/ecran-de-projectioncelexoneconomy-motorise-220-x-220-cm\/","title":{"rendered":"Ecran de projection\tCELEXON Economy Motoris\u00e9 220 x 220 cm"},"content":{"rendered":"<div class=\"product-features__content\">\n<ul role=\"list\">\n<li class=\"product-features__item\" role=\"listitem\">\n<h3 class=\"product-features__label\">Installation<\/h3>\n<ul role=\"list\">\n<li class=\"product-features__item-list__item\" role=\"listitem\"><span class=\"is--medium\">Utilisation :<\/span> fixe, id\u00e9al pour une installation avec un emplacement d\u00e9di\u00e9<\/li>\n<li class=\"product-features__item-list__item\" role=\"listitem\"><span class=\"is--medium\">Installation transportable :<\/span> non concern\u00e9<\/li>\n<li class=\"product-features__item-list__item\" role=\"listitem\"><span class=\"is--medium\">Installation fixe :<\/span> \u00e9cran motoris\u00e9, la toile descend et monte \u00e9lectriquement pour plus de confort<\/li>\n<li class=\"product-features__item-list__item\" role=\"listitem\"><span class=\"is--medium\">D\u00e9roulement :<\/span> motoris\u00e9<\/li>\n<li class=\"product-features__item-list__item\" role=\"listitem\"><span class=\"is--medium\">Installation au sol :<\/span> Non<\/li>\n<li class=\"product-features__item-list__item\" role=\"listitem\"><span class=\"is--medium\">Fixation au plafond :<\/span> Non<\/li>\n<li class=\"product-features__item-list__item\" role=\"listitem\"><span class=\"is--medium\">Fixation murale :<\/span> Non<\/li>\n<li class=\"product-features__item-list__item\" role=\"listitem\"><span class=\"is--medium\">Hauteur d&rsquo;ouverture ajustable :<\/span> Non<\/li>\n<li class=\"product-features__item-list__item\" role=\"listitem\"><span class=\"is--medium\">Tendeurs int\u00e9gr\u00e9s :<\/span> Non<\/li>\n<\/ul>\n<\/li>\n<li class=\"product-features__item\" role=\"listitem\">\n<h3 class=\"product-features__label\">Ecran<\/h3>\n<ul role=\"list\">\n<li class=\"product-features__item-list__item\" role=\"listitem\"><span class=\"is--medium\">Type d&rsquo;\u00e9cran :<\/span> Ecran de projection<\/li>\n<li class=\"product-features__item-list__item\" role=\"listitem\"><span class=\"is--medium\">Format :<\/span> 1\/1, permet de projeter diff\u00e9rent formats. Id\u00e9al pour les professionnels<\/li>\n<li class=\"product-features__item-list__item\" role=\"listitem\"><span class=\"is--medium\">Dimensions (hauteur x base) :<\/span> 220 x 220 cm<\/li>\n<li class=\"product-features__item-list__item\" role=\"listitem\"><span class=\"is--medium\">Diagonale de l&rsquo;image :<\/span> non communiqu\u00e9e<\/li>\n<li class=\"product-features__item-list__item\" role=\"listitem\"><span class=\"is--medium\">Extra drop :<\/span> Non<\/li>\n<li class=\"product-features__item-list__item\" role=\"listitem\"><span class=\"is--medium\">Cadrage noir :<\/span> non<\/li>\n<li class=\"product-features__item-list__item\" role=\"listitem\"><span class=\"is--medium\">Dos noir :<\/span> non communiqu\u00e9<\/li>\n<li class=\"product-features__item-list__item\" role=\"listitem\"><span class=\"is--medium\">Gain :<\/span> non communiqu\u00e9<\/li>\n<li class=\"product-features__item-list__item\" role=\"listitem\"><span class=\"is--medium\">Traitement sur l&rsquo;\u00e9cran :<\/span> non communiqu\u00e9<\/li>\n<li class=\"product-features__item-list__item\" role=\"listitem\"><span class=\"is--medium\">Ecran acoustique :<\/span> non<\/li>\n<li class=\"product-features__item-list__item\" role=\"listitem\"><span class=\"is--medium\">Coloris :<\/span> blanc mat<\/li>\n<\/ul>\n<\/li>\n<li class=\"product-features__item\" role=\"listitem\">\n<h3 class=\"product-features__label\">Dimensions<\/h3>\n<ul role=\"list\">\n<li class=\"product-features__item-list__item\" role=\"listitem\"><span class=\"is--medium\">Dimensions l x h x p :<\/span> 220 x 220 x NC cm<\/li>\n<\/ul>\n<\/li>\n<li class=\"product-features__item\" role=\"listitem\">\n<h3 class=\"product-features__label\">Informations compl\u00e9mentaires<\/h3>\n<ul role=\"list\">\n<li class=\"product-features__item-list__item\" role=\"listitem\"><span class=\"is--medium\">Disponibilit\u00e9 des pi\u00e8ces d\u00e9tach\u00e9es (donn\u00e9es fournisseur) :<\/span> Non communiqu\u00e9e<\/li>\n<li class=\"product-features__item-list__item\" role=\"listitem\"><span class=\"is--medium\">R\u00e9f\u00e9rence constructeur :<\/span> Economy Motoris\u00e9 220 x 220 cm<\/li>\n<li class=\"product-features__item-list__item\" role=\"listitem\"><span class=\"is--medium\">Marque :<\/span> CELEXON<\/li>\n<\/ul>\n<\/li>\n<\/ul>\n<\/div>\n<div class=\"product__disclosure-content\">\n<div class=\"js-read-more product-description__content read-more read-more--truncated\" style=\"max-height: 500px;overflow: hidden\" data-read-more-name=\"description\">\n<p>Ecran de projection Celexon Economy Motoris\u00e9 220 x 220 cm La s\u00e9rie Economy est la solution \u00e9conomique pour un \u00e9cran de projection motoris\u00e9. Le rapport qualit\u00e9\/prix est imbattable. Caract\u00e9ristiques : &#8211; Surface utile: 216 x 216 cm (correspond \u00e0\u00a0 une diagonale de 120 pouces ou 305 cm) &#8211; Drop noir: 5 cm &#8211; Bordures noires: 3 x 3 x 3 cm (bas\/gauche\/droite) &#8211; Dimensions totales du carter : 244 x 10 x 8 cm (L x H x P) &#8211; Poids : 17 kg &#8211; Puissance 40 Watts \/ Tension : 230 Volts \/ Fr\u00e9quence : 50 Hz &#8211; Sortie de c\u00e2ble \u00e0\u00a0 gauche (vu de face) &#8211; Bo\u00eetier de pilotage mural et t\u00e9l\u00e9commande IR inclus dans la livraison &#8211; Adapt\u00e9 \u00e0\u00a0 une installation au mur (installation au plafond possible avec des crochets \u00e0\u00a0 vis non fournis) &#8211; Angle de vision large de 100\u00b0 &#8211; Dos noir opaque &#8211; Id\u00e9al pour le Home Cin\u00e9ma et les salles de s\u00e9minaire avec un facteur de gain de 1,2 &#8211; Hauteur d&rsquo; arr\u00eat r\u00e9glable sans \u00e0 -coups pour obtenir d&rsquo; autres formats &#8211; Carter blanc \u00e9l\u00e9gant &#8211; R\u00e9pond aux exigences de la norme DIN 4102-12 de r\u00e9sistance au feu &#8211; Moteur ultra silencieux avec courroie de stabilisation L&rsquo;\u00e9cran de projection motoris\u00e9 Economy est un \u00e9cran \u00e9lectrique tout \u00e9quip\u00e9, disponible \u00e0\u00a0 un prix tr\u00e8s attractif. Vous pouvez le piloter \u00e0\u00a0 votre convenance : soit avec la t\u00e9l\u00e9commande, soit avec le bo\u00eetier de commande mural. L&rsquo;\u00e9cran est muni d&rsquo;un moteur particuli\u00e8rement silencieux. Il est destin\u00e9 aussi bien \u00e0\u00a0 un montage au mur qu&rsquo;au plafond (crochets \u00e0\u00a0 vis non fournis pour le plafond). Vu de face, l&rsquo;\u00e9cran dispose d&rsquo;une sortie de c\u00e2ble \u00e0\u00a0 gauche. La s\u00e9rie Celexon Economy est munie d&rsquo;un moteur vous permettant de r\u00e9gler l&rsquo;\u00e9cran \u00e0\u00a0 la hauteur souhait\u00e9e, sans \u00e0 -coups. Ainsi, en plus d&rsquo; un format 1:1, vous pouvez obtenir un format 4:3, 16:9, voire 21:9. L&rsquo;\u00e9cran de projection refl\u00e8te votre image avec un facteur gain de 1,2. Celui-ci est optimis\u00e9 pour les vid\u00e9oprojecteurs LCD comme les DLP et permet un angle de vision large. Son dos noir opaque retient la lumi\u00e8re de votre projection pour que votre image soit des plus lumineuses possibles. De m\u00eame, ce dos noir vous permet de placer l&rsquo; \u00e9cran devant une fen\u00eatre sans aucun probl\u00e8me! Ses bords noirs, en s&rsquo;adaptant parfaitement au format de votre image, offrent un tr\u00e8s bon contraste pour un meilleur confort visuel pendant la projection. Le pack comprend: un bo\u00eetier de pilotage mural, une t\u00e9l\u00e9commande infrarouge (piles incluses), le mat\u00e9riel de montage pour un mur en b\u00e9ton ou en pierre, ainsi qu&rsquo;une notice d&rsquo; installation. L&rsquo;\u00e9cran de projection est livr\u00e9 pr\u00e9-c\u00e2bl\u00e9 et pr\u00eat \u00e0\u00a0 l&#8217;emploi. Conseil: pour une installation au plafond, procurez-vous simplement des crochets \u00e0\u00a0 vis. Remarque : Les valeurs indiqu\u00e9es sont des moyennes. De l\u00e9g\u00e8res diff\u00e9rences sont possibles, dues \u00e0\u00a0 la production en s\u00e9rie.<\/p>\n<\/div>\n<p>&nbsp;<\/p>\n<\/div>","protected":false},"excerpt":{"rendered":"<div class=\"keypoints\">\n<h3 class=\"keypoints__title\">Les points cl\u00e9s<\/h3>\n<ul role=\"list\">\n<li class=\"keypoints__item\" role=\"listitem\">Utilisation \u00e9cran : fixe<\/li>\n<li class=\"keypoints__item\" role=\"listitem\">Format : 1\/1<\/li>\n<li class=\"keypoints__item\" role=\"listitem\">motoris\u00e9 &#8211; 220 x 220 cm<\/li>\n<\/ul>\n<\/div>","protected":false},"featured_media":90634,"template":"","meta":{"_glsr_average":0,"_glsr_ranking":0,"_glsr_reviews":0},"product_cat":[492],"product_tag":[493,451],"class_list":{"0":"post-90635","1":"product","2":"type-product","3":"status-publish","4":"has-post-thumbnail","6":"product_cat-ecran-de-projection","7":"product_tag-ecran-de-projection","8":"product_tag-tv-image-son","10":"first","11":"instock","12":"sale","13":"shipping-taxable","14":"purchasable","15":"product-type-simple"},"_links":{"self":[{"href":"https:\/\/electromenagerexpress.com\/en\/wp-json\/wp\/v2\/product\/90635","targetHints":{"allow":["GET"]}}],"collection":[{"href":"https:\/\/electromenagerexpress.com\/en\/wp-json\/wp\/v2\/product"}],"about":[{"href":"https:\/\/electromenagerexpress.com\/en\/wp-json\/wp\/v2\/types\/product"}],"wp:featuredmedia":[{"embeddable":true,"href":"https:\/\/electromenagerexpress.com\/en\/wp-json\/wp\/v2\/media\/90634"}],"wp:attachment":[{"href":"https:\/\/electromenagerexpress.com\/en\/wp-json\/wp\/v2\/media?parent=90635"}],"wp:term":[{"taxonomy":"product_cat","embeddable":true,"href":"https:\/\/electromenagerexpress.com\/en\/wp-json\/wp\/v2\/product_cat?post=90635"},{"taxonomy":"product_tag","embeddable":true,"href":"https:\/\/electromenagerexpress.com\/en\/wp-json\/wp\/v2\/product_tag?post=90635"}],"curies":[{"name":"wp","href":"https:\/\/api.w.org\/{rel}","templated":true}]}}