{"id":90597,"date":"2024-11-24T17:47:04","date_gmt":"2024-11-24T17:47:04","guid":{"rendered":"https:\/\/electromenagerexpress.com\/product\/ecran-de-projectioncelexonmanuel-economy-300-x-225-cm\/"},"modified":"2025-01-13T18:54:44","modified_gmt":"2025-01-13T18:54:44","slug":"ecran-de-projectioncelexonmanuel-economy-300-x-225-cm","status":"publish","type":"product","link":"https:\/\/electromenagerexpress.com\/en\/product\/ecran-de-projectioncelexonmanuel-economy-300-x-225-cm\/","title":{"rendered":"Ecran de projection\tCELEXON\t Manuel Economy 300 x 225 cm"},"content":{"rendered":"<div class=\"product-features__content\">\n<ul role=\"list\">\n<li class=\"product-features__item\" role=\"listitem\">\n<h3 class=\"product-features__label\">Installation<\/h3>\n<ul role=\"list\">\n<li class=\"product-features__item-list__item\" role=\"listitem\"><span class=\"is--medium\">Utilisation :<\/span> fixe, id\u00e9al pour une installation avec un emplacement d\u00e9di\u00e9<\/li>\n<li class=\"product-features__item-list__item\" role=\"listitem\"><span class=\"is--medium\">Installation transportable :<\/span> non concern\u00e9<\/li>\n<li class=\"product-features__item-list__item\" role=\"listitem\"><span class=\"is--medium\">Installation fixe :<\/span> \u00e9cran manuel, se d\u00e9roule et se bloque \u00e0 la position d\u00e9sir\u00e9e<\/li>\n<li class=\"product-features__item-list__item\" role=\"listitem\"><span class=\"is--medium\">D\u00e9roulement :<\/span> manuel<\/li>\n<li class=\"product-features__item-list__item\" role=\"listitem\"><span class=\"is--medium\">Installation au sol :<\/span> Non<\/li>\n<li class=\"product-features__item-list__item\" role=\"listitem\"><span class=\"is--medium\">Fixation au plafond :<\/span> Non<\/li>\n<li class=\"product-features__item-list__item\" role=\"listitem\"><span class=\"is--medium\">Fixation murale :<\/span> Non<\/li>\n<li class=\"product-features__item-list__item\" role=\"listitem\"><span class=\"is--medium\">Hauteur d&rsquo;ouverture ajustable :<\/span> Non<\/li>\n<li class=\"product-features__item-list__item\" role=\"listitem\"><span class=\"is--medium\">Tendeurs int\u00e9gr\u00e9s :<\/span> Non<\/li>\n<\/ul>\n<\/li>\n<li class=\"product-features__item\" role=\"listitem\">\n<h3 class=\"product-features__label\">Ecran<\/h3>\n<ul role=\"list\">\n<li class=\"product-features__item-list__item\" role=\"listitem\"><span class=\"is--medium\">Type d&rsquo;\u00e9cran :<\/span> Ecran de projection<\/li>\n<li class=\"product-features__item-list__item\" role=\"listitem\"><span class=\"is--medium\">Format :<\/span> 4\/3, pour une utilisation bureau<\/li>\n<li class=\"product-features__item-list__item\" role=\"listitem\"><span class=\"is--medium\">Dimensions (hauteur x base) :<\/span> 225 x 300 cm<\/li>\n<li class=\"product-features__item-list__item\" role=\"listitem\"><span class=\"is--medium\">Diagonale de l&rsquo;image :<\/span> non communiqu\u00e9e<\/li>\n<li class=\"product-features__item-list__item\" role=\"listitem\"><span class=\"is--medium\">Extra drop :<\/span> Non<\/li>\n<li class=\"product-features__item-list__item\" role=\"listitem\"><span class=\"is--medium\">Cadrage noir :<\/span> non<\/li>\n<li class=\"product-features__item-list__item\" role=\"listitem\"><span class=\"is--medium\">Dos noir :<\/span> non communiqu\u00e9<\/li>\n<li class=\"product-features__item-list__item\" role=\"listitem\"><span class=\"is--medium\">Gain :<\/span> non communiqu\u00e9<\/li>\n<li class=\"product-features__item-list__item\" role=\"listitem\"><span class=\"is--medium\">Traitement sur l&rsquo;\u00e9cran :<\/span> non communiqu\u00e9<\/li>\n<li class=\"product-features__item-list__item\" role=\"listitem\"><span class=\"is--medium\">Ecran accoustique :<\/span> non<\/li>\n<li class=\"product-features__item-list__item\" role=\"listitem\"><span class=\"is--medium\">Coloris :<\/span> blanc mat<\/li>\n<\/ul>\n<\/li>\n<li class=\"product-features__item\" role=\"listitem\">\n<h3 class=\"product-features__label\">Dimensions<\/h3>\n<ul role=\"list\">\n<li class=\"product-features__item-list__item\" role=\"listitem\"><span class=\"is--medium\">Dimensions l x h x p :<\/span> 300 x 225 x NC cm<\/li>\n<\/ul>\n<\/li>\n<li class=\"product-features__item\" role=\"listitem\">\n<h3 class=\"product-features__label\">Informations compl\u00e9mentaires<\/h3>\n<ul role=\"list\">\n<li class=\"product-features__item-list__item\" role=\"listitem\"><span class=\"is--medium\">Disponibilit\u00e9 des pi\u00e8ces d\u00e9tach\u00e9es (donn\u00e9es fournisseur) :<\/span> Non communiqu\u00e9e<\/li>\n<li class=\"product-features__item-list__item\" role=\"listitem\"><span class=\"is--medium\">R\u00e9f\u00e9rence constructeur :<\/span> Manuel Economy 300 x 225 cm<\/li>\n<li class=\"product-features__item-list__item\" role=\"listitem\"><span class=\"is--medium\">Marque :<\/span> CELEXON<\/li>\n<\/ul>\n<\/li>\n<\/ul>\n<\/div>\n<div class=\"product__disclosure-content\">\n<div class=\"js-read-more product-description__content\" style=\"max-height: 500px;overflow: hidden\" data-read-more-name=\"description\">\n<p>Ecran de projection Celexon Manuel Economy 300 x 225 cm La s\u00e9rie Economy est la solution \u00e9conomique pour un \u00e9cran de projection manuel. Le rapport qualit\u00e9\/prix est imbattable. Caract\u00e9ristiques : &#8211; Surface utile: 300 x 225 cm (correspond \u00e0\u00a0 une diagonale de 147 pouces ou 375 cm) &#8211; Drop noir : 10 cm &#8211; Bords noirs : 6 x 6 x 6 cm (bas\/gauche\/droite) &#8211; Dimensions totales du carter: 321 x 11 x 9 cm (L x H x P) &#8211; Poids: 18 kg &#8211; Incroyable rapport qualit\u00e9\/prix &#8211; Fixation au mur ou plafond &#8211; Oeillets int\u00e9gr\u00e9s pour une accroche facile &#8211; Dos noir opaque &#8211; Id\u00e9al pour le Home Cinema et les salles de s\u00e9minaire avec un facteur de gain de 1,0 &#8211; Hauteur d&rsquo; arr\u00eat r\u00e9glable pour obtenir d&rsquo; autres formats &#8211; Carter blanc \u00e9l\u00e9gant En faisant l&rsquo;acquisition d&rsquo;un \u00e9cran de projection Celexon Manuel Economy, vous avez l&rsquo; assurance de b\u00e9n\u00e9ficier d&rsquo; un rapport qualit\u00e9\/prix imbattable. Pourquoi payer plus\u00a0\u00bb Les \u00e9crans de projection Celexon Manuel Economy sont r\u00e9glables en hauteur gr\u00e2ce \u00e0\u00a0 leur m\u00e9canique de pr\u00e9cision. Ainsi, en plus d&rsquo; un format 4:3, vous pouvez obtenir un format 16:9, voire 21:9. Tous les \u00e9crans de projection Celexon Manuel Economy refl\u00e8tent votre image avec un facteur gain de 1,0. Ils sont optimis\u00e9s pour les vid\u00e9oprojecteurs LCD comme les DLP. Ce qui les rend universels. Le dos noir opaque retient la lumi\u00e8re de votre projection pour que votre image soit des plus lumineuses possibles. De plus, vous pouvez placer l&rsquo; \u00e9cran devant une fen\u00eatre sans aucun souci. Les bords noirs, en s&rsquo;adaptant parfaitement au format de votre image, offrent un tr\u00e8s bon contraste pour un meilleur confort visuel pendant la projection. Le pack comprend: le mat\u00e9riel de montage, la notice d&rsquo; installation et un cordon. Remarque : Les valeurs indiqu\u00e9es sont des moyennes. De l\u00e9g\u00e8res diff\u00e9rences sont possibles, dues \u00e0\u00a0 la production en s\u00e9rie.<\/p>\n<\/div>\n<\/div>","protected":false},"excerpt":{"rendered":"<div class=\"keypoints\">\n<h3 class=\"keypoints__title\">Les points cl\u00e9s<\/h3>\n<ul role=\"list\">\n<li class=\"keypoints__item\" role=\"listitem\">Utilisation \u00e9cran : fixe<\/li>\n<li class=\"keypoints__item\" role=\"listitem\">Format : 4\/3<\/li>\n<li class=\"keypoints__item\" role=\"listitem\">manuel &#8211; 225 x 300 cm<\/li>\n<\/ul>\n<\/div>","protected":false},"featured_media":90596,"template":"","meta":{"_glsr_average":0,"_glsr_ranking":0,"_glsr_reviews":0},"product_cat":[492],"product_tag":[493,451],"class_list":{"0":"post-90597","1":"product","2":"type-product","3":"status-publish","4":"has-post-thumbnail","6":"product_cat-ecran-de-projection","7":"product_tag-ecran-de-projection","8":"product_tag-tv-image-son","10":"first","11":"instock","12":"sale","13":"shipping-taxable","14":"purchasable","15":"product-type-simple"},"_links":{"self":[{"href":"https:\/\/electromenagerexpress.com\/en\/wp-json\/wp\/v2\/product\/90597","targetHints":{"allow":["GET"]}}],"collection":[{"href":"https:\/\/electromenagerexpress.com\/en\/wp-json\/wp\/v2\/product"}],"about":[{"href":"https:\/\/electromenagerexpress.com\/en\/wp-json\/wp\/v2\/types\/product"}],"wp:featuredmedia":[{"embeddable":true,"href":"https:\/\/electromenagerexpress.com\/en\/wp-json\/wp\/v2\/media\/90596"}],"wp:attachment":[{"href":"https:\/\/electromenagerexpress.com\/en\/wp-json\/wp\/v2\/media?parent=90597"}],"wp:term":[{"taxonomy":"product_cat","embeddable":true,"href":"https:\/\/electromenagerexpress.com\/en\/wp-json\/wp\/v2\/product_cat?post=90597"},{"taxonomy":"product_tag","embeddable":true,"href":"https:\/\/electromenagerexpress.com\/en\/wp-json\/wp\/v2\/product_tag?post=90597"}],"curies":[{"name":"wp","href":"https:\/\/api.w.org\/{rel}","templated":true}]}}