{"id":90584,"date":"2024-11-24T17:46:51","date_gmt":"2024-11-24T17:46:51","guid":{"rendered":"https:\/\/electromenagerexpress.com\/product\/ecran-de-projectioncelexonmotorise-cinema-298x168-135\/"},"modified":"2025-01-13T17:26:56","modified_gmt":"2025-01-13T17:26:56","slug":"ecran-de-projectioncelexonmotorise-cinema-298x168-135","status":"publish","type":"product","link":"https:\/\/electromenagerexpress.com\/en\/product\/ecran-de-projectioncelexonmotorise-cinema-298x168-135\/","title":{"rendered":"Ecran de projection\tCELEXON\tmotoris\u00e9 Cin\u00e9ma 298&#215;168, 135&Prime;"},"content":{"rendered":"<div class=\"product-features__content\">\n<ul role=\"list\">\n<li class=\"product-features__item\" role=\"listitem\">\n<h3 class=\"product-features__label\">Installation<\/h3>\n<ul role=\"list\">\n<li class=\"product-features__item-list__item\" role=\"listitem\"><span class=\"is--medium\">Utilisation :<\/span> fixe, id\u00e9al pour une installation avec un emplacement d\u00e9di\u00e9<\/li>\n<li class=\"product-features__item-list__item\" role=\"listitem\"><span class=\"is--medium\">Installation transportable :<\/span> non concern\u00e9<\/li>\n<li class=\"product-features__item-list__item\" role=\"listitem\"><span class=\"is--medium\">Installation fixe :<\/span> non concern\u00e9<\/li>\n<li class=\"product-features__item-list__item\" role=\"listitem\"><span class=\"is--medium\">D\u00e9roulement :<\/span> motoris\u00e9<\/li>\n<li class=\"product-features__item-list__item\" role=\"listitem\"><span class=\"is--medium\">Installation au sol :<\/span> Non<\/li>\n<li class=\"product-features__item-list__item\" role=\"listitem\"><span class=\"is--medium\">Fixation au plafond :<\/span> Non<\/li>\n<li class=\"product-features__item-list__item\" role=\"listitem\"><span class=\"is--medium\">Fixation murale :<\/span> Non<\/li>\n<li class=\"product-features__item-list__item\" role=\"listitem\"><span class=\"is--medium\">Hauteur d&rsquo;ouverture ajustable :<\/span> Non<\/li>\n<li class=\"product-features__item-list__item\" role=\"listitem\"><span class=\"is--medium\">Tendeurs int\u00e9gr\u00e9s :<\/span> Non<\/li>\n<\/ul>\n<\/li>\n<li class=\"product-features__item\" role=\"listitem\">\n<h3 class=\"product-features__label\">Ecran<\/h3>\n<ul role=\"list\">\n<li class=\"product-features__item-list__item\" role=\"listitem\"><span class=\"is--medium\">Type d&rsquo;\u00e9cran :<\/span> Ecran de projection<\/li>\n<li class=\"product-features__item-list__item\" role=\"listitem\"><span class=\"is--medium\">Format :<\/span> 16\/09, id\u00e9al pour des images de films ou de t\u00e9l\u00e9vision<\/li>\n<li class=\"product-features__item-list__item\" role=\"listitem\"><span class=\"is--medium\">Dimensions (hauteur x base) :<\/span> 168 x 298 cm<\/li>\n<li class=\"product-features__item-list__item\" role=\"listitem\"><span class=\"is--medium\">Diagonale de l&rsquo;image :<\/span> non communiqu\u00e9e<\/li>\n<li class=\"product-features__item-list__item\" role=\"listitem\"><span class=\"is--medium\">Extra drop :<\/span> Non<\/li>\n<li class=\"product-features__item-list__item\" role=\"listitem\"><span class=\"is--medium\">Cadrage noir :<\/span> non<\/li>\n<li class=\"product-features__item-list__item\" role=\"listitem\"><span class=\"is--medium\">Dos noir :<\/span> non communiqu\u00e9<\/li>\n<li class=\"product-features__item-list__item\" role=\"listitem\"><span class=\"is--medium\">Gain :<\/span> non communiqu\u00e9<\/li>\n<li class=\"product-features__item-list__item\" role=\"listitem\"><span class=\"is--medium\">Traitement sur l&rsquo;\u00e9cran :<\/span> non communiqu\u00e9<\/li>\n<li class=\"product-features__item-list__item\" role=\"listitem\"><span class=\"is--medium\">Ecran accoustique :<\/span> non<\/li>\n<li class=\"product-features__item-list__item\" role=\"listitem\"><span class=\"is--medium\">Coloris :<\/span> blanc mat<\/li>\n<\/ul>\n<\/li>\n<li class=\"product-features__item\" role=\"listitem\">\n<h3 class=\"product-features__label\">Informations compl\u00e9mentaires<\/h3>\n<ul role=\"list\">\n<li class=\"product-features__item-list__item\" role=\"listitem\"><span class=\"is--medium\">Fabriqu\u00e9 en :<\/span> Chine<\/li>\n<li class=\"product-features__item-list__item\" role=\"listitem\"><span class=\"is--medium\">Disponibilit\u00e9 des pi\u00e8ces d\u00e9tach\u00e9es (donn\u00e9es fournisseur) :<\/span> Non communiqu\u00e9e<\/li>\n<li class=\"product-features__item-list__item\" role=\"listitem\"><span class=\"is--medium\">R\u00e9f\u00e9rence constructeur :<\/span> motoris\u00e9 Cin\u00e9ma 298&#215;168, 135&Prime;<\/li>\n<li class=\"product-features__item-list__item\" role=\"listitem\"><span class=\"is--medium\">Marque :<\/span> CELEXON<\/li>\n<\/ul>\n<\/li>\n<\/ul>\n<\/div>\n<div class=\"product__disclosure-content\">\n<div class=\"js-read-more product-description__content\" style=\"max-height: 500px;overflow: hidden\" data-read-more-name=\"description\">\n<p>Avec l&rsquo;\u00e9cran motoris\u00e9 DELUXX Fibre 4K MWHT, vous choisissez un \u00e9cran motoris\u00e9 de haute qualit\u00e9, \u00e9quip\u00e9 d&rsquo;un haut niveau de connexion et d&rsquo;une grande polyvalence d&rsquo;utilisation avec un carter blanc mat \u00e9l\u00e9gant. Cet \u00e9cran motoris\u00e9 s&rsquo;int\u00e8gre discr\u00e8tement dans le salon et\/ou le home cin\u00e9ma. La toile de projection DELUXX Fibre 4K <strong>en fibre de verre<\/strong> est plus stable en temp\u00e9rature que le PVC pur ou une toile en vinyle et peut donc \u00e9galement \u00eatre utilis\u00e9e dans des zones plus sensibles \u00e0 la temp\u00e9rature (veuillez respecter les instructions fournies).<\/p>\n<p>Une r\u00e9flexion d&rsquo;image tr\u00e8s homog\u00e8ne avec un grand angle de vision fait de cet \u00e9cran &lsquo;TYPE D&rsquo; (r\u00e9flexion diffuse) le choix ultime pour tous les syst\u00e8mes de projection.<\/p>\n<p>Le gain de 1.0 est maintenu extra neutre sans falsifier les valeurs de couleur. Un grand angle de vision de 160\u00b0, une r\u00e9flexion homog\u00e8ne et une haute fid\u00e9lit\u00e9 des couleurs soulignent la performance.<\/p>\n<p>Le rev\u00eatement de fond noir bloque presque 100% de la lumi\u00e8re entrant par l&rsquo;arri\u00e8re et renforce ainsi la plage de contraste de la projection.<\/p>\n<p>La toile Fibre 4K se caract\u00e9rise par une bonne plan\u00e9it\u00e9. La plan\u00e9it\u00e9 est excellente pour un \u00e9cran non tensionn\u00e9 et permet une projection en ligne droite avec des vid\u00e9oprojecteurs classiques (Long-Throw). La toile en fibre de verre solide et stabilisant assure une dur\u00e9e de vie extr\u00eamement longue, sans les effets de d\u00e9formation ou d&rsquo;\u00e9tirement qui peuvent se produire avec les \u00e9crans en PVC pur.<\/p>\n<p>L&rsquo;\u00e9cran motoris\u00e9 DELUXX Cin\u00e9ma &#8211; Fibre 4K MWHT est fourni avec une large gamme d&rsquo;accessoires et peut \u00eatre contr\u00f4l\u00e9 de diff\u00e9rentes mani\u00e8res : t\u00e9l\u00e9commande radio-fr\u00e9quence sans fil et IR sont incluses, mais il est aussi possible d&rsquo;utiliser votre t\u00e9l\u00e9commande Logitech (les codes sont stock\u00e9s avec Logitech) sans probl\u00e8me. De plus, il y a une entr\u00e9e Trigger 5V-20V (ce qui permet \u00e0 l&rsquo;\u00e9cran se mettre automatiquement en marche\/arr\u00eat lorsque le vid\u00e9oprojecteur est en marche) et une int\u00e9gration professionnelle via RS232\/RS485 dans des syst\u00e8mes tels que Crestron ou RTI, ainsi que des contacts sans potentiel disponibles. Vous avez le choix !<\/p>\n<p>Le carter en aluminium extrud\u00e9 laqu\u00e9 blanc mat emp\u00eache les reflets et minimise ainsi la lumi\u00e8re parasite g\u00eanante. Le carter \u00e9l\u00e9gant est livr\u00e9 avec des caches lat\u00e9raux blancs mats et des caches pour toutes les vis apparentes. Ainsi, l&rsquo;\u00e9cran motoris\u00e9 DELUXX Cin\u00e9ma s&rsquo;int\u00e8gre de mani\u00e8re optimale et discr\u00e8te dans votre pi\u00e8ce lorsqu&rsquo;il n&rsquo;est pas utilis\u00e9.<\/p>\n<p><strong>Toile de projection :<\/strong><\/p>\n<ul>\n<li>Surface de projection : 298 x 168 cm, (135&prime;)<\/li>\n<li>1,0 Gain 4K Toile en fibre de verre \u00e9galement adapt\u00e9 \u00e0 la projection 4K<\/li>\n<li>Grand angle de vision de plus de 150\u00b0 et convient \u00e0 tous les syst\u00e8mes de projection (DLP, LCD, LCOS, etc. en longue port\u00e9e)<\/li>\n<li>Bords noirs de 5cm \u00e0 gauche, \u00e0 droite et en bas,<\/li>\n<li>Drop noir de 13cm au dessus<\/li>\n<\/ul>\n<p><strong>Montage et conception :<\/strong><\/p>\n<ul>\n<li>Carter en aluminium blanc mat au design discret<\/li>\n<li>Syst\u00e8me de montage intelligent, discret et flexible pour montage mural ou au plafond, gabarit de per\u00e7age inclus<\/li>\n<li>Installation simple et connexion plug &amp; play<\/li>\n<li>C\u00e2ble d&rsquo;alimentation via connecteur IEC<\/li>\n<li>Blocage de presque 100% de la lumi\u00e8re gr\u00e2ce au rev\u00eatement noir du dos<\/li>\n<li>Moteur tubulaire de qualit\u00e9 DELUXX tr\u00e8s silencieux : durable et silencieux<\/li>\n<li>Dimensions du carter : 328 x 10,3 x 9,5 cm ((LxHxP), 19 kg<\/li>\n<\/ul>\n<p><strong>Certifications :<\/strong><\/p>\n<p>ROHS, REACH, CE &#8211; 2014\/53\/EU<\/p>\n<p><strong>Contr\u00f4le de l&rsquo;\u00e9cran inclus :<\/strong><\/p>\n<ul>\n<li>R\u00e9cepteur radio int\u00e9gr\u00e9 + r\u00e9cepteur infrarouge s\u00e9par\u00e9 avec t\u00e9l\u00e9commande correspondante<\/li>\n<li>Boutons lat\u00e9raux sur le bo\u00eetier avec 3 fonctions : Monter, s&rsquo;arr\u00eater et descendre<\/li>\n<li>D\u00e9clencheur Trigger : 5V-20V (AC\/DC)<\/li>\n<li>RJ12 (protocole RS232\/RS485) Connexion pour RTI, Crestron, Control4 etc.<\/li>\n<li>Contacts libres de potentiel via RJ12, contr\u00f4lables par relais<\/li>\n<\/ul>\n<p><strong>Contenu de la livraison :<\/strong><\/p>\n<ul>\n<li>\u00c9cran de projection motoris\u00e9 DELUXX Cin\u00e9ma &#8211; Fibre 4K MWHT<\/li>\n<li>Toile : Type D, blanc mat, facteur de densit\u00e9 lumineuse selon DIN19045 env. 1,0<\/li>\n<li>C\u00e2ble d&rsquo;alimentation blanc<\/li>\n<li>T\u00e9l\u00e9commande RF<\/li>\n<li>T\u00e9l\u00e9commande IR<\/li>\n<li>C\u00e2ble Trigger de 5m<\/li>\n<li>R\u00e9cepteur IR<\/li>\n<li>Support de montage mural\/plafond<\/li>\n<li>Gabarit de per\u00e7age pour une installation parfaite<\/li>\n<li>Instructions &amp; Instructions de manipulation de la toile<\/li>\n<li>est toujours n\u00e9cessaire : Batteries 3x CR2032<\/li>\n<\/ul>\n<\/div>\n<\/div>","protected":false},"excerpt":{"rendered":"<div class=\"keypoints\">\n<h3 class=\"keypoints__title\">Les points cl\u00e9s<\/h3>\n<ul role=\"list\">\n<li class=\"keypoints__item\" role=\"listitem\">Utilisation \u00e9cran : fixe<\/li>\n<li class=\"keypoints__item\" role=\"listitem\">Format : 16\/9<\/li>\n<li class=\"keypoints__item\" role=\"listitem\">motoris\u00e9 &#8211; 168 x 298 cm<\/li>\n<\/ul>\n<\/div>","protected":false},"featured_media":90583,"template":"","meta":{"_glsr_average":0,"_glsr_ranking":0,"_glsr_reviews":0},"product_cat":[492],"product_tag":[493,451],"class_list":{"0":"post-90584","1":"product","2":"type-product","3":"status-publish","4":"has-post-thumbnail","6":"product_cat-ecran-de-projection","7":"product_tag-ecran-de-projection","8":"product_tag-tv-image-son","10":"first","11":"instock","12":"sale","13":"shipping-taxable","14":"purchasable","15":"product-type-simple"},"_links":{"self":[{"href":"https:\/\/electromenagerexpress.com\/en\/wp-json\/wp\/v2\/product\/90584","targetHints":{"allow":["GET"]}}],"collection":[{"href":"https:\/\/electromenagerexpress.com\/en\/wp-json\/wp\/v2\/product"}],"about":[{"href":"https:\/\/electromenagerexpress.com\/en\/wp-json\/wp\/v2\/types\/product"}],"wp:featuredmedia":[{"embeddable":true,"href":"https:\/\/electromenagerexpress.com\/en\/wp-json\/wp\/v2\/media\/90583"}],"wp:attachment":[{"href":"https:\/\/electromenagerexpress.com\/en\/wp-json\/wp\/v2\/media?parent=90584"}],"wp:term":[{"taxonomy":"product_cat","embeddable":true,"href":"https:\/\/electromenagerexpress.com\/en\/wp-json\/wp\/v2\/product_cat?post=90584"},{"taxonomy":"product_tag","embeddable":true,"href":"https:\/\/electromenagerexpress.com\/en\/wp-json\/wp\/v2\/product_tag?post=90584"}],"curies":[{"name":"wp","href":"https:\/\/api.w.org\/{rel}","templated":true}]}}