{"id":90565,"date":"2024-11-24T17:46:32","date_gmt":"2024-11-24T17:46:32","guid":{"rendered":"https:\/\/electromenagerexpress.com\/product\/ecran-de-projectioncelexonmanuel-advanced-slowmotion-43-282x211\/"},"modified":"2025-01-13T19:50:57","modified_gmt":"2025-01-13T19:50:57","slug":"ecran-de-projectioncelexonmanuel-advanced-slowmotion-43-282x211","status":"publish","type":"product","link":"https:\/\/electromenagerexpress.com\/en\/product\/ecran-de-projectioncelexonmanuel-advanced-slowmotion-43-282x211\/","title":{"rendered":"Ecran de projection\tCELEXON\tManuel Advanced Slowmotion 4:3 282&#215;211"},"content":{"rendered":"<div class=\"product-features__content\">\n<ul role=\"list\">\n<li class=\"product-features__item\" role=\"listitem\">\n<h3 class=\"product-features__label\">Installation<\/h3>\n<ul role=\"list\">\n<li class=\"product-features__item-list__item\" role=\"listitem\"><span class=\"is--medium\">Utilisation :<\/span> fixe, id\u00e9al pour une installation avec un emplacement d\u00e9di\u00e9<\/li>\n<li class=\"product-features__item-list__item\" role=\"listitem\"><span class=\"is--medium\">Installation transportable :<\/span> non concern\u00e9<\/li>\n<li class=\"product-features__item-list__item\" role=\"listitem\"><span class=\"is--medium\">Installation fixe :<\/span> \u00e9cran manuel, se d\u00e9roule et se bloque \u00e0 la position d\u00e9sir\u00e9e<\/li>\n<li class=\"product-features__item-list__item\" role=\"listitem\"><span class=\"is--medium\">D\u00e9roulement :<\/span> manuel<\/li>\n<li class=\"product-features__item-list__item\" role=\"listitem\"><span class=\"is--medium\">Installation au sol :<\/span> Non<\/li>\n<li class=\"product-features__item-list__item\" role=\"listitem\"><span class=\"is--medium\">Fixation au plafond :<\/span> Non<\/li>\n<li class=\"product-features__item-list__item\" role=\"listitem\"><span class=\"is--medium\">Fixation murale :<\/span> Non<\/li>\n<li class=\"product-features__item-list__item\" role=\"listitem\"><span class=\"is--medium\">Hauteur d&rsquo;ouverture ajustable :<\/span> Non<\/li>\n<li class=\"product-features__item-list__item\" role=\"listitem\"><span class=\"is--medium\">Tendeurs int\u00e9gr\u00e9s :<\/span> Non<\/li>\n<\/ul>\n<\/li>\n<li class=\"product-features__item\" role=\"listitem\">\n<h3 class=\"product-features__label\">Ecran<\/h3>\n<ul role=\"list\">\n<li class=\"product-features__item-list__item\" role=\"listitem\"><span class=\"is--medium\">Type d&rsquo;\u00e9cran :<\/span> Ecran de projection<\/li>\n<li class=\"product-features__item-list__item\" role=\"listitem\"><span class=\"is--medium\">Format :<\/span> 4\/3, pour une utilisation bureau<\/li>\n<li class=\"product-features__item-list__item\" role=\"listitem\"><span class=\"is--medium\">Dimensions (hauteur x base) :<\/span> 203 x 270 cm<\/li>\n<li class=\"product-features__item-list__item\" role=\"listitem\"><span class=\"is--medium\">Diagonale de l&rsquo;image :<\/span> non communiqu\u00e9e<\/li>\n<li class=\"product-features__item-list__item\" role=\"listitem\"><span class=\"is--medium\">Extra drop :<\/span> Non<\/li>\n<li class=\"product-features__item-list__item\" role=\"listitem\"><span class=\"is--medium\">Cadrage noir :<\/span> non<\/li>\n<li class=\"product-features__item-list__item\" role=\"listitem\"><span class=\"is--medium\">Dos noir :<\/span> non communiqu\u00e9<\/li>\n<li class=\"product-features__item-list__item\" role=\"listitem\"><span class=\"is--medium\">Gain :<\/span> non communiqu\u00e9<\/li>\n<li class=\"product-features__item-list__item\" role=\"listitem\"><span class=\"is--medium\">Traitement sur l&rsquo;\u00e9cran :<\/span> non communiqu\u00e9<\/li>\n<li class=\"product-features__item-list__item\" role=\"listitem\"><span class=\"is--medium\">Ecran accoustique :<\/span> non<\/li>\n<li class=\"product-features__item-list__item\" role=\"listitem\"><span class=\"is--medium\">Coloris :<\/span> blanc mat<\/li>\n<\/ul>\n<\/li>\n<li class=\"product-features__item\" role=\"listitem\">\n<h3 class=\"product-features__label\">Informations compl\u00e9mentaires<\/h3>\n<ul role=\"list\">\n<li class=\"product-features__item-list__item\" role=\"listitem\"><span class=\"is--medium\">Fabriqu\u00e9 en :<\/span> Chine<\/li>\n<li class=\"product-features__item-list__item\" role=\"listitem\"><span class=\"is--medium\">Disponibilit\u00e9 des pi\u00e8ces d\u00e9tach\u00e9es (donn\u00e9es fournisseur) :<\/span> Non communiqu\u00e9e<\/li>\n<li class=\"product-features__item-list__item\" role=\"listitem\"><span class=\"is--medium\">R\u00e9f\u00e9rence constructeur :<\/span> Manuel Advanced Slowmotion 4:3 282&#215;211<\/li>\n<li class=\"product-features__item-list__item\" role=\"listitem\"><span class=\"is--medium\">Marque :<\/span> CELEXON<\/li>\n<\/ul>\n<\/li>\n<\/ul>\n<\/div>\n<div class=\"product__disclosure-content\">\n<div class=\"js-read-more product-description__content read-more read-more--truncated\" style=\"max-height: 500px;overflow: hidden\" data-read-more-name=\"description\">\n<p>\u00c9cran de projection manuel DELUXX Expert Slowmotion 4:3 Blanc Mat Polaro 282 x 211<\/p>\n<p><strong>Depuis 1999, DELUXX est consid\u00e9r\u00e9e comme la marque de qualit\u00e9 pour les \u00e9crans de projection de cin\u00e9ma \u00e0 domicile ou encore de pr\u00e9sentations professionnelles, ajoutant \u00e0 cela les supports muraux ou de plafond pour projecteurs et t\u00e9l\u00e9visions.<\/strong><\/p>\n<p>Le syt\u00e8me Softmovement de l&rsquo;\u00e9cran de projection manuel slowmotion DELUXX Advanced permet de r\u00e9gler l&rsquo;\u00e9cran \u00e0 souhait sans \u00e0-coups. Il suffit de tenir l&rsquo;\u00e9cran 3 secondes apr\u00e8s d\u00e9roulement pour une tenue parfaite de l&rsquo;\u00e9cran et de tirer doucement en fin d&rsquo;utilisation pour un enroulement automatique qui ne dure que 8 secondes. Cette fonction permet un montage dans des endroits difficilement accesibles et \u00e9vite que l&rsquo;\u00e9cran soit abim\u00e9 par le\u00a0<em>carter<\/em>\u00a0(et vice-versa), puisqu&rsquo;il n&rsquo;y a aucun retour pr\u00e9cipit\u00e9.<\/p>\n<p>M\u00eame si l&rsquo;\u00e9cran d\u00e9passe, la toile n&rsquo;est jamais tendue au repos, ce qui minimise la formation de vagues \u00e0 long terme.<\/p>\n<p>L&rsquo;\u00e9cran de projection manuel\u00a0DELUXX Advanced\u00a0282 x 211 cm\u00a0 est \u00e9quip\u00e9 de 4 couches: une toile blanche matte, suivi de deux rev\u00eatements en PVC diffus qui contiennent en leur coeur une couche en fibre de verre. Ces couches veillent \u00e0 une parfaite r\u00e9partition de l&rsquo;image sur l&rsquo;ensemble de la surface utile. Les fibres de verre, elles, assurent un aspect homog\u00e8ne de la toile et emp\u00eachent toute distorsion de l&rsquo;\u00e9cran caus\u00e9e par quelconque perturbation externe.<\/p>\n<p>Le tissu de la toile est \u00e9galement rev\u00eatu d&rsquo;un traitement anti-moisissure r\u00e9sistant \u00e0 l&rsquo;eau, permettant ainsi une humidit\u00e9 pare-feu.<\/p>\n<ul>\n<li>Surface utile de 282 x 211 cm<\/li>\n<li>Toile au gain de 1,0 et d&rsquo;angle de visualisation \u00e0 160\u00b0 degr\u00e9s<\/li>\n<li>Cadre noir (autour) de 4 cm permettant d&rsquo;augmenter le contraste<\/li>\n<li>Extra drop noir de 8 cm<\/li>\n<li>Dimensions du\u00a0<em>carter<\/em>\u00a0:\u00a0299 x 10 x 9\u00a0cm (largeur x hauteur x profondeur)<\/li>\n<li>M\u00e9chanisme slowmotion brevet\u00e9 : toile qui s&rsquo;enroule au ralenti<\/li>\n<li>Toile avec dos opaque avec au coeur une couche en fibre de verre, plac\u00e9e entre deux couches de PVC (dos noir)<\/li>\n<li>\u00c9l\u00e9gant\u00a0<em>carter<\/em>\u00a0en aluminium<\/li>\n<li>\u00c9cran r\u00e9glable en hauteur \u00e0 souhait, pour \u00e9pouser tous types de formats<\/li>\n<li>Barre de lestage offrant une parfaite r\u00e9partition de l&rsquo;image jusqu&rsquo;aux bordures<\/li>\n<li>Id\u00e9al pour les murs comme pour les plafonds\u00a0<em>gr<\/em><em>\u00e2ce aux \u00e9querres ajustables incluses<\/em><\/li>\n<\/ul>\n<p>Avec l&rsquo;\u00e9cran de projection manuel slowmotion DELUXX Advanced, vous serez en possession d&rsquo;un produit innovatif de haute qualit\u00e9 qui vous apportera un plaisir sans limites.<\/p>\n<\/div>\n<p>&nbsp;<\/p>\n<\/div>","protected":false},"excerpt":{"rendered":"<div class=\"keypoints\">\n<h3 class=\"keypoints__title\">Les points cl\u00e9s<\/h3>\n<ul role=\"list\">\n<li class=\"keypoints__item\" role=\"listitem\">Utilisation \u00e9cran : fixe<\/li>\n<li class=\"keypoints__item\" role=\"listitem\">Format : 4\/3<\/li>\n<li class=\"keypoints__item\" role=\"listitem\">manuel &#8211; 203 x 270 cm<\/li>\n<\/ul>\n<\/div>","protected":false},"featured_media":90564,"template":"","meta":{"_glsr_average":0,"_glsr_ranking":0,"_glsr_reviews":0},"product_cat":[492],"product_tag":[493,451],"class_list":{"0":"post-90565","1":"product","2":"type-product","3":"status-publish","4":"has-post-thumbnail","6":"product_cat-ecran-de-projection","7":"product_tag-ecran-de-projection","8":"product_tag-tv-image-son","10":"first","11":"instock","12":"sale","13":"shipping-taxable","14":"purchasable","15":"product-type-simple"},"_links":{"self":[{"href":"https:\/\/electromenagerexpress.com\/en\/wp-json\/wp\/v2\/product\/90565","targetHints":{"allow":["GET"]}}],"collection":[{"href":"https:\/\/electromenagerexpress.com\/en\/wp-json\/wp\/v2\/product"}],"about":[{"href":"https:\/\/electromenagerexpress.com\/en\/wp-json\/wp\/v2\/types\/product"}],"wp:featuredmedia":[{"embeddable":true,"href":"https:\/\/electromenagerexpress.com\/en\/wp-json\/wp\/v2\/media\/90564"}],"wp:attachment":[{"href":"https:\/\/electromenagerexpress.com\/en\/wp-json\/wp\/v2\/media?parent=90565"}],"wp:term":[{"taxonomy":"product_cat","embeddable":true,"href":"https:\/\/electromenagerexpress.com\/en\/wp-json\/wp\/v2\/product_cat?post=90565"},{"taxonomy":"product_tag","embeddable":true,"href":"https:\/\/electromenagerexpress.com\/en\/wp-json\/wp\/v2\/product_tag?post=90565"}],"curies":[{"name":"wp","href":"https:\/\/api.w.org\/{rel}","templated":true}]}}