{"id":90559,"date":"2024-11-24T17:46:25","date_gmt":"2024-11-24T17:46:25","guid":{"rendered":"https:\/\/electromenagerexpress.com\/product\/ecran-de-projectionlumeneplazza-hd-240v\/"},"modified":"2025-01-13T20:30:33","modified_gmt":"2025-01-13T20:30:33","slug":"ecran-de-projectionlumeneplazza-hd-240v","status":"publish","type":"product","link":"https:\/\/electromenagerexpress.com\/en\/product\/ecran-de-projectionlumeneplazza-hd-240v\/","title":{"rendered":"Ecran de projection\tLUMENE\tPlazza HD 240V"},"content":{"rendered":"<div class=\"product-features__content\">\n<ul role=\"list\">\n<li class=\"product-features__item\" role=\"listitem\">\n<h3 class=\"product-features__label\">Installation<\/h3>\n<ul role=\"list\">\n<li class=\"product-features__item-list__item\" role=\"listitem\"><span class=\"is--medium\">Utilisation :<\/span> fixe, id\u00e9al pour une installation avec un emplacement d\u00e9di\u00e9<\/li>\n<li class=\"product-features__item-list__item\" role=\"listitem\"><span class=\"is--medium\">Installation transportable :<\/span> non concern\u00e9<\/li>\n<li class=\"product-features__item-list__item\" role=\"listitem\"><span class=\"is--medium\">Installation fixe :<\/span> \u00e9cran manuel, se d\u00e9roule et se bloque \u00e0 la position d\u00e9sir\u00e9e<\/li>\n<li class=\"product-features__item-list__item\" role=\"listitem\"><span class=\"is--medium\">D\u00e9roulement :<\/span> manuel<\/li>\n<li class=\"product-features__item-list__item\" role=\"listitem\"><span class=\"is--medium\">Installation au sol :<\/span> Non<\/li>\n<li class=\"product-features__item-list__item\" role=\"listitem\"><span class=\"is--medium\">Fixation au plafond :<\/span> Oui<\/li>\n<li class=\"product-features__item-list__item\" role=\"listitem\"><span class=\"is--medium\">Fixation murale :<\/span> Oui<\/li>\n<li class=\"product-features__item-list__item\" role=\"listitem\"><span class=\"is--medium\">Hauteur d&rsquo;ouverture ajustable :<\/span> Non<\/li>\n<li class=\"product-features__item-list__item\" role=\"listitem\"><span class=\"is--medium\">Tendeurs int\u00e9gr\u00e9s :<\/span> Non<\/li>\n<li class=\"product-features__item-list__item\" role=\"listitem\"><span class=\"is--medium\">Poids :<\/span> 12 kg<\/li>\n<\/ul>\n<\/li>\n<li class=\"product-features__item\" role=\"listitem\">\n<h3 class=\"product-features__label\">Ecran<\/h3>\n<ul role=\"list\">\n<li class=\"product-features__item-list__item\" role=\"listitem\"><span class=\"is--medium\">Type d&rsquo;\u00e9cran :<\/span> Ecran de projection<\/li>\n<li class=\"product-features__item-list__item\" role=\"listitem\"><span class=\"is--medium\">Format :<\/span> 4\/3, pour une utilisation bureau<\/li>\n<li class=\"product-features__item-list__item\" role=\"listitem\"><span class=\"is--medium\">Dimensions (hauteur x base) :<\/span> 176 x 234 cm<\/li>\n<li class=\"product-features__item-list__item\" role=\"listitem\"><span class=\"is--medium\">Diagonale de l&rsquo;image :<\/span> non communiqu\u00e9e<\/li>\n<li class=\"product-features__item-list__item\" role=\"listitem\"><span class=\"is--medium\">Extra drop :<\/span> Non<\/li>\n<li class=\"product-features__item-list__item\" role=\"listitem\"><span class=\"is--medium\">Cadrage noir :<\/span> non<\/li>\n<li class=\"product-features__item-list__item\" role=\"listitem\"><span class=\"is--medium\">Dos noir :<\/span> non communiqu\u00e9<\/li>\n<li class=\"product-features__item-list__item\" role=\"listitem\"><span class=\"is--medium\">Gain :<\/span> non communiqu\u00e9<\/li>\n<li class=\"product-features__item-list__item\" role=\"listitem\"><span class=\"is--medium\">Traitement sur l&rsquo;\u00e9cran :<\/span> non communiqu\u00e9<\/li>\n<li class=\"product-features__item-list__item\" role=\"listitem\"><span class=\"is--medium\">Ecran acoustiques :<\/span> non<\/li>\n<li class=\"product-features__item-list__item\" role=\"listitem\"><span class=\"is--medium\">Coloris :<\/span> blanc mat<\/li>\n<\/ul>\n<\/li>\n<li class=\"product-features__item\" role=\"listitem\">\n<h3 class=\"product-features__label\">Informations compl\u00e9mentaires<\/h3>\n<ul role=\"list\">\n<li class=\"product-features__item-list__item\" role=\"listitem\"><span class=\"is--medium\">Fabriqu\u00e9 en :<\/span> Chine<\/li>\n<li class=\"product-features__item-list__item\" role=\"listitem\"><span class=\"is--medium\">Disponibilit\u00e9 des pi\u00e8ces d\u00e9tach\u00e9es (donn\u00e9es fournisseur) :<\/span> Non communiqu\u00e9e<\/li>\n<li class=\"product-features__item-list__item\" role=\"listitem\"><span class=\"is--medium\">R\u00e9f\u00e9rence constructeur :<\/span> Plazza HD 240V<\/li>\n<li class=\"product-features__item-list__item\" role=\"listitem\"><span class=\"is--medium\">Marque :<\/span> LUMENE<\/li>\n<\/ul>\n<\/li>\n<\/ul>\n<\/div>\n<div class=\"product__disclosure-content\">\n<div class=\"js-read-more product-description__content\" style=\"max-height: 500px;overflow: hidden\" data-read-more-name=\"description\">\n<p>Le Lumene Plazza HD 240V est un \u00e9cran de projection abordable caract\u00e9ris\u00e9 par un d\u00e9ploiement manuel. Sa finition et la qualit\u00e9 de sa fabrication n&rsquo;ont pourtant connu aucune concession. Cet \u00e9cran de projection propos\u00e9 par Lumene est aussi pourvu d&rsquo;un carter blanc et d&rsquo;un joli design associ\u00e9s \u00e0 une finition paillet\u00e9e le permettant de se distinguer des autres \u00e9crans manuels propos\u00e9s sur le march\u00e9. On le propose dans diff\u00e9rentes dimensions pour lui permettre de s&rsquo;adapter \u00e0 de nombreuses installations. En outre, il trouve sa place dans une salle d\u00e9di\u00e9e et m\u00eame dans un studio.<\/p>\n<p>Le Lumene Plazza HD 240V est aussi un \u00e9cran qui propose un superbe niveau de finition en d\u00e9pit de son prix. Il est pourvu d&rsquo;une toile qui b\u00e9n\u00e9ficie d&rsquo;un traitement anti-gondolements, anti-poussi\u00e8re et anti-jaunissement. Le dos occultant permet de le mettre en place devant une fen\u00eatre. Les bords noirs optimisent la qualit\u00e9 du contraste. La directivit\u00e9 \u00e9largie le champ de visions du spectateur m\u00eame s&rsquo;il s&rsquo;assied sur les c\u00f4t\u00e9s.<\/p>\n<p>Cet \u00e9cran de projection est aussi un mod\u00e8le pourvu d&rsquo;un ressort silencieux et solide. Il s&rsquo;enroule et se d\u00e9roule sans faire de bruit. Le m\u00e9canisme a \u00e9t\u00e9 con\u00e7u pour durer dans le temps et pour vous permettre de profiter d&rsquo;une grande fiabilit\u00e9. C&rsquo;est un \u00e9cran qu&rsquo;on peut monter au plafond ou au mur. On peut m\u00eame l&rsquo;encastrer dans un caisson.<\/p>\n<\/div>\n<\/div>","protected":false},"excerpt":{"rendered":"<div class=\"keypoints\">\n<h3 class=\"keypoints__title\">Les points cl\u00e9s<\/h3>\n<ul role=\"list\">\n<li class=\"keypoints__item\" role=\"listitem\">Utilisation \u00e9cran : fixe<\/li>\n<li class=\"keypoints__item\" role=\"listitem\">Format : 4\/3<\/li>\n<li class=\"keypoints__item\" role=\"listitem\">manuel &#8211; 176 x 234 cm<\/li>\n<li class=\"keypoints__item\" role=\"listitem\">Poids : 12 kg<\/li>\n<\/ul>\n<\/div>","protected":false},"featured_media":90558,"template":"","meta":{"_glsr_average":0,"_glsr_ranking":0,"_glsr_reviews":0},"product_cat":[492],"product_tag":[493,451],"class_list":{"0":"post-90559","1":"product","2":"type-product","3":"status-publish","4":"has-post-thumbnail","6":"product_cat-ecran-de-projection","7":"product_tag-ecran-de-projection","8":"product_tag-tv-image-son","10":"first","11":"instock","12":"sale","13":"shipping-taxable","14":"purchasable","15":"product-type-simple"},"_links":{"self":[{"href":"https:\/\/electromenagerexpress.com\/en\/wp-json\/wp\/v2\/product\/90559","targetHints":{"allow":["GET"]}}],"collection":[{"href":"https:\/\/electromenagerexpress.com\/en\/wp-json\/wp\/v2\/product"}],"about":[{"href":"https:\/\/electromenagerexpress.com\/en\/wp-json\/wp\/v2\/types\/product"}],"wp:featuredmedia":[{"embeddable":true,"href":"https:\/\/electromenagerexpress.com\/en\/wp-json\/wp\/v2\/media\/90558"}],"wp:attachment":[{"href":"https:\/\/electromenagerexpress.com\/en\/wp-json\/wp\/v2\/media?parent=90559"}],"wp:term":[{"taxonomy":"product_cat","embeddable":true,"href":"https:\/\/electromenagerexpress.com\/en\/wp-json\/wp\/v2\/product_cat?post=90559"},{"taxonomy":"product_tag","embeddable":true,"href":"https:\/\/electromenagerexpress.com\/en\/wp-json\/wp\/v2\/product_tag?post=90559"}],"curies":[{"name":"wp","href":"https:\/\/api.w.org\/{rel}","templated":true}]}}