{"id":90502,"date":"2024-11-24T17:45:28","date_gmt":"2024-11-24T17:45:28","guid":{"rendered":"https:\/\/electromenagerexpress.com\/product\/ecran-de-projectioncelexonmotorise-tensionne-cinema-265x149-120\/"},"modified":"2025-01-14T11:25:17","modified_gmt":"2025-01-14T11:25:17","slug":"ecran-de-projectioncelexonmotorise-tensionne-cinema-265x149-120","status":"publish","type":"product","link":"https:\/\/electromenagerexpress.com\/en\/product\/ecran-de-projectioncelexonmotorise-tensionne-cinema-265x149-120\/","title":{"rendered":"Ecran de projection\tCELEXON\t motoris\u00e9 tensionn\u00e9 Cin\u00e9ma 265&#215;149, 120\u00a0\u00bb"},"content":{"rendered":"<div class=\"product-features__content\">\n<ul role=\"list\">\n<li class=\"product-features__item\" role=\"listitem\">\n<h3 class=\"product-features__label\">Installation<\/h3>\n<ul role=\"list\">\n<li class=\"product-features__item-list__item\" role=\"listitem\"><span class=\"is--medium\">Utilisation :<\/span> fixe, id\u00e9al pour une installation avec un emplacement d\u00e9di\u00e9<\/li>\n<li class=\"product-features__item-list__item\" role=\"listitem\"><span class=\"is--medium\">Installation transportable :<\/span> non concern\u00e9<\/li>\n<li class=\"product-features__item-list__item\" role=\"listitem\"><span class=\"is--medium\">Installation fixe :<\/span> \u00e9cran motoris\u00e9, la toile descend et monte electriquement pour plus de confort<\/li>\n<li class=\"product-features__item-list__item\" role=\"listitem\"><span class=\"is--medium\">D\u00e9roulement :<\/span> motoris\u00e9<\/li>\n<li class=\"product-features__item-list__item\" role=\"listitem\"><span class=\"is--medium\">Installation au sol :<\/span> Non<\/li>\n<li class=\"product-features__item-list__item\" role=\"listitem\"><span class=\"is--medium\">Fixation au plafond :<\/span> Non<\/li>\n<li class=\"product-features__item-list__item\" role=\"listitem\"><span class=\"is--medium\">Fixation murale :<\/span> Non<\/li>\n<li class=\"product-features__item-list__item\" role=\"listitem\"><span class=\"is--medium\">Hauteur d&rsquo;ouverture ajustable :<\/span> Non<\/li>\n<li class=\"product-features__item-list__item\" role=\"listitem\"><span class=\"is--medium\">Tendeurs int\u00e9gr\u00e9s :<\/span> Non<\/li>\n<\/ul>\n<\/li>\n<li class=\"product-features__item\" role=\"listitem\">\n<h3 class=\"product-features__label\">Ecran<\/h3>\n<ul role=\"list\">\n<li class=\"product-features__item-list__item\" role=\"listitem\"><span class=\"is--medium\">Type d&rsquo;\u00e9cran :<\/span> Ecran de projection<\/li>\n<li class=\"product-features__item-list__item\" role=\"listitem\"><span class=\"is--medium\">Format :<\/span> 16\/09, id\u00e9al pour des images de films ou de t\u00e9l\u00e9vision<\/li>\n<li class=\"product-features__item-list__item\" role=\"listitem\"><span class=\"is--medium\">Dimensions (hauteur x base) :<\/span> 149 x 265 cm<\/li>\n<li class=\"product-features__item-list__item\" role=\"listitem\"><span class=\"is--medium\">Diagonale de l&rsquo;image :<\/span> non communiqu\u00e9e<\/li>\n<li class=\"product-features__item-list__item\" role=\"listitem\"><span class=\"is--medium\">Extra drop :<\/span> Non<\/li>\n<li class=\"product-features__item-list__item\" role=\"listitem\"><span class=\"is--medium\">Cadrage noir :<\/span> non<\/li>\n<li class=\"product-features__item-list__item\" role=\"listitem\"><span class=\"is--medium\">Dos noir :<\/span> non communiqu\u00e9<\/li>\n<li class=\"product-features__item-list__item\" role=\"listitem\"><span class=\"is--medium\">Gain :<\/span> non communiqu\u00e9<\/li>\n<li class=\"product-features__item-list__item\" role=\"listitem\"><span class=\"is--medium\">Traitement sur l&rsquo;\u00e9cran :<\/span> non communiqu\u00e9<\/li>\n<li class=\"product-features__item-list__item\" role=\"listitem\"><span class=\"is--medium\">Ecran acoustique :<\/span> non<\/li>\n<li class=\"product-features__item-list__item\" role=\"listitem\"><span class=\"is--medium\">Coloris :<\/span> blanc mat<\/li>\n<\/ul>\n<\/li>\n<li class=\"product-features__item\" role=\"listitem\">\n<h3 class=\"product-features__label\">Informations compl\u00e9mentaires<\/h3>\n<ul role=\"list\">\n<li class=\"product-features__item-list__item\" role=\"listitem\"><span class=\"is--medium\">Fabriqu\u00e9 en :<\/span> Chine<\/li>\n<li class=\"product-features__item-list__item\" role=\"listitem\"><span class=\"is--medium\">Disponibilit\u00e9 des pi\u00e8ces d\u00e9tach\u00e9es (donn\u00e9es fournisseur) :<\/span> Non communiqu\u00e9e<\/li>\n<li class=\"product-features__item-list__item\" role=\"listitem\"><span class=\"is--medium\">R\u00e9f\u00e9rence constructeur :<\/span> motoris\u00e9 tensionn\u00e9 Cin\u00e9ma 265&#215;149, 120\u00a0\u00bb<\/li>\n<li class=\"product-features__item-list__item\" role=\"listitem\"><span class=\"is--medium\">Marque :<\/span> CELEXON<\/li>\n<\/ul>\n<\/li>\n<\/ul>\n<\/div>\n<div class=\"product__disclosure-content\">\n<div class=\"js-read-more product-description__content read-more read-more--truncated\" style=\"max-height: 500px;overflow: hidden\" data-read-more-name=\"description\">\n<p>Le DELUXX 4k Pro Fibre MWHT Tension est un \u00e9cran motoris\u00e9 de haute qualit\u00e9, avec une grande connectivit\u00e9 et une grande vari\u00e9t\u00e9 de fonctionnement dans un carter blanc mat. Discret pour chaque salon et home cin\u00e9ma.<br \/>\nDELUXX a cr\u00e9\u00e9 une structure de surface extr\u00eamement fine sur la toile 4k Pro Fibre, qui convient \u00e9galement aux projections 8K. De cette fa\u00e7on, les futures normes sont couvertes et le support robuste en fibre de verre assure une longue dur\u00e9e de vie.<br \/>\nUne r\u00e9flexion d&rsquo;image tr\u00e8s homog\u00e8ne avec un grand angle de vision fait de cet \u00e9cran de &lsquo;TYPE D&rsquo; (r\u00e9flexion diffuse) un choix ultime pour tous les syst\u00e8mes de projection.<br \/>\nLe gain de 1,2 s&rsquo;\u00e9claircit l\u00e9g\u00e8rement sans fausser les valeurs de couleur.<br \/>\nLa tension lat\u00e9rale de la ligne (Tension System) permet une tr\u00e8s bonne plan\u00e9it\u00e9 et peut \u00eatre r\u00e9ajust\u00e9e en continu de chaque c\u00f4t\u00e9 si n\u00e9cessaire. Cela permet d&rsquo;\u00e9viter efficacement les ondulations lat\u00e9rales dans la zone de projection.<br \/>\nL&rsquo;\u00e9cran DELUXX Cin\u00e9ma Tension Motoris\u00e9e &#8211; 4K Pro Fibre est livr\u00e9 avec une large gamme d&rsquo;accessoires et peut \u00eatre contr\u00f4l\u00e9 de plusieurs fa\u00e7ons : la t\u00e9l\u00e9commande radiofr\u00e9quence et la t\u00e9l\u00e9commande infrarouge sont incluses, mais aussi l&rsquo;int\u00e9gration sans fil dans votre t\u00e9l\u00e9commande Logitech (les codes sont d\u00e9pos\u00e9s chez Logitech) ne pose aucun probl\u00e8me. En outre, une entr\u00e9e de d\u00e9clenchement 5V-20V (l&rsquo;\u00e9cran s&rsquo;allume\/\u00e9teint automatiquement lorsque le projecteur est allum\u00e9\/\u00e9teint) ainsi qu&rsquo;une int\u00e9gration professionnelle via RS232\/RS485 dans les syst\u00e8mes de Crestron ou RTI, par exemple, et des contacts libres de potentiel sont \u00e9galement disponibles. Vous avez le choix !<br \/>\n<span style=\"font-weight: bold\">Toile d&rsquo;\u00e9cran :<\/span><\/p>\n<ul>\n<li>Surface visible \u00a0: 265 x 149cm (120&prime;)<\/li>\n<li>1.2 Gagner la technologie 4K Pro Fibre avec une structure de surface plus fine, \u00e9galement adapt\u00e9e au 8K<\/li>\n<li>Grand angle de vision de plus de 150\u00b0 et adapt\u00e9 \u00e0 tous les types de projection (<span style=\"font-weight: bold\">Attention :<\/span> ne convient pas aux focales ultra-courtes)<\/li>\n<li><\/li>\n<li>Structure de toile extr\u00eamement fine : 8K appropri\u00e9<\/li>\n<li>Grand angle de vision de 150 degr\u00e9s<\/li>\n<li>Masquage noir 5cm \u00e0 gauche, \u00e0 droite et en dessous, 32cm noir en avant sur le dessus<\/li>\n<li>Tige d&rsquo;enroulement \u00e0 vis sans fin dimensionnellement stable et rigide de grand diam\u00e8tre pour une plan\u00e9it\u00e9 optimale et l&rsquo;absence de stries<\/li>\n<\/ul>\n<p><span style=\"font-weight: bold\">Assemblage et conception :<\/span><\/p>\n<ul>\n<li>\u00e9cran en aluminium blanc mat Bo\u00eetier au design discret<\/li>\n<li>kit de montage intelligent, discret et flexible pour une installation au mur ou au plafond, avec guide de per\u00e7age<\/li>\n<li>installation facile et connexion plug&amp;play C\u00e2ble d&rsquo;alimentation via le couplage de l&rsquo;alimentation \u00e9lectrique<\/li>\n<li>un syst\u00e8me sp\u00e9cial de tension lat\u00e9rale redresse les ondulations lat\u00e9rales<\/li>\n<li>moteur tubulaire DELUXX de qualit\u00e9 tr\u00e8s silencieux : durable et silencieux<\/li>\n<li>Dimensions du bo\u00eetier : 310 x 10,3 x 9,5 cm (LxHxL), 17,6 kg<\/li>\n<\/ul>\n<p><span style=\"font-weight: bold\">Les certifications : <\/span><br style=\"color: #67768a;font-family: Lato, 'Helvetica Neue', Helvetica, Arial, sans-serif;font-size: 13px;font-style: normal;font-weight: 400;letter-spacing: normal;text-align: start;text-indent: 0px;text-transform: none;background-color: #ffffff\" \/>ROHS, REACH, CE &#8211; 2014\/53\/EU<br \/>\n<span style=\"font-weight: bold\">Le contr\u00f4le de l&rsquo;\u00e9cran est inclus dans le volume de livraison :<\/span><\/p>\n<p>&#8211; R\u00e9cepteur \u00a0radio int\u00e9gr\u00e9 + r\u00e9cepteur infrarouge s\u00e9par\u00e9 avec t\u00e9l\u00e9commande correspondante<br \/>\n&#8211; des boutons lat\u00e9raux sur le bo\u00eetier avec 3 fonctions : monter, s&rsquo;arr\u00eater et descendre<br \/>\n&#8211; D\u00e9clenchement : 5V-20V (AC\/DC)<br \/>\n&#8211; RJ12 (protocole RS232\/RS485) Connexion pour RTI, Crestron, Control4 etc.<br \/>\n&#8211; contacts sans potentiel via RJ12, relais contr\u00f4lables<br \/>\n<span style=\"font-weight: bold\">Contenu de la livraison :<\/span><br \/>\n&#8211; DELUXX \u00c9cran de moteur de tension de corde avec toile &lsquo;DELUXX 4k Pro Fibre Matt-white<br \/>\n&#8211; Toile : type D, blanc mat, facteur de luminance selon DIN19045 environ 1,2<br \/>\n&#8211; C\u00e2ble d&rsquo;appareil \u00a0en blanc<br \/>\n&#8211; T\u00e9l\u00e9commande RF<br \/>\n&#8211; T\u00e9l\u00e9commande IR<br \/>\n&#8211; C\u00e2ble de d\u00e9clenchement de 5 m<br \/>\n&#8211; \u0152il r\u00e9cepteur IR<br \/>\n&#8211; Support de fixation au mur\/plafond<br \/>\n&#8211; Sch\u00e9ma de montage pour une installation parfaite<br \/>\n&#8211; Instructions de manipulation de l&rsquo;\u00e9cran<br \/>\n&#8211; \u00a0utile \u00a0: Batteries 3x CR2032<\/p>\n<\/div>\n<p>Voir plus<\/p>\n<\/div>","protected":false},"excerpt":{"rendered":"<div class=\"keypoints\">\n<h3 class=\"keypoints__title\">Les points cl\u00e9s<\/h3>\n<ul role=\"list\">\n<li class=\"keypoints__item\" role=\"listitem\">Utilisation \u00e9cran : fixe<\/li>\n<li class=\"keypoints__item\" role=\"listitem\">Format : 16\/9<\/li>\n<li class=\"keypoints__item\" role=\"listitem\">motoris\u00e9 &#8211; 149 x 265 cm<\/li>\n<\/ul>\n<\/div>","protected":false},"featured_media":90501,"template":"","meta":{"_glsr_average":0,"_glsr_ranking":0,"_glsr_reviews":0},"product_cat":[492],"product_tag":[493,451],"class_list":{"0":"post-90502","1":"product","2":"type-product","3":"status-publish","4":"has-post-thumbnail","6":"product_cat-ecran-de-projection","7":"product_tag-ecran-de-projection","8":"product_tag-tv-image-son","10":"first","11":"instock","12":"sale","13":"shipping-taxable","14":"purchasable","15":"product-type-simple"},"_links":{"self":[{"href":"https:\/\/electromenagerexpress.com\/en\/wp-json\/wp\/v2\/product\/90502","targetHints":{"allow":["GET"]}}],"collection":[{"href":"https:\/\/electromenagerexpress.com\/en\/wp-json\/wp\/v2\/product"}],"about":[{"href":"https:\/\/electromenagerexpress.com\/en\/wp-json\/wp\/v2\/types\/product"}],"wp:featuredmedia":[{"embeddable":true,"href":"https:\/\/electromenagerexpress.com\/en\/wp-json\/wp\/v2\/media\/90501"}],"wp:attachment":[{"href":"https:\/\/electromenagerexpress.com\/en\/wp-json\/wp\/v2\/media?parent=90502"}],"wp:term":[{"taxonomy":"product_cat","embeddable":true,"href":"https:\/\/electromenagerexpress.com\/en\/wp-json\/wp\/v2\/product_cat?post=90502"},{"taxonomy":"product_tag","embeddable":true,"href":"https:\/\/electromenagerexpress.com\/en\/wp-json\/wp\/v2\/product_tag?post=90502"}],"curies":[{"name":"wp","href":"https:\/\/api.w.org\/{rel}","templated":true}]}}