{"id":90471,"date":"2024-11-24T17:44:55","date_gmt":"2024-11-24T17:44:55","guid":{"rendered":"https:\/\/electromenagerexpress.com\/product\/ecran-de-projectioncelexonmotorise-tensionne-cinema-243x136-110\/"},"modified":"2025-01-14T12:23:51","modified_gmt":"2025-01-14T12:23:51","slug":"ecran-de-projectioncelexonmotorise-tensionne-cinema-243x136-110","status":"publish","type":"product","link":"https:\/\/electromenagerexpress.com\/en\/product\/ecran-de-projectioncelexonmotorise-tensionne-cinema-243x136-110\/","title":{"rendered":"Ecran de projection\tCELEXON\tmotoris\u00e9 tensionn\u00e9 Cin\u00e9ma 243&#215;136, 110&Prime;"},"content":{"rendered":"<div class=\"product-features__content\">\n<ul role=\"list\">\n<li class=\"product-features__item\" role=\"listitem\">\n<h3 class=\"product-features__label\">Installation<\/h3>\n<ul role=\"list\">\n<li class=\"product-features__item-list__item\" role=\"listitem\"><span class=\"is--medium\">Utilisation :<\/span> fixe, id\u00e9al pour une installation avec un emplacement d\u00e9di\u00e9<\/li>\n<li class=\"product-features__item-list__item\" role=\"listitem\"><span class=\"is--medium\">Installation transportable :<\/span> non concern\u00e9<\/li>\n<li class=\"product-features__item-list__item\" role=\"listitem\"><span class=\"is--medium\">Installation fixe :<\/span> \u00e9cran motoris\u00e9, la toile descend et monte electriquement pour plus de confort<\/li>\n<li class=\"product-features__item-list__item\" role=\"listitem\"><span class=\"is--medium\">D\u00e9roulement :<\/span> motoris\u00e9<\/li>\n<li class=\"product-features__item-list__item\" role=\"listitem\"><span class=\"is--medium\">Installation au sol :<\/span> Non<\/li>\n<li class=\"product-features__item-list__item\" role=\"listitem\"><span class=\"is--medium\">Fixation au plafond :<\/span> Non<\/li>\n<li class=\"product-features__item-list__item\" role=\"listitem\"><span class=\"is--medium\">Fixation murale :<\/span> Non<\/li>\n<li class=\"product-features__item-list__item\" role=\"listitem\"><span class=\"is--medium\">Hauteur d&rsquo;ouverture ajustable :<\/span> Non<\/li>\n<li class=\"product-features__item-list__item\" role=\"listitem\"><span class=\"is--medium\">Tendeurs int\u00e9gr\u00e9s :<\/span> Non<\/li>\n<\/ul>\n<\/li>\n<li class=\"product-features__item\" role=\"listitem\">\n<h3 class=\"product-features__label\">Ecran<\/h3>\n<ul role=\"list\">\n<li class=\"product-features__item-list__item\" role=\"listitem\"><span class=\"is--medium\">Type d&rsquo;\u00e9cran :<\/span> Ecran de projection<\/li>\n<li class=\"product-features__item-list__item\" role=\"listitem\"><span class=\"is--medium\">Format :<\/span> 16\/09, id\u00e9al pour des images de films ou de t\u00e9l\u00e9vision<\/li>\n<li class=\"product-features__item-list__item\" role=\"listitem\"><span class=\"is--medium\">Dimensions (hauteur x base) :<\/span> 136 x 243 cm<\/li>\n<li class=\"product-features__item-list__item\" role=\"listitem\"><span class=\"is--medium\">Diagonale de l&rsquo;image :<\/span> non communiqu\u00e9e<\/li>\n<li class=\"product-features__item-list__item\" role=\"listitem\"><span class=\"is--medium\">Extra drop :<\/span> Non<\/li>\n<li class=\"product-features__item-list__item\" role=\"listitem\"><span class=\"is--medium\">Cadrage noir :<\/span> non<\/li>\n<li class=\"product-features__item-list__item\" role=\"listitem\"><span class=\"is--medium\">Dos noir :<\/span> non communiqu\u00e9<\/li>\n<li class=\"product-features__item-list__item\" role=\"listitem\"><span class=\"is--medium\">Gain :<\/span> non communiqu\u00e9<\/li>\n<li class=\"product-features__item-list__item\" role=\"listitem\"><span class=\"is--medium\">Traitement sur l&rsquo;\u00e9cran :<\/span> non communiqu\u00e9<\/li>\n<li class=\"product-features__item-list__item\" role=\"listitem\"><span class=\"is--medium\">Ecran accoustique :<\/span> non<\/li>\n<li class=\"product-features__item-list__item\" role=\"listitem\"><span class=\"is--medium\">Coloris :<\/span> blanc mat<\/li>\n<\/ul>\n<\/li>\n<li class=\"product-features__item\" role=\"listitem\">\n<h3 class=\"product-features__label\">Informations compl\u00e9mentaires<\/h3>\n<ul role=\"list\">\n<li class=\"product-features__item-list__item\" role=\"listitem\"><span class=\"is--medium\">Fabriqu\u00e9 en :<\/span> Chine<\/li>\n<li class=\"product-features__item-list__item\" role=\"listitem\"><span class=\"is--medium\">Disponibilit\u00e9 des pi\u00e8ces d\u00e9tach\u00e9es (donn\u00e9es fournisseur) :<\/span> Non communiqu\u00e9e<\/li>\n<li class=\"product-features__item-list__item\" role=\"listitem\"><span class=\"is--medium\">R\u00e9f\u00e9rence constructeur :<\/span> motoris\u00e9 tensionn\u00e9 Cin\u00e9ma 243&#215;136, 110&Prime;<\/li>\n<li class=\"product-features__item-list__item\" role=\"listitem\"><span class=\"is--medium\">Marque :<\/span> CELEXON<\/li>\n<\/ul>\n<\/li>\n<\/ul>\n<\/div>\n<div class=\"product__disclosure-content\">\n<div class=\"js-read-more product-description__content read-more read-more--truncated\" style=\"max-height: 500px;overflow: hidden\" data-read-more-name=\"description\">\n<p><span style=\"font-weight: bold\">\u00c9cran de projection motoris\u00e9 tensionn\u00e9 DELUXX Cin\u00e9ma 243 x 136cm, 110&prime;- 4k Pro Fibre MWHT<\/span><\/p>\n<p>&nbsp;<\/p>\n<p>Le DELUXX 4k Pro Fibre MWHT Tension est un \u00e9cran de haute qualit\u00e9, motoris\u00e9, \u00e9quip\u00e9 d&rsquo;un haut niveau de connexion et d&rsquo;une grande polyvalence d&rsquo;utilisation dans un \u00e9l\u00e9gant bo\u00eetier blanc mat. Discret pour chaque salon et home cin\u00e9ma. La toile de projection \u00e0 base de fibre de verre est plus r\u00e9sistante \u00e0 la temp\u00e9rature que le PVC ou le vinyle pur et peut donc \u00e9galement \u00eatre utilis\u00e9e dans des zones plus sensibles \u00e0 la temp\u00e9rature (veuillez respecter les instructions jointes).<\/p>\n<p>DELUXX a cr\u00e9\u00e9 une structure de surface extr\u00eamement fine sur la toile 4k Pro Fibre, qui convient \u00e9galement aux projections 8K. Ainsi, les normes futures sont \u00e9galement couvertes et le support en tissu robuste en fibre de verre assure une longue dur\u00e9e de vie.<\/p>\n<p>Une r\u00e9flexion d&rsquo;image tr\u00e8s homog\u00e8ne avec un grand angle de vision fait de cet \u00e9cran &lsquo;TYPE D&rsquo; (r\u00e9flexion diffuse) le choix ultime pour tous les syst\u00e8mes de projection.<\/p>\n<p>Le gain de 1,2 \u00e9claire l\u00e9g\u00e8rement sans d\u00e9former les valeurs de couleur.<\/p>\n<p>La tension lat\u00e9rale du c\u00e2ble (Tension System) permet une tr\u00e8s bonne plan\u00e9it\u00e9 et peut \u00eatre ajust\u00e9e en continu de chaque c\u00f4t\u00e9 si n\u00e9cessaire. Cela permet d&rsquo;\u00e9viter efficacement les vagues lat\u00e9rales dans la zone de projection.<\/p>\n<p>L&rsquo;\u00e9cran motoris\u00e9 tensionn\u00e9 DELUXX Cinema Tension &#8211; 4K Pro Fibre est livr\u00e9 avec une large gamme d&rsquo;accessoires et peut \u00eatre contr\u00f4l\u00e9 de plusieurs fa\u00e7ons : radio sans fil et t\u00e9l\u00e9commande IR sont inclus, mais vous pouvez aussi l&rsquo;int\u00e9grer sans fil \u00e0 votre t\u00e9l\u00e9commande Logitech (les codes sont stock\u00e9s avec Logitech) sans aucun probl\u00e8me. De plus, il y a une entr\u00e9e Trigger 5V-20V (l&rsquo;\u00e9cran se met automatiquement en marche\/arr\u00eat lorsque le vid\u00e9oprojecteur est en allum\u00e9 ou \u00e9teint) et une int\u00e9gration professionnelle via RS232\/RS485 dans des syst\u00e8mes tels que Crestron ou RTI, ainsi que des contacts sans potentiel disponibles. Vous avez le choix !<\/p>\n<p><span style=\"font-weight: bold\">Toile de projection :<\/span><\/p>\n<ul>\n<li>surface\u00a0visible\u00a0de projection : 243 x 136 cm, (110&prime;)<\/li>\n<li>1,2 Gain 4K Pro Fibre technologie avec la structure de surface la plus fine convient \u00e9galement pour 8K<\/li>\n<li>grand angle de vision de plus de 150\u00b0 et convient \u00e0 tous les types de projection (Attention : ne convient pas aux focales ultra-courtes)<\/li>\n<li>structure de la toile extr\u00eamement fine : 8K appropri\u00e9<\/li>\n<li>grand angle de vision de 150 degr\u00e9s<\/li>\n<li>bande noire 5 cm \u00e0 gauche, \u00e0 droite et en bas, 45 cm noir sur le dessus de la surface de projection<\/li>\n<li>Drop noir adapt\u00e9 au format<\/li>\n<\/ul>\n<p>&nbsp;<\/p>\n<p><span style=\"font-weight: bold\">Montage et conception :<\/span><\/p>\n<ul>\n<li>Carter aluminium blanc mat au design discret<\/li>\n<li>kit de montage intelligent, discret et flexible pour montage mural ou au plafond, gabarit de per\u00e7age inclus<\/li>\n<li>Installation simple et connexion plug&amp;play C\u00e2ble d&rsquo;alimentation via connecteur IEC<\/li>\n<li>syst\u00e8me de tension lat\u00e9rale sp\u00e9cial pour redresser les ondulations lat\u00e9rales<\/li>\n<li>moteur tubulaire de qualit\u00e9 DELUXX tr\u00e8s silencieux : durable et silencieux<\/li>\n<li>Dimensions du carter : 288 x 10,3 x 9,5 cm (LxHxLxL), 16,6 kg<\/li>\n<\/ul>\n<p>&nbsp;<\/p>\n<p><span style=\"font-weight: bold\">Certifications :<\/span><\/p>\n<p>ROHS, REACH, CE &#8211; 2014\/53\/EU<\/p>\n<p><span style=\"font-weight: bold\">Contr\u00f4le de l&rsquo;\u00e9cran inclus :<br \/>\n<\/span><\/p>\n<p>&#8211; r\u00e9cepteur radio int\u00e9gr\u00e9 + r\u00e9cepteur infrarouge s\u00e9par\u00e9 avec t\u00e9l\u00e9commande correspondante<\/p>\n<p>&#8211; Boutons lat\u00e9raux sur le bo\u00eetier avec 3 fonctions : Monter, s&rsquo;arr\u00eater et descendre<\/p>\n<p>&#8211; Trigger : 5V-20V (AC\/DC)<\/p>\n<p>&#8211; RJ12 (protocole RS232\/RS485) Connexion pour RTI, Crestron, Control4 etc.<\/p>\n<p>&#8211; Contacts libres de potentiel via RJ12, contr\u00f4lables par relais<\/p>\n<p><span style=\"font-weight: bold\">Contenu de la livraison :<br \/>\n<\/span><\/p>\n<p>&#8211; DELUXX Ecran motoris\u00e9 tensionn\u00e9 avec toile &lsquo;DELUXX 4k Pro Fibre Pro blanc mat&rsquo;.<\/p>\n<p>&#8211; Toile : type D, blanc mat, facteur de densit\u00e9 lumineuse selon DIN19045 env. 1,2<\/p>\n<p>&#8211; C\u00e2ble blanc<\/p>\n<p>&#8211; T\u00e9l\u00e9commande RF<\/p>\n<p>&#8211; T\u00e9l\u00e9commande IR<\/p>\n<p>&#8211; C\u00e2ble Trigger de 5m<\/p>\n<p>&#8211; R\u00e9cepteur IR<\/p>\n<p>&#8211; Support de montage mural\/plafond<\/p>\n<p>&#8211; Gabarit de per\u00e7age pour une installation parfaite<\/p>\n<p>&#8211; Instructions &amp; Instructions de manipulation de la toile<\/p>\n<p>&#8211; N\u00e9cessaire : Batteries 3x CR2032<\/p>\n<\/div>\n<p>Voir plus<\/p>\n<\/div>","protected":false},"excerpt":{"rendered":"<div class=\"keypoints\">\n<h3 class=\"keypoints__title\">Les points cl\u00e9s<\/h3>\n<ul role=\"list\">\n<li class=\"keypoints__item\" role=\"listitem\">Utilisation \u00e9cran : fixe<\/li>\n<li class=\"keypoints__item\" role=\"listitem\">Format : 16\/9<\/li>\n<li class=\"keypoints__item\" role=\"listitem\">motoris\u00e9 &#8211; 136 x 243 cm<\/li>\n<\/ul>\n<\/div>","protected":false},"featured_media":90470,"template":"","meta":{"_glsr_average":0,"_glsr_ranking":0,"_glsr_reviews":0},"product_cat":[492],"product_tag":[493,451],"class_list":{"0":"post-90471","1":"product","2":"type-product","3":"status-publish","4":"has-post-thumbnail","6":"product_cat-ecran-de-projection","7":"product_tag-ecran-de-projection","8":"product_tag-tv-image-son","10":"first","11":"instock","12":"sale","13":"shipping-taxable","14":"purchasable","15":"product-type-simple"},"_links":{"self":[{"href":"https:\/\/electromenagerexpress.com\/en\/wp-json\/wp\/v2\/product\/90471","targetHints":{"allow":["GET"]}}],"collection":[{"href":"https:\/\/electromenagerexpress.com\/en\/wp-json\/wp\/v2\/product"}],"about":[{"href":"https:\/\/electromenagerexpress.com\/en\/wp-json\/wp\/v2\/types\/product"}],"wp:featuredmedia":[{"embeddable":true,"href":"https:\/\/electromenagerexpress.com\/en\/wp-json\/wp\/v2\/media\/90470"}],"wp:attachment":[{"href":"https:\/\/electromenagerexpress.com\/en\/wp-json\/wp\/v2\/media?parent=90471"}],"wp:term":[{"taxonomy":"product_cat","embeddable":true,"href":"https:\/\/electromenagerexpress.com\/en\/wp-json\/wp\/v2\/product_cat?post=90471"},{"taxonomy":"product_tag","embeddable":true,"href":"https:\/\/electromenagerexpress.com\/en\/wp-json\/wp\/v2\/product_tag?post=90471"}],"curies":[{"name":"wp","href":"https:\/\/api.w.org\/{rel}","templated":true}]}}