{"id":90442,"date":"2024-11-24T17:44:25","date_gmt":"2024-11-24T17:44:25","guid":{"rendered":"https:\/\/electromenagerexpress.com\/product\/ecran-de-projectioncelexonmotorise-pro-280-x-280-cm\/"},"modified":"2024-11-24T17:44:25","modified_gmt":"2024-11-24T17:44:25","slug":"ecran-de-projectioncelexonmotorise-pro-280-x-280-cm","status":"publish","type":"product","link":"https:\/\/electromenagerexpress.com\/en\/product\/ecran-de-projectioncelexonmotorise-pro-280-x-280-cm\/","title":{"rendered":"Ecran de projection\t\t\t\t\t\t\tCELEXON\t\t\t\tMotoris\u00e9 PRO 280 x 280 cm"},"content":{"rendered":"<div class=\"product-features__content\">\n<ul role=\"list\">\n<li class=\"product-features__item\" role=\"listitem\">\n<h3 class=\"product-features__label\">Installation<\/h3>\n<ul role=\"list\">\n<li class=\"product-features__item-list__item\" role=\"listitem\"><span class=\"is--medium\">Utilisation :<\/span> fixe, id\u00e9al pour une installation avec un emplacement d\u00e9di\u00e9\t\t\t\t\t<\/li>\n<li class=\"product-features__item-list__item\" role=\"listitem\"><span class=\"is--medium\">Installation transportable :<\/span> non concern\u00e9\t\t\t\t\t<\/li>\n<li class=\"product-features__item-list__item\" role=\"listitem\"><span class=\"is--medium\">Installation fixe :<\/span> \u00e9cran motoris\u00e9, la toile descend et monte electriquement pour plus de confort\t\t\t\t\t<\/li>\n<li class=\"product-features__item-list__item\" role=\"listitem\"><span class=\"is--medium\">D\u00e9roulement :<\/span> motoris\u00e9\t\t\t\t\t<\/li>\n<li class=\"product-features__item-list__item\" role=\"listitem\"><span class=\"is--medium\">Installation au sol :<\/span> Non\t\t\t\t\t<\/li>\n<li class=\"product-features__item-list__item\" role=\"listitem\"><span class=\"is--medium\">Fixation au plafond :<\/span> Non\t\t\t\t\t<\/li>\n<li class=\"product-features__item-list__item\" role=\"listitem\"><span class=\"is--medium\">Fixation murale :<\/span> Non\t\t\t\t\t<\/li>\n<li class=\"product-features__item-list__item\" role=\"listitem\"><span class=\"is--medium\">Hauteur d&rsquo;ouverture ajustable :<\/span> Non\t\t\t\t\t<\/li>\n<li class=\"product-features__item-list__item\" role=\"listitem\"><span class=\"is--medium\">Tendeurs int\u00e9gr\u00e9s :<\/span> Non\t\t\t\t\t<\/li>\n<\/ul>\n<\/li>\n<li class=\"product-features__item\" role=\"listitem\">\n<h3 class=\"product-features__label\">Ecran<\/h3>\n<ul role=\"list\">\n<li class=\"product-features__item-list__item\" role=\"listitem\"><span class=\"is--medium\">Type d&rsquo;\u00e9cran :<\/span> Ecran de projection\t\t\t\t\t<\/li>\n<li class=\"product-features__item-list__item\" role=\"listitem\"><span class=\"is--medium\">Format :<\/span> 1\/1, permet de projeter diff\u00e9rent formats. Id\u00e9al pour les professionnels\t\t\t\t\t<\/li>\n<li class=\"product-features__item-list__item\" role=\"listitem\"><span class=\"is--medium\">Dimensions (hauteur x base) :<\/span> 280 x 280 cm\t\t\t\t\t<\/li>\n<li class=\"product-features__item-list__item\" role=\"listitem\"><span class=\"is--medium\">Diagonale de l&rsquo;image :<\/span> non communiqu\u00e9e\t\t\t\t\t<\/li>\n<li class=\"product-features__item-list__item\" role=\"listitem\"><span class=\"is--medium\">Extra drop :<\/span> Non\t\t\t\t\t<\/li>\n<li class=\"product-features__item-list__item\" role=\"listitem\"><span class=\"is--medium\">Cadrage noir :<\/span> non\t\t\t\t\t<\/li>\n<li class=\"product-features__item-list__item\" role=\"listitem\"><span class=\"is--medium\">Dos noir :<\/span> non communiqu\u00e9\t\t\t\t\t<\/li>\n<li class=\"product-features__item-list__item\" role=\"listitem\"><span class=\"is--medium\">Gain :<\/span> non communiqu\u00e9\t\t\t\t\t<\/li>\n<li class=\"product-features__item-list__item\" role=\"listitem\"><span class=\"is--medium\">Traitement sur l&rsquo;\u00e9cran :<\/span> non communiqu\u00e9\t\t\t\t\t<\/li>\n<li class=\"product-features__item-list__item\" role=\"listitem\"><span class=\"is--medium\">Ecran accoustique :<\/span> non\t\t\t\t\t<\/li>\n<li class=\"product-features__item-list__item\" role=\"listitem\"><span class=\"is--medium\">Coloris :<\/span> blanc mat\t\t\t\t\t<\/li>\n<\/ul>\n<\/li>\n<li class=\"product-features__item\" role=\"listitem\">\n<h3 class=\"product-features__label\">Dimensions<\/h3>\n<ul role=\"list\">\n<li class=\"product-features__item-list__item\" role=\"listitem\"><span class=\"is--medium\">Dimensions l x h x p :<\/span> 280 x 280 x NC cm\t\t\t\t\t<\/li>\n<\/ul>\n<\/li>\n<li class=\"product-features__item\" role=\"listitem\">\n<h3 class=\"product-features__label\">Informations compl\u00e9mentaires<\/h3>\n<ul role=\"list\">\n<li class=\"product-features__item-list__item\" role=\"listitem\"><span class=\"is--medium\">Disponibilit\u00e9 des pi\u00e8ces d\u00e9tach\u00e9es (donn\u00e9es fournisseur) :<\/span> Non communiqu\u00e9e\t\t\t\t\t<\/li>\n<li class=\"product-features__item-list__item\" role=\"listitem\"><span class=\"is--medium\">R\u00e9f\u00e9rence constructeur :<\/span> Motoris\u00e9 PRO 280 x 280 cm\t\t\t\t\t<\/li>\n<li class=\"product-features__item-list__item\" role=\"listitem\"><span class=\"is--medium\">Marque :<\/span> CELEXON\t\t\t\t\t<\/li>\n<\/ul>\n<\/li>\n<\/ul>\n<\/div>\n<div class=\"product__disclosure-content\">\n<div class=\"js-read-more product-description__content\" data-read-more-name=\"description\" style=\"max-height: 500px; overflow: hidden;\">\n<p>Ecran de projection Celexon Motoris\u00e9 PRO 280 x 280 cm Les produits de la s\u00e9rie Motoris\u00e9 PRO de Celexon sont des \u00e9crans de qualit\u00e9 et robustes, parfaits pour tout type de projection. Caract\u00e9ristiques : &#8211; Surface utile: 270 x 270 cm (correspond \u00e0\u00a0 une diagonale de 153 pouces ou 388 cm) &#8211; Bords noirs: 0 x 5 x 5 cm (bas\/gauche\/droite) &#8211; Dimensions totales du carter : 295 x 9 x 9 cm (L x H x P) &#8211; Poids : 20 kg &#8211; Dos noir opaque &#8211; Tr\u00e8s bon tendu gr\u00e2ce \u00e0\u00a0 une toile \u00e9paisse et lourde &#8211; Puissance : 40 Watts \/ Tension : 230 Volts \/ Fr\u00e9quence : 50 Hz &#8211; Sortie de c\u00e2ble \u00e0\u00a0 gauche (vu de face) &#8211; Bo\u00eetier de pilotage mural et t\u00e9l\u00e9commande IR inclus dans la livraison &#8211; Fixation au mur ou plafond &#8211; Carter blanc \u00e9l\u00e9gant &#8211; Id\u00e9al pour le Home Cinema et les salles de s\u00e9minaire avec un facteur de gain de 1,2 &#8211; Hauteur d&rsquo; arr\u00eat r\u00e9glable sans \u00e0\u00a0-coups pour obtenir d&rsquo; autres formats L&rsquo;\u00e9cran Motoris\u00e9 PRO se pr\u00eate \u00e0\u00a0 merveille aux salles de conf\u00e9rence haut de gamme. Il donne \u00e9galement des r\u00e9sultats spectaculaires dans un environnement Home Cinema. Sa toile \u00e9paisse et lourde lui conf\u00e8re un excellent tendu. Vous pouvez le piloter \u00e0\u00a0 votre convenance : soit avec la t\u00e9l\u00e9commande, soit avec le bo\u00eetier de commande mural. L&rsquo;\u00e9cran de projection renferme un moteur silencieux. Son carter carr\u00e9 permet une fixation aussi bien au mur qu&rsquo;au plafond. La sortie de c\u00e2ble se situe sur la gauche, vu de face. Gr\u00e2ce \u00e0\u00a0 la m\u00e9canique de pr\u00e9cision dont sont \u00e9quip\u00e9s les produits de la s\u00e9rie PRO, l&rsquo;\u00e9cran est r\u00e9glable en hauteur sans le moindre \u00e0\u00a0-coup. Ainsi, en plus d&rsquo; un format 1:1, vous pouvez obtenir un format 4:3, 16:9, voire 21:9. L&rsquo; \u00e9cran de projection Celexon Motoris\u00e9 PRO refl\u00e8te votre image avec un facteur gain de 1,2. Il est optimis\u00e9 pour les vid\u00e9oprojecteurs LCD comme les DLP et permet un angle de vision tr\u00e8s large. Le dos noir opaque retient la lumi\u00e8re de votre projection pour que votre image soit des plus lumineuses possibles. De plus, il vous permet de placer l&rsquo; \u00e9cran devant une fen\u00eatre. Les bords noirs, en s&rsquo;adaptant parfaitement au format de votre image, offrent un tr\u00e8s bon contraste pour un meilleur confort visuel pendant la projection. Ils contribuent \u00e9galement \u00e0\u00a0 une meilleure tenue de la toile. Le pack comprend: le bo\u00eetier de pilotage mural, une t\u00e9l\u00e9commande infrarouge (piles incluses), le mat\u00e9riel de montage au mur et la notice d&rsquo; installation. Remarque : Les valeurs indiqu\u00e9es sont des moyennes. De l\u00e9g\u00e8res diff\u00e9rences sont possibles, dues \u00e0\u00a0 la production en s\u00e9rie.<\/p>\n<\/div>\n<\/div>","protected":false},"excerpt":{"rendered":"<div class=\"keypoints\">\n<h3 class=\"keypoints__title\">Les points cl\u00e9s<\/h3>\n<ul role=\"list\">\n<li class=\"keypoints__item\" role=\"listitem\">                                        Utilisation \u00e9cran : fixe                      <\/li>\n<li class=\"keypoints__item\" role=\"listitem\">                                        Format : 1\/1                      <\/li>\n<li class=\"keypoints__item\" role=\"listitem\">                          motoris\u00e9 &#8211;                                                      280 x 280 cm                      <\/li>\n<\/ul>","protected":false},"featured_media":90441,"template":"","meta":{"_glsr_average":0,"_glsr_ranking":0,"_glsr_reviews":0},"product_cat":[492],"product_tag":[493,451],"class_list":{"0":"post-90442","1":"product","2":"type-product","3":"status-publish","4":"has-post-thumbnail","6":"product_cat-ecran-de-projection","7":"product_tag-ecran-de-projection","8":"product_tag-tv-image-son","10":"first","11":"instock","12":"sale","13":"shipping-taxable","14":"purchasable","15":"product-type-simple"},"_links":{"self":[{"href":"https:\/\/electromenagerexpress.com\/en\/wp-json\/wp\/v2\/product\/90442","targetHints":{"allow":["GET"]}}],"collection":[{"href":"https:\/\/electromenagerexpress.com\/en\/wp-json\/wp\/v2\/product"}],"about":[{"href":"https:\/\/electromenagerexpress.com\/en\/wp-json\/wp\/v2\/types\/product"}],"wp:featuredmedia":[{"embeddable":true,"href":"https:\/\/electromenagerexpress.com\/en\/wp-json\/wp\/v2\/media\/90441"}],"wp:attachment":[{"href":"https:\/\/electromenagerexpress.com\/en\/wp-json\/wp\/v2\/media?parent=90442"}],"wp:term":[{"taxonomy":"product_cat","embeddable":true,"href":"https:\/\/electromenagerexpress.com\/en\/wp-json\/wp\/v2\/product_cat?post=90442"},{"taxonomy":"product_tag","embeddable":true,"href":"https:\/\/electromenagerexpress.com\/en\/wp-json\/wp\/v2\/product_tag?post=90442"}],"curies":[{"name":"wp","href":"https:\/\/api.w.org\/{rel}","templated":true}]}}