{"id":90431,"date":"2024-11-24T17:44:14","date_gmt":"2024-11-24T17:44:14","guid":{"rendered":"https:\/\/electromenagerexpress.com\/product\/ecran-de-projectioncelexonsur-cadre-a-haut-contraste-300x169-135\/"},"modified":"2024-11-24T17:44:15","modified_gmt":"2024-11-24T17:44:15","slug":"ecran-de-projectioncelexonsur-cadre-a-haut-contraste-300x169-135","status":"publish","type":"product","link":"https:\/\/electromenagerexpress.com\/en\/product\/ecran-de-projectioncelexonsur-cadre-a-haut-contraste-300x169-135\/","title":{"rendered":"Ecran de projection\t\t\t\t\t\t\tCELEXON\t\t\t\tsur cadre \u00e0 Haut Contraste 300&#215;169, 135&Prime;"},"content":{"rendered":"<div class=\"product-features__content\">\n<ul role=\"list\">\n<li class=\"product-features__item\" role=\"listitem\">\n<h3 class=\"product-features__label\">Installation<\/h3>\n<ul role=\"list\">\n<li class=\"product-features__item-list__item\" role=\"listitem\"><span class=\"is--medium\">Utilisation :<\/span> fixe, id\u00e9al pour une installation avec un emplacement d\u00e9di\u00e9\t\t\t\t\t<\/li>\n<li class=\"product-features__item-list__item\" role=\"listitem\"><span class=\"is--medium\">Installation transportable :<\/span> non concern\u00e9\t\t\t\t\t<\/li>\n<li class=\"product-features__item-list__item\" role=\"listitem\"><span class=\"is--medium\">Installation fixe :<\/span> \u00e9cran sur cadre, il ne poss\u00e9de pas de m\u00e9canisme, se pr\u00e9sente comme un grand tableau et permet d&rsquo;avoir la toile parfaitement tendue\t\t\t\t\t<\/li>\n<li class=\"product-features__item-list__item\" role=\"listitem\"><span class=\"is--medium\">D\u00e9roulement :<\/span> fixe\t\t\t\t\t<\/li>\n<li class=\"product-features__item-list__item\" role=\"listitem\"><span class=\"is--medium\">Installation au sol :<\/span> Non\t\t\t\t\t<\/li>\n<li class=\"product-features__item-list__item\" role=\"listitem\"><span class=\"is--medium\">Fixation au plafond :<\/span> Non\t\t\t\t\t<\/li>\n<li class=\"product-features__item-list__item\" role=\"listitem\"><span class=\"is--medium\">Fixation murale :<\/span> Oui\t\t\t\t\t<\/li>\n<li class=\"product-features__item-list__item\" role=\"listitem\"><span class=\"is--medium\">Hauteur d&rsquo;ouverture ajustable :<\/span> Non\t\t\t\t\t<\/li>\n<li class=\"product-features__item-list__item\" role=\"listitem\"><span class=\"is--medium\">Tendeurs int\u00e9gr\u00e9s :<\/span> Non\t\t\t\t\t<\/li>\n<\/ul>\n<\/li>\n<li class=\"product-features__item\" role=\"listitem\">\n<h3 class=\"product-features__label\">Ecran<\/h3>\n<ul role=\"list\">\n<li class=\"product-features__item-list__item\" role=\"listitem\"><span class=\"is--medium\">Type d&rsquo;\u00e9cran :<\/span> Ecran de projection\t\t\t\t\t<\/li>\n<li class=\"product-features__item-list__item\" role=\"listitem\"><span class=\"is--medium\">Format :<\/span> 16\/09, id\u00e9al pour des images de films ou de t\u00e9l\u00e9vision\t\t\t\t\t<\/li>\n<li class=\"product-features__item-list__item\" role=\"listitem\"><span class=\"is--medium\">Dimensions (hauteur x base) :<\/span> 169 x 300 cm\t\t\t\t\t<\/li>\n<li class=\"product-features__item-list__item\" role=\"listitem\"><span class=\"is--medium\">Diagonale de l&rsquo;image :<\/span> non communiqu\u00e9e\t\t\t\t\t<\/li>\n<li class=\"product-features__item-list__item\" role=\"listitem\"><span class=\"is--medium\">Extra drop :<\/span> Non\t\t\t\t\t<\/li>\n<li class=\"product-features__item-list__item\" role=\"listitem\"><span class=\"is--medium\">Cadrage noir :<\/span> non\t\t\t\t\t<\/li>\n<li class=\"product-features__item-list__item\" role=\"listitem\"><span class=\"is--medium\">Dos noir :<\/span> non communiqu\u00e9\t\t\t\t\t<\/li>\n<li class=\"product-features__item-list__item\" role=\"listitem\"><span class=\"is--medium\">Gain :<\/span> non communiqu\u00e9\t\t\t\t\t<\/li>\n<li class=\"product-features__item-list__item\" role=\"listitem\"><span class=\"is--medium\">Traitement sur l&rsquo;\u00e9cran :<\/span> non communiqu\u00e9\t\t\t\t\t<\/li>\n<li class=\"product-features__item-list__item\" role=\"listitem\"><span class=\"is--medium\">Ecran accoustique :<\/span> non\t\t\t\t\t<\/li>\n<li class=\"product-features__item-list__item\" role=\"listitem\"><span class=\"is--medium\">Coloris :<\/span> Blanc\t\t\t\t\t<\/li>\n<\/ul>\n<\/li>\n<li class=\"product-features__item\" role=\"listitem\">\n<h3 class=\"product-features__label\">Informations compl\u00e9mentaires<\/h3>\n<ul role=\"list\">\n<li class=\"product-features__item-list__item\" role=\"listitem\"><span class=\"is--medium\">Fabriqu\u00e9 en :<\/span> Pologne\t\t\t\t\t<\/li>\n<li class=\"product-features__item-list__item\" role=\"listitem\"><span class=\"is--medium\">Disponibilit\u00e9 des pi\u00e8ces d\u00e9tach\u00e9es (donn\u00e9es fournisseur) :<\/span> Non communiqu\u00e9e\t\t\t\t\t<\/li>\n<li class=\"product-features__item-list__item\" role=\"listitem\"><span class=\"is--medium\">R\u00e9f\u00e9rence constructeur :<\/span> sur cadre \u00e0 Haut Contraste 300&#215;169, 135&Prime;\t\t\t\t\t<\/li>\n<li class=\"product-features__item-list__item\" role=\"listitem\"><span class=\"is--medium\">Marque :<\/span> CELEXON\t\t\t\t\t<\/li>\n<\/ul>\n<\/li>\n<\/ul>\n<\/div>\n<div class=\"product__disclosure-content\">\n<div class=\"js-read-more product-description__content read-more read-more--truncated\" data-read-more-name=\"description\" style=\"max-height: 500px; overflow: hidden;\">\n<p> <strong>L&rsquo;\u00e9cran a tout autant d&rsquo;influence sur la qualit\u00e9 de l&rsquo;image dans les pi\u00e8ces lumineuses que le vid\u00e9oprojecteur lui-m\u00eame.<\/strong> La lumi\u00e8re parasite des plafonniers ou des lampes, ou encore les reflets de lumi\u00e8re sur les murs blancs peuvent g\u00e2cher l&rsquo;exp\u00e9rience du home cin\u00e9ma. La solution ? L&rsquo;\u00e9cran sur cadre DELUXX Cin\u00e9ma \u00e0 Haut Contraste DAYVISION ALR au gain de 1.0 qui filtre la lumi\u00e8re parasite g\u00eanante et concentre la lumi\u00e8re de la projection sur le spectateur sans alt\u00e9rer les couleurs.  <\/p>\n<p> Ainsi, l&rsquo;\u00e9cran DELUXX Cin\u00e9ma \u00e0 Haut Contraste &#8211; DAYVISION ALR <strong>combine les propri\u00e9t\u00e9s optimales pour une image de qualit\u00e9 dans les home-cin\u00e9mas<\/strong>. <\/p>\n<p> Le DELUXX Cin\u00e9ma \u00e0 Haut Contraste DAYVISION ALR est un \u00e9cran sur cadre de haute qualit\u00e9 avec des rebords en velours. Ajout\u00e9 \u00e0 cela, la construction du cadre plat avec des profils aplatis vers l&rsquo;int\u00e9rieur \u00e9limine toutes les r\u00e9flexions de lumi\u00e8re sur les bords. Avec seulement 28 mm d&rsquo;\u00e9paisseur, le cadre repose \u00e0 plat sur le mur, cr\u00e9ant un aspect particuli\u00e8rement homog\u00e8ne et discret, m\u00eame lorsqu&rsquo;il n&rsquo;est pas utilis\u00e9. Les cordons en caoutchouc tendus au dos maintiennent la toile sous tension en permanence et assurent une plan\u00e9it\u00e9 parfaite jusqu&rsquo;aux bords. <\/p>\n<p> <strong>Transformez votre salon en un home cin\u00e9ma professionnel en quelques \u00e9tapes simples.<\/strong> <\/p>\n<p> La toile de l&rsquo;\u00e9cran DAYVISION ALR a \u00e9t\u00e9 sp\u00e9cialement d\u00e9velopp\u00e9e pour maximiser la valeur de contraste, m\u00eame avec une lumi\u00e8re environnante. Vous pouvez dire adieu aux &lsquo;effets d\u00e9lav\u00e9s&rsquo; ou au &lsquo;nuage gris&rsquo; typiques, m\u00eame \u00e0 de faibles niveaux d&rsquo;assombrissement. La toile DAYVISION ALR est d\u00e9lib\u00e9r\u00e9ment con\u00e7ue pour \u00eatre neutre <strong>avec un gain de 1,0<\/strong> et reproduit l&rsquo;image projet\u00e9e avec une extr\u00eame fid\u00e9lit\u00e9 des couleurs. Les effets de scintillement g\u00eanants et les points chauds qui en r\u00e9sultent sont activement \u00e9vit\u00e9s.  <\/p>\n<p> La toile DAYVISION ALR de DELUXX a \u00e9t\u00e9 d\u00e9velopp\u00e9e avec une structure de surface extr\u00eamement fine et convient d\u00e9j\u00e0 pour le 8K tout en \u00e9tant presque 100% neutre en termes reproduction de couleur. Le bord noir tout autour assure non seulement un affichage propre de l&rsquo;image, mais aussi une <strong>meilleure perception du contraste et un visionnage sans fatigue<\/strong> lors de projection prolong\u00e9e. Le masquage est soud\u00e9 par ultrasons \u00e0 la toile avec une extr\u00eame pr\u00e9cision, ce qui permet d&rsquo;obtenir des bords homog\u00e8nes, propres et 100% droits sans exception. <\/p>\n<p> Gr\u00e2ce \u00e0 une fabrication de toile de haute qualit\u00e9, \u00e0 des techniques de traitement sp\u00e9ciales et \u00e0 la tension au dos, une excellente plan\u00e9it\u00e9 est assur\u00e9e. Chaque \u00e9cran DAYVISION ALR de DELUXX est assembl\u00e9 \u00e0 la main \u00e0 partir de composants de haute qualit\u00e9, mesur\u00e9 et ajust\u00e9 avec une grande pr\u00e9cision, et inspect\u00e9 visuellement avant la livraison. <\/p>\n<p> <strong>\u00c9cran :<\/strong> <\/p>\n<ul>\n<li>Surface visible : 300 x 169 cm, 135&prime;  <\/li>\n<li>Toile DELUXX DayVision ALR au Gain de 1.0 pour la reproduction d&rsquo;images \u00e0 fort contraste et des couleurs fid\u00e8les  <\/li>\n<li>Meilleur contraste que les toiles classiques  <\/li>\n<li>Structure du toile extr\u00eamement fine : 8K \u00e0 16K appropri\u00e9  <\/li>\n<li>Grand angle de vision de 150 degr\u00e9s <\/li>\n<\/ul>\n<p> <strong>Montage et conception :<\/strong> <\/p>\n<ul>\n<li>Cadre en aluminium aux dimensions stables, r\u00e9sistant \u00e0 la flexion et fabriqu\u00e9 avec pr\u00e9cision, avec rev\u00eatement en velour  <\/li>\n<li>Dimensions ext\u00e9rieures du cadre : 317 x 186 x 2,8cm (Lxlxh)  <\/li>\n<li>Kit de montage intelligent, discret et flexible pour montage mural  <\/li>\n<li>Comprend le mat\u00e9riel de montage <\/li>\n<\/ul>\n<p> <strong>Contenu de la livraison :<\/strong> <\/p>\n<ul>\n<li>Un \u00e9cran sur cadre DELUXX Cin\u00e9ma \u00e0 Haut Contraste &#8211; DAYVISION ALR  <\/li>\n<li>Support mural  <\/li>\n<li>Un jeu de mat\u00e9riel de montage pour les structures de support en b\u00e9ton \/ pierre  <\/li>\n<li>Instructions de montage et d&rsquo;utilisation et mode d&#8217;emploi de l&rsquo;\u00e9cran <\/li>\n<\/ul>\n<\/div>\n<p><bl-button a11yexpanded=\"false\" arialabel=\"Afficher toute la description\" class=\"read-more__btn\" full=\"false\" link=\"true\"><\/bl-button><\/div>","protected":false},"excerpt":{"rendered":"<div class=\"keypoints\">\n<h3 class=\"keypoints__title\">Les points cl\u00e9s<\/h3>\n<ul role=\"list\">\n<li class=\"keypoints__item\" role=\"listitem\">                                        Utilisation \u00e9cran : fixe                      <\/li>\n<li class=\"keypoints__item\" role=\"listitem\">                                        Format : 16\/9                      <\/li>\n<li class=\"keypoints__item\" role=\"listitem\">                          fixe &#8211;                                                      169 x 300 cm                      <\/li>\n<\/ul>","protected":false},"featured_media":90430,"template":"","meta":{"_glsr_average":0,"_glsr_ranking":0,"_glsr_reviews":0},"product_cat":[492],"product_tag":[493,451],"class_list":{"0":"post-90431","1":"product","2":"type-product","3":"status-publish","4":"has-post-thumbnail","6":"product_cat-ecran-de-projection","7":"product_tag-ecran-de-projection","8":"product_tag-tv-image-son","10":"first","11":"instock","12":"sale","13":"shipping-taxable","14":"purchasable","15":"product-type-simple"},"_links":{"self":[{"href":"https:\/\/electromenagerexpress.com\/en\/wp-json\/wp\/v2\/product\/90431","targetHints":{"allow":["GET"]}}],"collection":[{"href":"https:\/\/electromenagerexpress.com\/en\/wp-json\/wp\/v2\/product"}],"about":[{"href":"https:\/\/electromenagerexpress.com\/en\/wp-json\/wp\/v2\/types\/product"}],"wp:featuredmedia":[{"embeddable":true,"href":"https:\/\/electromenagerexpress.com\/en\/wp-json\/wp\/v2\/media\/90430"}],"wp:attachment":[{"href":"https:\/\/electromenagerexpress.com\/en\/wp-json\/wp\/v2\/media?parent=90431"}],"wp:term":[{"taxonomy":"product_cat","embeddable":true,"href":"https:\/\/electromenagerexpress.com\/en\/wp-json\/wp\/v2\/product_cat?post=90431"},{"taxonomy":"product_tag","embeddable":true,"href":"https:\/\/electromenagerexpress.com\/en\/wp-json\/wp\/v2\/product_tag?post=90431"}],"curies":[{"name":"wp","href":"https:\/\/api.w.org\/{rel}","templated":true}]}}