{"id":90402,"date":"2024-11-24T17:43:45","date_gmt":"2024-11-24T17:43:45","guid":{"rendered":"https:\/\/electromenagerexpress.com\/product\/ecran-de-projectioncelexonsur-cadre-toile-haut-contraste-265x149\/"},"modified":"2024-11-24T17:43:50","modified_gmt":"2024-11-24T17:43:50","slug":"ecran-de-projectioncelexonsur-cadre-toile-haut-contraste-265x149","status":"publish","type":"product","link":"https:\/\/electromenagerexpress.com\/en\/product\/ecran-de-projectioncelexonsur-cadre-toile-haut-contraste-265x149\/","title":{"rendered":"Ecran de projection\t\t\t\t\t\t\tCELEXON\t\t\t\tsur cadre toile Haut Contraste 265&#215;149"},"content":{"rendered":"<div class=\"product-features__content\">\n<ul role=\"list\">\n<li class=\"product-features__item\" role=\"listitem\">\n<h3 class=\"product-features__label\">Installation<\/h3>\n<ul role=\"list\">\n<li class=\"product-features__item-list__item\" role=\"listitem\"><span class=\"is--medium\">Utilisation :<\/span> fixe, id\u00e9al pour une installation avec un emplacement d\u00e9di\u00e9\t\t\t\t\t<\/li>\n<li class=\"product-features__item-list__item\" role=\"listitem\"><span class=\"is--medium\">Installation transportable :<\/span> non concern\u00e9\t\t\t\t\t<\/li>\n<li class=\"product-features__item-list__item\" role=\"listitem\"><span class=\"is--medium\">Installation fixe :<\/span> \u00e9cran sur cadre, il ne poss\u00e9de pas de m\u00e9canisme, se pr\u00e9sente comme un grand tableau et permet d&rsquo;avoir la toile parfaitement tendue\t\t\t\t\t<\/li>\n<li class=\"product-features__item-list__item\" role=\"listitem\"><span class=\"is--medium\">D\u00e9roulement :<\/span> fixe\t\t\t\t\t<\/li>\n<li class=\"product-features__item-list__item\" role=\"listitem\"><span class=\"is--medium\">Installation au sol :<\/span> Non\t\t\t\t\t<\/li>\n<li class=\"product-features__item-list__item\" role=\"listitem\"><span class=\"is--medium\">Fixation au plafond :<\/span> Non\t\t\t\t\t<\/li>\n<li class=\"product-features__item-list__item\" role=\"listitem\"><span class=\"is--medium\">Fixation murale :<\/span> Non\t\t\t\t\t<\/li>\n<li class=\"product-features__item-list__item\" role=\"listitem\"><span class=\"is--medium\">Hauteur d&rsquo;ouverture ajustable :<\/span> Non\t\t\t\t\t<\/li>\n<li class=\"product-features__item-list__item\" role=\"listitem\"><span class=\"is--medium\">Tendeurs int\u00e9gr\u00e9s :<\/span> Non\t\t\t\t\t<\/li>\n<\/ul>\n<\/li>\n<li class=\"product-features__item\" role=\"listitem\">\n<h3 class=\"product-features__label\">Ecran<\/h3>\n<ul role=\"list\">\n<li class=\"product-features__item-list__item\" role=\"listitem\"><span class=\"is--medium\">Type d&rsquo;\u00e9cran :<\/span> Ecran de projection\t\t\t\t\t<\/li>\n<li class=\"product-features__item-list__item\" role=\"listitem\"><span class=\"is--medium\">Format :<\/span> 16\/09, id\u00e9al pour des images de films ou de t\u00e9l\u00e9vision\t\t\t\t\t<\/li>\n<li class=\"product-features__item-list__item\" role=\"listitem\"><span class=\"is--medium\">Dimensions (hauteur x base) :<\/span> 149 x 265 cm\t\t\t\t\t<\/li>\n<li class=\"product-features__item-list__item\" role=\"listitem\"><span class=\"is--medium\">Diagonale de l&rsquo;image :<\/span> non communiqu\u00e9e\t\t\t\t\t<\/li>\n<li class=\"product-features__item-list__item\" role=\"listitem\"><span class=\"is--medium\">Extra drop :<\/span> Non\t\t\t\t\t<\/li>\n<li class=\"product-features__item-list__item\" role=\"listitem\"><span class=\"is--medium\">Cadrage noir :<\/span> non\t\t\t\t\t<\/li>\n<li class=\"product-features__item-list__item\" role=\"listitem\"><span class=\"is--medium\">Dos noir :<\/span> non communiqu\u00e9\t\t\t\t\t<\/li>\n<li class=\"product-features__item-list__item\" role=\"listitem\"><span class=\"is--medium\">Gain :<\/span> non communiqu\u00e9\t\t\t\t\t<\/li>\n<li class=\"product-features__item-list__item\" role=\"listitem\"><span class=\"is--medium\">Traitement sur l&rsquo;\u00e9cran :<\/span> non communiqu\u00e9\t\t\t\t\t<\/li>\n<li class=\"product-features__item-list__item\" role=\"listitem\"><span class=\"is--medium\">Ecran accoustique :<\/span> non\t\t\t\t\t<\/li>\n<li class=\"product-features__item-list__item\" role=\"listitem\"><span class=\"is--medium\">Coloris :<\/span> blanc mat\t\t\t\t\t<\/li>\n<\/ul>\n<\/li>\n<li class=\"product-features__item\" role=\"listitem\">\n<h3 class=\"product-features__label\">Informations compl\u00e9mentaires<\/h3>\n<ul role=\"list\">\n<li class=\"product-features__item-list__item\" role=\"listitem\"><span class=\"is--medium\">Fabriqu\u00e9 en :<\/span> Chine\t\t\t\t\t<\/li>\n<li class=\"product-features__item-list__item\" role=\"listitem\"><span class=\"is--medium\">Disponibilit\u00e9 des pi\u00e8ces d\u00e9tach\u00e9es (donn\u00e9es fournisseur) :<\/span> Non communiqu\u00e9e\t\t\t\t\t<\/li>\n<li class=\"product-features__item-list__item\" role=\"listitem\"><span class=\"is--medium\">R\u00e9f\u00e9rence constructeur :<\/span> sur cadre toile Haut Contraste 265&#215;149\t\t\t\t\t<\/li>\n<li class=\"product-features__item-list__item\" role=\"listitem\"><span class=\"is--medium\">Marque :<\/span> CELEXON\t\t\t\t\t<\/li>\n<\/ul>\n<\/li>\n<\/ul>\n<\/div>\n<div class=\"product__disclosure-content\">\n<div class=\"js-read-more product-description__content read-more read-more--truncated\" data-read-more-name=\"description\" style=\"max-height: 500px; overflow: hidden;\">\n<p> Nous avons d\u00e9velopp\u00e9 un \u00e9cran sur cadre celexon HomeCinema pour tous les cin\u00e9astes et les amateurs de home cin\u00e9ma. Nous avons accord\u00e9 autant d&rsquo;importance aux composants fonctionnels et aux caract\u00e9ristiques utiles qu&rsquo;\u00e0 un design \u00e9l\u00e9gant, \u00e0 l&rsquo;utilisation de mat\u00e9riaux de haute qualit\u00e9 et \u00e0 un excellent rapport prix\/performance. <\/p>\n<p> <strong>\u00c9CRAN DE PROJECTION | TECHNOLOGIE<\/strong> <\/p>\n<p> <strong>La qualit\u00e9 de notre toile d&rsquo;\u00e9cran \u00e0 haut contraste Dynamic Slate<\/strong> <\/p>\n<p> Une exp\u00e9rience home cin\u00e9ma parfaite entre vos quatre murs peut rapidement \u00eatre mise \u00e0 mal et d\u00e9t\u00e9rior\u00e9e par la lumi\u00e8re r\u00e9siduelle de la pi\u00e8ce ou les reflets lumineux provenant des murs blancs. Notre \u00e9cran \u00e0 haut contraste ALR &lsquo;Dynamic Slate&rsquo; au gain de 0,8 permet d&rsquo;y rem\u00e9dier. Il filtre avec succ\u00e8s la lumi\u00e8re parasite g\u00eanante et concentre la lumi\u00e8re provenant de la projection directement sur le spectateur sans d\u00e9former les couleurs. Le contraste perceptible \u00e0 l&rsquo;image est alors augment\u00e9 consid\u00e9rablement. <\/p>\n<p> Notre toile Dynamic Slate a \u00e9t\u00e9 sp\u00e9cialement d\u00e9velopp\u00e9e pour optimiser la valeur de contraste, m\u00eame avec une lumi\u00e8re r\u00e9siduelle. Vous pouvez dire adieu aux &lsquo;effets de d\u00e9lavage&rsquo; ou au &lsquo;voile gris&rsquo;, m\u00eame \u00e0 de faibles niveaux d&rsquo;assombrissement. La toile Dynamic Slate ALR est d\u00e9lib\u00e9r\u00e9ment con\u00e7ue pour \u00eatre neutre avec un gain de 0,8 et reproduit l&rsquo;image projet\u00e9e avec les couleurs r\u00e9elles. Aussi, les effets paillet\u00e9s g\u00eanants et les points chauds sont activement \u00e9vit\u00e9s avec cet \u00e9cran.  <\/p>\n<p> La toile a \u00e9t\u00e9 d\u00e9velopp\u00e9e avec une structure de surface extr\u00eamement fine et est d\u00e9j\u00e0 adapt\u00e9e \u00e0 la 8K ainsi qu&rsquo;\u00e0 une reproduction presque 100% neutre en termes de couleurs. Le cadre fin ne fait que 15 mm de large et cr\u00e9e ainsi l&rsquo;illusion d&rsquo;une t\u00e9l\u00e9vision LED, avec une diagonale d&rsquo;\u00e9cran allant jusqu&rsquo;\u00e0 135&prime;. Adapt\u00e9 aux vid\u00e9oprojecteurs \u00e0 ultra-courte distance, vous pouvez cr\u00e9er un grand \u00e9cran de t\u00e9l\u00e9vision de grande envergure &#8211; le home cin\u00e9ma et le plaisir de la t\u00e9l\u00e9vision fusionnent ! <\/p>\n<p> <strong>INFORMATION SUCCINCTE<\/strong> <\/p>\n<ul>\n<li>Surface de projection visible : 265 x 149 cm (120&prime;)  <\/li>\n<li>Format : 16:9  <\/li>\n<li>Construction de paroi ultra plate : 32 mm  <\/li>\n<li>Toile : technologie celexon Dynamic Slate ALR pour un contraste \u00e9lev\u00e9 et une reproduction pr\u00e9cise des images 8k  <\/li>\n<li>SlimFrame = encadrement ultra-plat de 15 mm pour une utilisation maximale de toute la surface de projection  <\/li>\n<li>Facteur de gain de 0,8, angle de vue de 160\u00b0  <\/li>\n<li>Cadre en aluminium extrud\u00e9 extr\u00eamement rigide &#8211; finition noire mate  <\/li>\n<li>Absorbe efficacement les r\u00e9flexions sur les bords et dissimule les \u00e9ventuels probl\u00e8mes de convergence (avec cadre de recouvrement)  <\/li>\n<li>Fixation innovante de la toile pour une plan\u00e9it\u00e9 parfaite gr\u00e2ce \u00e0 une tension permanente du ressort tout autour du cadre  <\/li>\n<li>Syst\u00e8me enfichable \u00e0 angle de 45\u00b0, facile \u00e0 installer (2 personnes recommand\u00e9es)  <\/li>\n<li>Montage mural, positionnement flexible sur la largeur de la toile   <\/li>\n<li>Dimensions ext\u00e9rieures du cadre : 268 x 152 x 3,6 cm, 16,5 kg (Lxlxh)  <\/li>\n<\/ul>\n<p> <strong>MONTAGE<\/strong> <\/p>\n<p> L&rsquo;\u00e9cran sur cadre HomeCinema peut \u00eatre install\u00e9 en toute s\u00e9curit\u00e9, facilement et rapidement. Le cadre en angles \u00e0 45 degr\u00e9s est viss\u00e9 \u00e0 l&rsquo;aide d&rsquo;\u00e9querres et la toile est tendue dessus par l&rsquo;avant, fix\u00e9e \u00e0 l&rsquo;arri\u00e8re par des ressorts m\u00e9talliques. Un cadre noir de couverture est ensuite install\u00e9 en option. <\/p>\n<p> Le cadre en aluminium, aux dimensions stables, est fix\u00e9 au mur \u00e0 l&rsquo;aide de deux \u00e9querres de montage. Les \u00e9querres de fixation peuvent \u00eatre positionn\u00e9es librement sur toute la largeur du cadre, en fonction des besoins du client (respecter la statique sensible). <\/p>\n<p> <strong>\u00c9TENDUE DE LA LIVRAISON<\/strong> <\/p>\n<ul>\n<li>Cadre de l&rsquo;\u00e9cran HomeCinema celexon &#8211; Dynamic Slate ALR  <\/li>\n<li>Toile d&rsquo;\u00e9cran en PVC multicouche avec la technologie ALR de celexon, gain 0,8, angle de vision 160\u00b0.  <\/li>\n<li>\u00c9querres de montage, mat\u00e9riel de montage et instructions d&rsquo;utilisation <\/li>\n<\/ul>\n<\/p>\n<\/div>\n<p><bl-button a11yexpanded=\"false\" arialabel=\"Afficher toute la description\" class=\"read-more__btn\" full=\"false\" link=\"true\">Voir plus<\/bl-button><\/div>","protected":false},"excerpt":{"rendered":"<div class=\"keypoints\">\n<h3 class=\"keypoints__title\">Les points cl\u00e9s<\/h3>\n<ul role=\"list\">\n<li class=\"keypoints__item\" role=\"listitem\">                                        Utilisation \u00e9cran : fixe                      <\/li>\n<li class=\"keypoints__item\" role=\"listitem\">                                        Format : 16\/9                      <\/li>\n<li class=\"keypoints__item\" role=\"listitem\">                          fixe &#8211;                                                      149 x 265 cm                      <\/li>\n<\/ul>","protected":false},"featured_media":90401,"template":"","meta":{"_glsr_average":0,"_glsr_ranking":0,"_glsr_reviews":0},"product_cat":[492],"product_tag":[493,451],"class_list":{"0":"post-90402","1":"product","2":"type-product","3":"status-publish","4":"has-post-thumbnail","6":"product_cat-ecran-de-projection","7":"product_tag-ecran-de-projection","8":"product_tag-tv-image-son","10":"first","11":"instock","12":"sale","13":"shipping-taxable","14":"purchasable","15":"product-type-simple"},"_links":{"self":[{"href":"https:\/\/electromenagerexpress.com\/en\/wp-json\/wp\/v2\/product\/90402","targetHints":{"allow":["GET"]}}],"collection":[{"href":"https:\/\/electromenagerexpress.com\/en\/wp-json\/wp\/v2\/product"}],"about":[{"href":"https:\/\/electromenagerexpress.com\/en\/wp-json\/wp\/v2\/types\/product"}],"wp:featuredmedia":[{"embeddable":true,"href":"https:\/\/electromenagerexpress.com\/en\/wp-json\/wp\/v2\/media\/90401"}],"wp:attachment":[{"href":"https:\/\/electromenagerexpress.com\/en\/wp-json\/wp\/v2\/media?parent=90402"}],"wp:term":[{"taxonomy":"product_cat","embeddable":true,"href":"https:\/\/electromenagerexpress.com\/en\/wp-json\/wp\/v2\/product_cat?post=90402"},{"taxonomy":"product_tag","embeddable":true,"href":"https:\/\/electromenagerexpress.com\/en\/wp-json\/wp\/v2\/product_tag?post=90402"}],"curies":[{"name":"wp","href":"https:\/\/api.w.org\/{rel}","templated":true}]}}