{"id":90371,"date":"2024-11-24T17:43:16","date_gmt":"2024-11-24T17:43:16","guid":{"rendered":"https:\/\/electromenagerexpress.com\/product\/ecran-de-projectioncelexonmotorise-tensionne-cinema-298x168-135\/"},"modified":"2024-11-24T17:43:18","modified_gmt":"2024-11-24T17:43:18","slug":"ecran-de-projectioncelexonmotorise-tensionne-cinema-298x168-135","status":"publish","type":"product","link":"https:\/\/electromenagerexpress.com\/en\/product\/ecran-de-projectioncelexonmotorise-tensionne-cinema-298x168-135\/","title":{"rendered":"Ecran de projection\t\t\t\t\t\t\tCELEXON\t\t\t\tmotoris\u00e9 tensionn\u00e9 Cinema 298&#215;168, 135&Prime;"},"content":{"rendered":"<div class=\"product-features__content\">\n<ul role=\"list\">\n<li class=\"product-features__item\" role=\"listitem\">\n<h3 class=\"product-features__label\">Installation<\/h3>\n<ul role=\"list\">\n<li class=\"product-features__item-list__item\" role=\"listitem\"><span class=\"is--medium\">Utilisation :<\/span> fixe, id\u00e9al pour une installation avec un emplacement d\u00e9di\u00e9\t\t\t\t\t<\/li>\n<li class=\"product-features__item-list__item\" role=\"listitem\"><span class=\"is--medium\">Installation transportable :<\/span> non concern\u00e9\t\t\t\t\t<\/li>\n<li class=\"product-features__item-list__item\" role=\"listitem\"><span class=\"is--medium\">Installation fixe :<\/span> \u00e9cran motoris\u00e9, la toile descend et monte electriquement pour plus de confort\t\t\t\t\t<\/li>\n<li class=\"product-features__item-list__item\" role=\"listitem\"><span class=\"is--medium\">D\u00e9roulement :<\/span> motoris\u00e9\t\t\t\t\t<\/li>\n<li class=\"product-features__item-list__item\" role=\"listitem\"><span class=\"is--medium\">Installation au sol :<\/span> Non\t\t\t\t\t<\/li>\n<li class=\"product-features__item-list__item\" role=\"listitem\"><span class=\"is--medium\">Fixation au plafond :<\/span> Non\t\t\t\t\t<\/li>\n<li class=\"product-features__item-list__item\" role=\"listitem\"><span class=\"is--medium\">Fixation murale :<\/span> Non\t\t\t\t\t<\/li>\n<li class=\"product-features__item-list__item\" role=\"listitem\"><span class=\"is--medium\">Hauteur d&rsquo;ouverture ajustable :<\/span> Non\t\t\t\t\t<\/li>\n<li class=\"product-features__item-list__item\" role=\"listitem\"><span class=\"is--medium\">Tendeurs int\u00e9gr\u00e9s :<\/span> Non\t\t\t\t\t<\/li>\n<\/ul>\n<\/li>\n<li class=\"product-features__item\" role=\"listitem\">\n<h3 class=\"product-features__label\">Ecran<\/h3>\n<ul role=\"list\">\n<li class=\"product-features__item-list__item\" role=\"listitem\"><span class=\"is--medium\">Type d&rsquo;\u00e9cran :<\/span> Ecran de projection\t\t\t\t\t<\/li>\n<li class=\"product-features__item-list__item\" role=\"listitem\"><span class=\"is--medium\">Format :<\/span> 16\/09, id\u00e9al pour des images de films ou de t\u00e9l\u00e9vision\t\t\t\t\t<\/li>\n<li class=\"product-features__item-list__item\" role=\"listitem\"><span class=\"is--medium\">Dimensions (hauteur x base) :<\/span> 168 x 298 cm\t\t\t\t\t<\/li>\n<li class=\"product-features__item-list__item\" role=\"listitem\"><span class=\"is--medium\">Diagonale de l&rsquo;image :<\/span> non communiqu\u00e9e\t\t\t\t\t<\/li>\n<li class=\"product-features__item-list__item\" role=\"listitem\"><span class=\"is--medium\">Extra drop :<\/span> Non\t\t\t\t\t<\/li>\n<li class=\"product-features__item-list__item\" role=\"listitem\"><span class=\"is--medium\">Cadrage noir :<\/span> non\t\t\t\t\t<\/li>\n<li class=\"product-features__item-list__item\" role=\"listitem\"><span class=\"is--medium\">Dos noir :<\/span> non communiqu\u00e9\t\t\t\t\t<\/li>\n<li class=\"product-features__item-list__item\" role=\"listitem\"><span class=\"is--medium\">Gain :<\/span> non communiqu\u00e9\t\t\t\t\t<\/li>\n<li class=\"product-features__item-list__item\" role=\"listitem\"><span class=\"is--medium\">Traitement sur l&rsquo;\u00e9cran :<\/span> non communiqu\u00e9\t\t\t\t\t<\/li>\n<li class=\"product-features__item-list__item\" role=\"listitem\"><span class=\"is--medium\">Ecran accoustique :<\/span> non\t\t\t\t\t<\/li>\n<li class=\"product-features__item-list__item\" role=\"listitem\"><span class=\"is--medium\">Coloris :<\/span> blanc mat\t\t\t\t\t<\/li>\n<\/ul>\n<\/li>\n<li class=\"product-features__item\" role=\"listitem\">\n<h3 class=\"product-features__label\">Informations compl\u00e9mentaires<\/h3>\n<ul role=\"list\">\n<li class=\"product-features__item-list__item\" role=\"listitem\"><span class=\"is--medium\">Fabriqu\u00e9 en :<\/span> Chine\t\t\t\t\t<\/li>\n<li class=\"product-features__item-list__item\" role=\"listitem\"><span class=\"is--medium\">Disponibilit\u00e9 des pi\u00e8ces d\u00e9tach\u00e9es (donn\u00e9es fournisseur) :<\/span> Non communiqu\u00e9e\t\t\t\t\t<\/li>\n<li class=\"product-features__item-list__item\" role=\"listitem\"><span class=\"is--medium\">R\u00e9f\u00e9rence constructeur :<\/span> motoris\u00e9 tensionn\u00e9 Cinema 298&#215;168, 135&Prime;\t\t\t\t\t<\/li>\n<li class=\"product-features__item-list__item\" role=\"listitem\"><span class=\"is--medium\">Marque :<\/span> CELEXON\t\t\t\t\t<\/li>\n<\/ul>\n<\/li>\n<\/ul>\n<\/div>\n<div class=\"product__disclosure-content\">\n<div class=\"js-read-more product-description__content read-more read-more--truncated\" data-read-more-name=\"description\" style=\"max-height: 500px; overflow: hidden;\">\n<p><strong>\u00c9cran de projection motoris\u00e9 tensionn\u00e9 DELUXX Cinema 298 x 168 cm, 135&prime; &#8211; 4K Pro Fibre MWHT<\/strong><\/p>\n<p>L&rsquo;\u00e9cran motoris\u00e9 tensionn\u00e9 motoris\u00e9 MWHT DELUXX 4k Pro Fibre est une toile de haute qualit\u00e9 offrant une connectivit\u00e9 importante dans un carter blanc mat. Discret dans un salon ou une salle de home cin\u00e9ma, la toile de projection est fabriqu\u00e9e \u00e0 partir de fibre de verre permettant une meilleure stabilit\u00e9 li\u00e9 aux changements de temp\u00e9rature par rapport \u00e0 du PVC ou du vinyle. Cet \u00e9cran de projection peut \u00eatre utilis\u00e9 dans des zones plus sensibles \u00e0 la temp\u00e9rature (veuillez suivre les instructions jointes lors de la livraison).<\/p>\n<p>DELUXX a fabriqu\u00e9 la toile de projection 4K Pro Fibre avec une fine structure compatible avec des r\u00e9solutions allant jusqu&rsquo;au 8K.\u00a0<\/p>\n<p><strong>Caract\u00e9ristiques:<\/strong><\/p>\n<ul>\n<li>Surface blanche: 298 x 168 cm (135&prime;)<\/li>\n<li>Gain de 1,2 permettant d&rsquo;am\u00e9liorer la luminosit\u00e9 sans modification des couleurs<\/li>\n<li>Toile\u00a0 4K Pro Fibre-Technologie avec une surface de projection compos\u00e9 de d&rsquo;une fine structure pour une compatibilit\u00e9 jusqu&rsquo;au 8K<\/li>\n<li>Angle de vision important de plus de 150\u00b0<\/li>\n<li>\u00c9cran de projection compatible avec les vid\u00e9oprojecteurs \u00e0 courtes et normales (Attention : ne convient pas aux focales ultra-courtes)<\/li>\n<li>Toile compatible avec des r\u00e9solutions 8K<\/li>\n<li>Cadre noir \u00e0 gauche, \u00e0 droite et en bas.\u00a0 Bord noir de 13cm en haut<\/li>\n<\/ul>\n<p><strong>Montage et\u00a0 Design:<\/strong><\/p>\n<ul>\n<li>Carter en aluminium blanc mat\u00a0<\/li>\n<li>Possibilit\u00e9 d&rsquo;installer l&rsquo;\u00e9cran au mur et au plafond<\/li>\n<li>Installation facile et \u00e9cran &lsquo;pr\u00eat \u00e0 l&#8217;emploi&rsquo;<\/li>\n<li>Syst\u00e8me de tension sur les c\u00f4tes pour une surface parfaitement plane<\/li>\n<li>Moteur tr\u00e8s silencieux avec une dur\u00e9e de vie importante<\/li>\n<li>Dimensions du carter: 343,4 x 10,3 x 9,5cm,<\/li>\n<li>Poids: 19kg<\/li>\n<\/ul>\n<p>Certificats:<br \/>ROHS,\u00a0REACH,\u00a0CE &#8211; 2014\/53\/EU<\/p>\n<p>Possibilit\u00e9s de commande de l&rsquo;\u00e9cran:<br \/>&#8211; R\u00e9cepteur radiofr\u00e9quence\u00a0 int\u00e9gr\u00e9 avec sa t\u00e9l\u00e9commande ou r\u00e9cepteur infrarouge externe avec sa t\u00e9l\u00e9commande<br \/>&#8211; possibilit\u00e9 de commander l&rsquo;\u00e9cran sur le c\u00f4t\u00e9 du carter avec 3 boutons: Monter, Stopper et descendre<br \/>&#8211; Trigger: 5V-20V (AC\/DC)<br \/>&#8211; RJ12 (RS232\/RS485) Connection pour RTI, Crestron, Control4 etc.<\/p>\n<p><\/p>\n<p>Contenu dans le carton:<br \/>&#8211; \u00c9cran de projection motoris\u00e9 tensionn\u00e9 DELUXX Cinema 298 x 168 cm, 135&prime; &#8211; 4K Pro Fibre MWHT<br \/>&#8211; Toile: Type D, blanc mat, Gain environ 1.2\u00a0DIN19045\u00a0<br \/>&#8211; C\u00e2ble d&rsquo;alimentation blanc\u00a0<br \/>&#8211; T\u00e9l\u00e9commande Radiofr\u00e9quence<br \/>&#8211; T\u00e9l\u00e9commande Infrarouge<br \/>&#8211; C\u00e2ble Trigger\u00a05m<br \/>&#8211; R\u00e9cepteur IR<br \/>&#8211; \u00c9querres de montage pour mur ou plafond<br \/>&#8211; Gabarit de montage pour une installation parfaite<br \/>&#8211; Notice d&rsquo;installation et pr\u00e9cautions d&#8217;emploi<br \/>&#8211; non compris: 3x piles CR2032<\/p>\n<\/p>\n<\/div>\n<p><bl-button a11yexpanded=\"false\" arialabel=\"Afficher toute la description\" class=\"read-more__btn\" full=\"false\" link=\"true\"><\/bl-button><\/div>","protected":false},"excerpt":{"rendered":"<div class=\"keypoints\">\n<h3 class=\"keypoints__title\">Les points cl\u00e9s<\/h3>\n<ul role=\"list\">\n<li class=\"keypoints__item\" role=\"listitem\">                                        Utilisation \u00e9cran : fixe                      <\/li>\n<li class=\"keypoints__item\" role=\"listitem\">                                        Format : 16\/9                      <\/li>\n<li class=\"keypoints__item\" role=\"listitem\">                          motoris\u00e9 &#8211;                                                      168 x 298 cm                      <\/li>\n<\/ul>","protected":false},"featured_media":90370,"template":"","meta":{"_glsr_average":0,"_glsr_ranking":0,"_glsr_reviews":0},"product_cat":[492],"product_tag":[493,451],"class_list":{"0":"post-90371","1":"product","2":"type-product","3":"status-publish","4":"has-post-thumbnail","6":"product_cat-ecran-de-projection","7":"product_tag-ecran-de-projection","8":"product_tag-tv-image-son","10":"first","11":"instock","12":"sale","13":"shipping-taxable","14":"purchasable","15":"product-type-simple"},"_links":{"self":[{"href":"https:\/\/electromenagerexpress.com\/en\/wp-json\/wp\/v2\/product\/90371","targetHints":{"allow":["GET"]}}],"collection":[{"href":"https:\/\/electromenagerexpress.com\/en\/wp-json\/wp\/v2\/product"}],"about":[{"href":"https:\/\/electromenagerexpress.com\/en\/wp-json\/wp\/v2\/types\/product"}],"wp:featuredmedia":[{"embeddable":true,"href":"https:\/\/electromenagerexpress.com\/en\/wp-json\/wp\/v2\/media\/90370"}],"wp:attachment":[{"href":"https:\/\/electromenagerexpress.com\/en\/wp-json\/wp\/v2\/media?parent=90371"}],"wp:term":[{"taxonomy":"product_cat","embeddable":true,"href":"https:\/\/electromenagerexpress.com\/en\/wp-json\/wp\/v2\/product_cat?post=90371"},{"taxonomy":"product_tag","embeddable":true,"href":"https:\/\/electromenagerexpress.com\/en\/wp-json\/wp\/v2\/product_tag?post=90371"}],"curies":[{"name":"wp","href":"https:\/\/api.w.org\/{rel}","templated":true}]}}