{"id":90287,"date":"2024-11-24T17:41:51","date_gmt":"2024-11-24T17:41:51","guid":{"rendered":"https:\/\/electromenagerexpress.com\/product\/ecran-de-projectioncelexonsur-cadre-slimframe-332x186-150\/"},"modified":"2024-11-24T17:41:53","modified_gmt":"2024-11-24T17:41:53","slug":"ecran-de-projectioncelexonsur-cadre-slimframe-332x186-150","status":"publish","type":"product","link":"https:\/\/electromenagerexpress.com\/en\/product\/ecran-de-projectioncelexonsur-cadre-slimframe-332x186-150\/","title":{"rendered":"Ecran de projection\t\t\t\t\t\t\tCELEXON\t\t\t\tsur cadre SlimFrame 332&#215;186, 150&Prime;"},"content":{"rendered":"<div class=\"product-features__content\">\n<ul role=\"list\">\n<li class=\"product-features__item\" role=\"listitem\">\n<h3 class=\"product-features__label\">Installation<\/h3>\n<ul role=\"list\">\n<li class=\"product-features__item-list__item\" role=\"listitem\"><span class=\"is--medium\">Utilisation :<\/span> fixe, id\u00e9al pour une installation avec un emplacement d\u00e9di\u00e9\t\t\t\t\t<\/li>\n<li class=\"product-features__item-list__item\" role=\"listitem\"><span class=\"is--medium\">Installation transportable :<\/span> non concern\u00e9\t\t\t\t\t<\/li>\n<li class=\"product-features__item-list__item\" role=\"listitem\"><span class=\"is--medium\">Installation fixe :<\/span> \u00e9cran sur cadre, il ne poss\u00e9de pas de m\u00e9canisme, se pr\u00e9sente comme un grand tableau et permet d&rsquo;avoir la toile parfaitement tendue\t\t\t\t\t<\/li>\n<li class=\"product-features__item-list__item\" role=\"listitem\"><span class=\"is--medium\">D\u00e9roulement :<\/span> fixe\t\t\t\t\t<\/li>\n<li class=\"product-features__item-list__item\" role=\"listitem\"><span class=\"is--medium\">Installation au sol :<\/span> Non\t\t\t\t\t<\/li>\n<li class=\"product-features__item-list__item\" role=\"listitem\"><span class=\"is--medium\">Fixation au plafond :<\/span> Non\t\t\t\t\t<\/li>\n<li class=\"product-features__item-list__item\" role=\"listitem\"><span class=\"is--medium\">Fixation murale :<\/span> Non\t\t\t\t\t<\/li>\n<li class=\"product-features__item-list__item\" role=\"listitem\"><span class=\"is--medium\">Hauteur d&rsquo;ouverture ajustable :<\/span> Non\t\t\t\t\t<\/li>\n<li class=\"product-features__item-list__item\" role=\"listitem\"><span class=\"is--medium\">Tendeurs int\u00e9gr\u00e9s :<\/span> Non\t\t\t\t\t<\/li>\n<\/ul>\n<\/li>\n<li class=\"product-features__item\" role=\"listitem\">\n<h3 class=\"product-features__label\">Ecran<\/h3>\n<ul role=\"list\">\n<li class=\"product-features__item-list__item\" role=\"listitem\"><span class=\"is--medium\">Type d&rsquo;\u00e9cran :<\/span> Ecran de projection\t\t\t\t\t<\/li>\n<li class=\"product-features__item-list__item\" role=\"listitem\"><span class=\"is--medium\">Format :<\/span> 16\/09, id\u00e9al pour des images de films ou de t\u00e9l\u00e9vision\t\t\t\t\t<\/li>\n<li class=\"product-features__item-list__item\" role=\"listitem\"><span class=\"is--medium\">Dimensions (hauteur x base) :<\/span> 186 x 332 cm\t\t\t\t\t<\/li>\n<li class=\"product-features__item-list__item\" role=\"listitem\"><span class=\"is--medium\">Diagonale de l&rsquo;image :<\/span> non communiqu\u00e9e\t\t\t\t\t<\/li>\n<li class=\"product-features__item-list__item\" role=\"listitem\"><span class=\"is--medium\">Extra drop :<\/span> Non\t\t\t\t\t<\/li>\n<li class=\"product-features__item-list__item\" role=\"listitem\"><span class=\"is--medium\">Cadrage noir :<\/span> non\t\t\t\t\t<\/li>\n<li class=\"product-features__item-list__item\" role=\"listitem\"><span class=\"is--medium\">Dos noir :<\/span> non communiqu\u00e9\t\t\t\t\t<\/li>\n<li class=\"product-features__item-list__item\" role=\"listitem\"><span class=\"is--medium\">Gain :<\/span> non communiqu\u00e9\t\t\t\t\t<\/li>\n<li class=\"product-features__item-list__item\" role=\"listitem\"><span class=\"is--medium\">Traitement sur l&rsquo;\u00e9cran :<\/span> non communiqu\u00e9\t\t\t\t\t<\/li>\n<li class=\"product-features__item-list__item\" role=\"listitem\"><span class=\"is--medium\">Ecran accoustique :<\/span> non\t\t\t\t\t<\/li>\n<li class=\"product-features__item-list__item\" role=\"listitem\"><span class=\"is--medium\">Coloris :<\/span> blanc mat\t\t\t\t\t<\/li>\n<\/ul>\n<\/li>\n<li class=\"product-features__item\" role=\"listitem\">\n<h3 class=\"product-features__label\">Informations compl\u00e9mentaires<\/h3>\n<ul role=\"list\">\n<li class=\"product-features__item-list__item\" role=\"listitem\"><span class=\"is--medium\">Fabriqu\u00e9 en :<\/span> Chine\t\t\t\t\t<\/li>\n<li class=\"product-features__item-list__item\" role=\"listitem\"><span class=\"is--medium\">Disponibilit\u00e9 des pi\u00e8ces d\u00e9tach\u00e9es (donn\u00e9es fournisseur) :<\/span> Non communiqu\u00e9e\t\t\t\t\t<\/li>\n<li class=\"product-features__item-list__item\" role=\"listitem\"><span class=\"is--medium\">R\u00e9f\u00e9rence constructeur :<\/span> sur cadre SlimFrame 332&#215;186, 150&Prime;\t\t\t\t\t<\/li>\n<li class=\"product-features__item-list__item\" role=\"listitem\"><span class=\"is--medium\">Marque :<\/span> CELEXON\t\t\t\t\t<\/li>\n<\/ul>\n<\/li>\n<\/ul>\n<\/div>\n<div class=\"product__disclosure-content\">\n<div class=\"js-read-more product-description__content read-more read-more--truncated\" data-read-more-name=\"description\" style=\"max-height: 500px; overflow: hidden;\">\n<p> L&rsquo;\u00e9cran sur cadre SlimFrame de DELUXX est une toile de haute qualit\u00e9 avec un cadre recouvert de velours extr\u00eamement fin, d&rsquo;une largeur de seulement 12 mm. <\/p>\n<p> Cela signifie qu&rsquo;une fois install\u00e9 au mur, le DELUXX SlimFrame s&rsquo;apparente \u00e0 un t\u00e9l\u00e9viseur \u00e0 \u00e9cran plat. <\/p>\n<p> Le cadre de base est viss\u00e9 \u00e0 partir de 4 pi\u00e8ces en aluminium et est rigide et ind\u00e9formable. Le rev\u00eatement en velours emp\u00eache les reflets au niveau des bordures, assure une d\u00e9limitation parfaite de l&rsquo;image et une vision sans fatigue. <\/p>\n<p> Avec la nouvelle toile SOUNDVISION, DELUXX obtient une structure de surface tr\u00e8s fine que l&rsquo;on retrouve rarement dans les <strong>toiles acoustiquement transparentes<\/strong> conventionnelles. Fabriqu\u00e9e \u00e0 partir de fibres de verre tiss\u00e9es de haute pr\u00e9cision, la toile pr\u00e9sente une surface avec des <strong>trous extr\u00eamement petits<\/strong> <strong>laissant passer le son<\/strong>, ce qui diminue l&rsquo;effet de reflets. L&rsquo;image est ainsi am\u00e9lior\u00e9e et appara\u00eet nettement plus naturelle.  <\/p>\n<p> DELUXX va plus loin encore, rendant l&rsquo;\u00e9cran adapt\u00e9 pour les projections 4k. <\/p>\n<p> La <strong>toile robuste en fibre de verre<\/strong> assure une longue dur\u00e9e de vie.  <\/p>\n<p> La transmission du son atteint d&rsquo;excellentes valeurs ; jusqu&rsquo;\u00e0 7500Hz l&rsquo;att\u00e9nuation est \u00e0 peine mesurable de 2-3dB, jusqu&rsquo;\u00e0 10 000Hz une att\u00e9nuation inf\u00e9rieure \u00e0 5dB est mesurable. <\/p>\n<p> \u00c0 partir de 18 000 Hz, l&rsquo;att\u00e9nuation est l\u00e9g\u00e8rement sup\u00e9rieure \u00e0 5 dB et continue d&rsquo;augmenter avec la fr\u00e9quence. En moyenne, l&rsquo;oreille humaine entend bien jusqu&rsquo;\u00e0 20 000 Hz.  <\/p>\n<p> <strong>L&rsquo;\u00e9cran SOUNDVISION offre donc un tr\u00e8s bon rapport qualit\u00e9\/prix.<\/strong> <\/p>\n<p> Une r\u00e9flexion d&rsquo;image tr\u00e8s homog\u00e8ne avec un grand angle de vision de 160\u00b0 fait de cet \u00e9cran &lsquo;TYPE D&rsquo; (r\u00e9flexion diffuse) le choix ultime pour tous les syst\u00e8mes de projection. <\/p>\n<p> Le gain presque neutre de 1,1 \u00e9claircit tr\u00e8s peu sans d\u00e9naturer les nuances de couleur. <\/p>\n<p> <strong>Toile de projection : <\/strong> <\/p>\n<ul>\n<li>Surface utilisable visible: 332 x 186cm (150&prime;)  <\/li>\n<li>Gain de 1,1   <\/li>\n<li>Toile acoustiquement perm\u00e9able, sans reflets, adapt\u00e9 \u00e0 une r\u00e9solution 4k  <\/li>\n<li>Grand angle de vision de plus de 150\u00b0 et convient \u00e0 tous les types de projection (Focale ultra-courte, courte ou longue)  <\/li>\n<li>Perm\u00e9able au son jusqu&rsquo;\u00e0 18.000hz avec seulement 5 dB d&rsquo;att\u00e9nuation ! \u00c0 des fr\u00e9quences plus \u00e9lev\u00e9es, l&rsquo;att\u00e9nuation augmente.  <\/li>\n<li>Structure de toile fine et <strong>microperfor\u00e9e <\/strong> <\/li>\n<li>Norme anti-feu B1: DIN 4102-1:1998 clause 6.1 <\/li>\n<\/ul>\n<p> <strong>Cadre :<\/strong> <\/p>\n<ul>\n<li>Cadre en aluminium extr\u00eamement rigide  <\/li>\n<li>Bordure de cadre de 12 mm rev\u00eatue de velours dans un design moderne tel t\u00e9l\u00e9viseur \u00e0 \u00e9cran plat  <\/li>\n<li>Les r\u00e9flexions des contours sont efficacement absorb\u00e9es et emp\u00eachent les \u00e9ventuels probl\u00e8mes de convergence   <\/li>\n<li>Fixation innovante de la toile gr\u00e2ce \u00e0 la tension continue du ressort  <\/li>\n<li>Syst\u00e8me de fixation par \u00e9querre \u00e0 45\u00b0 facile \u00e0 installer   <\/li>\n<li>Jusqu&rsquo;\u00e0 160&prime; en 16:9  <\/li>\n<li>Dimensions ext\u00e9rieures du cadre \u00e0 l&rsquo;\u00e9tat mont\u00e9 : 3344 x 1891 x 41mm (LxHxP) <\/li>\n<\/ul>\n<p> La livraison comprend la toile SOUNDVISION, le cadre, les \u00e9l\u00e9ments de fixation et le mat\u00e9riel de montage n\u00e9cessaire pour le cadre et le montage mural. <\/p>\n<\/p>\n<\/div>\n<p><bl-button a11yexpanded=\"false\" arialabel=\"Afficher toute la description\" class=\"read-more__btn\" full=\"false\" link=\"true\"><\/bl-button><\/div>","protected":false},"excerpt":{"rendered":"<div class=\"keypoints\">\n<h3 class=\"keypoints__title\">Les points cl\u00e9s<\/h3>\n<ul role=\"list\">\n<li class=\"keypoints__item\" role=\"listitem\">                                        Utilisation \u00e9cran : fixe                      <\/li>\n<li class=\"keypoints__item\" role=\"listitem\">                                        Format : 16\/9                      <\/li>\n<li class=\"keypoints__item\" role=\"listitem\">                          fixe &#8211;                                                      186 x 332 cm                      <\/li>\n<\/ul>","protected":false},"featured_media":90286,"template":"","meta":{"_glsr_average":0,"_glsr_ranking":0,"_glsr_reviews":0},"product_cat":[492],"product_tag":[493,451],"class_list":{"0":"post-90287","1":"product","2":"type-product","3":"status-publish","4":"has-post-thumbnail","6":"product_cat-ecran-de-projection","7":"product_tag-ecran-de-projection","8":"product_tag-tv-image-son","10":"first","11":"instock","12":"sale","13":"shipping-taxable","14":"purchasable","15":"product-type-simple"},"_links":{"self":[{"href":"https:\/\/electromenagerexpress.com\/en\/wp-json\/wp\/v2\/product\/90287","targetHints":{"allow":["GET"]}}],"collection":[{"href":"https:\/\/electromenagerexpress.com\/en\/wp-json\/wp\/v2\/product"}],"about":[{"href":"https:\/\/electromenagerexpress.com\/en\/wp-json\/wp\/v2\/types\/product"}],"wp:featuredmedia":[{"embeddable":true,"href":"https:\/\/electromenagerexpress.com\/en\/wp-json\/wp\/v2\/media\/90286"}],"wp:attachment":[{"href":"https:\/\/electromenagerexpress.com\/en\/wp-json\/wp\/v2\/media?parent=90287"}],"wp:term":[{"taxonomy":"product_cat","embeddable":true,"href":"https:\/\/electromenagerexpress.com\/en\/wp-json\/wp\/v2\/product_cat?post=90287"},{"taxonomy":"product_tag","embeddable":true,"href":"https:\/\/electromenagerexpress.com\/en\/wp-json\/wp\/v2\/product_tag?post=90287"}],"curies":[{"name":"wp","href":"https:\/\/api.w.org\/{rel}","templated":true}]}}