{"id":90269,"date":"2024-11-24T17:41:33","date_gmt":"2024-11-24T17:41:33","guid":{"rendered":"https:\/\/electromenagerexpress.com\/product\/ecran-de-projectioncelexonmotorise-tensionne-hautcontraste-199x112\/"},"modified":"2024-11-24T17:41:40","modified_gmt":"2024-11-24T17:41:40","slug":"ecran-de-projectioncelexonmotorise-tensionne-hautcontraste-199x112","status":"publish","type":"product","link":"https:\/\/electromenagerexpress.com\/en\/product\/ecran-de-projectioncelexonmotorise-tensionne-hautcontraste-199x112\/","title":{"rendered":"Ecran de projection\t\t\t\t\t\t\tCELEXON\t\t\t\tmotoris\u00e9 tensionn\u00e9 HautContraste 199&#215;112"},"content":{"rendered":"<div class=\"product-features__content\">\n<ul role=\"list\">\n<li class=\"product-features__item\" role=\"listitem\">\n<h3 class=\"product-features__label\">Installation<\/h3>\n<ul role=\"list\">\n<li class=\"product-features__item-list__item\" role=\"listitem\"><span class=\"is--medium\">Utilisation :<\/span> fixe, id\u00e9al pour une installation avec un emplacement d\u00e9di\u00e9\t\t\t\t\t<\/li>\n<li class=\"product-features__item-list__item\" role=\"listitem\"><span class=\"is--medium\">Installation transportable :<\/span> non concern\u00e9\t\t\t\t\t<\/li>\n<li class=\"product-features__item-list__item\" role=\"listitem\"><span class=\"is--medium\">Installation fixe :<\/span> non concern\u00e9\t\t\t\t\t<\/li>\n<li class=\"product-features__item-list__item\" role=\"listitem\"><span class=\"is--medium\">D\u00e9roulement :<\/span> motoris\u00e9\t\t\t\t\t<\/li>\n<li class=\"product-features__item-list__item\" role=\"listitem\"><span class=\"is--medium\">Installation au sol :<\/span> Non\t\t\t\t\t<\/li>\n<li class=\"product-features__item-list__item\" role=\"listitem\"><span class=\"is--medium\">Fixation au plafond :<\/span> Non\t\t\t\t\t<\/li>\n<li class=\"product-features__item-list__item\" role=\"listitem\"><span class=\"is--medium\">Fixation murale :<\/span> Non\t\t\t\t\t<\/li>\n<li class=\"product-features__item-list__item\" role=\"listitem\"><span class=\"is--medium\">Hauteur d&rsquo;ouverture ajustable :<\/span> Non\t\t\t\t\t<\/li>\n<li class=\"product-features__item-list__item\" role=\"listitem\"><span class=\"is--medium\">Tendeurs int\u00e9gr\u00e9s :<\/span> Non\t\t\t\t\t<\/li>\n<\/ul>\n<\/li>\n<li class=\"product-features__item\" role=\"listitem\">\n<h3 class=\"product-features__label\">Ecran<\/h3>\n<ul role=\"list\">\n<li class=\"product-features__item-list__item\" role=\"listitem\"><span class=\"is--medium\">Type d&rsquo;\u00e9cran :<\/span> Ecran de projection\t\t\t\t\t<\/li>\n<li class=\"product-features__item-list__item\" role=\"listitem\"><span class=\"is--medium\">Format :<\/span> 16\/09, id\u00e9al pour des images de films ou de t\u00e9l\u00e9vision\t\t\t\t\t<\/li>\n<li class=\"product-features__item-list__item\" role=\"listitem\"><span class=\"is--medium\">Dimensions (hauteur x base) :<\/span> 112 x 199 cm\t\t\t\t\t<\/li>\n<li class=\"product-features__item-list__item\" role=\"listitem\"><span class=\"is--medium\">Diagonale de l&rsquo;image :<\/span> non communiqu\u00e9e\t\t\t\t\t<\/li>\n<li class=\"product-features__item-list__item\" role=\"listitem\"><span class=\"is--medium\">Extra drop :<\/span> Non\t\t\t\t\t<\/li>\n<li class=\"product-features__item-list__item\" role=\"listitem\"><span class=\"is--medium\">Cadrage noir :<\/span> non\t\t\t\t\t<\/li>\n<li class=\"product-features__item-list__item\" role=\"listitem\"><span class=\"is--medium\">Dos noir :<\/span> non communiqu\u00e9\t\t\t\t\t<\/li>\n<li class=\"product-features__item-list__item\" role=\"listitem\"><span class=\"is--medium\">Gain :<\/span> non communiqu\u00e9\t\t\t\t\t<\/li>\n<li class=\"product-features__item-list__item\" role=\"listitem\"><span class=\"is--medium\">Traitement sur l&rsquo;\u00e9cran :<\/span> non communiqu\u00e9\t\t\t\t\t<\/li>\n<li class=\"product-features__item-list__item\" role=\"listitem\"><span class=\"is--medium\">Ecran accoustique :<\/span> non\t\t\t\t\t<\/li>\n<li class=\"product-features__item-list__item\" role=\"listitem\"><span class=\"is--medium\">Coloris :<\/span> blanc mat\t\t\t\t\t<\/li>\n<\/ul>\n<\/li>\n<li class=\"product-features__item\" role=\"listitem\">\n<h3 class=\"product-features__label\">Informations compl\u00e9mentaires<\/h3>\n<ul role=\"list\">\n<li class=\"product-features__item-list__item\" role=\"listitem\"><span class=\"is--medium\">Fabriqu\u00e9 en :<\/span> Chine\t\t\t\t\t<\/li>\n<li class=\"product-features__item-list__item\" role=\"listitem\"><span class=\"is--medium\">Disponibilit\u00e9 des pi\u00e8ces d\u00e9tach\u00e9es (donn\u00e9es fournisseur) :<\/span> Non communiqu\u00e9e\t\t\t\t\t<\/li>\n<li class=\"product-features__item-list__item\" role=\"listitem\"><span class=\"is--medium\">R\u00e9f\u00e9rence constructeur :<\/span> motoris\u00e9 tensionn\u00e9 HautContraste 199&#215;112\t\t\t\t\t<\/li>\n<li class=\"product-features__item-list__item\" role=\"listitem\"><span class=\"is--medium\">Marque :<\/span> CELEXON\t\t\t\t\t<\/li>\n<\/ul>\n<\/li>\n<\/ul>\n<\/div>\n<div class=\"product__disclosure-content\">\n<div class=\"js-read-more product-description__content\" data-read-more-name=\"description\" style=\"max-height: 500px; overflow: hidden;\">\n<p>L&rsquo;exp\u00e9rience home cin\u00e9ma dans votre salon ou pi\u00e8ce \u00e0 vivre peut rapidement \u00eatre g\u00ean\u00e9e par la lumi\u00e8re r\u00e9siduelle dans la pi\u00e8ce ou par les reflets de la lumi\u00e8re environnante sur les murs clairs de la salle. Notre \u00e9cran &lsquo;Dynamic Slate&rsquo; \u00e0 haut contraste ALR 0.8 Gain peut alors r\u00e9pondre \u00e0 votre besoin. Il filtre avec succ\u00e8s la lumi\u00e8re parasite g\u00eanante et concentre la lumi\u00e8re de projection sur le public sans d\u00e9former les couleurs.<\/p>\n<\/div>\n<div>\u00a0<\/div>\n<div>La toile de l&rsquo;\u00e9cran Dynamic Slate a \u00e9t\u00e9 sp\u00e9cialement d\u00e9velopp\u00e9 pour maximiser la valeur de contraste, m\u00eame avec une lumi\u00e8re r\u00e9siduelle. Vous pouvez dire adieu aux &lsquo;effets d\u00e9lav\u00e9&rsquo; ou \u00e0 la &lsquo;projection brumeuse&rsquo; typiques, m\u00eame \u00e0 faible intensit\u00e9. L&rsquo;\u00e9cran ALR Dynamic Slate avec un gain de 0,8 est d\u00e9lib\u00e9r\u00e9ment con\u00e7u pour \u00eatre neutre et reproduire fid\u00e8lement l&rsquo;image projet\u00e9e. L&rsquo;absence de bandes noires sur les c\u00f4t\u00e9s de la toile permet une application flexible de diff\u00e9rents formats sur un m\u00eame \u00e9cran. <\/p>\n<div><span style=\"font-weight: bold;\">Caract\u00e9ristiques<\/span><\/div>\n<div>Notre \u00e9cran motoris\u00e9 HomeCinema Tension &#8211; ALR est fourni avec une large gamme d&rsquo;accessoires, il peut \u00eatre contr\u00f4l\u00e9 de nombreuses fa\u00e7ons :\u00a0<\/div>\n<div>gr\u00e2ce \u00e0 la t\u00e9l\u00e9commande radio fr\u00e9quence ou infrarouge incluse ;\u00a0<\/div>\n<div><span style=\"font-weight: bold;\">Informations succinctes<\/span><\/div>\n<div>Type d&rsquo;\u00e9cran de projection : Tensionn\u00e9<\/div>\n<div>Type de projection : Projection avant<\/div>\n<div>Surface de projection utile : 199 x 112 cm, 90&prime;<\/div>\n<div>Toile : la technologie ALR Celexon Dynamic Slate pour la reproduction d&rsquo;images \u00e0 fort contraste et d&rsquo;une pr\u00e9cision de 8k<\/div>\n<div>Dos noir: Non<\/div>\n<div>Sans bord = pas de masquage noir<\/div>\n<div>Facteur de gain de 0,8, angle de vue sup\u00e9rieur \u00e0 160\u00a0<\/div>\n<div>Syst\u00e8me de corde de tension efficace contre le recourbement des bords de la toile<\/div>\n<div>Vis de r\u00e9glage int\u00e9gr\u00e9es dans la barre de lestage pour une remise en tension des cordes en fonction de la demande\u00a0<\/div>\n<div>Rouleau de grand diam\u00e8tre et de dimensions stables pour une plan\u00e9it\u00e9 optimale et l&rsquo;absence de rayures<\/div>\n<div>Carter en aluminium blanc au design \u00e9l\u00e9gant, avec des capuchons lat\u00e9raux blancs<\/div>\n<div>Dimensions du carter : 231 x 9,7 x 12,1 cm (Lxlxh)<\/div>\n<div>Poids : 16,5 kg<\/div>\n<div>Support de montage mural \/ plafond, positionnement flexible<\/div>\n<div>Capot lat\u00e9ral intelligent gr\u00e2ce \u00e0 une unit\u00e9 de contr\u00f4le int\u00e9gr\u00e9e offrant un large \u00e9ventail d&rsquo;options de contr\u00f4le\u00a0<\/div>\n<div>Moteur tubulaire silencieux : fonctionnement durable et r\u00e9gulier\u00a0<\/div>\n<div>Certifications : ROHS, REACH, CE &#8211; 2014\/53\/EU<\/div>\n<div>\u00c9tat : Nouveau<\/div>\n<div>Garantie : 24 Mois<\/div>\n<div>Type de garantie : service apport (Bring In)<\/div>\n<div>\u00a0<\/div>\n<div><span style=\"font-weight: bold;\">Conception<\/span><\/div>\n<div>Le carter en aluminium extrud\u00e9 au design arrondi, s&rsquo;int\u00e8gre avec \u00e9l\u00e9gance dans les environnements de vie modernes. Il est peint en blanc, avec des capuchons lat\u00e9raux blancs et une barre de poids blanche. Cela signifie qu&rsquo;il reste discr\u00e8tement fix\u00e9 aux plafonds blancs et ne perturbe pas l&rsquo;environnement, surtout lorsqu&rsquo;il est r\u00e9tract\u00e9.<\/div>\n<div>\u00a0<\/div>\n<div><span style=\"font-weight: bold;\">Installation<\/span><\/div>\n<div>L&rsquo;\u00e9cran motoris\u00e9 HomeCinema Tension &#8211; ALR peut \u00eatre install\u00e9 en toute s\u00e9curit\u00e9, facilement et rapidement. Le carter en aluminium de dimensions stables est fix\u00e9 \u00e0 l&rsquo;aide de deux supports de montage (\u00e9querres) \u00e0 positionnement flexible, qui conviennent pour un montage au plafond ou au mur. Les \u00e9querres peuvent \u00eatre positionn\u00e9es librement le long du carter selon les besoins du site. L&rsquo;\u00e9cran peut \u00e9galement \u00eatre install\u00e9 de fa\u00e7on &lsquo;suspendu&rsquo;, par exemple sur des cha\u00eenes (non comprises dans la livraison) \u00e0 l&rsquo;aide des anneaux de fixation fournis.<\/div>\n<div>\u00a0<\/div>\n<div><span style=\"font-weight: bold;\">Contenu de la bo\u00eete<\/span><\/div>\n<div>&#8211; \u00c9cran celexon HomeCinema Tensionn\u00e9 motoris\u00e9e &#8211; ALR\u00a0<\/div>\n<div>&#8211; Toile en PVC avec technologie ALR, Gain 0,8, angle de vue 160<\/div>\n<div>&#8211; C\u00e2ble d&rsquo;alimentation 3m en blanc (d\u00e9j\u00e0 pr\u00e9-c\u00e2bl\u00e9), avec fiche SCHUKO, c\u00f4t\u00e9 gauche\u00a0<\/div>\n<div>&#8211; T\u00e9l\u00e9commande radio (RF) (piles incluses)\u00a0<\/div>\n<div>&#8211; T\u00e9l\u00e9commande infrarouge (IR) (piles incluses)<\/div>\n<div>&#8211; C\u00e2ble de Trigger 12V de 5m<\/div>\n<div>&#8211; Bo\u00eetier r\u00e9cepteur IR<\/div>\n<div>&#8211; \u00c9querres de montage mural\/plafond<\/div>\n<div>&#8211; Instructions et conseils d&rsquo;utilisation de l&rsquo;\u00e9cran <\/div>\n<div><\/div>\n<div><span style=\"font-weight: bold;\">Options de contr\u00f4le de l&rsquo;\u00e9cran<\/span><\/div>\n<div>&#8211; R\u00e9cepteur radio int\u00e9gr\u00e9 + kit infrarouge s\u00e9par\u00e9 avec la t\u00e9l\u00e9commande correspondante<\/div>\n<div>&#8211; Connexion Trigger : 3V-12V, avec c\u00e2ble Trigger appropri\u00e9\u00a0<\/div>\n<div>\n<div>&#8211; RJ12 (protocole RS232\/RS485) Connexion pour RTI, Crestron, Control4 etc.<\/div>\n<div>&#8211; M\u00e9thode de transmission via RJ12 possible ( domotique &#8211; smart home )<\/div>\n<\/div>\n<div><\/div>\n<\/p>\n<\/div>\n<\/div>","protected":false},"excerpt":{"rendered":"<div class=\"keypoints\">\n<h3 class=\"keypoints__title\">Les points cl\u00e9s<\/h3>\n<ul role=\"list\">\n<li class=\"keypoints__item\" role=\"listitem\">                                        Utilisation \u00e9cran : fixe                      <\/li>\n<li class=\"keypoints__item\" role=\"listitem\">                                        Format : 16\/9                      <\/li>\n<li class=\"keypoints__item\" role=\"listitem\">                          motoris\u00e9 &#8211;                                                      112 x 199 cm                      <\/li>\n<\/ul>","protected":false},"featured_media":90268,"template":"","meta":{"_glsr_average":0,"_glsr_ranking":0,"_glsr_reviews":0},"product_cat":[492],"product_tag":[493,451],"class_list":{"0":"post-90269","1":"product","2":"type-product","3":"status-publish","4":"has-post-thumbnail","6":"product_cat-ecran-de-projection","7":"product_tag-ecran-de-projection","8":"product_tag-tv-image-son","10":"first","11":"instock","12":"sale","13":"shipping-taxable","14":"purchasable","15":"product-type-simple"},"_links":{"self":[{"href":"https:\/\/electromenagerexpress.com\/en\/wp-json\/wp\/v2\/product\/90269","targetHints":{"allow":["GET"]}}],"collection":[{"href":"https:\/\/electromenagerexpress.com\/en\/wp-json\/wp\/v2\/product"}],"about":[{"href":"https:\/\/electromenagerexpress.com\/en\/wp-json\/wp\/v2\/types\/product"}],"wp:featuredmedia":[{"embeddable":true,"href":"https:\/\/electromenagerexpress.com\/en\/wp-json\/wp\/v2\/media\/90268"}],"wp:attachment":[{"href":"https:\/\/electromenagerexpress.com\/en\/wp-json\/wp\/v2\/media?parent=90269"}],"wp:term":[{"taxonomy":"product_cat","embeddable":true,"href":"https:\/\/electromenagerexpress.com\/en\/wp-json\/wp\/v2\/product_cat?post=90269"},{"taxonomy":"product_tag","embeddable":true,"href":"https:\/\/electromenagerexpress.com\/en\/wp-json\/wp\/v2\/product_tag?post=90269"}],"curies":[{"name":"wp","href":"https:\/\/api.w.org\/{rel}","templated":true}]}}