{"id":90233,"date":"2024-11-24T17:40:56","date_gmt":"2024-11-24T17:40:56","guid":{"rendered":"https:\/\/electromenagerexpress.com\/product\/ecran-de-projectioncelexonsur-cadre-a-toile-haut-contraste-243x136\/"},"modified":"2024-11-24T17:41:00","modified_gmt":"2024-11-24T17:41:00","slug":"ecran-de-projectioncelexonsur-cadre-a-toile-haut-contraste-243x136","status":"publish","type":"product","link":"https:\/\/electromenagerexpress.com\/en\/product\/ecran-de-projectioncelexonsur-cadre-a-toile-haut-contraste-243x136\/","title":{"rendered":"Ecran de projection\t\t\t\t\t\t\tCELEXON\t\t\t\tsur cadre \u00e0 toile Haut Contraste 243&#215;136"},"content":{"rendered":"<div class=\"product-features__content\">\n<ul role=\"list\">\n<li class=\"product-features__item\" role=\"listitem\">\n<h3 class=\"product-features__label\">Installation<\/h3>\n<ul role=\"list\">\n<li class=\"product-features__item-list__item\" role=\"listitem\"><span class=\"is--medium\">Utilisation :<\/span> fixe, id\u00e9al pour une installation avec un emplacement d\u00e9di\u00e9\t\t\t\t\t<\/li>\n<li class=\"product-features__item-list__item\" role=\"listitem\"><span class=\"is--medium\">Installation transportable :<\/span> non concern\u00e9\t\t\t\t\t<\/li>\n<li class=\"product-features__item-list__item\" role=\"listitem\"><span class=\"is--medium\">Installation fixe :<\/span> \u00e9cran sur cadre, il ne poss\u00e9de pas de m\u00e9canisme, se pr\u00e9sente comme un grand tableau et permet d&rsquo;avoir la toile parfaitement tendue\t\t\t\t\t<\/li>\n<li class=\"product-features__item-list__item\" role=\"listitem\"><span class=\"is--medium\">D\u00e9roulement :<\/span> fixe\t\t\t\t\t<\/li>\n<li class=\"product-features__item-list__item\" role=\"listitem\"><span class=\"is--medium\">Installation au sol :<\/span> Non\t\t\t\t\t<\/li>\n<li class=\"product-features__item-list__item\" role=\"listitem\"><span class=\"is--medium\">Fixation au plafond :<\/span> Non\t\t\t\t\t<\/li>\n<li class=\"product-features__item-list__item\" role=\"listitem\"><span class=\"is--medium\">Fixation murale :<\/span> Non\t\t\t\t\t<\/li>\n<li class=\"product-features__item-list__item\" role=\"listitem\"><span class=\"is--medium\">Hauteur d&rsquo;ouverture ajustable :<\/span> Non\t\t\t\t\t<\/li>\n<li class=\"product-features__item-list__item\" role=\"listitem\"><span class=\"is--medium\">Tendeurs int\u00e9gr\u00e9s :<\/span> Non\t\t\t\t\t<\/li>\n<\/ul>\n<\/li>\n<li class=\"product-features__item\" role=\"listitem\">\n<h3 class=\"product-features__label\">Ecran<\/h3>\n<ul role=\"list\">\n<li class=\"product-features__item-list__item\" role=\"listitem\"><span class=\"is--medium\">Type d&rsquo;\u00e9cran :<\/span> Ecran de projection\t\t\t\t\t<\/li>\n<li class=\"product-features__item-list__item\" role=\"listitem\"><span class=\"is--medium\">Format :<\/span> 16\/09, id\u00e9al pour des images de films ou de t\u00e9l\u00e9vision\t\t\t\t\t<\/li>\n<li class=\"product-features__item-list__item\" role=\"listitem\"><span class=\"is--medium\">Dimensions (hauteur x base) :<\/span> 136 x 243 cm\t\t\t\t\t<\/li>\n<li class=\"product-features__item-list__item\" role=\"listitem\"><span class=\"is--medium\">Diagonale de l&rsquo;image :<\/span> non communiqu\u00e9e\t\t\t\t\t<\/li>\n<li class=\"product-features__item-list__item\" role=\"listitem\"><span class=\"is--medium\">Extra drop :<\/span> Non\t\t\t\t\t<\/li>\n<li class=\"product-features__item-list__item\" role=\"listitem\"><span class=\"is--medium\">Cadrage noir :<\/span> non\t\t\t\t\t<\/li>\n<li class=\"product-features__item-list__item\" role=\"listitem\"><span class=\"is--medium\">Dos noir :<\/span> non communiqu\u00e9\t\t\t\t\t<\/li>\n<li class=\"product-features__item-list__item\" role=\"listitem\"><span class=\"is--medium\">Gain :<\/span> non communiqu\u00e9\t\t\t\t\t<\/li>\n<li class=\"product-features__item-list__item\" role=\"listitem\"><span class=\"is--medium\">Traitement sur l&rsquo;\u00e9cran :<\/span> non communiqu\u00e9\t\t\t\t\t<\/li>\n<li class=\"product-features__item-list__item\" role=\"listitem\"><span class=\"is--medium\">Ecran accoustique :<\/span> non\t\t\t\t\t<\/li>\n<li class=\"product-features__item-list__item\" role=\"listitem\"><span class=\"is--medium\">Coloris :<\/span> blanc mat\t\t\t\t\t<\/li>\n<\/ul>\n<\/li>\n<li class=\"product-features__item\" role=\"listitem\">\n<h3 class=\"product-features__label\">Informations compl\u00e9mentaires<\/h3>\n<ul role=\"list\">\n<li class=\"product-features__item-list__item\" role=\"listitem\"><span class=\"is--medium\">Fabriqu\u00e9 en :<\/span> Chine\t\t\t\t\t<\/li>\n<li class=\"product-features__item-list__item\" role=\"listitem\"><span class=\"is--medium\">Disponibilit\u00e9 des pi\u00e8ces d\u00e9tach\u00e9es (donn\u00e9es fournisseur) :<\/span> Non communiqu\u00e9e\t\t\t\t\t<\/li>\n<li class=\"product-features__item-list__item\" role=\"listitem\"><span class=\"is--medium\">R\u00e9f\u00e9rence constructeur :<\/span> sur cadre \u00e0 toile Haut Contraste 243&#215;136\t\t\t\t\t<\/li>\n<li class=\"product-features__item-list__item\" role=\"listitem\"><span class=\"is--medium\">Marque :<\/span> CELEXON\t\t\t\t\t<\/li>\n<\/ul>\n<\/li>\n<\/ul>\n<\/div>\n<div class=\"product__disclosure-content\">\n<div class=\"js-read-more product-description__content read-more read-more--truncated\" data-read-more-name=\"description\" style=\"max-height: 500px; overflow: hidden;\">\n<p>La r\u00e9volution \u00e0 contraste \u00e9lev\u00e9 de Deluxx pour TOUS les types de projections.<\/p>\n<p><\/p>\n<p>L&rsquo;\u00e9cran de projection sur cadre Home Cinema Slimframe DARVISION est la derni\u00e8re g\u00e9n\u00e9ration des \u00e9crans de projections DELUXX.<\/p>\n<p><\/p>\n<p>Cette version haute qualit\u00e9 de nos \u00e9crans sur cadre est le r\u00e9sultat d&rsquo;ann\u00e9es de d\u00e9veloppement et d&rsquo;exp\u00e9rience dans la fabrication d&rsquo;\u00e9crans de projection.<\/p>\n<p><\/p>\n<p>La toile haut contraste &lsquo;DARKVISION&rsquo; de gain de 0,8 permet de filtrer la pollution lumineuse et concentre la lumi\u00e8re de projection sur le spectateur. Ainsi, l&rsquo;\u00e9cran sur cadre Home Cinema Slimframe DARKVISION de Deluxx combine les propri\u00e9t\u00e9s optimales d&rsquo;une toile avec une image de r\u00e9f\u00e9rence en Home Cinema.<\/p>\n<p><\/p>\n<p>Le Deluxx DARKVISION SlimFrame est un \u00e9cran de projection sur cadre de haute qualit\u00e9 avec un rev\u00eatement en velours de 12 mm de design type TV LED jusqu&rsquo;\u00e0 160 pouces. La toile a \u00e9t\u00e9 sp\u00e9cialement con\u00e7ue pour maximiser les niveaux de noir et le contraste. Vous pouvez d&rsquo;ores et d\u00e9j\u00e0 dire adieu aux &lsquo;effets de flou &lsquo; ou &lsquo;brumeux&rsquo; que l&rsquo;on retrouve souvent dans une pi\u00e8ce l\u00e9g\u00e8rement \u00e9clair\u00e9e. La toile de contraste Deluxx augmente la valeur du noir d&rsquo;un facteur jusqu&rsquo;\u00e0 8. Red\u00e9couvrez votre vid\u00e9oprojecteur : les films FullHD et HDR 4K comme au cin\u00e9ma sont possibles !\u00a0<\/p>\n<p><\/p>\n<p>L&rsquo;\u00e9cran de projection sur cadre Home Cinema Slimframe DARVISION de DELUXX est dot\u00e9 d&rsquo;un cadre haut de gamme en aluminium qui est le plus mince du march\u00e9 pour une visibilit\u00e9 maximale et un encombrement minimal. Avec un cadre de seulement 12 mm de large, cet \u00e9cran offre un look \u00e9l\u00e9gant et raffin\u00e9 qui est id\u00e9al pour les installations Home Cinema modernes ou professionnelles.<\/p>\n<p><\/p>\n<p>Son design unique ressemble \u00e0 celui d&rsquo;un t\u00e9l\u00e9viseur LED de haute qualit\u00e9, mais offre une surface de visionnement beaucoup plus grande. Il r\u00e9fl\u00e9chit efficacement la lumi\u00e8re du vid\u00e9oprojecteur vers le spectateur et absorbe efficacement la lumi\u00e8re ambiante pour am\u00e9liorer sensiblement la luminosit\u00e9 et le contraste de l&rsquo;image.<\/p>\n<p><\/p>\n<p>En g\u00e9n\u00e9ral, la vid\u00e9oprojection prot\u00e8ge l&rsquo;oeil humain efficacement par rapport \u00e0 la lumi\u00e8re active d&rsquo;une t\u00e9l\u00e9vision LED. Gr\u00e2ce \u00e0 la technologie utilis\u00e9e du rev\u00eatement de sa toile,\u00a0 rev\u00eatement technologique, l&rsquo;\u00e9cran sur cadre DELUXX Home Cinema SlimFrame DarkVision a une dur\u00e9e de vie bien sup\u00e9rieure \u00e0 10 ans. (pour une utilisation int\u00e9rieure normale)<\/p>\n<p><\/p>\n<p>La toile de projection DARKVISION de Deluxx a \u00e9t\u00e9 d\u00e9velopp\u00e9e avec une structure de surface extr\u00eamement fine, d\u00e9j\u00e0 adapt\u00e9e \u00e0 une r\u00e9solution 8K et est\u00a0 presque \u00e0 100% neutre en couleur.<\/p>\n<p><\/p>\n<p>La toile de projection :<\/p>\n<p><\/p>\n<ul>\n<li>\n<p>Surface utilisable visible blanche : 110&prime; = 2435 x 1494 mm<\/p>\n<\/li>\n<\/ul>\n<ul>\n<li>\n<p>Gain de 0,8 avec la technologie DARKVISION pour une augmentation jusqu&rsquo;\u00e0 8 fois de la valeur des noirs<\/p>\n<\/li>\n<\/ul>\n<ul>\n<li>\n<p>Contraste de l&rsquo;image nettement meilleur que les surfaces en toiles classiques<\/p>\n<\/li>\n<\/ul>\n<ul>\n<li>\n<p>Structure de toile extr\u00eamement fine : adapt\u00e9e \u00e0 une r\u00e9solution 8K\u00a0<\/p>\n<\/li>\n<\/ul>\n<ul>\n<li>\n<p>Format 16:9<\/p>\n<\/li>\n<\/ul>\n<ul>\n<li>\n<p>Grand angle de vision de 150 degr\u00e9s<\/p>\n<\/li>\n<\/ul>\n<ul>\n<li>\n<p>Plan\u00e9it\u00e9 parfaite (Adapt\u00e9 aux vid\u00e9oprojecteurs \u00e0 focale courte)<\/p>\n<\/li>\n<\/ul>\n<ul>\n<li>\n<p>Absorbe et repousse la lumi\u00e8re ambiante<\/p>\n<\/li>\n<\/ul>\n<ul>\n<li>\n<p>Surface de la toile avec un rev\u00eatement sp\u00e9cial pour une excellente dur\u00e9e de vie<\/p>\n<p><span><br \/><\/span><\/p>\n<p><span><br \/><\/span><\/p>\n<\/li>\n<\/ul>\n<p>Le cadre de l&rsquo;\u00e9cran :<\/p>\n<p><\/p>\n<ul>\n<li>\n<p>Cadre en aluminium extr\u00eamement rigide\u00a0<\/p>\n<\/li>\n<\/ul>\n<ul>\n<li>\n<p>Cadre recouvert de 12 mm de velours pour un design moderne similaire \u00e0 un t\u00e9l\u00e9viseur \u00e0 \u00e9cran plat<\/p>\n<\/li>\n<\/ul>\n<ul>\n<li>\n<p>Le cadre absorbe efficacement l&rsquo;exc\u00e9dent de lumi\u00e8re et dissimule d&rsquo;\u00e9ventuels probl\u00e8mes de convergence de l&rsquo;image du vid\u00e9oprojecteur<\/p>\n<\/li>\n<\/ul>\n<ul>\n<li>\n<p>Fixation innovante de la toile gr\u00e2ce \u00e0 la tension continue avec ressort<\/p>\n<\/li>\n<\/ul>\n<ul>\n<li>\n<p>Syst\u00e8me de fixation par \u00e9querre \u00e0 45\u00b0, facile \u00e0 installer<\/p>\n<\/li>\n<\/ul>\n<ul>\n<li>\n<p>pour 100&prime; en 16:9<\/p>\n<\/li>\n<\/ul>\n<p><\/p>\n<p>Contenu de la livraison :<\/p>\n<p><\/p>\n<ul>\n<li>\n<p>Cadre avec toile DarkVision inclus en 110&prime;.\u00a0<\/p>\n<\/li>\n<\/ul>\n<ul>\n<li>\n<p>\u00c9querres de fixation<\/p>\n<\/li>\n<\/ul>\n<ul>\n<li>\n<p>Toutes les vis et tous les outils pour la montage de l&rsquo;\u00e9cran de projection<\/p>\n<\/li>\n<\/ul>\n<ul>\n<li>\n<p>Manuel d&rsquo;utilisation illustr\u00e9<\/p>\n<\/li>\n<\/ul>\n<\/div>\n<p><bl-button a11yexpanded=\"false\" arialabel=\"Afficher toute la description\" class=\"read-more__btn\" full=\"false\" link=\"true\">Voir plus<\/bl-button><\/div>","protected":false},"excerpt":{"rendered":"<div class=\"keypoints\">\n<h3 class=\"keypoints__title\">Les points cl\u00e9s<\/h3>\n<ul role=\"list\">\n<li class=\"keypoints__item\" role=\"listitem\">                                        Utilisation \u00e9cran : fixe                      <\/li>\n<li class=\"keypoints__item\" role=\"listitem\">                                        Format : 16\/9                      <\/li>\n<li class=\"keypoints__item\" role=\"listitem\">                          fixe &#8211;                                                      136 x 243 cm                      <\/li>\n<\/ul>","protected":false},"featured_media":90232,"template":"","meta":{"_glsr_average":0,"_glsr_ranking":0,"_glsr_reviews":0},"product_cat":[492],"product_tag":[493,451],"class_list":{"0":"post-90233","1":"product","2":"type-product","3":"status-publish","4":"has-post-thumbnail","6":"product_cat-ecran-de-projection","7":"product_tag-ecran-de-projection","8":"product_tag-tv-image-son","10":"first","11":"instock","12":"sale","13":"shipping-taxable","14":"purchasable","15":"product-type-simple"},"_links":{"self":[{"href":"https:\/\/electromenagerexpress.com\/en\/wp-json\/wp\/v2\/product\/90233","targetHints":{"allow":["GET"]}}],"collection":[{"href":"https:\/\/electromenagerexpress.com\/en\/wp-json\/wp\/v2\/product"}],"about":[{"href":"https:\/\/electromenagerexpress.com\/en\/wp-json\/wp\/v2\/types\/product"}],"wp:featuredmedia":[{"embeddable":true,"href":"https:\/\/electromenagerexpress.com\/en\/wp-json\/wp\/v2\/media\/90232"}],"wp:attachment":[{"href":"https:\/\/electromenagerexpress.com\/en\/wp-json\/wp\/v2\/media?parent=90233"}],"wp:term":[{"taxonomy":"product_cat","embeddable":true,"href":"https:\/\/electromenagerexpress.com\/en\/wp-json\/wp\/v2\/product_cat?post=90233"},{"taxonomy":"product_tag","embeddable":true,"href":"https:\/\/electromenagerexpress.com\/en\/wp-json\/wp\/v2\/product_tag?post=90233"}],"curies":[{"name":"wp","href":"https:\/\/api.w.org\/{rel}","templated":true}]}}