{"id":90175,"date":"2024-11-24T17:39:57","date_gmt":"2024-11-24T17:39:57","guid":{"rendered":"https:\/\/electromenagerexpress.com\/product\/ecran-de-projectioncelexoneconomy-244-x-244-cm-white-edition\/"},"modified":"2024-11-24T17:39:57","modified_gmt":"2024-11-24T17:39:57","slug":"ecran-de-projectioncelexoneconomy-244-x-244-cm-white-edition","status":"publish","type":"product","link":"https:\/\/electromenagerexpress.com\/en\/product\/ecran-de-projectioncelexoneconomy-244-x-244-cm-white-edition\/","title":{"rendered":"Ecran de projection\t\t\t\t\t\t\tCELEXON\t\t\t\tEconomy 244 x 244 cm- White Edition"},"content":{"rendered":"<div class=\"product-features__content\">\n<ul role=\"list\">\n<li class=\"product-features__item\" role=\"listitem\">\n<h3 class=\"product-features__label\">Installation<\/h3>\n<ul role=\"list\">\n<li class=\"product-features__item-list__item\" role=\"listitem\"><span class=\"is--medium\">Utilisation :<\/span> transportable, id\u00e9al pour projeter dans diff\u00e9rents endroits\t\t\t\t\t<\/li>\n<li class=\"product-features__item-list__item\" role=\"listitem\"><span class=\"is--medium\">Installation transportable :<\/span> \u00e9cran sur tr\u00e9pied, permet de d\u00e9placer l&rsquo;\u00e9cran de pi\u00e9ce en pi\u00e9ce selon les besoins\t\t\t\t\t<\/li>\n<li class=\"product-features__item-list__item\" role=\"listitem\"><span class=\"is--medium\">Installation fixe :<\/span> non concern\u00e9\t\t\t\t\t<\/li>\n<li class=\"product-features__item-list__item\" role=\"listitem\"><span class=\"is--medium\">D\u00e9roulement :<\/span> manuel\t\t\t\t\t<\/li>\n<li class=\"product-features__item-list__item\" role=\"listitem\"><span class=\"is--medium\">Installation au sol :<\/span> Non\t\t\t\t\t<\/li>\n<li class=\"product-features__item-list__item\" role=\"listitem\"><span class=\"is--medium\">Fixation au plafond :<\/span> Non\t\t\t\t\t<\/li>\n<li class=\"product-features__item-list__item\" role=\"listitem\"><span class=\"is--medium\">Fixation murale :<\/span> Non\t\t\t\t\t<\/li>\n<li class=\"product-features__item-list__item\" role=\"listitem\"><span class=\"is--medium\">Hauteur d&rsquo;ouverture ajustable :<\/span> Non\t\t\t\t\t<\/li>\n<li class=\"product-features__item-list__item\" role=\"listitem\"><span class=\"is--medium\">Tendeurs int\u00e9gr\u00e9s :<\/span> Non\t\t\t\t\t<\/li>\n<\/ul>\n<\/li>\n<li class=\"product-features__item\" role=\"listitem\">\n<h3 class=\"product-features__label\">Ecran<\/h3>\n<ul role=\"list\">\n<li class=\"product-features__item-list__item\" role=\"listitem\"><span class=\"is--medium\">Type d&rsquo;\u00e9cran :<\/span> Ecran de projection\t\t\t\t\t<\/li>\n<li class=\"product-features__item-list__item\" role=\"listitem\"><span class=\"is--medium\">Format :<\/span> 1\/1, permet de projeter diff\u00e9rent formats. Id\u00e9al pour les professionnels\t\t\t\t\t<\/li>\n<li class=\"product-features__item-list__item\" role=\"listitem\"><span class=\"is--medium\">Dimensions (hauteur x base) :<\/span> 244 x 244 cm\t\t\t\t\t<\/li>\n<li class=\"product-features__item-list__item\" role=\"listitem\"><span class=\"is--medium\">Diagonale de l&rsquo;image :<\/span> non communiqu\u00e9e\t\t\t\t\t<\/li>\n<li class=\"product-features__item-list__item\" role=\"listitem\"><span class=\"is--medium\">Extra drop :<\/span> Non\t\t\t\t\t<\/li>\n<li class=\"product-features__item-list__item\" role=\"listitem\"><span class=\"is--medium\">Cadrage noir :<\/span> non\t\t\t\t\t<\/li>\n<li class=\"product-features__item-list__item\" role=\"listitem\"><span class=\"is--medium\">Dos noir :<\/span> non communiqu\u00e9\t\t\t\t\t<\/li>\n<li class=\"product-features__item-list__item\" role=\"listitem\"><span class=\"is--medium\">Gain :<\/span> non communiqu\u00e9\t\t\t\t\t<\/li>\n<li class=\"product-features__item-list__item\" role=\"listitem\"><span class=\"is--medium\">Traitement sur l&rsquo;\u00e9cran :<\/span> non communiqu\u00e9\t\t\t\t\t<\/li>\n<li class=\"product-features__item-list__item\" role=\"listitem\"><span class=\"is--medium\">Ecran accoustique :<\/span> non\t\t\t\t\t<\/li>\n<li class=\"product-features__item-list__item\" role=\"listitem\"><span class=\"is--medium\">Coloris :<\/span> blanc mat\t\t\t\t\t<\/li>\n<\/ul>\n<\/li>\n<li class=\"product-features__item\" role=\"listitem\">\n<h3 class=\"product-features__label\">Dimensions<\/h3>\n<ul role=\"list\">\n<li class=\"product-features__item-list__item\" role=\"listitem\"><span class=\"is--medium\">Dimensions l x h x p :<\/span> 244 x 244 x NC cm\t\t\t\t\t<\/li>\n<\/ul>\n<\/li>\n<li class=\"product-features__item\" role=\"listitem\">\n<h3 class=\"product-features__label\">Informations compl\u00e9mentaires<\/h3>\n<ul role=\"list\">\n<li class=\"product-features__item-list__item\" role=\"listitem\"><span class=\"is--medium\">Disponibilit\u00e9 des pi\u00e8ces d\u00e9tach\u00e9es (donn\u00e9es fournisseur) :<\/span> Non communiqu\u00e9e\t\t\t\t\t<\/li>\n<li class=\"product-features__item-list__item\" role=\"listitem\"><span class=\"is--medium\">R\u00e9f\u00e9rence constructeur :<\/span> Economy 244 x 244 cm- White Edition\t\t\t\t\t<\/li>\n<li class=\"product-features__item-list__item\" role=\"listitem\"><span class=\"is--medium\">Marque :<\/span> CELEXON\t\t\t\t\t<\/li>\n<\/ul>\n<\/li>\n<\/ul>\n<\/div>\n<div class=\"product__disclosure-content\">\n<div class=\"js-read-more product-description__content\" data-read-more-name=\"description\" style=\"max-height: 500px; overflow: hidden;\">\n<p>Ecran de projection sur pied Celexon Economy 244 x 244 cm- White Edition Caract\u00e9ristiques : &#8211; 244 x 244 cm de surface utile (correspond \u00e0\u00a0 une diagonale de 135 pouces ou 345 cm) &#8211; Drop noir : 5cm &#8211; Bord noir (bas\/gauche\/droite) : 3 x 4 x 4 cm &#8211; Dimensions du carter en tout: 260 x 7cm &#8211; Poids: 14kg &#8211; Hauteur min. : 48cm, Hauteur max.: 115cm (A partir du bas de l&rsquo; \u00e9cran) &#8211; Hauteur min. : 292cm, Hauteur max.: 359cm (A partir du haut de l&rsquo; \u00e9cran) &#8211; Couleur du carter : BLANC &#8211; Dos noir &amp; opaque. &#8211; Incroyable rapport Qualit\u00e9\/Prix &#8211; Id\u00e9al pour le Home Cinema et les pr\u00e9sentations avec un rapport de gain de 1,0. &#8211; Conception tr\u00e8s robuste. &#8211; Possibilit\u00e9 de corriger le Keystone incluse. &#8211; Hauteur d&rsquo; arr\u00eat r\u00e9glable sans \u00e0\u00a0-coups. &#8211; Montage et d\u00e9montage ultra rapide. &#8211; Livraison compl\u00e8te avec un pied inclus. En optant pour un \u00e9cran de projection sur pied Celexon, vous optez \u00e9galement pour un produit de grande qualit\u00e9 avec un incroyable rapport Qualit\u00e9\/Prix. Ne payez pas plus que n\u00e9cessaire D\u00e9sormais, en Top-Annonce \u00e0\u00a0 un prix imbattable. Les \u00e9crans de projection sur pied Celexon se distinguent par une tr\u00e8s bonne finition, et un large spectre de possibilit\u00e9s d&rsquo;utilisation. L&rsquo;\u00e9cran est r\u00e9glable en hauteur \u00e0\u00a0 souhait, sans \u00e0\u00a0-coups, et permet en plus du format 1:1, \u00e9galement le format 4:3, 16:9 voire 21:9. Tous les \u00e9crans de projection Celexon Economy ont un facteur de gain de 1. Celui-ci est optimis\u00e9 pour les projections avec des LCD comme des DLP. Total flexibilit\u00e9. Un dos noir vous permet de n&rsquo; avoir aucune perte de lumi\u00e8re et une projection toujours claire. Ainsi, vous pouvez \u00e9galement installer votre \u00e9cran devant une fen\u00eatre. Les bords noirs et\/ou le drop noir vous permettront d&rsquo; obtenir un tr\u00e8s bon contraste, et une meilleure tenue de la toile. Une fonctionnalit\u00e9 int\u00e9gr\u00e9 dans le pied vous permet de corriger le Keystone afin de ne plus perdre en qualit\u00e9 lors des projections.<\/p>\n<\/div>\n<\/div>","protected":false},"excerpt":{"rendered":"<div class=\"keypoints\">\n<h3 class=\"keypoints__title\">Les points cl\u00e9s<\/h3>\n<ul role=\"list\">\n<li class=\"keypoints__item\" role=\"listitem\">                                        Utilisation \u00e9cran : transportable                      <\/li>\n<li class=\"keypoints__item\" role=\"listitem\">                                        Format : 1\/1                      <\/li>\n<li class=\"keypoints__item\" role=\"listitem\">                          manuel &#8211;                                                      244 x 244 cm                      <\/li>\n<\/ul>","protected":false},"featured_media":90174,"template":"","meta":{"_glsr_average":0,"_glsr_ranking":0,"_glsr_reviews":0},"product_cat":[492],"product_tag":[493,451],"class_list":{"0":"post-90175","1":"product","2":"type-product","3":"status-publish","4":"has-post-thumbnail","6":"product_cat-ecran-de-projection","7":"product_tag-ecran-de-projection","8":"product_tag-tv-image-son","10":"first","11":"instock","12":"sale","13":"shipping-taxable","14":"purchasable","15":"product-type-simple"},"_links":{"self":[{"href":"https:\/\/electromenagerexpress.com\/en\/wp-json\/wp\/v2\/product\/90175","targetHints":{"allow":["GET"]}}],"collection":[{"href":"https:\/\/electromenagerexpress.com\/en\/wp-json\/wp\/v2\/product"}],"about":[{"href":"https:\/\/electromenagerexpress.com\/en\/wp-json\/wp\/v2\/types\/product"}],"wp:featuredmedia":[{"embeddable":true,"href":"https:\/\/electromenagerexpress.com\/en\/wp-json\/wp\/v2\/media\/90174"}],"wp:attachment":[{"href":"https:\/\/electromenagerexpress.com\/en\/wp-json\/wp\/v2\/media?parent=90175"}],"wp:term":[{"taxonomy":"product_cat","embeddable":true,"href":"https:\/\/electromenagerexpress.com\/en\/wp-json\/wp\/v2\/product_cat?post=90175"},{"taxonomy":"product_tag","embeddable":true,"href":"https:\/\/electromenagerexpress.com\/en\/wp-json\/wp\/v2\/product_tag?post=90175"}],"curies":[{"name":"wp","href":"https:\/\/api.w.org\/{rel}","templated":true}]}}