{"id":90169,"date":"2024-11-24T17:39:51","date_gmt":"2024-11-24T17:39:51","guid":{"rendered":"https:\/\/electromenagerexpress.com\/product\/ecran-de-projectioncelexonmobil-expert-406-x-228-cm-proj-de-face\/"},"modified":"2024-11-24T17:39:51","modified_gmt":"2024-11-24T17:39:51","slug":"ecran-de-projectioncelexonmobil-expert-406-x-228-cm-proj-de-face","status":"publish","type":"product","link":"https:\/\/electromenagerexpress.com\/en\/product\/ecran-de-projectioncelexonmobil-expert-406-x-228-cm-proj-de-face\/","title":{"rendered":"Ecran de projection\t\t\t\t\t\t\tCELEXON\t\t\t\tMobil Expert 406 x 228 cm, proj. de face"},"content":{"rendered":"<div class=\"product-features__content\">\n<ul role=\"list\">\n<li class=\"product-features__item\" role=\"listitem\">\n<h3 class=\"product-features__label\">Installation<\/h3>\n<ul role=\"list\">\n<li class=\"product-features__item-list__item\" role=\"listitem\"><span class=\"is--medium\">Utilisation :<\/span> transportable, id\u00e9al pour projeter dans diff\u00e9rents endroits\t\t\t\t\t<\/li>\n<li class=\"product-features__item-list__item\" role=\"listitem\"><span class=\"is--medium\">Installation transportable :<\/span> \u00e9cran sur tr\u00e9pied, permet de d\u00e9placer l&rsquo;\u00e9cran de pi\u00e9ce en pi\u00e9ce selon les besoins\t\t\t\t\t<\/li>\n<li class=\"product-features__item-list__item\" role=\"listitem\"><span class=\"is--medium\">Installation fixe :<\/span> \u00e9cran manuel, se d\u00e9roule et se bloque \u00e0 la position d\u00e9sir\u00e9e\t\t\t\t\t<\/li>\n<li class=\"product-features__item-list__item\" role=\"listitem\"><span class=\"is--medium\">D\u00e9roulement :<\/span> manuel\t\t\t\t\t<\/li>\n<li class=\"product-features__item-list__item\" role=\"listitem\"><span class=\"is--medium\">Installation au sol :<\/span> Non\t\t\t\t\t<\/li>\n<li class=\"product-features__item-list__item\" role=\"listitem\"><span class=\"is--medium\">Fixation au plafond :<\/span> Non\t\t\t\t\t<\/li>\n<li class=\"product-features__item-list__item\" role=\"listitem\"><span class=\"is--medium\">Fixation murale :<\/span> Non\t\t\t\t\t<\/li>\n<li class=\"product-features__item-list__item\" role=\"listitem\"><span class=\"is--medium\">Hauteur d&rsquo;ouverture ajustable :<\/span> Non\t\t\t\t\t<\/li>\n<li class=\"product-features__item-list__item\" role=\"listitem\"><span class=\"is--medium\">Tendeurs int\u00e9gr\u00e9s :<\/span> Non\t\t\t\t\t<\/li>\n<\/ul>\n<\/li>\n<li class=\"product-features__item\" role=\"listitem\">\n<h3 class=\"product-features__label\">Ecran<\/h3>\n<ul role=\"list\">\n<li class=\"product-features__item-list__item\" role=\"listitem\"><span class=\"is--medium\">Type d&rsquo;\u00e9cran :<\/span> Ecran de projection\t\t\t\t\t<\/li>\n<li class=\"product-features__item-list__item\" role=\"listitem\"><span class=\"is--medium\">Format :<\/span> 16\/09, id\u00e9al pour des images de films ou de t\u00e9l\u00e9vision\t\t\t\t\t<\/li>\n<li class=\"product-features__item-list__item\" role=\"listitem\"><span class=\"is--medium\">Dimensions (hauteur x base) :<\/span> 228 x 406 cm\t\t\t\t\t<\/li>\n<li class=\"product-features__item-list__item\" role=\"listitem\"><span class=\"is--medium\">Diagonale de l&rsquo;image :<\/span> non communiqu\u00e9e\t\t\t\t\t<\/li>\n<li class=\"product-features__item-list__item\" role=\"listitem\"><span class=\"is--medium\">Extra drop :<\/span> Non\t\t\t\t\t<\/li>\n<li class=\"product-features__item-list__item\" role=\"listitem\"><span class=\"is--medium\">Cadrage noir :<\/span> non\t\t\t\t\t<\/li>\n<li class=\"product-features__item-list__item\" role=\"listitem\"><span class=\"is--medium\">Dos noir :<\/span> non communiqu\u00e9\t\t\t\t\t<\/li>\n<li class=\"product-features__item-list__item\" role=\"listitem\"><span class=\"is--medium\">Gain :<\/span> non communiqu\u00e9\t\t\t\t\t<\/li>\n<li class=\"product-features__item-list__item\" role=\"listitem\"><span class=\"is--medium\">Traitement sur l&rsquo;\u00e9cran :<\/span> non communiqu\u00e9\t\t\t\t\t<\/li>\n<li class=\"product-features__item-list__item\" role=\"listitem\"><span class=\"is--medium\">Ecran accoustique :<\/span> non\t\t\t\t\t<\/li>\n<li class=\"product-features__item-list__item\" role=\"listitem\"><span class=\"is--medium\">Coloris :<\/span> blanc mat\t\t\t\t\t<\/li>\n<\/ul>\n<\/li>\n<li class=\"product-features__item\" role=\"listitem\">\n<h3 class=\"product-features__label\">Dimensions<\/h3>\n<ul role=\"list\">\n<li class=\"product-features__item-list__item\" role=\"listitem\"><span class=\"is--medium\">Dimensions l x h x p :<\/span> 406 x 228 x NC cm\t\t\t\t\t<\/li>\n<\/ul>\n<\/li>\n<li class=\"product-features__item\" role=\"listitem\">\n<h3 class=\"product-features__label\">Informations compl\u00e9mentaires<\/h3>\n<ul role=\"list\">\n<li class=\"product-features__item-list__item\" role=\"listitem\"><span class=\"is--medium\">Disponibilit\u00e9 des pi\u00e8ces d\u00e9tach\u00e9es (donn\u00e9es fournisseur) :<\/span> Non communiqu\u00e9e\t\t\t\t\t<\/li>\n<li class=\"product-features__item-list__item\" role=\"listitem\"><span class=\"is--medium\">R\u00e9f\u00e9rence constructeur :<\/span> Mobil Expert 406 x 228 cm, proj. de face\t\t\t\t\t<\/li>\n<li class=\"product-features__item-list__item\" role=\"listitem\"><span class=\"is--medium\">Marque :<\/span> CELEXON\t\t\t\t\t<\/li>\n<\/ul>\n<\/li>\n<\/ul>\n<\/div>\n<div class=\"product__disclosure-content\">\n<div class=\"js-read-more product-description__content\" data-read-more-name=\"description\" style=\"max-height: 500px; overflow: hidden;\">\n<p>Ecran de projection sur cadre Celexon \u00ab\u00a0Mobil Expert \u00a0\u00bb 406 x 228 cm, projection de face Les \u00e9crans sur cadre Mobil Expert sont des \u00e9crans de grande qualit\u00e9, dot\u00e9s d&rsquo; une toile extr\u00eamement robuste, sp\u00e9cialement \u00e9tudi\u00e9s pour des utilisations r\u00e9p\u00e9t\u00e9es. Le montage est simple et rapide, et le mat\u00e9riel se range dans un coffre de transport tr\u00e8s robuste. Caract\u00e9ristiques : &#8211; 406 x 228 cm de surface visible (correspond \u00e0\u00a0 une diagonale de 465 cm ou 183 pouces) &#8211; Format 16:9 &#8211; Coffre de transport arm\u00e9 et r\u00e9sistant, sur roulettes 115,5 x 31,0 x 55,0 cm &#8211; Poids (\u00e9cran + coffre): 41 kg &#8211; Toile pour projection de face, bords noirs de 10 cm tout autour, dos noir &#8211; Gain de 1.2 &#8211; id\u00e9al pour le Home Cin\u00e9ma, comme pour les pr\u00e9sentations &#8211; Fixation de la toile par boutons-pression &#8211; Cadre pliable en aluminium, 2 pieds en aluminium monobloc &#8211; Montage rapide sans utilisation d&rsquo;outils &#8211; Tr\u00e8s stable et r\u00e9sistant &#8211; Faible poids gr\u00e2ce \u00e0\u00a0 l&rsquo;armature en aluminium &#8211; Sac pour la toile Ecran de projection de qualit\u00e9 donnant d&rsquo;excellents r\u00e9sultats dans la projection avec un excellent tendu jusqu&rsquo;\u00e0\u00a0 4 m\u00e8tres de large. Les \u00e9crans de projection mobiles Celexon sur cadre se montent en seulement quelques minutes. La toile se fixe gr\u00e2ce \u00e0\u00a0 des boutons de pressions autour de l&rsquo;armature en aluminium. Les pieds sont r\u00e9glables en hauteur tout en gardant une bonne stabilit\u00e9. Le coffre r\u00e9sistant permet un entreposage tout en protection m\u00eame en-dehors de l&rsquo;utilisation. Id\u00e9al pour la location, les manifestations \u00e9v\u00e8nementiels, les associations, les \u00e9coles etc. Cet \u00e9cran est pr\u00e9vu pour un usage en int\u00e9rieur. Il peut toutefois \u00eatre utilis\u00e9 occasionnellement et install\u00e9 de fa\u00e7on non permanente en ext\u00e9rieur, \u00e0\u00a0 condition d&rsquo;\u00eatre ancr\u00e9 \u00e0\u00a0 la terre gr\u00e2ce au nouveau kit de fixation au sol pour Mobile Expert, disponible en option, et que le vent soit extr\u00eamement mod\u00e9r\u00e9 (vitesse inf\u00e9rieure \u00e0\u00a0 5 km\/h). En effet, si le vent est plus violent, l&rsquo; \u00e9cran peut faire office d&rsquo; obstacle l\u00e9ger et \u00eatre endommag\u00e9 de mani\u00e8re irr\u00e9versible.<\/p>\n<\/div>\n<\/div>","protected":false},"excerpt":{"rendered":"<div class=\"keypoints\">\n<h3 class=\"keypoints__title\">Les points cl\u00e9s<\/h3>\n<ul role=\"list\">\n<li class=\"keypoints__item\" role=\"listitem\">                                        Utilisation \u00e9cran : transportable                      <\/li>\n<li class=\"keypoints__item\" role=\"listitem\">                                        Format : 16\/9                      <\/li>\n<li class=\"keypoints__item\" role=\"listitem\">                          manuel &#8211;                                                      228 x 406 cm                      <\/li>\n<\/ul>","protected":false},"featured_media":90168,"template":"","meta":{"_glsr_average":0,"_glsr_ranking":0,"_glsr_reviews":0},"product_cat":[492],"product_tag":[493,451],"class_list":{"0":"post-90169","1":"product","2":"type-product","3":"status-publish","4":"has-post-thumbnail","6":"product_cat-ecran-de-projection","7":"product_tag-ecran-de-projection","8":"product_tag-tv-image-son","10":"first","11":"instock","12":"sale","13":"shipping-taxable","14":"purchasable","15":"product-type-simple"},"_links":{"self":[{"href":"https:\/\/electromenagerexpress.com\/en\/wp-json\/wp\/v2\/product\/90169","targetHints":{"allow":["GET"]}}],"collection":[{"href":"https:\/\/electromenagerexpress.com\/en\/wp-json\/wp\/v2\/product"}],"about":[{"href":"https:\/\/electromenagerexpress.com\/en\/wp-json\/wp\/v2\/types\/product"}],"wp:featuredmedia":[{"embeddable":true,"href":"https:\/\/electromenagerexpress.com\/en\/wp-json\/wp\/v2\/media\/90168"}],"wp:attachment":[{"href":"https:\/\/electromenagerexpress.com\/en\/wp-json\/wp\/v2\/media?parent=90169"}],"wp:term":[{"taxonomy":"product_cat","embeddable":true,"href":"https:\/\/electromenagerexpress.com\/en\/wp-json\/wp\/v2\/product_cat?post=90169"},{"taxonomy":"product_tag","embeddable":true,"href":"https:\/\/electromenagerexpress.com\/en\/wp-json\/wp\/v2\/product_tag?post=90169"}],"curies":[{"name":"wp","href":"https:\/\/api.w.org\/{rel}","templated":true}]}}