{"id":90125,"date":"2024-11-24T17:39:10","date_gmt":"2024-11-24T17:39:10","guid":{"rendered":"https:\/\/electromenagerexpress.com\/product\/ecran-de-projectioncelexoncinema-sur-cadre-243-x-136-cm-110\/"},"modified":"2024-11-24T17:39:17","modified_gmt":"2024-11-24T17:39:17","slug":"ecran-de-projectioncelexoncinema-sur-cadre-243-x-136-cm-110","status":"publish","type":"product","link":"https:\/\/electromenagerexpress.com\/en\/product\/ecran-de-projectioncelexoncinema-sur-cadre-243-x-136-cm-110\/","title":{"rendered":"Ecran de projection\t\t\t\t\t\t\tCELEXON\t\t\t\tCinema sur cadre  243 x 136 cm 110\u00a0\u00bb"},"content":{"rendered":"<div class=\"product-features__content\">\n<ul role=\"list\">\n<li class=\"product-features__item\" role=\"listitem\">\n<h3 class=\"product-features__label\">Installation<\/h3>\n<ul role=\"list\">\n<li class=\"product-features__item-list__item\" role=\"listitem\"><span class=\"is--medium\">Utilisation :<\/span> fixe, id\u00e9al pour une installation avec un emplacement d\u00e9di\u00e9\t\t\t\t\t<\/li>\n<li class=\"product-features__item-list__item\" role=\"listitem\"><span class=\"is--medium\">Installation transportable :<\/span> non concern\u00e9\t\t\t\t\t<\/li>\n<li class=\"product-features__item-list__item\" role=\"listitem\"><span class=\"is--medium\">Installation fixe :<\/span> non concern\u00e9\t\t\t\t\t<\/li>\n<li class=\"product-features__item-list__item\" role=\"listitem\"><span class=\"is--medium\">D\u00e9roulement :<\/span> fixe\t\t\t\t\t<\/li>\n<li class=\"product-features__item-list__item\" role=\"listitem\"><span class=\"is--medium\">Installation au sol :<\/span> Non\t\t\t\t\t<\/li>\n<li class=\"product-features__item-list__item\" role=\"listitem\"><span class=\"is--medium\">Fixation au plafond :<\/span> Non\t\t\t\t\t<\/li>\n<li class=\"product-features__item-list__item\" role=\"listitem\"><span class=\"is--medium\">Fixation murale :<\/span> Non\t\t\t\t\t<\/li>\n<li class=\"product-features__item-list__item\" role=\"listitem\"><span class=\"is--medium\">Hauteur d&rsquo;ouverture ajustable :<\/span> Non\t\t\t\t\t<\/li>\n<li class=\"product-features__item-list__item\" role=\"listitem\"><span class=\"is--medium\">Tendeurs int\u00e9gr\u00e9s :<\/span> Non\t\t\t\t\t<\/li>\n<\/ul>\n<\/li>\n<li class=\"product-features__item\" role=\"listitem\">\n<h3 class=\"product-features__label\">Ecran<\/h3>\n<ul role=\"list\">\n<li class=\"product-features__item-list__item\" role=\"listitem\"><span class=\"is--medium\">Type d&rsquo;\u00e9cran :<\/span> Ecran de projection\t\t\t\t\t<\/li>\n<li class=\"product-features__item-list__item\" role=\"listitem\"><span class=\"is--medium\">Format :<\/span> 16\/09, id\u00e9al pour des images de films ou de t\u00e9l\u00e9vision\t\t\t\t\t<\/li>\n<li class=\"product-features__item-list__item\" role=\"listitem\"><span class=\"is--medium\">Dimensions (hauteur x base) :<\/span> 136 x 243 cm\t\t\t\t\t<\/li>\n<li class=\"product-features__item-list__item\" role=\"listitem\"><span class=\"is--medium\">Diagonale de l&rsquo;image :<\/span> non communiqu\u00e9e\t\t\t\t\t<\/li>\n<li class=\"product-features__item-list__item\" role=\"listitem\"><span class=\"is--medium\">Extra drop :<\/span> Non\t\t\t\t\t<\/li>\n<li class=\"product-features__item-list__item\" role=\"listitem\"><span class=\"is--medium\">Cadrage noir :<\/span> non\t\t\t\t\t<\/li>\n<li class=\"product-features__item-list__item\" role=\"listitem\"><span class=\"is--medium\">Dos noir :<\/span> non communiqu\u00e9\t\t\t\t\t<\/li>\n<li class=\"product-features__item-list__item\" role=\"listitem\"><span class=\"is--medium\">Gain :<\/span> non communiqu\u00e9\t\t\t\t\t<\/li>\n<li class=\"product-features__item-list__item\" role=\"listitem\"><span class=\"is--medium\">Traitement sur l&rsquo;\u00e9cran :<\/span> non communiqu\u00e9\t\t\t\t\t<\/li>\n<li class=\"product-features__item-list__item\" role=\"listitem\"><span class=\"is--medium\">Ecran accoustique :<\/span> non\t\t\t\t\t<\/li>\n<li class=\"product-features__item-list__item\" role=\"listitem\"><span class=\"is--medium\">Coloris :<\/span> blanc mat\t\t\t\t\t<\/li>\n<\/ul>\n<\/li>\n<li class=\"product-features__item\" role=\"listitem\">\n<h3 class=\"product-features__label\">Informations compl\u00e9mentaires<\/h3>\n<ul role=\"list\">\n<li class=\"product-features__item-list__item\" role=\"listitem\"><span class=\"is--medium\">Fabriqu\u00e9 en :<\/span> Chine\t\t\t\t\t<\/li>\n<li class=\"product-features__item-list__item\" role=\"listitem\"><span class=\"is--medium\">Disponibilit\u00e9 des pi\u00e8ces d\u00e9tach\u00e9es (donn\u00e9es fournisseur) :<\/span> Non communiqu\u00e9e\t\t\t\t\t<\/li>\n<li class=\"product-features__item-list__item\" role=\"listitem\"><span class=\"is--medium\">R\u00e9f\u00e9rence constructeur :<\/span> Cinema sur cadre  243 x 136 cm 110\u00a0\u00bb\t\t\t\t\t<\/li>\n<li class=\"product-features__item-list__item\" role=\"listitem\"><span class=\"is--medium\">Marque :<\/span> CELEXON\t\t\t\t\t<\/li>\n<\/ul>\n<\/li>\n<\/ul>\n<\/div>\n<div class=\"product__disclosure-content\">\n<div class=\"js-read-more product-description__content read-more read-more--truncated\" data-read-more-name=\"description\" style=\"max-height: 500px; overflow: hidden;\">\n<p><span style=\"font-weight: bold;\">DELUXX Cinema Frame Screen SlimFrame 243 x 136cm, 110&prime; &#8211; 4K Pro Flex MWHT<\/span><br \/>Le Cinema Slimframe est la derni\u00e8re g\u00e9n\u00e9ration d&rsquo;\u00e9crans \u00e0 cadre de DELUXX.<br \/>Cette version de haute qualit\u00e9 de notre Cinema Slimframe est le r\u00e9sultat d&rsquo;ann\u00e9es de d\u00e9veloppement et d&rsquo;exp\u00e9rience dans la construction d&rsquo;\u00e9crans.<br \/>Il est dot\u00e9 d&rsquo;un cadre stable en aluminium extrud\u00e9 et utilise le cadre visible le plus fin du march\u00e9 pour une visibilit\u00e9 maximale avec une taille d&rsquo;installation minimale. Avec un bord encadr\u00e9 de seulement 12 mm, le cadrage ultra plat offre un aspect \u00e9l\u00e9gant et sophistiqu\u00e9 qui est id\u00e9al pour les applications modernes de home cin\u00e9ma ainsi que pour les applications commerciales.<br \/>Sa conception unique est similaire \u00e0 celle d&rsquo;une t\u00e9l\u00e9vision LED de haute qualit\u00e9, mais permet une zone de visionnement beaucoup plus large. Il r\u00e9fl\u00e9chit efficacement la lumi\u00e8re incidente du projecteur vers le spectateur et absorbe efficacement la lumi\u00e8re ambiante pour am\u00e9liorer sensiblement la luminosit\u00e9 et le contraste de l&rsquo;image.<br \/>Elle prot\u00e8ge efficacement l&rsquo;oeil humain car il est prouv\u00e9 que la lumi\u00e8re r\u00e9fl\u00e9chie est plus saine pour l&rsquo;oeil du spectateur que la lumi\u00e8re active telle que celle \u00e9mise par un t\u00e9l\u00e9viseur.<br \/>Gr\u00e2ce \u00e0 une technologie avanc\u00e9e de rev\u00eatement de surface, l&rsquo;\u00e9cran DELUXX Cinema SlimFrame a l&rsquo;air neuf depuis des d\u00e9cennies et a une dur\u00e9e de vie utile nettement sup\u00e9rieure \u00e0 10 ans. (pour un usage int\u00e9rieur typique)<br \/>La toile d&rsquo;\u00e9cran DELUXX 4k Pro Flex cr\u00e9e une r\u00e9flexion d&rsquo;image tr\u00e8s homog\u00e8ne avec un grand angle de vision et fait de cet \u00e9cran &lsquo;TYPE D&rsquo; (r\u00e9flexion diffuse) le choix ultime pour tous les syst\u00e8mes de projection.<br \/>Le Deluxx SlimFrame 4k Pro Flex est un \u00e9cran \u00e0 cadre de haute qualit\u00e9 avec une couverture de 12 mm recouverte de velours &#8211; design de TV LED jusqu&rsquo;\u00e0 160&prime;.<br \/>Notre 4k Pro Flex est fabriqu\u00e9 en PVC. Gr\u00e2ce au rev\u00eatement structur\u00e9 diffus de la surface, la lumi\u00e8re incidente est diffus\u00e9e de mani\u00e8re extr\u00eamement homog\u00e8ne dans toutes les directions et l&rsquo;angle de vision est augment\u00e9. Les couleurs sont reproduites naturellement, avec un gain de 1,0 vous obtenez ici un tissu neutre, blanc mat, de type D (r\u00e9flexion diffuse). La surface est tr\u00e8s \u00e9lastique et pliable. Il est r\u00e9sistant aux UV, antistatique, nettoyable, r\u00e9sistant \u00e0 l&rsquo;humidit\u00e9, ignifuge, r\u00e9sistant au vieillissement et anti-poussi\u00e8re.<br \/>Notre outil polyvalent pour tous les types de projection (LCD, DLP, D-ILA, LCOS etc.) et tous les modes (projection longue, courte et ultra-courte)<br \/><span style=\"font-weight: bold;\"><br \/>\u00a0Toile :<\/span><\/p>\n<ul>\n<li><span style=\"font-weight: bold;\"><\/span>2435 x 1369 mm de surface visible<\/li>\n<li>1.0 Gain de blanc mat, type D<\/li>\n<li>dos noir<\/li>\n<li>structure de surface fine pour les contenus 4K<\/li>\n<li> grand angle de vision de 160 degr\u00e9s<\/li>\n<li>une plan\u00e9it\u00e9 parfaite et l&rsquo;absence de rayures<\/li>\n<li>un \u00e9clairage extr\u00eamement homog\u00e8ne<\/li>\n<li>convient \u00e0 tous les types de projection<\/li>\n<\/ul>\n<p><span style=\"font-weight: bold;\">Cadre :<\/span><\/p>\n<ul>\n<li><span style=\"font-weight: bold;\"><\/span>cadre en aluminium extrud\u00e9 extr\u00eamement rigide<\/li>\n<li>Cadre de 12 mm recouvert de velours dans un design moderne de t\u00e9l\u00e9vision \u00e0 plat<\/li>\n<li>absorbe efficacement les r\u00e9flexions marginales et dissimule les \u00e9ventuels probl\u00e8mes de convergence<\/li>\n<li>une fixation innovante du tissu gr\u00e2ce \u00e0 une tension continue et permanente du ressort<\/li>\n<li>Syst\u00e8me de connecteurs \u00e0 angle de 45\u00b0, facile \u00e0 installer<br \/>\u00a0 \u00a0 \u00e0 160&prime; en 16:9<\/li>\n<li>dimensions ext\u00e9rieures du cadre une fois assembl\u00e9 : 2237 x 1269 x 41mm (LxHxP)<span class=\"sewfau55dz9wl2\"><\/span><span class=\"sewfau55dz9wl2\"><\/span><\/li>\n<\/ul>\n<\/div>\n<p><bl-button a11yexpanded=\"false\" arialabel=\"Afficher toute la description\" class=\"read-more__btn\" full=\"false\" link=\"true\"><\/bl-button><\/div>","protected":false},"excerpt":{"rendered":"<div class=\"keypoints\">\n<h3 class=\"keypoints__title\">Les points cl\u00e9s<\/h3>\n<ul role=\"list\">\n<li class=\"keypoints__item\" role=\"listitem\">                                        Utilisation \u00e9cran : fixe                      <\/li>\n<li class=\"keypoints__item\" role=\"listitem\">                                        Format : 16\/9                      <\/li>\n<li class=\"keypoints__item\" role=\"listitem\">                          fixe &#8211;                                                      136 x 243 cm                      <\/li>\n<\/ul>","protected":false},"featured_media":90124,"template":"","meta":{"_glsr_average":0,"_glsr_ranking":0,"_glsr_reviews":0},"product_cat":[492],"product_tag":[493,451],"class_list":{"0":"post-90125","1":"product","2":"type-product","3":"status-publish","4":"has-post-thumbnail","6":"product_cat-ecran-de-projection","7":"product_tag-ecran-de-projection","8":"product_tag-tv-image-son","10":"first","11":"instock","12":"sale","13":"shipping-taxable","14":"purchasable","15":"product-type-simple"},"_links":{"self":[{"href":"https:\/\/electromenagerexpress.com\/en\/wp-json\/wp\/v2\/product\/90125","targetHints":{"allow":["GET"]}}],"collection":[{"href":"https:\/\/electromenagerexpress.com\/en\/wp-json\/wp\/v2\/product"}],"about":[{"href":"https:\/\/electromenagerexpress.com\/en\/wp-json\/wp\/v2\/types\/product"}],"wp:featuredmedia":[{"embeddable":true,"href":"https:\/\/electromenagerexpress.com\/en\/wp-json\/wp\/v2\/media\/90124"}],"wp:attachment":[{"href":"https:\/\/electromenagerexpress.com\/en\/wp-json\/wp\/v2\/media?parent=90125"}],"wp:term":[{"taxonomy":"product_cat","embeddable":true,"href":"https:\/\/electromenagerexpress.com\/en\/wp-json\/wp\/v2\/product_cat?post=90125"},{"taxonomy":"product_tag","embeddable":true,"href":"https:\/\/electromenagerexpress.com\/en\/wp-json\/wp\/v2\/product_tag?post=90125"}],"curies":[{"name":"wp","href":"https:\/\/api.w.org\/{rel}","templated":true}]}}