{"id":90100,"date":"2024-11-24T17:38:44","date_gmt":"2024-11-24T17:38:44","guid":{"rendered":"https:\/\/electromenagerexpress.com\/product\/ecran-de-projectioncelexonsur-cadre-slimframe-298x168-135-2\/"},"modified":"2024-11-24T17:38:49","modified_gmt":"2024-11-24T17:38:49","slug":"ecran-de-projectioncelexonsur-cadre-slimframe-298x168-135-2","status":"publish","type":"product","link":"https:\/\/electromenagerexpress.com\/en\/product\/ecran-de-projectioncelexonsur-cadre-slimframe-298x168-135-2\/","title":{"rendered":"Ecran de projection\t\t\t\t\t\t\tCELEXON\t\t\t\tsur cadre SlimFrame 298&#215;168, 135&Prime;"},"content":{"rendered":"<div class=\"product-features__content\">\n<ul role=\"list\">\n<li class=\"product-features__item\" role=\"listitem\">\n<h3 class=\"product-features__label\">Installation<\/h3>\n<ul role=\"list\">\n<li class=\"product-features__item-list__item\" role=\"listitem\"><span class=\"is--medium\">Utilisation :<\/span> fixe, id\u00e9al pour une installation avec un emplacement d\u00e9di\u00e9\t\t\t\t\t<\/li>\n<li class=\"product-features__item-list__item\" role=\"listitem\"><span class=\"is--medium\">Installation transportable :<\/span> non concern\u00e9\t\t\t\t\t<\/li>\n<li class=\"product-features__item-list__item\" role=\"listitem\"><span class=\"is--medium\">Installation fixe :<\/span> \u00e9cran sur cadre, il ne poss\u00e9de pas de m\u00e9canisme, se pr\u00e9sente comme un grand tableau et permet d&rsquo;avoir la toile parfaitement tendue\t\t\t\t\t<\/li>\n<li class=\"product-features__item-list__item\" role=\"listitem\"><span class=\"is--medium\">D\u00e9roulement :<\/span> fixe\t\t\t\t\t<\/li>\n<li class=\"product-features__item-list__item\" role=\"listitem\"><span class=\"is--medium\">Installation au sol :<\/span> Non\t\t\t\t\t<\/li>\n<li class=\"product-features__item-list__item\" role=\"listitem\"><span class=\"is--medium\">Fixation au plafond :<\/span> Non\t\t\t\t\t<\/li>\n<li class=\"product-features__item-list__item\" role=\"listitem\"><span class=\"is--medium\">Fixation murale :<\/span> Non\t\t\t\t\t<\/li>\n<li class=\"product-features__item-list__item\" role=\"listitem\"><span class=\"is--medium\">Hauteur d&rsquo;ouverture ajustable :<\/span> Non\t\t\t\t\t<\/li>\n<li class=\"product-features__item-list__item\" role=\"listitem\"><span class=\"is--medium\">Tendeurs int\u00e9gr\u00e9s :<\/span> Non\t\t\t\t\t<\/li>\n<\/ul>\n<\/li>\n<li class=\"product-features__item\" role=\"listitem\">\n<h3 class=\"product-features__label\">Ecran<\/h3>\n<ul role=\"list\">\n<li class=\"product-features__item-list__item\" role=\"listitem\"><span class=\"is--medium\">Type d&rsquo;\u00e9cran :<\/span> Ecran de projection\t\t\t\t\t<\/li>\n<li class=\"product-features__item-list__item\" role=\"listitem\"><span class=\"is--medium\">Format :<\/span> 16\/09, id\u00e9al pour des images de films ou de t\u00e9l\u00e9vision\t\t\t\t\t<\/li>\n<li class=\"product-features__item-list__item\" role=\"listitem\"><span class=\"is--medium\">Dimensions (hauteur x base) :<\/span> 168 x 298 cm\t\t\t\t\t<\/li>\n<li class=\"product-features__item-list__item\" role=\"listitem\"><span class=\"is--medium\">Diagonale de l&rsquo;image :<\/span> non communiqu\u00e9e\t\t\t\t\t<\/li>\n<li class=\"product-features__item-list__item\" role=\"listitem\"><span class=\"is--medium\">Extra drop :<\/span> Non\t\t\t\t\t<\/li>\n<li class=\"product-features__item-list__item\" role=\"listitem\"><span class=\"is--medium\">Cadrage noir :<\/span> non\t\t\t\t\t<\/li>\n<li class=\"product-features__item-list__item\" role=\"listitem\"><span class=\"is--medium\">Dos noir :<\/span> non communiqu\u00e9\t\t\t\t\t<\/li>\n<li class=\"product-features__item-list__item\" role=\"listitem\"><span class=\"is--medium\">Gain :<\/span> non communiqu\u00e9\t\t\t\t\t<\/li>\n<li class=\"product-features__item-list__item\" role=\"listitem\"><span class=\"is--medium\">Traitement sur l&rsquo;\u00e9cran :<\/span> non communiqu\u00e9\t\t\t\t\t<\/li>\n<li class=\"product-features__item-list__item\" role=\"listitem\"><span class=\"is--medium\">Ecran accoustique :<\/span> non\t\t\t\t\t<\/li>\n<li class=\"product-features__item-list__item\" role=\"listitem\"><span class=\"is--medium\">Coloris :<\/span> blanc mat\t\t\t\t\t<\/li>\n<\/ul>\n<\/li>\n<li class=\"product-features__item\" role=\"listitem\">\n<h3 class=\"product-features__label\">Informations compl\u00e9mentaires<\/h3>\n<ul role=\"list\">\n<li class=\"product-features__item-list__item\" role=\"listitem\"><span class=\"is--medium\">Fabriqu\u00e9 en :<\/span> Chine\t\t\t\t\t<\/li>\n<li class=\"product-features__item-list__item\" role=\"listitem\"><span class=\"is--medium\">Disponibilit\u00e9 des pi\u00e8ces d\u00e9tach\u00e9es (donn\u00e9es fournisseur) :<\/span> Non communiqu\u00e9e\t\t\t\t\t<\/li>\n<li class=\"product-features__item-list__item\" role=\"listitem\"><span class=\"is--medium\">R\u00e9f\u00e9rence constructeur :<\/span> sur cadre SlimFrame 298&#215;168, 135&Prime;\t\t\t\t\t<\/li>\n<li class=\"product-features__item-list__item\" role=\"listitem\"><span class=\"is--medium\">Marque :<\/span> CELEXON\t\t\t\t\t<\/li>\n<\/ul>\n<\/li>\n<\/ul>\n<\/div>\n<div class=\"product__disclosure-content\">\n<div class=\"js-read-more product-description__content read-more read-more--truncated\" data-read-more-name=\"description\" style=\"max-height: 500px; overflow: hidden;\">\n<p> L&rsquo;\u00e9cran de projection Cin\u00e9ma SlimFrame est la derni\u00e8re g\u00e9n\u00e9ration d&rsquo;\u00e9crans sur cadre de DELUXX, et est le r\u00e9sultat d&rsquo;ann\u00e9es de d\u00e9veloppement et d&rsquo;exp\u00e9rience dans la fabrication d&rsquo;\u00e9crans. <\/p>\n<p> <strong>La toile au contraste \u00e9lev\u00e9 &lsquo;BRIGHTVISION&rsquo; de DELUXX, avec un gain de 2.0, filtre la lumi\u00e8re parasite g\u00eanante et concentre la lumi\u00e8re de projection, \u00e0 un degr\u00e9 particuli\u00e8rement \u00e9lev\u00e9, directement sur le spectateur<\/strong>. Ainsi, l&rsquo;\u00e9cran DELUXX Cin\u00e9ma SlimFrame &#8211; BRIGHTVISION combine les meilleurs r\u00e9sultats de r\u00e9flexion dans des conditions ambiantes lumineuses. <\/p>\n<p> Le DELUXX Cin\u00e9ma SlimFrame ALR est un \u00e9cran de haute qualit\u00e9, \u00e0 gain \u00e9lev\u00e9, avec un cadre velour de 12mm &#8211; design LED-TV jusqu&rsquo;\u00e0 160&prime;. <\/p>\n<p> La toile a \u00e9t\u00e9 sp\u00e9cialement d\u00e9velopp\u00e9e pour augmenter le contraste de l&rsquo;image dans un environnement lumineux. M\u00eame dans de tels environnements, notre toile BRIGHTVISION am\u00e9liore les effets \u00ab\u00a0d\u00e9lav\u00e9&rsquo; ou les effets de \u00ab\u00a0voile gris\u00a0\u00bb. De plus, il augmente le niveau de noir, cr\u00e9ant ainsi un contenu HDR en FullHD et 4K tr\u00e8s vivant. <\/p>\n<p> <strong>L&rsquo;\u00e9cran est id\u00e9al pour les environnements de projection plus lumineux, tels que les salles de conf\u00e9rence et de r\u00e9union, les auditoriums ou les amphith\u00e9\u00e2tres.<\/strong> <\/p>\n<p> Notre \u00e9cran SlimFrame poss\u00e8de un cadre en aluminium extrud\u00e9 tr\u00e8s r\u00e9sistant et dispose du cadre le plus fin du march\u00e9 : une largeur d&rsquo;image maximale avec une taille de cadre minimale. Avec une largeur de seulement 12 mm, le cadre ultra plat offre un look \u00e9l\u00e9gant et sophistiqu\u00e9, id\u00e9al pour les conf\u00e9rences modernes ou les applications de home cin\u00e9ma. Sa conception unique est similaire \u00e0 celle d&rsquo;une t\u00e9l\u00e9vision LED de haute qualit\u00e9, mais permet une zone de visualisation beaucoup plus large. <\/p>\n<p> La toile d&rsquo;\u00e9cran BRIGHTVISION r\u00e9fl\u00e9chit et concentre efficacement la lumi\u00e8re du vid\u00e9oprojecteur vers le centre du spectateur et absorbe la lumi\u00e8re ambiante pour am\u00e9liorer de mani\u00e8re significative la luminosit\u00e9 et le contraste de l&rsquo;image, m\u00eame dans des environnements lumineux. La projection prot\u00e8ge l&rsquo;oeil humain par rapport aux \u00e9crans actifs, car il a \u00e9t\u00e9 d\u00e9montr\u00e9 que la lumi\u00e8re r\u00e9fl\u00e9chie est plus saine pour l&rsquo;oeil que la lumi\u00e8re active comme celle d&rsquo;un \u00e9cran LED. <\/p>\n<p> Gr\u00e2ce \u00e0 une technologie avanc\u00e9e de rev\u00eatement de surface, l&rsquo;\u00e9cran sur cadre DELUXX Cin\u00e9ma SlimFrame BRIGHTVISION reste comme neuf pendant des d\u00e9cennies et a une dur\u00e9e de vie nettement sup\u00e9rieure \u00e0 10 ans (pour une utilisation typique en int\u00e9rieur). <\/p>\n<p> La toile de contraste BRIGHTVISION de DELUXX a \u00e9t\u00e9 d\u00e9velopp\u00e9e avec une structure de surface extr\u00eamement fine et convient d\u00e9j\u00e0 pour le 8K. <\/p>\n<p> <strong>Toile :<\/strong> <\/p>\n<ul>\n<li>Surface visible de 2988 x 1681 mm   <\/li>\n<li>Avec un gain de 2.0, la technologie BRIGHTVISION permet d&rsquo;obtenir le meilleur contraste et les meilleures couleurs possibles dans les environnements lumineux  <\/li>\n<li>contraste de l&rsquo;image nettement meilleur que les surfaces classiques en toile blanche mat  <\/li>\n<li>Toile en structure fine, convient parfaitement pour 4K, mais \u00e9galement pour le 8k  <\/li>\n<li>Angle de vision de 90 degr\u00e9s, la lumi\u00e8re est concentr\u00e9e vers le spectateur  <\/li>\n<li>Plan\u00e9it\u00e9 parfaite et anti rayures  <\/li>\n<li>R\u00e9pulsion et absorption de la lumi\u00e8re ambiante  <\/li>\n<li>Cadre de toile en PET avec rev\u00eatement multicouche pour une plus longue dur\u00e9e de vie  <\/li>\n<li>Pour les vid\u00e9oprojecteurs classiques \u00e0 longue port\u00e9e  <\/li>\n<li>Refus d&rsquo;Ambilight (ALR)  <\/li>\n<li>Gain \u00e9lev\u00e9 de 2,0, sans distorsion notable des couleurs <\/li>\n<\/ul>\n<p> <strong>Cadre :<\/strong> <\/p>\n<ul>\n<li>Cadre en aluminium extrud\u00e9 extr\u00eamement rigide   <\/li>\n<li>Cadre de 12 mm recouvert de velours dans un design moderne de t\u00e9l\u00e9vision \u00e0 \u00e9cran plat  <\/li>\n<li>Absorbe efficacement les r\u00e9flexions de bord et dissimule les \u00e9ventuels probl\u00e8mes de convergence  <\/li>\n<li>Fixation innovante de la toile gr\u00e2ce \u00e0 une tension continue et permanente des ressorts  <\/li>\n<li>Syst\u00e8me d&rsquo;enfichage \u00e0 angle de 45\u00b0, facile \u00e0 installer  <\/li>\n<li>Jusqu&rsquo;\u00e0 160&prime; en 16:9  <\/li>\n<li>Dimensions ext\u00e9rieures du cadre \u00e0 l&rsquo;\u00e9tat mont\u00e9 : 3012 x 1705 x 41mm (LxHxP) <\/li>\n<\/ul>\n<\/div>\n<p><bl-button a11yexpanded=\"false\" arialabel=\"Afficher toute la description\" class=\"read-more__btn\" full=\"false\" link=\"true\">Voir plus<\/bl-button><\/div>","protected":false},"excerpt":{"rendered":"<div class=\"keypoints\">\n<h3 class=\"keypoints__title\">Les points cl\u00e9s<\/h3>\n<ul role=\"list\">\n<li class=\"keypoints__item\" role=\"listitem\">                                        Utilisation \u00e9cran : fixe                      <\/li>\n<li class=\"keypoints__item\" role=\"listitem\">                                        Format : 16\/9                      <\/li>\n<li class=\"keypoints__item\" role=\"listitem\">                          fixe &#8211;                                                      168 x 298 cm                      <\/li>\n<\/ul>","protected":false},"featured_media":90099,"template":"","meta":{"_glsr_average":0,"_glsr_ranking":0,"_glsr_reviews":0},"product_cat":[492],"product_tag":[493,451],"class_list":{"0":"post-90100","1":"product","2":"type-product","3":"status-publish","4":"has-post-thumbnail","6":"product_cat-ecran-de-projection","7":"product_tag-ecran-de-projection","8":"product_tag-tv-image-son","10":"first","11":"instock","12":"sale","13":"shipping-taxable","14":"purchasable","15":"product-type-simple"},"_links":{"self":[{"href":"https:\/\/electromenagerexpress.com\/en\/wp-json\/wp\/v2\/product\/90100","targetHints":{"allow":["GET"]}}],"collection":[{"href":"https:\/\/electromenagerexpress.com\/en\/wp-json\/wp\/v2\/product"}],"about":[{"href":"https:\/\/electromenagerexpress.com\/en\/wp-json\/wp\/v2\/types\/product"}],"wp:featuredmedia":[{"embeddable":true,"href":"https:\/\/electromenagerexpress.com\/en\/wp-json\/wp\/v2\/media\/90099"}],"wp:attachment":[{"href":"https:\/\/electromenagerexpress.com\/en\/wp-json\/wp\/v2\/media?parent=90100"}],"wp:term":[{"taxonomy":"product_cat","embeddable":true,"href":"https:\/\/electromenagerexpress.com\/en\/wp-json\/wp\/v2\/product_cat?post=90100"},{"taxonomy":"product_tag","embeddable":true,"href":"https:\/\/electromenagerexpress.com\/en\/wp-json\/wp\/v2\/product_tag?post=90100"}],"curies":[{"name":"wp","href":"https:\/\/api.w.org\/{rel}","templated":true}]}}