{"id":90080,"date":"2024-11-24T17:38:24","date_gmt":"2024-11-24T17:38:24","guid":{"rendered":"https:\/\/electromenagerexpress.com\/product\/ecran-de-projectioncelexonsur-pied-expert-slowmotion-43-203x152\/"},"modified":"2024-11-24T17:38:27","modified_gmt":"2024-11-24T17:38:27","slug":"ecran-de-projectioncelexonsur-pied-expert-slowmotion-43-203x152","status":"publish","type":"product","link":"https:\/\/electromenagerexpress.com\/en\/product\/ecran-de-projectioncelexonsur-pied-expert-slowmotion-43-203x152\/","title":{"rendered":"Ecran de projection\t\t\t\t\t\t\tCELEXON\t\t\t\tsur pied Expert Slowmotion 4:3 203&#215;152"},"content":{"rendered":"<div class=\"product-features__content\">\n<ul role=\"list\">\n<li class=\"product-features__item\" role=\"listitem\">\n<h3 class=\"product-features__label\">Installation<\/h3>\n<ul role=\"list\">\n<li class=\"product-features__item-list__item\" role=\"listitem\"><span class=\"is--medium\">Utilisation :<\/span> transportable, id\u00e9al pour projeter dans diff\u00e9rents endroits\t\t\t\t\t<\/li>\n<li class=\"product-features__item-list__item\" role=\"listitem\"><span class=\"is--medium\">Installation transportable :<\/span> \u00e9cran sur tr\u00e9pied, permet de d\u00e9placer l&rsquo;\u00e9cran de pi\u00e9ce en pi\u00e9ce selon les besoins\t\t\t\t\t<\/li>\n<li class=\"product-features__item-list__item\" role=\"listitem\"><span class=\"is--medium\">Installation fixe :<\/span> non concern\u00e9\t\t\t\t\t<\/li>\n<li class=\"product-features__item-list__item\" role=\"listitem\"><span class=\"is--medium\">D\u00e9roulement :<\/span> manuel\t\t\t\t\t<\/li>\n<li class=\"product-features__item-list__item\" role=\"listitem\"><span class=\"is--medium\">Installation au sol :<\/span> Non\t\t\t\t\t<\/li>\n<li class=\"product-features__item-list__item\" role=\"listitem\"><span class=\"is--medium\">Fixation au plafond :<\/span> Non\t\t\t\t\t<\/li>\n<li class=\"product-features__item-list__item\" role=\"listitem\"><span class=\"is--medium\">Fixation murale :<\/span> Non\t\t\t\t\t<\/li>\n<li class=\"product-features__item-list__item\" role=\"listitem\"><span class=\"is--medium\">Hauteur d&rsquo;ouverture ajustable :<\/span> Non\t\t\t\t\t<\/li>\n<li class=\"product-features__item-list__item\" role=\"listitem\"><span class=\"is--medium\">Tendeurs int\u00e9gr\u00e9s :<\/span> Non\t\t\t\t\t<\/li>\n<\/ul>\n<\/li>\n<li class=\"product-features__item\" role=\"listitem\">\n<h3 class=\"product-features__label\">Ecran<\/h3>\n<ul role=\"list\">\n<li class=\"product-features__item-list__item\" role=\"listitem\"><span class=\"is--medium\">Type d&rsquo;\u00e9cran :<\/span> Ecran de projection\t\t\t\t\t<\/li>\n<li class=\"product-features__item-list__item\" role=\"listitem\"><span class=\"is--medium\">Format :<\/span> 4\/3, pour une utilisation bureau\t\t\t\t\t<\/li>\n<li class=\"product-features__item-list__item\" role=\"listitem\"><span class=\"is--medium\">Dimensions (hauteur x base) :<\/span> 203 x 152 cm\t\t\t\t\t<\/li>\n<li class=\"product-features__item-list__item\" role=\"listitem\"><span class=\"is--medium\">Diagonale de l&rsquo;image :<\/span> non communiqu\u00e9e\t\t\t\t\t<\/li>\n<li class=\"product-features__item-list__item\" role=\"listitem\"><span class=\"is--medium\">Extra drop :<\/span> Non\t\t\t\t\t<\/li>\n<li class=\"product-features__item-list__item\" role=\"listitem\"><span class=\"is--medium\">Cadrage noir :<\/span> non\t\t\t\t\t<\/li>\n<li class=\"product-features__item-list__item\" role=\"listitem\"><span class=\"is--medium\">Dos noir :<\/span> non communiqu\u00e9\t\t\t\t\t<\/li>\n<li class=\"product-features__item-list__item\" role=\"listitem\"><span class=\"is--medium\">Gain :<\/span> non communiqu\u00e9\t\t\t\t\t<\/li>\n<li class=\"product-features__item-list__item\" role=\"listitem\"><span class=\"is--medium\">Traitement sur l&rsquo;\u00e9cran :<\/span> non communiqu\u00e9\t\t\t\t\t<\/li>\n<li class=\"product-features__item-list__item\" role=\"listitem\"><span class=\"is--medium\">Ecran accoustique :<\/span> non\t\t\t\t\t<\/li>\n<li class=\"product-features__item-list__item\" role=\"listitem\"><span class=\"is--medium\">Coloris :<\/span> blanc mat\t\t\t\t\t<\/li>\n<\/ul>\n<\/li>\n<li class=\"product-features__item\" role=\"listitem\">\n<h3 class=\"product-features__label\">Informations compl\u00e9mentaires<\/h3>\n<ul role=\"list\">\n<li class=\"product-features__item-list__item\" role=\"listitem\"><span class=\"is--medium\">Fabriqu\u00e9 en :<\/span> Chine\t\t\t\t\t<\/li>\n<li class=\"product-features__item-list__item\" role=\"listitem\"><span class=\"is--medium\">Disponibilit\u00e9 des pi\u00e8ces d\u00e9tach\u00e9es (donn\u00e9es fournisseur) :<\/span> Non communiqu\u00e9e\t\t\t\t\t<\/li>\n<li class=\"product-features__item-list__item\" role=\"listitem\"><span class=\"is--medium\">R\u00e9f\u00e9rence constructeur :<\/span> sur pied Expert Slowmotion 4:3 203&#215;152\t\t\t\t\t<\/li>\n<li class=\"product-features__item-list__item\" role=\"listitem\"><span class=\"is--medium\">Marque :<\/span> CELEXON\t\t\t\t\t<\/li>\n<\/ul>\n<\/li>\n<\/ul>\n<\/div>\n<div class=\"product__disclosure-content\">\n<div class=\"js-read-more product-description__content read-more read-more--truncated\" data-read-more-name=\"description\" style=\"max-height: 500px; overflow: hidden;\">\n<p><strong> \u00c9cran de projection sur pied DELUXX Expert Slowmotion 4:3 Blanc Mat Polaro 203 x 152<\/strong><\/p>\n<p>Avec l&rsquo;\u00e9cran de projection sur pied blanc mat Polaro 203 x 152 cm DELUXX Advanced, optez pour un produit de grande qualit\u00e9 \u00e0 usage professionnel mobile.<\/p>\n<p> Gr\u00e2ce \u00e0 son tr\u00e9pied robuste, l&rsquo;\u00e9cran de projection dispose d&rsquo;une position stable sur de multiples terrains. L&rsquo;\u00e9cran est r\u00e9glable en hauteur \u00e0 souhait, sans \u00e0-coups, et permet l&rsquo;utilisation de plusieurs types de formats, tels que 4:3, 16:9, 16:10 ainsi que 21:9. La hauteur est facilement ajustable gr\u00e2ce \u00e0 la poign\u00e9e de transport ergonomique.<\/p>\n<p> Infos rapides:<\/p>\n<p> &#8211; Surface utile de 203 x 152 cm<\/p>\n<p> &#8211; Bords noirs de 4 cm<\/p>\n<p> &#8211; Toile de projection blanche matte Polaro au gain de 1,0 <\/p>\n<p> &#8211; Tr\u00e9pied robuste pour tenue solide <\/p>\n<p> &#8211; Distance entre sol et carter: environ 80 cm<\/p>\n<p> &#8211; Hauteur r\u00e9glabe \u00e0 souhait, pour \u00e9pouser tous types de formats gr\u00e2ce \u00e0 la poign\u00e9e de transport ergonomique <\/p>\n<p> &#8211; Correction trap\u00e8ze automatique<\/p>\n<p> &#8211; M\u00e9canisme stable d&rsquo;enroulement discret <\/p>\n<p> &#8211; Toile protectrice en PVC de grande qualit\u00e9 <\/p>\n<p> &#8211; Dos noir opaque<\/p>\n<p> &#8211; Parfaite r\u00e9partition gr\u00e2ce \u00e0 la tension autonome de la toile<\/p>\n<p> &#8211; Poids: 9,8 kg<\/p>\n<p> &#8211; Sac de transport vendu s\u00e9par\u00e9ment<\/p>\n<p> Gr\u00e2ce \u00e0 la correction trap\u00e8ze automatique, vous pourrez corriger toute distorsion due au tr\u00e9pied sans affecter les capacit\u00e9s digitales de l&rsquo;\u00e9cran. <\/p>\n<p> Le toile protectrice en PVC de l&rsquo;\u00e9cran de projection sur pied blanc mat Polaro 172 x 172 cm DELUXX Advanced offre une r\u00e9partition optimale gr\u00e2ce \u00e0 sa tension autonome. Le dos noir opaque vous permet de n&rsquo;avoir aucune perte de lumi\u00e8re et une projection toujours claire, tout en emp\u00eachant les reflets de lumi\u00e9re g\u00eanants.<\/p>\n<\/p>\n<\/div>\n<p><bl-button a11yexpanded=\"false\" arialabel=\"Afficher toute la description\" class=\"read-more__btn\" full=\"false\" link=\"true\"><\/bl-button><\/div>","protected":false},"excerpt":{"rendered":"<div class=\"keypoints\">\n<h3 class=\"keypoints__title\">Les points cl\u00e9s<\/h3>\n<ul role=\"list\">\n<li class=\"keypoints__item\" role=\"listitem\">                                        Utilisation \u00e9cran : transportable                      <\/li>\n<li class=\"keypoints__item\" role=\"listitem\">                                        Format : 4\/3                      <\/li>\n<li class=\"keypoints__item\" role=\"listitem\">                          manuel &#8211;                                                      203 x 152 cm                      <\/li>\n<\/ul>","protected":false},"featured_media":90079,"template":"","meta":{"_glsr_average":0,"_glsr_ranking":0,"_glsr_reviews":0},"product_cat":[492],"product_tag":[493,451],"class_list":{"0":"post-90080","1":"product","2":"type-product","3":"status-publish","4":"has-post-thumbnail","6":"product_cat-ecran-de-projection","7":"product_tag-ecran-de-projection","8":"product_tag-tv-image-son","10":"first","11":"instock","12":"sale","13":"shipping-taxable","14":"purchasable","15":"product-type-simple"},"_links":{"self":[{"href":"https:\/\/electromenagerexpress.com\/en\/wp-json\/wp\/v2\/product\/90080","targetHints":{"allow":["GET"]}}],"collection":[{"href":"https:\/\/electromenagerexpress.com\/en\/wp-json\/wp\/v2\/product"}],"about":[{"href":"https:\/\/electromenagerexpress.com\/en\/wp-json\/wp\/v2\/types\/product"}],"wp:featuredmedia":[{"embeddable":true,"href":"https:\/\/electromenagerexpress.com\/en\/wp-json\/wp\/v2\/media\/90079"}],"wp:attachment":[{"href":"https:\/\/electromenagerexpress.com\/en\/wp-json\/wp\/v2\/media?parent=90080"}],"wp:term":[{"taxonomy":"product_cat","embeddable":true,"href":"https:\/\/electromenagerexpress.com\/en\/wp-json\/wp\/v2\/product_cat?post=90080"},{"taxonomy":"product_tag","embeddable":true,"href":"https:\/\/electromenagerexpress.com\/en\/wp-json\/wp\/v2\/product_tag?post=90080"}],"curies":[{"name":"wp","href":"https:\/\/api.w.org\/{rel}","templated":true}]}}