{"id":90070,"date":"2024-11-24T17:38:14","date_gmt":"2024-11-24T17:38:14","guid":{"rendered":"https:\/\/electromenagerexpress.com\/product\/ecran-de-projectioncelexoneconomy-244-x-183-cm\/"},"modified":"2024-11-24T17:38:14","modified_gmt":"2024-11-24T17:38:14","slug":"ecran-de-projectioncelexoneconomy-244-x-183-cm","status":"publish","type":"product","link":"https:\/\/electromenagerexpress.com\/en\/product\/ecran-de-projectioncelexoneconomy-244-x-183-cm\/","title":{"rendered":"Ecran de projection\t\t\t\t\t\t\tCELEXON\t\t\t\tEconomy 244 x 183 cm"},"content":{"rendered":"<div class=\"product-features__content\">\n<ul role=\"list\">\n<li class=\"product-features__item\" role=\"listitem\">\n<h3 class=\"product-features__label\">Installation<\/h3>\n<ul role=\"list\">\n<li class=\"product-features__item-list__item\" role=\"listitem\"><span class=\"is--medium\">Utilisation :<\/span> transportable, id\u00e9al pour projeter dans diff\u00e9rents endroits\t\t\t\t\t<\/li>\n<li class=\"product-features__item-list__item\" role=\"listitem\"><span class=\"is--medium\">Installation transportable :<\/span> \u00e9cran sur tr\u00e9pied, permet de d\u00e9placer l&rsquo;\u00e9cran de pi\u00e9ce en pi\u00e9ce selon les besoins\t\t\t\t\t<\/li>\n<li class=\"product-features__item-list__item\" role=\"listitem\"><span class=\"is--medium\">Installation fixe :<\/span> \u00e9cran manuel, se d\u00e9roule et se bloque \u00e0 la position d\u00e9sir\u00e9e\t\t\t\t\t<\/li>\n<li class=\"product-features__item-list__item\" role=\"listitem\"><span class=\"is--medium\">D\u00e9roulement :<\/span> manuel\t\t\t\t\t<\/li>\n<li class=\"product-features__item-list__item\" role=\"listitem\"><span class=\"is--medium\">Installation au sol :<\/span> Non\t\t\t\t\t<\/li>\n<li class=\"product-features__item-list__item\" role=\"listitem\"><span class=\"is--medium\">Fixation au plafond :<\/span> Non\t\t\t\t\t<\/li>\n<li class=\"product-features__item-list__item\" role=\"listitem\"><span class=\"is--medium\">Fixation murale :<\/span> Non\t\t\t\t\t<\/li>\n<li class=\"product-features__item-list__item\" role=\"listitem\"><span class=\"is--medium\">Hauteur d&rsquo;ouverture ajustable :<\/span> Non\t\t\t\t\t<\/li>\n<li class=\"product-features__item-list__item\" role=\"listitem\"><span class=\"is--medium\">Tendeurs int\u00e9gr\u00e9s :<\/span> Non\t\t\t\t\t<\/li>\n<\/ul>\n<\/li>\n<li class=\"product-features__item\" role=\"listitem\">\n<h3 class=\"product-features__label\">Ecran<\/h3>\n<ul role=\"list\">\n<li class=\"product-features__item-list__item\" role=\"listitem\"><span class=\"is--medium\">Type d&rsquo;\u00e9cran :<\/span> Ecran de projection\t\t\t\t\t<\/li>\n<li class=\"product-features__item-list__item\" role=\"listitem\"><span class=\"is--medium\">Format :<\/span> 4\/3, pour une utilisation bureau\t\t\t\t\t<\/li>\n<li class=\"product-features__item-list__item\" role=\"listitem\"><span class=\"is--medium\">Dimensions (hauteur x base) :<\/span> 183 x 244 cm\t\t\t\t\t<\/li>\n<li class=\"product-features__item-list__item\" role=\"listitem\"><span class=\"is--medium\">Diagonale de l&rsquo;image :<\/span> non communiqu\u00e9e\t\t\t\t\t<\/li>\n<li class=\"product-features__item-list__item\" role=\"listitem\"><span class=\"is--medium\">Extra drop :<\/span> Non\t\t\t\t\t<\/li>\n<li class=\"product-features__item-list__item\" role=\"listitem\"><span class=\"is--medium\">Cadrage noir :<\/span> non\t\t\t\t\t<\/li>\n<li class=\"product-features__item-list__item\" role=\"listitem\"><span class=\"is--medium\">Dos noir :<\/span> non communiqu\u00e9\t\t\t\t\t<\/li>\n<li class=\"product-features__item-list__item\" role=\"listitem\"><span class=\"is--medium\">Gain :<\/span> non communiqu\u00e9\t\t\t\t\t<\/li>\n<li class=\"product-features__item-list__item\" role=\"listitem\"><span class=\"is--medium\">Traitement sur l&rsquo;\u00e9cran :<\/span> non communiqu\u00e9\t\t\t\t\t<\/li>\n<li class=\"product-features__item-list__item\" role=\"listitem\"><span class=\"is--medium\">Ecran accoustique :<\/span> non\t\t\t\t\t<\/li>\n<li class=\"product-features__item-list__item\" role=\"listitem\"><span class=\"is--medium\">Coloris :<\/span> blanc mat\t\t\t\t\t<\/li>\n<\/ul>\n<\/li>\n<li class=\"product-features__item\" role=\"listitem\">\n<h3 class=\"product-features__label\">Dimensions<\/h3>\n<ul role=\"list\">\n<li class=\"product-features__item-list__item\" role=\"listitem\"><span class=\"is--medium\">Dimensions l x h x p :<\/span> 244 x 183 x NC cm\t\t\t\t\t<\/li>\n<\/ul>\n<\/li>\n<li class=\"product-features__item\" role=\"listitem\">\n<h3 class=\"product-features__label\">Informations compl\u00e9mentaires<\/h3>\n<ul role=\"list\">\n<li class=\"product-features__item-list__item\" role=\"listitem\"><span class=\"is--medium\">Disponibilit\u00e9 des pi\u00e8ces d\u00e9tach\u00e9es (donn\u00e9es fournisseur) :<\/span> Non communiqu\u00e9e\t\t\t\t\t<\/li>\n<li class=\"product-features__item-list__item\" role=\"listitem\"><span class=\"is--medium\">R\u00e9f\u00e9rence constructeur :<\/span> Economy 244 x 183 cm\t\t\t\t\t<\/li>\n<li class=\"product-features__item-list__item\" role=\"listitem\"><span class=\"is--medium\">Marque :<\/span> CELEXON\t\t\t\t\t<\/li>\n<\/ul>\n<\/li>\n<\/ul>\n<\/div>\n<div class=\"product__disclosure-content\">\n<div class=\"js-read-more product-description__content\" data-read-more-name=\"description\" style=\"max-height: 500px; overflow: hidden;\">\n<p>Ecran de projection sur pied Celexon Economy 244 x 183 cm Caract\u00e9ristiques : &#8211; Surface utile : 244 x 183 cm (correspond \u00e0\u00a0 une diagonale de 120 pouces ou 305 cm) &#8211; Drop noir : 5 cm &#8211; Bords noirs : 4 x 4 x 4 cm (bas\/gauche\/droite) &#8211; Dimensions du carter : 260 x 7 cm (L x \u00e0\u02dc) &#8211; Poids: 13,5 kg &#8211; Hauteur min. : 48 cm, Hauteur max.: 115 cm (\u00e0\u00a0 partir du bas de l&rsquo; \u00e9cran) &#8211; Hauteur min. : 231 cm, Hauteur max.: 298 cm (\u00e0\u00a0 partir du haut de l&rsquo; \u00e9cran) &#8211; Couleur du carter : blanc &#8211; Dos noir opaque &#8211; Rapport qualit\u00e9\/prix incroyable &#8211; Id\u00e9al pour le Home Cinema et les pr\u00e9sentations avec un rapport de gain de 1,0. &#8211; Conception tr\u00e8s robuste &#8211; Correcteur de trap\u00e8ze Keystone inclus &#8211; Hauteur d&rsquo; arr\u00eat r\u00e9glable sans \u00e0\u00a0-coup &#8211; Montage et d\u00e9montage ultra-rapide &#8211; Livraison compl\u00e8te avec un pied inclus Acqu\u00e9rir un \u00e9cran de projection sur pied Celexon, c&rsquo;est opter pour un produit de grande qualit\u00e9 avec un rapport qualit\u00e9\/prix incroyable. Ne payez pas plus que n\u00e9cessaire ! L&rsquo;\u00e9cran de projection sur pied Celexon se distingue par une finition soign\u00e9e et offre un large spectre d&rsquo;utilisation. L&rsquo;\u00e9cran est r\u00e9glable en hauteur \u00e0\u00a0 souhait, sans \u00e0\u00a0-coup, et permet d&rsquo;obtenir, en plus du format 4:3, le format 16:9 voire 21:9. L&rsquo;image projet\u00e9e est refl\u00e9t\u00e9e avec un facteur gain de 1. Celui-ci est optimis\u00e9 pour les vid\u00e9oprojecteurs LCD comme les DLP. Le dos noir opaque retient la lumi\u00e8re de votre projection pour que votre image soit des plus lumineuses possibles. De plus, vous pouvez placer l&rsquo; \u00e9cran devant une fen\u00eatre. Les bords noirs cr\u00e9ent un tr\u00e8s bon contraste pour un meilleur confort visuel pendant la projection. Ils contribuent \u00e9galement \u00e0\u00a0 une meilleure tenue de la toile. Un correcteur Keystone est int\u00e9gr\u00e9 dans le pied de l&rsquo;\u00e9cran afin de corriger le trap\u00e8ze de l&rsquo;image pour conserver une projection de qualit\u00e9.<\/p>\n<\/div>\n<\/div>","protected":false},"excerpt":{"rendered":"<div class=\"keypoints\">\n<h3 class=\"keypoints__title\">Les points cl\u00e9s<\/h3>\n<ul role=\"list\">\n<li class=\"keypoints__item\" role=\"listitem\">                                        Utilisation \u00e9cran : transportable                      <\/li>\n<li class=\"keypoints__item\" role=\"listitem\">                                        Format : 4\/3                      <\/li>\n<li class=\"keypoints__item\" role=\"listitem\">                          manuel &#8211;                                                      183 x 244 cm                      <\/li>\n<\/ul>","protected":false},"featured_media":90069,"template":"","meta":{"_glsr_average":0,"_glsr_ranking":0,"_glsr_reviews":0},"product_cat":[492],"product_tag":[493,451],"class_list":{"0":"post-90070","1":"product","2":"type-product","3":"status-publish","4":"has-post-thumbnail","6":"product_cat-ecran-de-projection","7":"product_tag-ecran-de-projection","8":"product_tag-tv-image-son","10":"first","11":"instock","12":"sale","13":"shipping-taxable","14":"purchasable","15":"product-type-simple"},"_links":{"self":[{"href":"https:\/\/electromenagerexpress.com\/en\/wp-json\/wp\/v2\/product\/90070","targetHints":{"allow":["GET"]}}],"collection":[{"href":"https:\/\/electromenagerexpress.com\/en\/wp-json\/wp\/v2\/product"}],"about":[{"href":"https:\/\/electromenagerexpress.com\/en\/wp-json\/wp\/v2\/types\/product"}],"wp:featuredmedia":[{"embeddable":true,"href":"https:\/\/electromenagerexpress.com\/en\/wp-json\/wp\/v2\/media\/90069"}],"wp:attachment":[{"href":"https:\/\/electromenagerexpress.com\/en\/wp-json\/wp\/v2\/media?parent=90070"}],"wp:term":[{"taxonomy":"product_cat","embeddable":true,"href":"https:\/\/electromenagerexpress.com\/en\/wp-json\/wp\/v2\/product_cat?post=90070"},{"taxonomy":"product_tag","embeddable":true,"href":"https:\/\/electromenagerexpress.com\/en\/wp-json\/wp\/v2\/product_tag?post=90070"}],"curies":[{"name":"wp","href":"https:\/\/api.w.org\/{rel}","templated":true}]}}