{"id":89996,"date":"2024-11-24T17:37:02","date_gmt":"2024-11-24T17:37:02","guid":{"rendered":"https:\/\/electromenagerexpress.com\/product\/ecran-de-projectioncelexonencastrable-plafond-pro-plus-240x180\/"},"modified":"2024-11-24T17:37:09","modified_gmt":"2024-11-24T17:37:09","slug":"ecran-de-projectioncelexonencastrable-plafond-pro-plus-240x180","status":"publish","type":"product","link":"https:\/\/electromenagerexpress.com\/en\/product\/ecran-de-projectioncelexonencastrable-plafond-pro-plus-240x180\/","title":{"rendered":"Ecran de projection\t\t\t\t\t\t\tCELEXON\t\t\t\tencastrable  plafond  PRO Plus 240&#215;180"},"content":{"rendered":"<div class=\"product-features__content\">\n<ul role=\"list\">\n<li class=\"product-features__item\" role=\"listitem\">\n<h3 class=\"product-features__label\">Installation<\/h3>\n<ul role=\"list\">\n<li class=\"product-features__item-list__item\" role=\"listitem\"><span class=\"is--medium\">Utilisation :<\/span> fixe, id\u00e9al pour une installation avec un emplacement d\u00e9di\u00e9\t\t\t\t\t<\/li>\n<li class=\"product-features__item-list__item\" role=\"listitem\"><span class=\"is--medium\">Installation transportable :<\/span> non concern\u00e9\t\t\t\t\t<\/li>\n<li class=\"product-features__item-list__item\" role=\"listitem\"><span class=\"is--medium\">Installation fixe :<\/span> non concern\u00e9\t\t\t\t\t<\/li>\n<li class=\"product-features__item-list__item\" role=\"listitem\"><span class=\"is--medium\">D\u00e9roulement :<\/span> motoris\u00e9\t\t\t\t\t<\/li>\n<li class=\"product-features__item-list__item\" role=\"listitem\"><span class=\"is--medium\">Installation au sol :<\/span> Non\t\t\t\t\t<\/li>\n<li class=\"product-features__item-list__item\" role=\"listitem\"><span class=\"is--medium\">Fixation au plafond :<\/span> Non\t\t\t\t\t<\/li>\n<li class=\"product-features__item-list__item\" role=\"listitem\"><span class=\"is--medium\">Fixation murale :<\/span> Non\t\t\t\t\t<\/li>\n<li class=\"product-features__item-list__item\" role=\"listitem\"><span class=\"is--medium\">Hauteur d&rsquo;ouverture ajustable :<\/span> Non\t\t\t\t\t<\/li>\n<li class=\"product-features__item-list__item\" role=\"listitem\"><span class=\"is--medium\">Tendeurs int\u00e9gr\u00e9s :<\/span> Non\t\t\t\t\t<\/li>\n<\/ul>\n<\/li>\n<li class=\"product-features__item\" role=\"listitem\">\n<h3 class=\"product-features__label\">Ecran<\/h3>\n<ul role=\"list\">\n<li class=\"product-features__item-list__item\" role=\"listitem\"><span class=\"is--medium\">Type d&rsquo;\u00e9cran :<\/span> Ecran de projection\t\t\t\t\t<\/li>\n<li class=\"product-features__item-list__item\" role=\"listitem\"><span class=\"is--medium\">Format :<\/span> 4\/3, pour une utilisation bureau\t\t\t\t\t<\/li>\n<li class=\"product-features__item-list__item\" role=\"listitem\"><span class=\"is--medium\">Dimensions (hauteur x base) :<\/span> 180 x 240 cm\t\t\t\t\t<\/li>\n<li class=\"product-features__item-list__item\" role=\"listitem\"><span class=\"is--medium\">Diagonale de l&rsquo;image :<\/span> non communiqu\u00e9e\t\t\t\t\t<\/li>\n<li class=\"product-features__item-list__item\" role=\"listitem\"><span class=\"is--medium\">Extra drop :<\/span> Non\t\t\t\t\t<\/li>\n<li class=\"product-features__item-list__item\" role=\"listitem\"><span class=\"is--medium\">Cadrage noir :<\/span> non\t\t\t\t\t<\/li>\n<li class=\"product-features__item-list__item\" role=\"listitem\"><span class=\"is--medium\">Dos noir :<\/span> non communiqu\u00e9\t\t\t\t\t<\/li>\n<li class=\"product-features__item-list__item\" role=\"listitem\"><span class=\"is--medium\">Gain :<\/span> non communiqu\u00e9\t\t\t\t\t<\/li>\n<li class=\"product-features__item-list__item\" role=\"listitem\"><span class=\"is--medium\">Traitement sur l&rsquo;\u00e9cran :<\/span> non communiqu\u00e9\t\t\t\t\t<\/li>\n<li class=\"product-features__item-list__item\" role=\"listitem\"><span class=\"is--medium\">Ecran accoustique :<\/span> non\t\t\t\t\t<\/li>\n<li class=\"product-features__item-list__item\" role=\"listitem\"><span class=\"is--medium\">Coloris :<\/span> blanc mat\t\t\t\t\t<\/li>\n<\/ul>\n<\/li>\n<li class=\"product-features__item\" role=\"listitem\">\n<h3 class=\"product-features__label\">Informations compl\u00e9mentaires<\/h3>\n<ul role=\"list\">\n<li class=\"product-features__item-list__item\" role=\"listitem\"><span class=\"is--medium\">Fabriqu\u00e9 en :<\/span> Chine\t\t\t\t\t<\/li>\n<li class=\"product-features__item-list__item\" role=\"listitem\"><span class=\"is--medium\">Disponibilit\u00e9 des pi\u00e8ces d\u00e9tach\u00e9es (donn\u00e9es fournisseur) :<\/span> Non communiqu\u00e9e\t\t\t\t\t<\/li>\n<li class=\"product-features__item-list__item\" role=\"listitem\"><span class=\"is--medium\">R\u00e9f\u00e9rence constructeur :<\/span> encastrable plafond  PRO Plus 240&#215;180\t\t\t\t\t<\/li>\n<li class=\"product-features__item-list__item\" role=\"listitem\"><span class=\"is--medium\">Marque :<\/span> CELEXON\t\t\t\t\t<\/li>\n<\/ul>\n<\/li>\n<\/ul>\n<\/div>\n<div class=\"product__disclosure-content\">\n<div class=\"js-read-more product-description__content read-more read-more--truncated\" data-read-more-name=\"description\" style=\"max-height: 500px; overflow: hidden;\">\n<p><strong>\u00c9cran encastrable au plafond motoris\u00e9 celexon PRO Plus 240 x 180 cm<\/strong><\/p>\n<p>Le nouvel \u00e9cran encastrable motoris\u00e9 celexon PRO Plus est l&rsquo;\u00e9volution de notre s\u00e9rie pris\u00e9e d&rsquo;\u00e9crans encastrables PRO. Le carter en aluminium est d\u00e9sormais suspendu gr\u00e2ce \u00e0 4 tiges m\u00e9talliques. Celui-ci est donc tr\u00e8s robuste et ne se d\u00e9forme pas. Sa discr\u00e9tion lui permettra de se fondre parfaitement dans votre pi\u00e8ce. Le carter encastrable et les tiges de suspension \u00e9pouseront votre plafond et donneront un fini \u00e9l\u00e9gant et discret.<\/p>\n<p>Avec quatre formats diff\u00e9rents et des dimensions allant de 160 cm \u00e0 300 cm, vous disposez d&rsquo;un large choix de produits pour vos projections. Son facteur gain de 1,2 fait de cet \u00e9cran un \u00e9l\u00e9ment optimal pour les salles de conf\u00e9rence, les salles de r\u00e9union ou encore pour votre Home Cin\u00e9ma haut-de-gamme.<\/p>\n<p>La toile de projection est de type D et propose donc un affichage diffus avec un large angle de vision. Cette toile est donc con\u00e7ue pour les contenus haute-r\u00e9solution en 4K.<\/p>\n<p><strong>Caract\u00e9ristiques principales :<\/strong><\/p>\n<ul>\n<li>\n<p>Surface visible blanche de 240 x 180 cm<\/p>\n<\/li>\n<li>\n<p>Format : 4:3<\/p>\n<\/li>\n<li>\n<p>Dimensions de la d\u00e9coupe de plafond : 284 x 11 cm\u00a0(Longueur x Largeur)<\/p>\n<\/li>\n<li>\n<p>Profondeur minimale requise dans le plafond : 11 cm<\/p>\n<\/li>\n<li>\n<p>Moteur silencieux avec un fonctionnement sans \u00e0-coups<\/p>\n<\/li>\n<li>\n<p>Drop noir en haut de 45 cm<\/p>\n<\/li>\n<li>\n<p>Montage simple et rapide<\/p>\n<\/li>\n<li>\n<p>R\u00e9glage de la hauteur des accroches variable jusqu&rsquo;\u00e0 100 cm de haut<\/p>\n<\/li>\n<li>\n<p>Toile de projection compos\u00e9e de 3 couches, optimale pour les contenus en haute-r\u00e9solution 4K<\/p>\n<\/li>\n<li>\n<p>Toile de type D<\/p>\n<\/li>\n<li>\n<p>Facteur gain : 1,2<\/p>\n<\/li>\n<li>\n<p>Angle de vision : 150\u00b0<\/p>\n<\/li>\n<li>\n<p>Norme anti-feu: B2<\/p>\n<\/li>\n<li>\n<p>Bords noirs \u00e0 gauche, \u00e0 droite et en bas de la surface de projection<\/p>\n<\/li>\n<li>\n<p>Dos noir opaque<\/p>\n<\/li>\n<li>\n<p>Bo\u00eetier interrupteur de pilotage pr\u00eat \u00e0 l&rsquo;usage. En option : syst\u00e8me radio fr\u00e9quence ou infrarouge<\/p>\n<\/li>\n<li>\n<p>Barre de lestage biseaut\u00e9e affleurant le carter pour un fini \u00e9l\u00e9gant lorsque l&rsquo;\u00e9cran est ferm\u00e9<\/p>\n<\/li>\n<\/ul>\n<p>L&rsquo;\u00e9cran encastrable motoris\u00e9 celexon PRO Plus dispose d&rsquo;une toile de projection blanche et mate avec un dos opaque noir. Sa texture sp\u00e9cifique est id\u00e9ale pour afficher des contenus en haute-r\u00e9solution et ses bords noirs d\u00e9finissent les contours de l&rsquo;image projet\u00e9e en augmentant ainsi le contraste g\u00e9n\u00e9ral.<\/p>\n<p>L&rsquo;\u00e9cran est d\u00e9j\u00e0 compl\u00e8tement pr\u00e9-mont\u00e9 afin que le temps de montage soit r\u00e9duit au minimum. L&rsquo;\u00e9cran est suspendu avec 4 tiges m\u00e9talliques filet\u00e9es au plafond brut et peut \u00eatre ajust\u00e9 au millim\u00e8tre pr\u00e8s sans \u00e0-coups. Les caches lat\u00e9raux garantissent un fini \u00e9l\u00e9gant et discret pour votre d\u00e9coupe de plafond.<\/p>\n<p>Remarque :<\/p>\n<p>Le boitier interrupteur pr\u00e9-mont\u00e9 sur le c\u00e2ble sert \u00e0 d\u00e9marrer votre \u00e9cran et peut \u00eatre remplac\u00e9 si n\u00e9cessaire. Si vous souhaitez utiliser une commande \u00e9lectronique externe (pointeur laser, t\u00e9l\u00e9commande, etc), il faudra alors d\u00e9monter le boitier interrupteur et relier les 4 conducteurs du c\u00e2ble \u00e0 votre syst\u00e8me de commande. Vous disposez ainsi d&rsquo;une flexibilit\u00e9 maximale pour connecter cet \u00e9cran \u00e0 vos appareils ou l&rsquo;int\u00e9grer aux diff\u00e9rentes pi\u00e8ces dans lesquelles vous projetez.<\/p>\n<p>Inclus \u00e0 la livraison :<\/p>\n<ul>\n<li>\u00c9cran encastrable motoris\u00e9 celexon PRO Plus, boitier interrupteur et prise \u00e9lectrique inclus<\/li>\n<li>4 tiges m\u00e9talliques filet\u00e9es de 100 cm<\/li>\n<li>2 \u00e9querres de montage pour plafonds bruts<\/li>\n<li>2 caches lat\u00e9raux<\/li>\n<li>Accessoires de montage pour plafonds en bois massif<\/li>\n<li>Notice de montage<\/li>\n<\/ul>\n<\/div>\n<p><bl-button a11yexpanded=\"false\" arialabel=\"Afficher toute la description\" class=\"read-more__btn\" full=\"false\" link=\"true\"><\/bl-button><\/div>","protected":false},"excerpt":{"rendered":"<div class=\"keypoints\">\n<h3 class=\"keypoints__title\">Les points cl\u00e9s<\/h3>\n<ul role=\"list\">\n<li class=\"keypoints__item\" role=\"listitem\">                                        Utilisation \u00e9cran : fixe                      <\/li>\n<li class=\"keypoints__item\" role=\"listitem\">                                        Format : 4\/3                      <\/li>\n<li class=\"keypoints__item\" role=\"listitem\">                          motoris\u00e9 &#8211;                                                      180 x 240 cm                      <\/li>\n<\/ul>","protected":false},"featured_media":89995,"template":"","meta":{"_glsr_average":0,"_glsr_ranking":0,"_glsr_reviews":0},"product_cat":[492],"product_tag":[493,451],"class_list":{"0":"post-89996","1":"product","2":"type-product","3":"status-publish","4":"has-post-thumbnail","6":"product_cat-ecran-de-projection","7":"product_tag-ecran-de-projection","8":"product_tag-tv-image-son","10":"first","11":"instock","12":"sale","13":"shipping-taxable","14":"purchasable","15":"product-type-simple"},"_links":{"self":[{"href":"https:\/\/electromenagerexpress.com\/en\/wp-json\/wp\/v2\/product\/89996","targetHints":{"allow":["GET"]}}],"collection":[{"href":"https:\/\/electromenagerexpress.com\/en\/wp-json\/wp\/v2\/product"}],"about":[{"href":"https:\/\/electromenagerexpress.com\/en\/wp-json\/wp\/v2\/types\/product"}],"wp:featuredmedia":[{"embeddable":true,"href":"https:\/\/electromenagerexpress.com\/en\/wp-json\/wp\/v2\/media\/89995"}],"wp:attachment":[{"href":"https:\/\/electromenagerexpress.com\/en\/wp-json\/wp\/v2\/media?parent=89996"}],"wp:term":[{"taxonomy":"product_cat","embeddable":true,"href":"https:\/\/electromenagerexpress.com\/en\/wp-json\/wp\/v2\/product_cat?post=89996"},{"taxonomy":"product_tag","embeddable":true,"href":"https:\/\/electromenagerexpress.com\/en\/wp-json\/wp\/v2\/product_tag?post=89996"}],"curies":[{"name":"wp","href":"https:\/\/api.w.org\/{rel}","templated":true}]}}