{"id":89934,"date":"2024-11-24T17:35:59","date_gmt":"2024-11-24T17:35:59","guid":{"rendered":"https:\/\/electromenagerexpress.com\/product\/ecran-de-projectioncelexonsur-cadre-expert-purewhite-280x158\/"},"modified":"2024-11-24T17:36:02","modified_gmt":"2024-11-24T17:36:02","slug":"ecran-de-projectioncelexonsur-cadre-expert-purewhite-280x158","status":"publish","type":"product","link":"https:\/\/electromenagerexpress.com\/en\/product\/ecran-de-projectioncelexonsur-cadre-expert-purewhite-280x158\/","title":{"rendered":"Ecran de projection\t\t\t\t\t\t\tCELEXON\t\t\t\tsur cadre Expert PureWhite  280&#215;158"},"content":{"rendered":"<div class=\"product-features__content\">\n<ul role=\"list\">\n<li class=\"product-features__item\" role=\"listitem\">\n<h3 class=\"product-features__label\">Installation<\/h3>\n<ul role=\"list\">\n<li class=\"product-features__item-list__item\" role=\"listitem\"><span class=\"is--medium\">Utilisation :<\/span> fixe, id\u00e9al pour une installation avec un emplacement d\u00e9di\u00e9\t\t\t\t\t<\/li>\n<li class=\"product-features__item-list__item\" role=\"listitem\"><span class=\"is--medium\">Installation transportable :<\/span> non concern\u00e9\t\t\t\t\t<\/li>\n<li class=\"product-features__item-list__item\" role=\"listitem\"><span class=\"is--medium\">Installation fixe :<\/span> \u00e9cran sur cadre, il ne poss\u00e9de pas de m\u00e9canisme, se pr\u00e9sente comme un grand tableau et permet d&rsquo;avoir la toile parfaitement tendue\t\t\t\t\t<\/li>\n<li class=\"product-features__item-list__item\" role=\"listitem\"><span class=\"is--medium\">D\u00e9roulement :<\/span> fixe\t\t\t\t\t<\/li>\n<li class=\"product-features__item-list__item\" role=\"listitem\"><span class=\"is--medium\">Installation au sol :<\/span> Non\t\t\t\t\t<\/li>\n<li class=\"product-features__item-list__item\" role=\"listitem\"><span class=\"is--medium\">Fixation au plafond :<\/span> Non\t\t\t\t\t<\/li>\n<li class=\"product-features__item-list__item\" role=\"listitem\"><span class=\"is--medium\">Fixation murale :<\/span> Non\t\t\t\t\t<\/li>\n<li class=\"product-features__item-list__item\" role=\"listitem\"><span class=\"is--medium\">Hauteur d&rsquo;ouverture ajustable :<\/span> Non\t\t\t\t\t<\/li>\n<li class=\"product-features__item-list__item\" role=\"listitem\"><span class=\"is--medium\">Tendeurs int\u00e9gr\u00e9s :<\/span> Non\t\t\t\t\t<\/li>\n<\/ul>\n<\/li>\n<li class=\"product-features__item\" role=\"listitem\">\n<h3 class=\"product-features__label\">Ecran<\/h3>\n<ul role=\"list\">\n<li class=\"product-features__item-list__item\" role=\"listitem\"><span class=\"is--medium\">Type d&rsquo;\u00e9cran :<\/span> Ecran de projection\t\t\t\t\t<\/li>\n<li class=\"product-features__item-list__item\" role=\"listitem\"><span class=\"is--medium\">Format :<\/span> 16\/09, id\u00e9al pour des images de films ou de t\u00e9l\u00e9vision\t\t\t\t\t<\/li>\n<li class=\"product-features__item-list__item\" role=\"listitem\"><span class=\"is--medium\">Dimensions (hauteur x base) :<\/span> 158 x 280 cm\t\t\t\t\t<\/li>\n<li class=\"product-features__item-list__item\" role=\"listitem\"><span class=\"is--medium\">Diagonale de l&rsquo;image :<\/span> non communiqu\u00e9e\t\t\t\t\t<\/li>\n<li class=\"product-features__item-list__item\" role=\"listitem\"><span class=\"is--medium\">Extra drop :<\/span> Non\t\t\t\t\t<\/li>\n<li class=\"product-features__item-list__item\" role=\"listitem\"><span class=\"is--medium\">Cadrage noir :<\/span> non\t\t\t\t\t<\/li>\n<li class=\"product-features__item-list__item\" role=\"listitem\"><span class=\"is--medium\">Dos noir :<\/span> non communiqu\u00e9\t\t\t\t\t<\/li>\n<li class=\"product-features__item-list__item\" role=\"listitem\"><span class=\"is--medium\">Gain :<\/span> non communiqu\u00e9\t\t\t\t\t<\/li>\n<li class=\"product-features__item-list__item\" role=\"listitem\"><span class=\"is--medium\">Traitement sur l&rsquo;\u00e9cran :<\/span> non communiqu\u00e9\t\t\t\t\t<\/li>\n<li class=\"product-features__item-list__item\" role=\"listitem\"><span class=\"is--medium\">Ecran accoustique :<\/span> non\t\t\t\t\t<\/li>\n<li class=\"product-features__item-list__item\" role=\"listitem\"><span class=\"is--medium\">Coloris :<\/span> blanc mat\t\t\t\t\t<\/li>\n<\/ul>\n<\/li>\n<li class=\"product-features__item\" role=\"listitem\">\n<h3 class=\"product-features__label\">Informations compl\u00e9mentaires<\/h3>\n<ul role=\"list\">\n<li class=\"product-features__item-list__item\" role=\"listitem\"><span class=\"is--medium\">Fabriqu\u00e9 en :<\/span> Chine\t\t\t\t\t<\/li>\n<li class=\"product-features__item-list__item\" role=\"listitem\"><span class=\"is--medium\">Disponibilit\u00e9 des pi\u00e8ces d\u00e9tach\u00e9es (donn\u00e9es fournisseur) :<\/span> Non communiqu\u00e9e\t\t\t\t\t<\/li>\n<li class=\"product-features__item-list__item\" role=\"listitem\"><span class=\"is--medium\">R\u00e9f\u00e9rence constructeur :<\/span> sur cadre Expert PureWhite  280&#215;158\t\t\t\t\t<\/li>\n<li class=\"product-features__item-list__item\" role=\"listitem\"><span class=\"is--medium\">Marque :<\/span> CELEXON\t\t\t\t\t<\/li>\n<\/ul>\n<\/li>\n<\/ul>\n<\/div>\n<div class=\"product__disclosure-content\">\n<div class=\"js-read-more product-description__content read-more read-more--truncated\" data-read-more-name=\"description\" style=\"max-height: 500px; overflow: hidden;\">\n<p>Un \u00e9cran sur cadre sans cadre c&rsquo;est un peu bizarre, non ?<br \/>D\u00e9trompez-vous et essayez le nouvel \u00e9cran sur cadre Expert PureWhite de celexon !<\/p>\n<p>D\u00e9couvrez une projection grand format sans que les bords du cadre n&#8217;empi\u00e8tent sur l&rsquo;image projet\u00e9e. L&rsquo;\u00e9cran sur cadre Expert PureWhite de celexon s&rsquo;int\u00e9grera de fa\u00e7on extr\u00eamement discr\u00e8te et \u00e9l\u00e9gante dans vos locaux. En effet, la toile tendue jusqu&rsquo;aux rebords vous permet une projection compl\u00e8te sur la surface utile, ce qui \u00e9quivaut \u00e0 une taille d&rsquo;image approximativement \u00e9gale aux dimensions de la toile. La construction parfaitement plane de l&rsquo;\u00e9cran Expert PureWhite de celexon permet d&rsquo;autre part une installation \u00e0 seulement 27 mm du mur.<\/p>\n<p>Pour cet \u00e9cran, nous utilisons les m\u00eames toiles que celles de notre fameuse s\u00e9rie Expert. Ces toiles \u00e9tant parmi les plus performantes et en plus produites en Europe.<\/p>\n<p>Caract\u00e9ristiques :<\/p>\n<p>Surface utile : 280 x 158 cm <br \/>Toile : PVC blanc mat, type D avec un gain au facteur de 1,2 et un angle de vue de 150\u00b0 degr\u00e9s<br \/>Surface finement travaill\u00e9e pour une pr\u00e9sentation optimale de toutes les r\u00e9solutions jusqu&rsquo;au 4K<br \/>Protection pare-feu B1 &amp; M1<br \/>Toile toujours parfaitement tendue gr\u00e2ce aux bandes de fixation arri\u00e8res<br \/>Cadre rigide en aluminium 95 x 21 mm (largeur x profondeur)<br \/>Cadre invisible au spectateur<br \/>Design extr\u00eamement plat 27 mm (support mural inclus)<br \/>Montage simple du support<br \/>Poids: environ 9 kg<br \/>Que ce soit dans un mus\u00e9e, une salle de conf\u00e9rence, un centre de formation ou directement dans votre salon, l&rsquo;\u00e9cran sur cadre mural Expert PureWhite de celexon impressionne de par son excellente finition et son apparence discr\u00e8te.<\/p>\n<p>Les bandes arri\u00e8res offrent une plan\u00e9it\u00e9 parfaite dans la dur\u00e9e et la toile de projection blanche matte au gain de 1,2 refl\u00e8te des images claires, m\u00eame dans de faibles conditions d&rsquo;\u00e9clairage, diffusant cette homog\u00e9n\u00e9it\u00e9 gr\u00e2ce \u00e0 l&rsquo;angle de vue impressionnant de 150\u00b0.<\/p>\n<p>La surface finement textur\u00e9e permet enfin de reproduire les images en haute d\u00e9finition, bien au-del\u00e0 du 4K, ce qui donne un excellent rendu.<\/p>\n<p>Avec l&rsquo;\u00e9cran lui-m\u00eame, une notice d&rsquo;utilisation ainsi que tout le mat\u00e9riel n\u00e9cessaire pour un montage au mur ou \u00e0 des surfaces en b\u00e9ton sont inclus dans la livraison.<\/p>\n<\/div>\n<p><bl-button a11yexpanded=\"false\" arialabel=\"Afficher toute la description\" class=\"read-more__btn\" full=\"false\" link=\"true\"><\/bl-button><\/div>","protected":false},"excerpt":{"rendered":"<div class=\"keypoints\">\n<h3 class=\"keypoints__title\">Les points cl\u00e9s<\/h3>\n<ul role=\"list\">\n<li class=\"keypoints__item\" role=\"listitem\">                                        Utilisation \u00e9cran : fixe                      <\/li>\n<li class=\"keypoints__item\" role=\"listitem\">                                        Format : 16\/9                      <\/li>\n<li class=\"keypoints__item\" role=\"listitem\">                          fixe &#8211;                                                      158 x 280 cm                      <\/li>\n<\/ul>","protected":false},"featured_media":89933,"template":"","meta":{"_glsr_average":0,"_glsr_ranking":0,"_glsr_reviews":0},"product_cat":[492],"product_tag":[493,451],"class_list":{"0":"post-89934","1":"product","2":"type-product","3":"status-publish","4":"has-post-thumbnail","6":"product_cat-ecran-de-projection","7":"product_tag-ecran-de-projection","8":"product_tag-tv-image-son","10":"first","11":"instock","12":"sale","13":"shipping-taxable","14":"purchasable","15":"product-type-simple"},"_links":{"self":[{"href":"https:\/\/electromenagerexpress.com\/en\/wp-json\/wp\/v2\/product\/89934","targetHints":{"allow":["GET"]}}],"collection":[{"href":"https:\/\/electromenagerexpress.com\/en\/wp-json\/wp\/v2\/product"}],"about":[{"href":"https:\/\/electromenagerexpress.com\/en\/wp-json\/wp\/v2\/types\/product"}],"wp:featuredmedia":[{"embeddable":true,"href":"https:\/\/electromenagerexpress.com\/en\/wp-json\/wp\/v2\/media\/89933"}],"wp:attachment":[{"href":"https:\/\/electromenagerexpress.com\/en\/wp-json\/wp\/v2\/media?parent=89934"}],"wp:term":[{"taxonomy":"product_cat","embeddable":true,"href":"https:\/\/electromenagerexpress.com\/en\/wp-json\/wp\/v2\/product_cat?post=89934"},{"taxonomy":"product_tag","embeddable":true,"href":"https:\/\/electromenagerexpress.com\/en\/wp-json\/wp\/v2\/product_tag?post=89934"}],"curies":[{"name":"wp","href":"https:\/\/api.w.org\/{rel}","templated":true}]}}