{"id":89880,"date":"2024-11-24T17:35:06","date_gmt":"2024-11-24T17:35:06","guid":{"rendered":"https:\/\/electromenagerexpress.com\/product\/ecran-de-projectioncelexonmotorise-tensionne-hautcontraste-221x124\/"},"modified":"2024-11-24T17:35:13","modified_gmt":"2024-11-24T17:35:13","slug":"ecran-de-projectioncelexonmotorise-tensionne-hautcontraste-221x124","status":"publish","type":"product","link":"https:\/\/electromenagerexpress.com\/en\/product\/ecran-de-projectioncelexonmotorise-tensionne-hautcontraste-221x124\/","title":{"rendered":"Ecran de projection\t\t\t\t\t\t\tCELEXON\t\t\t\tmotoris\u00e9 tensionn\u00e9 HautContraste 221&#215;124"},"content":{"rendered":"<div class=\"product-features__content\">\n<ul role=\"list\">\n<li class=\"product-features__item\" role=\"listitem\">\n<h3 class=\"product-features__label\">Installation<\/h3>\n<ul role=\"list\">\n<li class=\"product-features__item-list__item\" role=\"listitem\"><span class=\"is--medium\">Utilisation :<\/span> fixe, id\u00e9al pour une installation avec un emplacement d\u00e9di\u00e9\t\t\t\t\t<\/li>\n<li class=\"product-features__item-list__item\" role=\"listitem\"><span class=\"is--medium\">Installation transportable :<\/span> non concern\u00e9\t\t\t\t\t<\/li>\n<li class=\"product-features__item-list__item\" role=\"listitem\"><span class=\"is--medium\">Installation fixe :<\/span> \u00e9cran motoris\u00e9, la toile descend et monte electriquement pour plus de confort\t\t\t\t\t<\/li>\n<li class=\"product-features__item-list__item\" role=\"listitem\"><span class=\"is--medium\">D\u00e9roulement :<\/span> motoris\u00e9\t\t\t\t\t<\/li>\n<li class=\"product-features__item-list__item\" role=\"listitem\"><span class=\"is--medium\">Installation au sol :<\/span> Non\t\t\t\t\t<\/li>\n<li class=\"product-features__item-list__item\" role=\"listitem\"><span class=\"is--medium\">Fixation au plafond :<\/span> Non\t\t\t\t\t<\/li>\n<li class=\"product-features__item-list__item\" role=\"listitem\"><span class=\"is--medium\">Fixation murale :<\/span> Non\t\t\t\t\t<\/li>\n<li class=\"product-features__item-list__item\" role=\"listitem\"><span class=\"is--medium\">Hauteur d&rsquo;ouverture ajustable :<\/span> Non\t\t\t\t\t<\/li>\n<li class=\"product-features__item-list__item\" role=\"listitem\"><span class=\"is--medium\">Tendeurs int\u00e9gr\u00e9s :<\/span> Non\t\t\t\t\t<\/li>\n<\/ul>\n<\/li>\n<li class=\"product-features__item\" role=\"listitem\">\n<h3 class=\"product-features__label\">Ecran<\/h3>\n<ul role=\"list\">\n<li class=\"product-features__item-list__item\" role=\"listitem\"><span class=\"is--medium\">Type d&rsquo;\u00e9cran :<\/span> Ecran de projection\t\t\t\t\t<\/li>\n<li class=\"product-features__item-list__item\" role=\"listitem\"><span class=\"is--medium\">Format :<\/span> 16\/09, id\u00e9al pour des images de films ou de t\u00e9l\u00e9vision\t\t\t\t\t<\/li>\n<li class=\"product-features__item-list__item\" role=\"listitem\"><span class=\"is--medium\">Dimensions (hauteur x base) :<\/span> 125 x 211 cm\t\t\t\t\t<\/li>\n<li class=\"product-features__item-list__item\" role=\"listitem\"><span class=\"is--medium\">Diagonale de l&rsquo;image :<\/span> non communiqu\u00e9e\t\t\t\t\t<\/li>\n<li class=\"product-features__item-list__item\" role=\"listitem\"><span class=\"is--medium\">Extra drop :<\/span> Non\t\t\t\t\t<\/li>\n<li class=\"product-features__item-list__item\" role=\"listitem\"><span class=\"is--medium\">Cadrage noir :<\/span> non\t\t\t\t\t<\/li>\n<li class=\"product-features__item-list__item\" role=\"listitem\"><span class=\"is--medium\">Dos noir :<\/span> non communiqu\u00e9\t\t\t\t\t<\/li>\n<li class=\"product-features__item-list__item\" role=\"listitem\"><span class=\"is--medium\">Gain :<\/span> non communiqu\u00e9\t\t\t\t\t<\/li>\n<li class=\"product-features__item-list__item\" role=\"listitem\"><span class=\"is--medium\">Traitement sur l&rsquo;\u00e9cran :<\/span> non communiqu\u00e9\t\t\t\t\t<\/li>\n<li class=\"product-features__item-list__item\" role=\"listitem\"><span class=\"is--medium\">Ecran accoustique :<\/span> non\t\t\t\t\t<\/li>\n<li class=\"product-features__item-list__item\" role=\"listitem\"><span class=\"is--medium\">Coloris :<\/span> blanc mat\t\t\t\t\t<\/li>\n<\/ul>\n<\/li>\n<li class=\"product-features__item\" role=\"listitem\">\n<h3 class=\"product-features__label\">Informations compl\u00e9mentaires<\/h3>\n<ul role=\"list\">\n<li class=\"product-features__item-list__item\" role=\"listitem\"><span class=\"is--medium\">Fabriqu\u00e9 en :<\/span> Chine\t\t\t\t\t<\/li>\n<li class=\"product-features__item-list__item\" role=\"listitem\"><span class=\"is--medium\">Disponibilit\u00e9 des pi\u00e8ces d\u00e9tach\u00e9es (donn\u00e9es fournisseur) :<\/span> Non communiqu\u00e9e\t\t\t\t\t<\/li>\n<li class=\"product-features__item-list__item\" role=\"listitem\"><span class=\"is--medium\">R\u00e9f\u00e9rence constructeur :<\/span> motoris\u00e9 tensionn\u00e9 HautContraste 221&#215;124\t\t\t\t\t<\/li>\n<li class=\"product-features__item-list__item\" role=\"listitem\"><span class=\"is--medium\">Marque :<\/span> CELEXON\t\t\t\t\t<\/li>\n<\/ul>\n<\/li>\n<\/ul>\n<\/div>\n<div class=\"product__disclosure-content\">\n<div class=\"js-read-more product-description__content read-more read-more--truncated\" data-read-more-name=\"description\" style=\"max-height: 500px; overflow: hidden;\">\n<p>L&rsquo;\u00e9cran ALR Dynamic Slate avec un gain de 0,8 est d\u00e9lib\u00e9r\u00e9ment con\u00e7u pour \u00eatre neutre et reproduire fid\u00e8lement l&rsquo;image projet\u00e9e. L&rsquo;absence de bandes noires sur les c\u00f4t\u00e9s de la toile permet une application flexible de diff\u00e9rents formats sur un m\u00eame \u00e9cran. <\/p>\n<div><span style=\"font-weight: bold;\">Caract\u00e9ristiques<\/span><\/div>\n<div>Notre \u00e9cran motoris\u00e9 HomeCinema Tension &#8211; ALR est fourni avec une large gamme d&rsquo;accessoires, il peut \u00eatre contr\u00f4l\u00e9 de nombreuses fa\u00e7ons :\u00a0<\/div>\n<div>gr\u00e2ce \u00e0 la t\u00e9l\u00e9commande radio fr\u00e9quence ou infrarouge incluse ;\u00a0<\/div>\n<div>Automatis\u00e9 par un c\u00e2ble de d\u00e9clenchement Trigger 12V, vous pouvez contr\u00f4ler votre \u00e9cran de mani\u00e8re simple et pratique gr\u00e2ce \u00e0 la sortie Trigger 12V et \u00e0 l&rsquo;\u00e9tat de commutation de votre vid\u00e9oprojecteur.\u00a0<\/div>\n<div>Une int\u00e9gration professionnelle via le protocole RS485 ou des contacts libres de potentiel pour le contr\u00f4le via des syst\u00e8mes de contr\u00f4le des m\u00e9dias est \u00e9galement possible.<\/div>\n<div>\u00a0<\/div>\n<div><span style=\"font-weight: bold;\">Informations succinctes<\/span><\/div>\n<div>Type d&rsquo;\u00e9cran de projection : Tensionn\u00e9<\/div>\n<div>Type de projection : Projection avant<\/div>\n<div>Surface de projection utile : 221 x 124 cm 100&prime;<\/div>\n<div>Toile : la technologie ALR Celexon Dynamic Slate pour la reproduction d&rsquo;images \u00e0 fort contraste et d&rsquo;une pr\u00e9cision de 8k<\/div>\n<div>Dos noir: Non<\/div>\n<div>Sans bord = pas de masquage noir<\/div>\n<div>Facteur de gain de 0,8, angle de vue sup\u00e9rieur \u00e0 160\u00a0<\/div>\n<div>Syst\u00e8me de corde de tension efficace contre le recourbement des bords de la toile<\/div>\n<div>Vis de r\u00e9glage int\u00e9gr\u00e9es dans la barre de lestage pour une remise en tension des cordes en fonction de la demande\u00a0<\/div>\n<div>Rouleau de grand diam\u00e8tre et de dimensions stables pour une plan\u00e9it\u00e9 optimale et l&rsquo;absence de rayures<\/div>\n<div>Carter en aluminium blanc au design \u00e9l\u00e9gant, avec des capuchons lat\u00e9raux blancs<\/div>\n<div>Dimensions du carter : 253 x 9,7 x 12,1cm (LxBxH)<\/div>\n<div>Poids : 18,3 kg<\/div>\n<div>Support de montage mural \/ plafond, positionnement flexible<\/div>\n<div>Capot lat\u00e9ral intelligent gr\u00e2ce \u00e0 une unit\u00e9 de contr\u00f4le int\u00e9gr\u00e9e offrant un large \u00e9ventail d&rsquo;options de contr\u00f4le\u00a0<\/div>\n<div>Moteur tubulaire silencieux : fonctionnement durable et r\u00e9gulier\u00a0<\/div>\n<div>Certifications : ROHS, REACH, CE &#8211; 2014\/53\/EU<\/div>\n<div>\u00c9tat : Nouveau<\/div>\n<div>Garantie : 24 Mois<\/div>\n<div>Type de garantie : service apport (Bring In)<\/div>\n<div>\u00a0<\/div>\n<div><span style=\"font-weight: bold;\">Conception<\/span><\/div>\n<div>Le carter en aluminium extrud\u00e9 au design arrondi, s&rsquo;int\u00e8gre avec \u00e9l\u00e9gance dans les environnements de vie modernes. Il est peint en blanc, avec des capuchons lat\u00e9raux blancs et une barre de poids blanche. Cela signifie qu&rsquo;il reste discr\u00e8tement fix\u00e9 aux plafonds blancs et ne perturbe pas l&rsquo;environnement, surtout lorsqu&rsquo;il est r\u00e9tract\u00e9.<\/div>\n<div>\u00a0<\/div>\n<div><span style=\"font-weight: bold;\">Installation<\/span><\/div>\n<div>L&rsquo;\u00e9cran motoris\u00e9 HomeCinema Tension &#8211; ALR peut \u00eatre install\u00e9 en toute s\u00e9curit\u00e9, facilement et rapidement. Le carter en aluminium de dimensions stables est fix\u00e9 \u00e0 l&rsquo;aide de deux supports de montage (\u00e9querres) \u00e0 positionnement flexible, qui conviennent pour un montage au plafond ou au mur. Les \u00e9querres peuvent \u00eatre positionn\u00e9es librement le long du carter selon les besoins du site. L&rsquo;\u00e9cran peut \u00e9galement \u00eatre install\u00e9 de fa\u00e7on &lsquo;suspendu&rsquo;, par exemple sur des cha\u00eenes (non comprises dans la livraison) \u00e0 l&rsquo;aide des anneaux de fixation fournis.<\/div>\n<div>\u00a0<\/div>\n<div><span style=\"font-weight: bold;\">Contenu de la bo\u00eete<\/span><\/div>\n<div>&#8211; \u00c9cran celexon HomeCinema Tensionn\u00e9 motoris\u00e9e &#8211; ALR\u00a0<\/div>\n<div>&#8211; Toile en PVC avec technologie ALR, Gain 0,8, angle de vue 160<\/div>\n<div>&#8211; C\u00e2ble d&rsquo;alimentation 3m en blanc (d\u00e9j\u00e0 pr\u00e9-c\u00e2bl\u00e9), avec fiche SCHUKO, c\u00f4t\u00e9 gauche\u00a0<\/div>\n<div>&#8211; T\u00e9l\u00e9commande radio (RF) (piles incluses)\u00a0<\/div>\n<div>&#8211; T\u00e9l\u00e9commande infrarouge (IR) (piles incluses)<\/div>\n<div>&#8211; C\u00e2ble de Trigger 12V de 5m<\/div>\n<div>&#8211; Bo\u00eetier r\u00e9cepteur IR<\/div>\n<div>&#8211; \u00c9querres de montage mural\/plafond<\/div>\n<div>&#8211; Instructions et conseils d&rsquo;utilisation de l&rsquo;\u00e9cran\u00a0<\/div>\n<div><\/div>\n<div><span style=\"font-weight: bold;\">Options de contr\u00f4le de l&rsquo;\u00e9cran<\/span><\/div>\n<div>&#8211; R\u00e9cepteur radio int\u00e9gr\u00e9 + kit infrarouge s\u00e9par\u00e9 avec la t\u00e9l\u00e9commande correspondante<\/div>\n<div>&#8211; Connexion Trigger : 3V-12V, avec c\u00e2ble Trigger appropri\u00e9\u00a0<\/div>\n<div>&#8211; RJ12 (protocole RS232\/RS485) Connexion pour RTI, Crestron, Control4 etc.<\/div>\n<div>&#8211; M\u00e9thode de transmission via RJ12 possible ( domotique &#8211; smart home )<\/div>\n<p>\u00a0<\/p>\n<\/div>\n<p><bl-button a11yexpanded=\"false\" arialabel=\"Afficher toute la description\" class=\"read-more__btn\" full=\"false\" link=\"true\">Voir plus<\/bl-button><\/div>","protected":false},"excerpt":{"rendered":"<div class=\"keypoints\">\n<h3 class=\"keypoints__title\">Les points cl\u00e9s<\/h3>\n<ul role=\"list\">\n<li class=\"keypoints__item\" role=\"listitem\">                                        Utilisation \u00e9cran : fixe                      <\/li>\n<li class=\"keypoints__item\" role=\"listitem\">                                        Format : 16\/9                      <\/li>\n<li class=\"keypoints__item\" role=\"listitem\">                          motoris\u00e9 &#8211;                                                      125 x 211 cm                      <\/li>\n<\/ul>","protected":false},"featured_media":89879,"template":"","meta":{"_glsr_average":0,"_glsr_ranking":0,"_glsr_reviews":0},"product_cat":[492],"product_tag":[493,451],"class_list":{"0":"post-89880","1":"product","2":"type-product","3":"status-publish","4":"has-post-thumbnail","6":"product_cat-ecran-de-projection","7":"product_tag-ecran-de-projection","8":"product_tag-tv-image-son","10":"first","11":"instock","12":"sale","13":"shipping-taxable","14":"purchasable","15":"product-type-simple"},"_links":{"self":[{"href":"https:\/\/electromenagerexpress.com\/en\/wp-json\/wp\/v2\/product\/89880","targetHints":{"allow":["GET"]}}],"collection":[{"href":"https:\/\/electromenagerexpress.com\/en\/wp-json\/wp\/v2\/product"}],"about":[{"href":"https:\/\/electromenagerexpress.com\/en\/wp-json\/wp\/v2\/types\/product"}],"wp:featuredmedia":[{"embeddable":true,"href":"https:\/\/electromenagerexpress.com\/en\/wp-json\/wp\/v2\/media\/89879"}],"wp:attachment":[{"href":"https:\/\/electromenagerexpress.com\/en\/wp-json\/wp\/v2\/media?parent=89880"}],"wp:term":[{"taxonomy":"product_cat","embeddable":true,"href":"https:\/\/electromenagerexpress.com\/en\/wp-json\/wp\/v2\/product_cat?post=89880"},{"taxonomy":"product_tag","embeddable":true,"href":"https:\/\/electromenagerexpress.com\/en\/wp-json\/wp\/v2\/product_tag?post=89880"}],"curies":[{"name":"wp","href":"https:\/\/api.w.org\/{rel}","templated":true}]}}