{"id":89857,"date":"2024-11-24T17:34:44","date_gmt":"2024-11-24T17:34:44","guid":{"rendered":"https:\/\/electromenagerexpress.com\/product\/ecran-de-projectioncelexonultramobile-pro-200-x-125-cm\/"},"modified":"2024-11-24T17:34:50","modified_gmt":"2024-11-24T17:34:50","slug":"ecran-de-projectioncelexonultramobile-pro-200-x-125-cm","status":"publish","type":"product","link":"https:\/\/electromenagerexpress.com\/en\/product\/ecran-de-projectioncelexonultramobile-pro-200-x-125-cm\/","title":{"rendered":"Ecran de projection\t\t\t\t\t\t\tCELEXON\t\t\t\tUltramobile PRO 200 x 125 cm"},"content":{"rendered":"<div class=\"product-features__content\">\n<ul role=\"list\">\n<li class=\"product-features__item\" role=\"listitem\">\n<h3 class=\"product-features__label\">Installation<\/h3>\n<ul role=\"list\">\n<li class=\"product-features__item-list__item\" role=\"listitem\"><span class=\"is--medium\">Utilisation :<\/span> transportable, id\u00e9al pour projeter dans diff\u00e9rents endroits\t\t\t\t\t<\/li>\n<li class=\"product-features__item-list__item\" role=\"listitem\"><span class=\"is--medium\">Installation transportable :<\/span> \u00e9cran ultra portable, se place au sol et se d\u00e9roule vers le haut\t\t\t\t\t<\/li>\n<li class=\"product-features__item-list__item\" role=\"listitem\"><span class=\"is--medium\">Installation fixe :<\/span> \u00e9cran manuel, se d\u00e9roule et se bloque \u00e0 la position d\u00e9sir\u00e9e\t\t\t\t\t<\/li>\n<li class=\"product-features__item-list__item\" role=\"listitem\"><span class=\"is--medium\">D\u00e9roulement :<\/span> manuel\t\t\t\t\t<\/li>\n<li class=\"product-features__item-list__item\" role=\"listitem\"><span class=\"is--medium\">Installation au sol :<\/span> Non\t\t\t\t\t<\/li>\n<li class=\"product-features__item-list__item\" role=\"listitem\"><span class=\"is--medium\">Fixation au plafond :<\/span> Non\t\t\t\t\t<\/li>\n<li class=\"product-features__item-list__item\" role=\"listitem\"><span class=\"is--medium\">Fixation murale :<\/span> Non\t\t\t\t\t<\/li>\n<li class=\"product-features__item-list__item\" role=\"listitem\"><span class=\"is--medium\">Hauteur d&rsquo;ouverture ajustable :<\/span> Non\t\t\t\t\t<\/li>\n<li class=\"product-features__item-list__item\" role=\"listitem\"><span class=\"is--medium\">Tendeurs int\u00e9gr\u00e9s :<\/span> Non\t\t\t\t\t<\/li>\n<\/ul>\n<\/li>\n<li class=\"product-features__item\" role=\"listitem\">\n<h3 class=\"product-features__label\">Ecran<\/h3>\n<ul role=\"list\">\n<li class=\"product-features__item-list__item\" role=\"listitem\"><span class=\"is--medium\">Type d&rsquo;\u00e9cran :<\/span> Ecran de projection\t\t\t\t\t<\/li>\n<li class=\"product-features__item-list__item\" role=\"listitem\"><span class=\"is--medium\">Format :<\/span> 16\/10, id\u00e9al pour les projections bureautiques\t\t\t\t\t<\/li>\n<li class=\"product-features__item-list__item\" role=\"listitem\"><span class=\"is--medium\">Dimensions (hauteur x base) :<\/span> 122,5 x 196 cm\t\t\t\t\t<\/li>\n<li class=\"product-features__item-list__item\" role=\"listitem\"><span class=\"is--medium\">Diagonale de l&rsquo;image :<\/span> non communiqu\u00e9e\t\t\t\t\t<\/li>\n<li class=\"product-features__item-list__item\" role=\"listitem\"><span class=\"is--medium\">Extra drop :<\/span> Non\t\t\t\t\t<\/li>\n<li class=\"product-features__item-list__item\" role=\"listitem\"><span class=\"is--medium\">Cadrage noir :<\/span> non\t\t\t\t\t<\/li>\n<li class=\"product-features__item-list__item\" role=\"listitem\"><span class=\"is--medium\">Dos noir :<\/span> non communiqu\u00e9\t\t\t\t\t<\/li>\n<li class=\"product-features__item-list__item\" role=\"listitem\"><span class=\"is--medium\">Gain :<\/span> non communiqu\u00e9\t\t\t\t\t<\/li>\n<li class=\"product-features__item-list__item\" role=\"listitem\"><span class=\"is--medium\">Traitement sur l&rsquo;\u00e9cran :<\/span> non communiqu\u00e9\t\t\t\t\t<\/li>\n<li class=\"product-features__item-list__item\" role=\"listitem\"><span class=\"is--medium\">Ecran accoustique :<\/span> non\t\t\t\t\t<\/li>\n<li class=\"product-features__item-list__item\" role=\"listitem\"><span class=\"is--medium\">Coloris :<\/span> blanc mat\t\t\t\t\t<\/li>\n<\/ul>\n<\/li>\n<li class=\"product-features__item\" role=\"listitem\">\n<h3 class=\"product-features__label\">Informations compl\u00e9mentaires<\/h3>\n<ul role=\"list\">\n<li class=\"product-features__item-list__item\" role=\"listitem\"><span class=\"is--medium\">Fabriqu\u00e9 en :<\/span> Chine\t\t\t\t\t<\/li>\n<li class=\"product-features__item-list__item\" role=\"listitem\"><span class=\"is--medium\">Disponibilit\u00e9 des pi\u00e8ces d\u00e9tach\u00e9es (donn\u00e9es fournisseur) :<\/span> Non communiqu\u00e9e\t\t\t\t\t<\/li>\n<li class=\"product-features__item-list__item\" role=\"listitem\"><span class=\"is--medium\">R\u00e9f\u00e9rence constructeur :<\/span> Ultramobile PRO 200 x 125 cm\t\t\t\t\t<\/li>\n<li class=\"product-features__item-list__item\" role=\"listitem\"><span class=\"is--medium\">Marque :<\/span> CELEXON\t\t\t\t\t<\/li>\n<\/ul>\n<\/li>\n<\/ul>\n<\/div>\n<div class=\"product__disclosure-content\">\n<div class=\"js-read-more product-description__content read-more read-more--truncated\" data-read-more-name=\"description\" style=\"max-height: 500px; overflow: hidden;\">\n<p>Gr\u00e2ce \u00e0 sa conception compacte et l\u00e9g\u00e8re, l&rsquo;\u00e9cran de projection Ultramobile PRO est l&rsquo;outil parfait pour effectuer vos pr\u00e9sentations o\u00f9 que vous le souhaitiez.<\/p>\n<p>Le carter \u00e9l\u00e9gant et robuste rend le rangement de l&rsquo;\u00e9cran simple et en fait un partenaire id\u00e9al pour une utilisation priv\u00e9e ou en entreprise. La texture de la toile de projection poss\u00e8de des reliefs tr\u00e8s fins et permet un rendu diffus et homog\u00e8ne. De plus, avec son gain de 1,0, cette toile est optimale pour l&rsquo;affichage de films ou de pr\u00e9sentations. Gr\u00e2ce \u00e0 ces caract\u00e9ristiques, l&rsquo;affichage est clair et l&rsquo;angle de vision important.<\/p>\n<p>Le montage et le rangement se font tr\u00e8s rapidement et en seulement trois \u00e9tapes. Ainsi, ne perdez pas de temps avec une installation laborieuse et commencez imm\u00e9diatement votre pr\u00e9sentation.<\/p>\n<p><strong>Caract\u00e9ristiques:<\/strong><\/p>\n<ul>\n<li>Carter compact et l\u00e9ger en aluminium<\/li>\n<li>Toile de projection en PVC de type D, gain de 1,0 et angle de vision important<\/li>\n<li>Surface blanche : 196 x 122 cm (Largeur x Hauteur)<\/li>\n<li>2 cm de bords noirs \u00e0 gauche, \u00e0 droite et en haut<\/li>\n<li>Drop : 75 cm sur le bas<\/li>\n<li>Dos noir opaque<\/li>\n<li>R\u00e9glable en hauteur et sans \u00e0-coups gr\u00e2ce \u00e0 la tige t\u00e9lescopique<\/li>\n<li>Hauteur maximum de la toile : 216 cm<\/li>\n<li>Dimensions du carter (Largeur x Hauteur x Profondeur) : 211 x 5,5 x 12,5 cm<\/li>\n<li>Poids net : 8,6 kg<\/li>\n<\/ul>\n<p>L&rsquo;\u00e9cran de projection celexon Ultramobile PRO est \u00e9quip\u00e9 d&rsquo;un syst\u00e8me d&rsquo;enroulement automatique solide avec une longue dur\u00e9e de vie. Gr\u00e2ce \u00e0 la tige t\u00e9lescopique dont la hauteur est flexible, vous pourrez ajuster l&rsquo;\u00e9cran \u00e0 la hauteur d\u00e9sir\u00e9e. L&rsquo;\u00e9cran est aussi \u00e9quip\u00e9 d&rsquo;un pied pivotant m\u00e9tallique qui assure la stabilit\u00e9 de la toile de projection lors de son utilisation.<\/p>\n<p>Gr\u00e2ce la texture de la toile de projection et des reliefs tr\u00e8s fins, le contenu 4K en haute d\u00e9finition est parfaitement affich\u00e9. Les bords noirs mettent en valeur la surface de projection et garantissent ainsi un tr\u00e8s bon contraste de l&rsquo;image. Le dos noir opaque emp\u00eache la r\u00e9flexion de lumi\u00e8re venant de derri\u00e8re l&rsquo;\u00e9cran et vous assure ainsi une luminosit\u00e9 maximale sur la surface de projection.<\/p>\n<\/p>\n<\/div>\n<p><bl-button a11yexpanded=\"false\" arialabel=\"Afficher toute la description\" class=\"read-more__btn\" full=\"false\" link=\"true\"><\/bl-button><\/div>","protected":false},"excerpt":{"rendered":"<div class=\"keypoints\">\n<h3 class=\"keypoints__title\">Les points cl\u00e9s<\/h3>\n<ul role=\"list\">\n<li class=\"keypoints__item\" role=\"listitem\">                                        Utilisation \u00e9cran : transportable                      <\/li>\n<li class=\"keypoints__item\" role=\"listitem\">                                        Format : 16\/10                      <\/li>\n<li class=\"keypoints__item\" role=\"listitem\">                          manuel &#8211;                                                      122,5 x 196 cm                      <\/li>\n<\/ul>","protected":false},"featured_media":89856,"template":"","meta":{"_glsr_average":0,"_glsr_ranking":0,"_glsr_reviews":0},"product_cat":[492],"product_tag":[493,451],"class_list":{"0":"post-89857","1":"product","2":"type-product","3":"status-publish","4":"has-post-thumbnail","6":"product_cat-ecran-de-projection","7":"product_tag-ecran-de-projection","8":"product_tag-tv-image-son","10":"first","11":"instock","12":"sale","13":"shipping-taxable","14":"purchasable","15":"product-type-simple"},"_links":{"self":[{"href":"https:\/\/electromenagerexpress.com\/en\/wp-json\/wp\/v2\/product\/89857","targetHints":{"allow":["GET"]}}],"collection":[{"href":"https:\/\/electromenagerexpress.com\/en\/wp-json\/wp\/v2\/product"}],"about":[{"href":"https:\/\/electromenagerexpress.com\/en\/wp-json\/wp\/v2\/types\/product"}],"wp:featuredmedia":[{"embeddable":true,"href":"https:\/\/electromenagerexpress.com\/en\/wp-json\/wp\/v2\/media\/89856"}],"wp:attachment":[{"href":"https:\/\/electromenagerexpress.com\/en\/wp-json\/wp\/v2\/media?parent=89857"}],"wp:term":[{"taxonomy":"product_cat","embeddable":true,"href":"https:\/\/electromenagerexpress.com\/en\/wp-json\/wp\/v2\/product_cat?post=89857"},{"taxonomy":"product_tag","embeddable":true,"href":"https:\/\/electromenagerexpress.com\/en\/wp-json\/wp\/v2\/product_tag?post=89857"}],"curies":[{"name":"wp","href":"https:\/\/api.w.org\/{rel}","templated":true}]}}