{"id":89673,"date":"2024-11-24T17:31:41","date_gmt":"2024-11-24T17:31:41","guid":{"rendered":"https:\/\/electromenagerexpress.com\/product\/ecran-de-projectionorayhcm4sb1-150x200-motorise-4-3\/"},"modified":"2024-11-24T17:31:42","modified_gmt":"2024-11-24T17:31:42","slug":"ecran-de-projectionorayhcm4sb1-150x200-motorise-4-3","status":"publish","type":"product","link":"https:\/\/electromenagerexpress.com\/en\/product\/ecran-de-projectionorayhcm4sb1-150x200-motorise-4-3\/","title":{"rendered":"Ecran de projection\t\t\t\t\t\t\tORAY\t\t\t\tHCM4SB1 150&#215;200 Motoris\u00e9 4\/3"},"content":{"rendered":"<div class=\"product-features__content\">\n<ul role=\"list\">\n<li class=\"product-features__item\" role=\"listitem\">\n<h3 class=\"product-features__label\">Installation<\/h3>\n<ul role=\"list\">\n<li class=\"product-features__item-list__item\" role=\"listitem\"><span class=\"is--medium\">Utilisation :<\/span> fixe, id\u00e9al pour une installation avec un emplacement d\u00e9di\u00e9\t\t\t\t\t<\/li>\n<li class=\"product-features__item-list__item\" role=\"listitem\"><span class=\"is--medium\">Installation transportable :<\/span> non concern\u00e9\t\t\t\t\t<\/li>\n<li class=\"product-features__item-list__item\" role=\"listitem\"><span class=\"is--medium\">Installation fixe :<\/span> \u00e9cran motoris\u00e9, la toile descend et monte electriquement pour plus de confort\t\t\t\t\t<\/li>\n<li class=\"product-features__item-list__item\" role=\"listitem\"><span class=\"is--medium\">D\u00e9roulement :<\/span> motoris\u00e9\t\t\t\t\t<\/li>\n<li class=\"product-features__item-list__item\" role=\"listitem\"><span class=\"is--medium\">Installation au sol :<\/span> Non\t\t\t\t\t<\/li>\n<li class=\"product-features__item-list__item\" role=\"listitem\"><span class=\"is--medium\">Installation sur tr\u00e9pied :<\/span> Non\t\t\t\t\t<\/li>\n<li class=\"product-features__item-list__item\" role=\"listitem\"><span class=\"is--medium\">Fixation au plafond :<\/span> Oui\t\t\t\t\t<\/li>\n<li class=\"product-features__item-list__item\" role=\"listitem\"><span class=\"is--medium\">Fixation murale :<\/span> Oui\t\t\t\t\t<\/li>\n<li class=\"product-features__item-list__item\" role=\"listitem\"><span class=\"is--medium\">Alimentation :<\/span> \u00e0 droite\t\t\t\t\t<\/li>\n<li class=\"product-features__item-list__item\" role=\"listitem\"><span class=\"is--medium\">Hauteur d&rsquo;ouverture ajustable :<\/span> Oui\t\t\t\t\t<\/li>\n<li class=\"product-features__item-list__item\" role=\"listitem\"><span class=\"is--medium\">Tendeurs int\u00e9gr\u00e9s :<\/span> Non\t\t\t\t\t<\/li>\n<li class=\"product-features__item-list__item\" role=\"listitem\"><span class=\"is--medium\">Poids :<\/span> 13 kg\t\t\t\t\t<\/li>\n<\/ul>\n<\/li>\n<li class=\"product-features__item\" role=\"listitem\">\n<h3 class=\"product-features__label\">Ecran<\/h3>\n<ul role=\"list\">\n<li class=\"product-features__item-list__item\" role=\"listitem\"><span class=\"is--medium\">Type d&rsquo;\u00e9cran :<\/span> Ecran de projection\t\t\t\t\t<\/li>\n<li class=\"product-features__item-list__item\" role=\"listitem\"><span class=\"is--medium\">Format :<\/span> 4\/3, pour une utilisation bureau\t\t\t\t\t<\/li>\n<li class=\"product-features__item-list__item\" role=\"listitem\"><span class=\"is--medium\">Dimensions (hauteur x base) :<\/span> 150 x 200 cm\t\t\t\t\t<\/li>\n<li class=\"product-features__item-list__item\" role=\"listitem\"><span class=\"is--medium\">Diagonale de l&rsquo;image :<\/span> 250 cm\t\t\t\t\t<\/li>\n<li class=\"product-features__item-list__item\" role=\"listitem\"><span class=\"is--medium\">Bords noirs droite\/gauche :<\/span> 4 cm\t\t\t\t\t<\/li>\n<li class=\"product-features__item-list__item\" role=\"listitem\"><span class=\"is--medium\">Bords noirs haut :<\/span> 4 cm\t\t\t\t\t<\/li>\n<li class=\"product-features__item-list__item\" role=\"listitem\"><span class=\"is--medium\">Bords noirs bas :<\/span> 4 cm\t\t\t\t\t<\/li>\n<li class=\"product-features__item-list__item\" role=\"listitem\"><span class=\"is--medium\">Extra drop :<\/span> Non\t\t\t\t\t<\/li>\n<li class=\"product-features__item-list__item\" role=\"listitem\"><span class=\"is--medium\">Cadrage noir :<\/span> oui\t\t\t\t\t<\/li>\n<li class=\"product-features__item-list__item\" role=\"listitem\"><span class=\"is--medium\">Le saviez-vous :<\/span> les bords noirs permettent d&rsquo;accentuer l&rsquo;effet de contraste pour un meilleur rendu de l&rsquo;image\t\t\t\t\t<\/li>\n<li class=\"product-features__item-list__item\" role=\"listitem\"><span class=\"is--medium\">Dos noir :<\/span> non\t\t\t\t\t<\/li>\n<li class=\"product-features__item-list__item\" role=\"listitem\"><span class=\"is--medium\">Gain :<\/span> 1\t\t\t\t\t<\/li>\n<li class=\"product-features__item-list__item\" role=\"listitem\"><span class=\"is--medium\">Le saviez-vous :<\/span> Le gain indique la propri\u00e9t\u00e9 d&rsquo;une toile \u00e0 r\u00e9fl\u00e9chir (si sup\u00e9rieur \u00e0 1) ou \u00e0 absorber (si inf\u00e9rieur \u00e0 1) la lumi\u00e8re. Un gain \u00e9lev\u00e9 est conseill\u00e9 pour une pi\u00e9ce lumineuse ou une projection en pleine journ\u00e9e\t\t\t\t\t<\/li>\n<li class=\"product-features__item-list__item\" role=\"listitem\"><span class=\"is--medium\">Directivit\u00e9 (en degr\u00e9) :<\/span> non communiqu\u00e9\t\t\t\t\t<\/li>\n<li class=\"product-features__item-list__item\" role=\"listitem\"><span class=\"is--medium\">Traitement sur l&rsquo;\u00e9cran :<\/span> non communiqu\u00e9\t\t\t\t\t<\/li>\n<li class=\"product-features__item-list__item\" role=\"listitem\"><span class=\"is--medium\">Ecran accoustique :<\/span> non\t\t\t\t\t<\/li>\n<li class=\"product-features__item-list__item\" role=\"listitem\"><span class=\"is--medium\">Coloris :<\/span> blanc mat\t\t\t\t\t<\/li>\n<\/ul>\n<\/li>\n<li class=\"product-features__item\" role=\"listitem\">\n<h3 class=\"product-features__label\">Carter<\/h3>\n<ul role=\"list\">\n<li class=\"product-features__item-list__item\" role=\"listitem\"><span class=\"is--medium\">Dimensions :<\/span> 220 x 16 x 6\t\t\t\t\t<\/li>\n<li class=\"product-features__item-list__item\" role=\"listitem\"><span class=\"is--medium\">Mat\u00e9riau :<\/span> aluminium\t\t\t\t\t<\/li>\n<li class=\"product-features__item-list__item\" role=\"listitem\"><span class=\"is--medium\">Coloris :<\/span> laqu\u00e9 blanc\t\t\t\t\t<\/li>\n<\/ul>\n<\/li>\n<li class=\"product-features__item\" role=\"listitem\">\n<h3 class=\"product-features__label\">Informations compl\u00e9mentaires<\/h3>\n<ul role=\"list\">\n<li class=\"product-features__item-list__item\" role=\"listitem\"><span class=\"is--medium\">Garantie :<\/span> 2 ans\t\t\t\t\t<\/li>\n<li class=\"product-features__item-list__item\" role=\"listitem\"><span class=\"is--medium\">Fabriqu\u00e9 en :<\/span> Chine\t\t\t\t\t<\/li>\n<li class=\"product-features__item-list__item\" role=\"listitem\"><span class=\"is--medium\">Disponibilit\u00e9 des pi\u00e8ces d\u00e9tach\u00e9es (donn\u00e9es fournisseur) :<\/span> Pas de pi\u00e8ce disponible\t\t\t\t\t<\/li>\n<li class=\"product-features__item-list__item\" role=\"listitem\"><span class=\"is--medium\">R\u00e9f\u00e9rence constructeur :<\/span> HCM4SB1 150&#215;200 Motoris\u00e9 4\/3\t\t\t\t\t<\/li>\n<li class=\"product-features__item-list__item\" role=\"listitem\"><span class=\"is--medium\">Marque :<\/span> ORAY\t\t\t\t\t<\/li>\n<\/ul>\n<\/li>\n<\/ul>\n<\/div>\n<div class=\"product__disclosure-content\">\n<div class=\"js-read-more product-description__content read-more read-more--truncated\" data-read-more-name=\"description\" style=\"max-height: 500px; overflow: hidden;\">\n<div class=\"product__description-content read-more\" style=\"\">\n<p>Ecran de projection ORAY HCM4SB1 150&#215;200 Motoris\u00e9 4\/3<\/p>\n<h3> <img fetchpriority=\"high\" decoding=\"async\" ,=\"\" alt=\"Ecran de projection ORAY HCM4SB1 150x200 Motoris\u00e9 4\/3\" class=\"wy_tableau_gauche\" height=\"270\" src=\"https:\/\/boulanger.scene7.com\/is\/image\/Boulanger\/3660364031521_h_f_l_0?wid=400&amp;hei=270\" width=\"400\"\/>Conception optimis\u00e9e pour la bureautique                    <\/h3>\n<p>                        L&rsquo;\u00e9cran de projection ORAY HCM4SB1 est con\u00e7u sp\u00e9cifiquement pour r\u00e9pondre aux besoins des professionnels avec son format 4\/3 id\u00e9al pour la bureautique. Ses dimensions g\u00e9n\u00e9reuses de 150 x 200 cm offrent une surface de projection confortable pour des pr\u00e9sentations claires et lisibles. Le cadrage noir de 4 cm entourant la toile accentue le contraste et la nettet\u00e9 de l&rsquo;image, permettant ainsi une meilleure concentration sur le contenu projet\u00e9. Fabriqu\u00e9 en aluminium laqu\u00e9 blanc, le carter de l&rsquo;\u00e9cran allie esth\u00e9tique et durabilit\u00e9, s&rsquo;int\u00e9grant parfaitement dans tout environnement professionnel ou \u00e9ducatif.                    <\/p>\n<\/p>\n<h3> <img decoding=\"async\" ,=\"\" alt=\"Ecran de projection ORAY HCM4SB1 150x200 Motoris\u00e9 4\/3\" class=\"wy_tableau_right\" height=\"270\" src=\"https:\/\/boulanger.scene7.com\/is\/image\/Boulanger\/3660364031521_h_f_l_1?wid=400&amp;hei=270\" width=\"400\"\/>Facilit\u00e9 d&rsquo;utilisation et installation polyvalente                    <\/h3>\n<p>                        L&rsquo;installation de l&rsquo;\u00e9cran de projection ORAY HCM4SB1 est pens\u00e9e pour un confort d&rsquo;utilisation optimal, gr\u00e2ce \u00e0 son syst\u00e8me motoris\u00e9 permettant un d\u00e9roulement et un enroulement \u00e9lectrique de la toile. La t\u00e9l\u00e9commande filaire incluse, fix\u00e9e au mur, simplifie la manipulation de l&rsquo;\u00e9cran, \u00e9vitant ainsi tout effort manuel. De plus, l&rsquo;\u00e9cran peut \u00eatre fix\u00e9 aussi bien au mur qu&rsquo;au plafond, offrant ainsi une flexibilit\u00e9 d&rsquo;installation dans diverses configurations de salle. Son poids de 13 kg assure une fixation stable et s\u00e9curis\u00e9e. Enfin, la toile blanche mat avec un gain de 1 est id\u00e9ale pour une utilisation dans des conditions de luminosit\u00e9 vari\u00e9es, garantissant une qualit\u00e9 d&rsquo;image constante.                    <\/p>\n<\/p><\/div>\n<\/p>\n<\/div>\n<p><bl-button a11yexpanded=\"false\" arialabel=\"Afficher toute la description\" class=\"read-more__btn\" full=\"false\" link=\"true\">Voir plus<\/bl-button><\/div>","protected":false},"excerpt":{"rendered":"<div class=\"keypoints\">\n<h3 class=\"keypoints__title\">Les points cl\u00e9s<\/h3>\n<ul role=\"list\">\n<li class=\"keypoints__item\" role=\"listitem\">                                        Utilisation \u00e9cran : fixe                      <\/li>\n<li class=\"keypoints__item\" role=\"listitem\">                          Format : 4\/3 &#8211;                                                      bords noir                      <\/li>\n<li class=\"keypoints__item\" role=\"listitem\">                          motoris\u00e9 &#8211;                                                      150 x 200 cm                      <\/li>\n<li class=\"keypoints__item\" role=\"listitem\">                                        Poids : 13 kg                      <\/li>\n<li class=\"keypoints__item keypoints__item--advantage\" role=\"listitem\"><strong>Le + :<\/strong> Syst\u00e8me Speed Solo pour une installation simple, rapide et silencieuse      <\/li>\n<\/ul>","protected":false},"featured_media":89672,"template":"","meta":{"_glsr_average":0,"_glsr_ranking":0,"_glsr_reviews":0},"product_cat":[492],"product_tag":[493,451],"class_list":{"0":"post-89673","1":"product","2":"type-product","3":"status-publish","4":"has-post-thumbnail","6":"product_cat-ecran-de-projection","7":"product_tag-ecran-de-projection","8":"product_tag-tv-image-son","10":"first","11":"instock","12":"sale","13":"shipping-taxable","14":"purchasable","15":"product-type-simple"},"_links":{"self":[{"href":"https:\/\/electromenagerexpress.com\/en\/wp-json\/wp\/v2\/product\/89673","targetHints":{"allow":["GET"]}}],"collection":[{"href":"https:\/\/electromenagerexpress.com\/en\/wp-json\/wp\/v2\/product"}],"about":[{"href":"https:\/\/electromenagerexpress.com\/en\/wp-json\/wp\/v2\/types\/product"}],"wp:featuredmedia":[{"embeddable":true,"href":"https:\/\/electromenagerexpress.com\/en\/wp-json\/wp\/v2\/media\/89672"}],"wp:attachment":[{"href":"https:\/\/electromenagerexpress.com\/en\/wp-json\/wp\/v2\/media?parent=89673"}],"wp:term":[{"taxonomy":"product_cat","embeddable":true,"href":"https:\/\/electromenagerexpress.com\/en\/wp-json\/wp\/v2\/product_cat?post=89673"},{"taxonomy":"product_tag","embeddable":true,"href":"https:\/\/electromenagerexpress.com\/en\/wp-json\/wp\/v2\/product_tag?post=89673"}],"curies":[{"name":"wp","href":"https:\/\/api.w.org\/{rel}","templated":true}]}}