{"id":89611,"date":"2024-11-24T17:30:40","date_gmt":"2024-11-24T17:30:40","guid":{"rendered":"https:\/\/electromenagerexpress.com\/product\/ecran-de-projectionlumenepalace-uhd-4k-170c-velvet-screen\/"},"modified":"2024-11-24T17:30:41","modified_gmt":"2024-11-24T17:30:41","slug":"ecran-de-projectionlumenepalace-uhd-4k-170c-velvet-screen","status":"publish","type":"product","link":"https:\/\/electromenagerexpress.com\/en\/product\/ecran-de-projectionlumenepalace-uhd-4k-170c-velvet-screen\/","title":{"rendered":"Ecran de projection\t\t\t\t\t\t\tLUMENE\t\t\t\tPALACE UHD 4K 170C VELVET SCREEN"},"content":{"rendered":"<div class=\"product-features__content\">\n<ul role=\"list\">\n<li class=\"product-features__item\" role=\"listitem\">\n<h3 class=\"product-features__label\">Installation<\/h3>\n<ul role=\"list\">\n<li class=\"product-features__item-list__item\" role=\"listitem\"><span class=\"is--medium\">Utilisation :<\/span> fixe, id\u00e9al pour une installation avec un emplacement d\u00e9di\u00e9\t\t\t\t\t<\/li>\n<li class=\"product-features__item-list__item\" role=\"listitem\"><span class=\"is--medium\">Installation transportable :<\/span> non concern\u00e9\t\t\t\t\t<\/li>\n<li class=\"product-features__item-list__item\" role=\"listitem\"><span class=\"is--medium\">Installation fixe :<\/span> \u00e9cran sur cadre, il ne poss\u00e9de pas de m\u00e9canisme, se pr\u00e9sente comme un grand tableau et permet d&rsquo;avoir la toile parfaitement tendue\t\t\t\t\t<\/li>\n<li class=\"product-features__item-list__item\" role=\"listitem\"><span class=\"is--medium\">D\u00e9roulement :<\/span> fixe\t\t\t\t\t<\/li>\n<li class=\"product-features__item-list__item\" role=\"listitem\"><span class=\"is--medium\">Installation au sol :<\/span> Non\t\t\t\t\t<\/li>\n<li class=\"product-features__item-list__item\" role=\"listitem\"><span class=\"is--medium\">Installation sur tr\u00e9pied :<\/span> Non\t\t\t\t\t<\/li>\n<li class=\"product-features__item-list__item\" role=\"listitem\"><span class=\"is--medium\">Fixation au plafond :<\/span> Non\t\t\t\t\t<\/li>\n<li class=\"product-features__item-list__item\" role=\"listitem\"><span class=\"is--medium\">Fixation murale :<\/span> Oui\t\t\t\t\t<\/li>\n<li class=\"product-features__item-list__item\" role=\"listitem\"><span class=\"is--medium\">Alimentation :<\/span> non concern\u00e9\t\t\t\t\t<\/li>\n<li class=\"product-features__item-list__item\" role=\"listitem\"><span class=\"is--medium\">Hauteur d&rsquo;ouverture ajustable :<\/span> Non\t\t\t\t\t<\/li>\n<li class=\"product-features__item-list__item\" role=\"listitem\"><span class=\"is--medium\">Tendeurs int\u00e9gr\u00e9s :<\/span> Oui\t\t\t\t\t<\/li>\n<li class=\"product-features__item-list__item\" role=\"listitem\"><span class=\"is--medium\">Poids :<\/span> 13 kg\t\t\t\t\t<\/li>\n<\/ul>\n<\/li>\n<li class=\"product-features__item\" role=\"listitem\">\n<h3 class=\"product-features__label\">Ecran<\/h3>\n<ul role=\"list\">\n<li class=\"product-features__item-list__item\" role=\"listitem\"><span class=\"is--medium\">Type d&rsquo;\u00e9cran :<\/span> Ecran de projection\t\t\t\t\t<\/li>\n<li class=\"product-features__item-list__item\" role=\"listitem\"><span class=\"is--medium\">Format :<\/span> 16\/09, id\u00e9al pour des images de films ou de t\u00e9l\u00e9vision\t\t\t\t\t<\/li>\n<li class=\"product-features__item-list__item\" role=\"listitem\"><span class=\"is--medium\">Dimensions (hauteur x base) :<\/span> 96 x 171 cm\t\t\t\t\t<\/li>\n<li class=\"product-features__item-list__item\" role=\"listitem\"><span class=\"is--medium\">Diagonale de l&rsquo;image :<\/span> 203 cm\t\t\t\t\t<\/li>\n<li class=\"product-features__item-list__item\" role=\"listitem\"><span class=\"is--medium\">Bords noirs droite\/gauche :<\/span> 8 cm\t\t\t\t\t<\/li>\n<li class=\"product-features__item-list__item\" role=\"listitem\"><span class=\"is--medium\">Bords noirs haut :<\/span> 8 cm\t\t\t\t\t<\/li>\n<li class=\"product-features__item-list__item\" role=\"listitem\"><span class=\"is--medium\">Bords noirs bas :<\/span> 8 cm\t\t\t\t\t<\/li>\n<li class=\"product-features__item-list__item\" role=\"listitem\"><span class=\"is--medium\">Extra drop :<\/span> Non\t\t\t\t\t<\/li>\n<li class=\"product-features__item-list__item\" role=\"listitem\"><span class=\"is--medium\">Cadrage noir :<\/span> oui\t\t\t\t\t<\/li>\n<li class=\"product-features__item-list__item\" role=\"listitem\"><span class=\"is--medium\">Le saviez-vous :<\/span> les bords noirs permettent d&rsquo;accentuer l&rsquo;effet de contraste pour un meilleur rendu de l&rsquo;image\t\t\t\t\t<\/li>\n<li class=\"product-features__item-list__item\" role=\"listitem\"><span class=\"is--medium\">Dos noir :<\/span> oui\t\t\t\t\t<\/li>\n<li class=\"product-features__item-list__item\" role=\"listitem\"><span class=\"is--medium\">Le saviez-vous :<\/span> Un dos noir permet de placer sa toile de projection devant une fen\u00eatre sans se soucier de la luminosit\u00e9 ext\u00e9rieure\t\t\t\t\t<\/li>\n<li class=\"product-features__item-list__item\" role=\"listitem\"><span class=\"is--medium\">Gain :<\/span> 1\t\t\t\t\t<\/li>\n<li class=\"product-features__item-list__item\" role=\"listitem\"><span class=\"is--medium\">Le saviez-vous :<\/span> Le gain indique la propri\u00e9t\u00e9 d&rsquo;une toile \u00e0 r\u00e9fl\u00e9chir (si sup\u00e9rieur \u00e0 1) ou \u00e0 absorber (si inf\u00e9rieur \u00e0 1) la lumi\u00e8re. Un gain \u00e9lev\u00e9 est conseill\u00e9 pour une pi\u00e9ce lumineuse ou une projection en pleine journ\u00e9e\t\t\t\t\t<\/li>\n<li class=\"product-features__item-list__item\" role=\"listitem\"><span class=\"is--medium\">Directivit\u00e9 (en degr\u00e9) :<\/span> 160\t\t\t\t\t<\/li>\n<li class=\"product-features__item-list__item\" role=\"listitem\"><span class=\"is--medium\">Le saviez-vous :<\/span> La directivit\u00e9 est une aide pour bien se positionner par rapport \u00e0 la toile pour que le rendu d&rsquo;image reste optimale\t\t\t\t\t<\/li>\n<li class=\"product-features__item-list__item\" role=\"listitem\"><span class=\"is--medium\">Traitement sur l&rsquo;\u00e9cran :<\/span> anti-jaunissement, anti-gondolement, anti-poussi\u00e8re\t\t\t\t\t<\/li>\n<li class=\"product-features__item-list__item\" role=\"listitem\"><span class=\"is--medium\">Ecran accoustique :<\/span> non\t\t\t\t\t<\/li>\n<li class=\"product-features__item-list__item\" role=\"listitem\"><span class=\"is--medium\">Coloris :<\/span> Blanc\t\t\t\t\t<\/li>\n<\/ul>\n<\/li>\n<li class=\"product-features__item\" role=\"listitem\">\n<h3 class=\"product-features__label\">Carter<\/h3>\n<ul role=\"list\">\n<li class=\"product-features__item-list__item\" role=\"listitem\"><span class=\"is--medium\">Mat\u00e9riau :<\/span> aluminium\t\t\t\t\t<\/li>\n<li class=\"product-features__item-list__item\" role=\"listitem\"><span class=\"is--medium\">Coloris :<\/span> Noir\t\t\t\t\t<\/li>\n<\/ul>\n<\/li>\n<li class=\"product-features__item\" role=\"listitem\">\n<h3 class=\"product-features__label\">Dimensions<\/h3>\n<ul role=\"list\">\n<li class=\"product-features__item-list__item\" role=\"listitem\"><span class=\"is--medium\">Dimensions l x h x p :<\/span> 187 x 112 x 4 cm\t\t\t\t\t<\/li>\n<li class=\"product-features__item-list__item\" role=\"listitem\"><span class=\"is--medium\">Poids :<\/span> 13,0 kg\t\t\t\t\t<\/li>\n<li class=\"product-features__item-list__item\" role=\"listitem\"><span class=\"is--medium\">Poids Brut (kg) :<\/span> 15.7\t\t\t\t\t<\/li>\n<\/ul>\n<\/li>\n<li class=\"product-features__item\" role=\"listitem\">\n<h3 class=\"product-features__label\">Informations compl\u00e9mentaires<\/h3>\n<ul role=\"list\">\n<li class=\"product-features__item-list__item\" role=\"listitem\"><span class=\"is--medium\">Garantie :<\/span> 2 ans\t\t\t\t\t<\/li>\n<li class=\"product-features__item-list__item\" role=\"listitem\"><span class=\"is--medium\">Fabriqu\u00e9 en :<\/span> Chine\t\t\t\t\t<\/li>\n<li class=\"product-features__item-list__item\" role=\"listitem\"><span class=\"is--medium\">Disponibilit\u00e9 des pi\u00e8ces d\u00e9tach\u00e9es (donn\u00e9es fournisseur) :<\/span> Pendant 2 ans, \u00e0 compter de la date fin de fabrication\t\t\t\t\t<\/li>\n<li class=\"product-features__item-list__item\" role=\"listitem\"><span class=\"is--medium\">R\u00e9f\u00e9rence constructeur :<\/span> PALACE UHD 4K 170C VELVET SCREEN\t\t\t\t\t<\/li>\n<li class=\"product-features__item-list__item\" role=\"listitem\"><span class=\"is--medium\">Marque :<\/span> LUMENE\t\t\t\t\t<\/li>\n<\/ul>\n<\/li>\n<\/ul>\n<\/div>\n<div class=\"product__disclosure-content\">\n<div class=\"js-read-more product-description__content read-more read-more--truncated\" data-read-more-name=\"description\" style=\"max-height: 500px; overflow: hidden;\">\n<div class=\"product__description-content read-more\" style=\"\">\n<p>LUMENE PALACE UHD 4K 170C : L&rsquo;excellence en \u00e9cran de projection<\/p>\n<h3> <img fetchpriority=\"high\" decoding=\"async\" ,=\"\" alt=\"Ecran de projection LUMENE PALACE UHD 4K 170C VELVET SCREEN\" class=\"wy_tableau_gauche\" height=\"270\" src=\"https:\/\/boulanger.scene7.com\/is\/image\/Boulanger\/3700795159750_h_f_l_0?wid=400&amp;hei=270\" width=\"400\"\/>Une qualit\u00e9 d&rsquo;image in\u00e9gal\u00e9e <\/h3>\n<p> Le LUMENE PALACE UHD 4K 170C repr\u00e9sente le summum de la technologie en mati\u00e8re d&rsquo;\u00e9crans de projection fixes. Con\u00e7u pour les salles d\u00e9di\u00e9es, cet \u00e9cran b\u00e9n\u00e9ficie d&rsquo;une toile \u00e9lastique de tr\u00e8s haute qualit\u00e9, garantissant une surface totalement plane gr\u00e2ce \u00e0 un syst\u00e8me de fixation multipoint. La finition en velours noir du cadre en aluminium non seulement ajoute une touche d&rsquo;\u00e9l\u00e9gance, mais am\u00e9liore \u00e9galement le contraste et \u00e9limine les reflets ind\u00e9sirables. Avec un gain de 1.0 et une directivit\u00e9 de 160\u00b0, cet \u00e9cran assure une image nette et lumineuse, sans point de brillance, tout en r\u00e9sistant au jaunissement, \u00e0 la poussi\u00e8re et au gondolement. <\/p>\n<\/p>\n<h3> <img decoding=\"async\" ,=\"\" alt=\"Ecran de projection LUMENE PALACE UHD 4K 170C VELVET SCREEN\" class=\"wy_tableau_right\" height=\"270\" src=\"https:\/\/boulanger.scene7.com\/is\/image\/Boulanger\/3700795159750_h_f_l_1?wid=400&amp;hei=270\" width=\"400\"\/>Installation et compatibilit\u00e9 optimales <\/h3>\n<p> Le montage du LUMENE PALACE UHD 4K 170C est con\u00e7u pour \u00eatre aussi simple que fiable. Gr\u00e2ce \u00e0 son syst\u00e8me de fixation par clips, l&rsquo;installation est rapide et ais\u00e9e, permettant une tension parfaite et durable de la toile. Le dos noir occultant et les bords noirs contribuent \u00e0 une exp\u00e9rience visuelle immersive, id\u00e9ale pour les projecteurs \u00e0 matrice LCD\/DLP. De plus, cet \u00e9cran est parfaitement adapt\u00e9 aux diff\u00e9rents formats de projection, y compris la r\u00e9tro-projection gr\u00e2ce \u00e0 une toile translucide en option. Stock\u00e9 horizontalement pour pr\u00e9server sa qualit\u00e9, le LUMENE PALACE UHD 4K 170C est un choix de pr\u00e9dilection pour les amateurs de cin\u00e9ma maison recherchant une exp\u00e9rience visuelle de haute fid\u00e9lit\u00e9. <\/p>\n<\/p><\/div>\n<\/p>\n<\/div>\n<p><bl-button a11yexpanded=\"false\" arialabel=\"Afficher toute la description\" class=\"read-more__btn\" full=\"false\" link=\"true\">Voir plus<\/bl-button><\/div>","protected":false},"excerpt":{"rendered":"<div class=\"keypoints\">\n<h3 class=\"keypoints__title\">Les points cl\u00e9s<\/h3>\n<ul role=\"list\">\n<li class=\"keypoints__item\" role=\"listitem\">                                        Utilisation \u00e9cran : fixe                      <\/li>\n<li class=\"keypoints__item\" role=\"listitem\">                          Format : 16\/9 &#8211;                                                      bords noir                      <\/li>\n<li class=\"keypoints__item\" role=\"listitem\">                          fixe &#8211;                                                      96 x 171 cm                      <\/li>\n<li class=\"keypoints__item\" role=\"listitem\">                                        Poids : 13 kg                      <\/li>\n<li class=\"keypoints__item keypoints__item--advantage\" role=\"listitem\"><strong>Le + :<\/strong> Le cadre en aluminium, large et recouvert de velours noir, assure une tension parfaite gr\u00e2ce \u00e0 un syst\u00e8me de fixation multipoint de l&rsquo;\u00e9cran.      <\/li>\n<\/ul>","protected":false},"featured_media":89610,"template":"","meta":{"_glsr_average":0,"_glsr_ranking":0,"_glsr_reviews":0},"product_cat":[492],"product_tag":[493,451],"class_list":{"0":"post-89611","1":"product","2":"type-product","3":"status-publish","4":"has-post-thumbnail","6":"product_cat-ecran-de-projection","7":"product_tag-ecran-de-projection","8":"product_tag-tv-image-son","10":"first","11":"instock","12":"sale","13":"shipping-taxable","14":"purchasable","15":"product-type-simple"},"_links":{"self":[{"href":"https:\/\/electromenagerexpress.com\/en\/wp-json\/wp\/v2\/product\/89611","targetHints":{"allow":["GET"]}}],"collection":[{"href":"https:\/\/electromenagerexpress.com\/en\/wp-json\/wp\/v2\/product"}],"about":[{"href":"https:\/\/electromenagerexpress.com\/en\/wp-json\/wp\/v2\/types\/product"}],"wp:featuredmedia":[{"embeddable":true,"href":"https:\/\/electromenagerexpress.com\/en\/wp-json\/wp\/v2\/media\/89610"}],"wp:attachment":[{"href":"https:\/\/electromenagerexpress.com\/en\/wp-json\/wp\/v2\/media?parent=89611"}],"wp:term":[{"taxonomy":"product_cat","embeddable":true,"href":"https:\/\/electromenagerexpress.com\/en\/wp-json\/wp\/v2\/product_cat?post=89611"},{"taxonomy":"product_tag","embeddable":true,"href":"https:\/\/electromenagerexpress.com\/en\/wp-json\/wp\/v2\/product_tag?post=89611"}],"curies":[{"name":"wp","href":"https:\/\/api.w.org\/{rel}","templated":true}]}}