{"id":89559,"date":"2024-11-24T17:29:48","date_gmt":"2024-11-24T17:29:48","guid":{"rendered":"https:\/\/electromenagerexpress.com\/product\/ecran-de-projectionlumeneembassy-hd-270-c-electric-screen\/"},"modified":"2024-11-24T17:29:50","modified_gmt":"2024-11-24T17:29:50","slug":"ecran-de-projectionlumeneembassy-hd-270-c-electric-screen","status":"publish","type":"product","link":"https:\/\/electromenagerexpress.com\/en\/product\/ecran-de-projectionlumeneembassy-hd-270-c-electric-screen\/","title":{"rendered":"Ecran de projection\t\t\t\t\t\t\tLUMENE\t\t\t\tEMBASSY HD 270 C ELECTRIC SCREEN"},"content":{"rendered":"<div class=\"product-features__content\">\n<ul role=\"list\">\n<li class=\"product-features__item\" role=\"listitem\">\n<h3 class=\"product-features__label\">Installation<\/h3>\n<ul role=\"list\">\n<li class=\"product-features__item-list__item\" role=\"listitem\"><span class=\"is--medium\">Utilisation :<\/span> fixe, id\u00e9al pour une installation avec un emplacement d\u00e9di\u00e9\t\t\t\t\t<\/li>\n<li class=\"product-features__item-list__item\" role=\"listitem\"><span class=\"is--medium\">Installation transportable :<\/span> non concern\u00e9\t\t\t\t\t<\/li>\n<li class=\"product-features__item-list__item\" role=\"listitem\"><span class=\"is--medium\">Installation fixe :<\/span> \u00e9cran motoris\u00e9, la toile descend et monte electriquement pour plus de confort\t\t\t\t\t<\/li>\n<li class=\"product-features__item-list__item\" role=\"listitem\"><span class=\"is--medium\">D\u00e9roulement :<\/span> motoris\u00e9\t\t\t\t\t<\/li>\n<li class=\"product-features__item-list__item\" role=\"listitem\"><span class=\"is--medium\">Installation au sol :<\/span> Non\t\t\t\t\t<\/li>\n<li class=\"product-features__item-list__item\" role=\"listitem\"><span class=\"is--medium\">Installation sur tr\u00e9pied :<\/span> Non\t\t\t\t\t<\/li>\n<li class=\"product-features__item-list__item\" role=\"listitem\"><span class=\"is--medium\">Fixation au plafond :<\/span> Oui\t\t\t\t\t<\/li>\n<li class=\"product-features__item-list__item\" role=\"listitem\"><span class=\"is--medium\">Fixation murale :<\/span> Oui\t\t\t\t\t<\/li>\n<li class=\"product-features__item-list__item\" role=\"listitem\"><span class=\"is--medium\">Alimentation :<\/span> non communiqu\u00e9\t\t\t\t\t<\/li>\n<li class=\"product-features__item-list__item\" role=\"listitem\"><span class=\"is--medium\">Hauteur d&rsquo;ouverture ajustable :<\/span> Oui\t\t\t\t\t<\/li>\n<li class=\"product-features__item-list__item\" role=\"listitem\"><span class=\"is--medium\">Tendeurs int\u00e9gr\u00e9s :<\/span> Non\t\t\t\t\t<\/li>\n<li class=\"product-features__item-list__item\" role=\"listitem\"><span class=\"is--medium\">Poids :<\/span> 23 kg\t\t\t\t\t<\/li>\n<\/ul>\n<\/li>\n<li class=\"product-features__item\" role=\"listitem\">\n<h3 class=\"product-features__label\">Ecran<\/h3>\n<ul role=\"list\">\n<li class=\"product-features__item-list__item\" role=\"listitem\"><span class=\"is--medium\">Type d&rsquo;\u00e9cran :<\/span> Ecran de projection\t\t\t\t\t<\/li>\n<li class=\"product-features__item-list__item\" role=\"listitem\"><span class=\"is--medium\">Format :<\/span> 16\/09, id\u00e9al pour des images de films ou de t\u00e9l\u00e9vision\t\t\t\t\t<\/li>\n<li class=\"product-features__item-list__item\" role=\"listitem\"><span class=\"is--medium\">Dimensions (hauteur x base) :<\/span> 151 x 270 cm\t\t\t\t\t<\/li>\n<li class=\"product-features__item-list__item\" role=\"listitem\"><span class=\"is--medium\">Diagonale de l&rsquo;image :<\/span> 310 cm\t\t\t\t\t<\/li>\n<li class=\"product-features__item-list__item\" role=\"listitem\"><span class=\"is--medium\">Bords noirs droite\/gauche :<\/span> 5 cm\t\t\t\t\t<\/li>\n<li class=\"product-features__item-list__item\" role=\"listitem\"><span class=\"is--medium\">Bords noirs haut :<\/span> 30 cm\t\t\t\t\t<\/li>\n<li class=\"product-features__item-list__item\" role=\"listitem\"><span class=\"is--medium\">Bords noirs bas :<\/span> 8 cm\t\t\t\t\t<\/li>\n<li class=\"product-features__item-list__item\" role=\"listitem\"><span class=\"is--medium\">Extra drop :<\/span> 30 cm\t\t\t\t\t<\/li>\n<li class=\"product-features__item-list__item\" role=\"listitem\"><span class=\"is--medium\">Le saviez-vous :<\/span> L&rsquo;extra drop est la grande partie noir au dessus ou en dessous de l&rsquo;image pour plus de confort de vision\t\t\t\t\t<\/li>\n<li class=\"product-features__item-list__item\" role=\"listitem\"><span class=\"is--medium\">Cadrage noir :<\/span> oui\t\t\t\t\t<\/li>\n<li class=\"product-features__item-list__item\" role=\"listitem\"><span class=\"is--medium\">Le saviez-vous :<\/span> les bords noirs permettent d&rsquo;accentuer l&rsquo;effet de contraste pour un meilleur rendu de l&rsquo;image\t\t\t\t\t<\/li>\n<li class=\"product-features__item-list__item\" role=\"listitem\"><span class=\"is--medium\">Dos noir :<\/span> oui\t\t\t\t\t<\/li>\n<li class=\"product-features__item-list__item\" role=\"listitem\"><span class=\"is--medium\">Le saviez-vous :<\/span> Un dos noir permet de placer sa toile de projection devant une fen\u00eatre sans se soucier de la luminosit\u00e9 ext\u00e9rieure\t\t\t\t\t<\/li>\n<li class=\"product-features__item-list__item\" role=\"listitem\"><span class=\"is--medium\">Gain :<\/span> 1\t\t\t\t\t<\/li>\n<li class=\"product-features__item-list__item\" role=\"listitem\"><span class=\"is--medium\">Le saviez-vous :<\/span> Le gain indique la propri\u00e9t\u00e9 d&rsquo;une toile \u00e0 r\u00e9fl\u00e9chir (si sup\u00e9rieur \u00e0 1) ou \u00e0 absorber (si inf\u00e9rieur \u00e0 1) la lumi\u00e8re. Un gain \u00e9lev\u00e9 est conseill\u00e9 pour une pi\u00e9ce lumineuse ou une projection en pleine journ\u00e9e\t\t\t\t\t<\/li>\n<li class=\"product-features__item-list__item\" role=\"listitem\"><span class=\"is--medium\">Directivit\u00e9 (en degr\u00e9) :<\/span> 160\t\t\t\t\t<\/li>\n<li class=\"product-features__item-list__item\" role=\"listitem\"><span class=\"is--medium\">Le saviez-vous :<\/span> La directivit\u00e9 est une aide pour bien se positionner par rapport \u00e0 la toile pour que le rendu d&rsquo;image reste optimale\t\t\t\t\t<\/li>\n<li class=\"product-features__item-list__item\" role=\"listitem\"><span class=\"is--medium\">Traitement sur l&rsquo;\u00e9cran :<\/span> anti-jaunissement, anti-gondolement, anti-poussi\u00e8re\t\t\t\t\t<\/li>\n<li class=\"product-features__item-list__item\" role=\"listitem\"><span class=\"is--medium\">Ecran accoustique :<\/span> non\t\t\t\t\t<\/li>\n<li class=\"product-features__item-list__item\" role=\"listitem\"><span class=\"is--medium\">Coloris :<\/span> Blanc\t\t\t\t\t<\/li>\n<\/ul>\n<\/li>\n<li class=\"product-features__item\" role=\"listitem\">\n<h3 class=\"product-features__label\">Carter<\/h3>\n<ul role=\"list\">\n<li class=\"product-features__item-list__item\" role=\"listitem\"><span class=\"is--medium\">Dimensions :<\/span> 300 x 11 cm\t\t\t\t\t<\/li>\n<li class=\"product-features__item-list__item\" role=\"listitem\"><span class=\"is--medium\">Mat\u00e9riau :<\/span> aluminium\t\t\t\t\t<\/li>\n<li class=\"product-features__item-list__item\" role=\"listitem\"><span class=\"is--medium\">Coloris :<\/span> Blanc\t\t\t\t\t<\/li>\n<\/ul>\n<\/li>\n<li class=\"product-features__item\" role=\"listitem\">\n<h3 class=\"product-features__label\">Dimensions<\/h3>\n<ul role=\"list\">\n<li class=\"product-features__item-list__item\" role=\"listitem\"><span class=\"is--medium\">Poids :<\/span> 22,9 kg\t\t\t\t\t<\/li>\n<li class=\"product-features__item-list__item\" role=\"listitem\"><span class=\"is--medium\">Poids Brut (kg) :<\/span> 27.25\t\t\t\t\t<\/li>\n<\/ul>\n<\/li>\n<li class=\"product-features__item\" role=\"listitem\">\n<h3 class=\"product-features__label\">Informations compl\u00e9mentaires<\/h3>\n<ul role=\"list\">\n<li class=\"product-features__item-list__item\" role=\"listitem\"><span class=\"is--medium\">Garantie :<\/span> 2 ans\t\t\t\t\t<\/li>\n<li class=\"product-features__item-list__item\" role=\"listitem\"><span class=\"is--medium\">Fabriqu\u00e9 en :<\/span> Chine\t\t\t\t\t<\/li>\n<li class=\"product-features__item-list__item\" role=\"listitem\"><span class=\"is--medium\">Disponibilit\u00e9 des pi\u00e8ces d\u00e9tach\u00e9es (donn\u00e9es fournisseur) :<\/span> Pendant 5 ans, \u00e0 compter de la date d&rsquo;achat\t\t\t\t\t<\/li>\n<li class=\"product-features__item-list__item\" role=\"listitem\"><span class=\"is--medium\">R\u00e9f\u00e9rence constructeur :<\/span> EMBASSY HD 270 C ELECTRIC SCREEN\t\t\t\t\t<\/li>\n<li class=\"product-features__item-list__item\" role=\"listitem\"><span class=\"is--medium\">Marque :<\/span> LUMENE\t\t\t\t\t<\/li>\n<\/ul>\n<\/li>\n<\/ul>\n<\/div>\n<div class=\"product__disclosure-content\">\n<div class=\"js-read-more product-description__content read-more read-more--truncated\" data-read-more-name=\"description\" style=\"max-height: 500px; overflow: hidden;\">\n<div class=\"product__description-content read-more\" style=\"\">\n<p>LUMENE EMBASSY HD 270 C : L&rsquo;\u00e9cran de projection \u00e9lectrique incontournable<\/p>\n<h3> <img fetchpriority=\"high\" decoding=\"async\" ,=\"\" alt=\"Ecran de projection LUMENE EMBASSY HD 270 C ELECTRIC SCREEN\" class=\"wy_tableau_gauche\" height=\"270\" src=\"https:\/\/boulanger.scene7.com\/is\/image\/Boulanger\/3700795159446_h_f_l_0?wid=400&amp;hei=270\" width=\"400\"\/>Une exp\u00e9rience visuelle optimis\u00e9e <\/h3>\n<p> L&rsquo;\u00e9cran de projection LUMENE EMBASSY HD 270 C se distingue par sa capacit\u00e9 \u00e0 offrir une qualit\u00e9 d&rsquo;image exceptionnelle, adapt\u00e9e aux formats 4:3 et 16:9. Avec ses bords noirs qui am\u00e9liorent le contraste et sa toile trait\u00e9e anti-jaunissement, anti-poussi\u00e8re et anti-gondolement, cet \u00e9cran garantit une exp\u00e9rience visuelle sans \u00e9gale. Le dos noir occultant permet une installation devant une fen\u00eatre sans perte de qualit\u00e9, tandis que le carter blanc laqu\u00e9, l\u00e9g\u00e8rement paillet\u00e9, ajoute une touche d&rsquo;\u00e9l\u00e9gance \u00e0 votre espace. La surface de projection en PVC et fibre de verre, d&rsquo;une \u00e9paisseur de 0,64 mm et d&rsquo;un gain de 1.0, assure une directivit\u00e9 de 160\u00b0 sans point de brillance, parfaite pour les projecteurs \u00e0 matrice LCD\/DLP. <\/p>\n<\/p>\n<h3> <img decoding=\"async\" ,=\"\" alt=\"Ecran de projection LUMENE EMBASSY HD 270 C ELECTRIC SCREEN\" class=\"wy_tableau_right\" height=\"270\" src=\"https:\/\/boulanger.scene7.com\/is\/image\/Boulanger\/3700795159446_h_f_l_1?wid=400&amp;hei=270\" width=\"400\"\/>Confort et facilit\u00e9 d&rsquo;utilisation <\/h3>\n<p> Le LUMENE EMBASSY HD 270 C est con\u00e7u pour une installation et une utilisation ais\u00e9es. Motoris\u00e9 et r\u00e9tractable, il est fourni avec une t\u00e9l\u00e9commande IR et un capteur infrarouge d\u00e9port\u00e9, offrant ainsi une grande flexibilit\u00e9 de contr\u00f4le. La commande manuelle permet \u00e9galement de r\u00e9gler l&rsquo;\u00e9cran avec pr\u00e9cision. La fixation de l&rsquo;\u00e9cran peut se faire au mur ou au plafond, et gr\u00e2ce \u00e0 son syst\u00e8me de fixation simple, l&rsquo;installation devient un jeu d&rsquo;enfant. L&rsquo;extra-drop important permet un ajustement parfait \u00e0 l&rsquo;environnement de visionnage. En somme, l&rsquo;EMBASSY HD 270 C est une solution compl\u00e8te et accessible pour transformer votre espace en une v\u00e9ritable salle de cin\u00e9ma. <\/p>\n<\/p><\/div>\n<\/p>\n<\/div>\n<p><bl-button a11yexpanded=\"false\" arialabel=\"Afficher toute la description\" class=\"read-more__btn\" full=\"false\" link=\"true\">Voir plus<\/bl-button><\/div>","protected":false},"excerpt":{"rendered":"<div class=\"keypoints\">\n<h3 class=\"keypoints__title\">Les points cl\u00e9s<\/h3>\n<ul role=\"list\">\n<li class=\"keypoints__item\" role=\"listitem\">                                        Utilisation \u00e9cran : fixe                      <\/li>\n<li class=\"keypoints__item\" role=\"listitem\">                          Format : 16\/9 &#8211;                                                      bords noir                      <\/li>\n<li class=\"keypoints__item\" role=\"listitem\">                          motoris\u00e9 &#8211;                                                      151 x 270 cm                      <\/li>\n<li class=\"keypoints__item\" role=\"listitem\">                                        Poids : 23 kg                      <\/li>\n<li class=\"keypoints__item keypoints__item--advantage\" role=\"listitem\"><strong>Le + :<\/strong> Traitement anti-jaunissement, anti-poussi\u00e8re, anti-gondolement      <\/li>\n<\/ul>","protected":false},"featured_media":89558,"template":"","meta":{"_glsr_average":0,"_glsr_ranking":0,"_glsr_reviews":0},"product_cat":[492],"product_tag":[493,451],"class_list":{"0":"post-89559","1":"product","2":"type-product","3":"status-publish","4":"has-post-thumbnail","6":"product_cat-ecran-de-projection","7":"product_tag-ecran-de-projection","8":"product_tag-tv-image-son","10":"first","11":"instock","12":"sale","13":"shipping-taxable","14":"purchasable","15":"product-type-simple"},"_links":{"self":[{"href":"https:\/\/electromenagerexpress.com\/en\/wp-json\/wp\/v2\/product\/89559","targetHints":{"allow":["GET"]}}],"collection":[{"href":"https:\/\/electromenagerexpress.com\/en\/wp-json\/wp\/v2\/product"}],"about":[{"href":"https:\/\/electromenagerexpress.com\/en\/wp-json\/wp\/v2\/types\/product"}],"wp:featuredmedia":[{"embeddable":true,"href":"https:\/\/electromenagerexpress.com\/en\/wp-json\/wp\/v2\/media\/89558"}],"wp:attachment":[{"href":"https:\/\/electromenagerexpress.com\/en\/wp-json\/wp\/v2\/media?parent=89559"}],"wp:term":[{"taxonomy":"product_cat","embeddable":true,"href":"https:\/\/electromenagerexpress.com\/en\/wp-json\/wp\/v2\/product_cat?post=89559"},{"taxonomy":"product_tag","embeddable":true,"href":"https:\/\/electromenagerexpress.com\/en\/wp-json\/wp\/v2\/product_tag?post=89559"}],"curies":[{"name":"wp","href":"https:\/\/api.w.org\/{rel}","templated":true}]}}