{"id":89531,"date":"2024-11-24T17:29:20","date_gmt":"2024-11-24T17:29:20","guid":{"rendered":"https:\/\/electromenagerexpress.com\/product\/camera-sportgoprohero-7-black-reconditionne\/"},"modified":"2024-11-24T17:29:34","modified_gmt":"2024-11-24T17:29:34","slug":"camera-sportgoprohero-7-black-reconditionne","status":"publish","type":"product","link":"https:\/\/electromenagerexpress.com\/en\/product\/camera-sportgoprohero-7-black-reconditionne\/","title":{"rendered":"Cam\u00e9ra sport\t\t\t\t\t\t\tGOPRO\t\t\t\tHero 7 Black Reconditionn\u00e9"},"content":{"rendered":"<div class=\"product-features__content\">\n<ul role=\"list\">\n<li class=\"product-features__item\" role=\"listitem\">\n<h3 class=\"product-features__label\">Vid\u00e9o<\/h3>\n<ul role=\"list\">\n<li class=\"product-features__item-list__item\" role=\"listitem\"><span class=\"is--medium\">Type de capteur :<\/span> Non communiqu\u00e9\t\t\t\t\t<\/li>\n<li class=\"product-features__item-list__item\" role=\"listitem\"><span class=\"is--medium\">R\u00e9solution :<\/span> Non communiqu\u00e9\t\t\t\t\t<\/li>\n<li class=\"product-features__item-list__item\" role=\"listitem\"><span class=\"is--medium\">Qualit\u00e9 d&rsquo;enregistrement :<\/span> Ultra HD (4K)\t\t\t\t\t<\/li>\n<\/ul>\n<\/li>\n<li class=\"product-features__item\" role=\"listitem\">\n<h3 class=\"product-features__label\">Optique<\/h3>\n<ul role=\"list\">\n<li class=\"product-features__item-list__item\" role=\"listitem\"><span class=\"is--medium\">Mode vid\u00e9o de nuit :<\/span> Non\t\t\t\t\t<\/li>\n<li class=\"product-features__item-list__item\" role=\"listitem\"><span class=\"is--medium\">Stabilisateur :<\/span> Non\t\t\t\t\t<\/li>\n<li class=\"product-features__item-list__item\" role=\"listitem\"><span class=\"is--medium\">Zoom optique :<\/span> x2\t\t\t\t\t<\/li>\n<li class=\"product-features__item-list__item\" role=\"listitem\"><span class=\"is--medium\">Zoom num\u00e9rique :<\/span> x2\t\t\t\t\t<\/li>\n<\/ul>\n<\/li>\n<li class=\"product-features__item\" role=\"listitem\">\n<h3 class=\"product-features__label\">Connexions et applications<\/h3>\n<ul role=\"list\">\n<li class=\"product-features__item-list__item\" role=\"listitem\"><span class=\"is--medium\">WiFi :<\/span> Oui\t\t\t\t\t<\/li>\n<li class=\"product-features__item-list__item\" role=\"listitem\"><span class=\"is--medium\">Bluetooth :<\/span> Oui\t\t\t\t\t<\/li>\n<li class=\"product-features__item-list__item\" role=\"listitem\"><span class=\"is--medium\">GPS :<\/span> Distance, vitesse et parcours\t\t\t\t\t<\/li>\n<\/ul>\n<\/li>\n<li class=\"product-features__item\" role=\"listitem\">\n<h3 class=\"product-features__label\">Photo<\/h3>\n<ul role=\"list\">\n<li class=\"product-features__item-list__item\" role=\"listitem\"><span class=\"is--medium\">R\u00e9solution du capteur :<\/span> 12,0 Mpx\t\t\t\t\t<\/li>\n<li class=\"product-features__item-list__item\" role=\"listitem\"><span class=\"is--medium\">Mode Photo nocturne :<\/span> Oui\t\t\t\t\t<\/li>\n<\/ul>\n<\/li>\n<li class=\"product-features__item\" role=\"listitem\">\n<h3 class=\"product-features__label\">Audio<\/h3>\n<ul role=\"list\">\n<li class=\"product-features__item-list__item\" role=\"listitem\"><span class=\"is--medium\">Enregistrement sonore :<\/span> Oui\t\t\t\t\t<\/li>\n<li class=\"product-features__item-list__item\" role=\"listitem\"><span class=\"is--medium\">Type de microphone :<\/span> 3 microphones\t\t\t\t\t<\/li>\n<\/ul>\n<\/li>\n<li class=\"product-features__item\" role=\"listitem\">\n<h3 class=\"product-features__label\">Affichage<\/h3>\n<ul role=\"list\">\n<li class=\"product-features__item-list__item\" role=\"listitem\"><span class=\"is--medium\">\u00c9cran tactile :<\/span> Oui\t\t\t\t\t<\/li>\n<li class=\"product-features__item-list__item\" role=\"listitem\"><span class=\"is--medium\">Taille de l&rsquo;\u00e9cran :<\/span> 5,1 cm\t\t\t\t\t<\/li>\n<\/ul>\n<\/li>\n<li class=\"product-features__item\" role=\"listitem\">\n<h3 class=\"product-features__label\">Fonctions sp\u00e9ciales<\/h3>\n<ul role=\"list\">\n<li class=\"product-features__item-list__item\" role=\"listitem\"><span class=\"is--medium\">Commande vocale :<\/span> Oui\t\t\t\t\t<\/li>\n<li class=\"product-features__item-list__item\" role=\"listitem\"><span class=\"is--medium\">LiveBurst :<\/span> Non\t\t\t\t\t<\/li>\n<li class=\"product-features__item-list__item\" role=\"listitem\"><span class=\"is--medium\">PowerPano :<\/span> Non\t\t\t\t\t<\/li>\n<li class=\"product-features__item-list__item\" role=\"listitem\"><span class=\"is--medium\">Slow Motion :<\/span> Oui\t\t\t\t\t<\/li>\n<li class=\"product-features__item-list__item\" role=\"listitem\"><span class=\"is--medium\">SuperPhoto :<\/span> Avec HDR\t\t\t\t\t<\/li>\n<li class=\"product-features__item-list__item\" role=\"listitem\"><span class=\"is--medium\">TimeWarp :<\/span> Oui\t\t\t\t\t<\/li>\n<li class=\"product-features__item-list__item\" role=\"listitem\"><span class=\"is--medium\">HyperSmooth :<\/span> HyperSmooth\t\t\t\t\t<\/li>\n<li class=\"product-features__item-list__item\" role=\"listitem\"><span class=\"is--medium\">QuickCapture :<\/span> Allumez et enregistrez automatiquement en appuyant sur un seul bouton\t\t\t\t\t<\/li>\n<li class=\"product-features__item-list__item\" role=\"listitem\"><span class=\"is--medium\">Auto Low Light :<\/span> Ajustez automatiquement la cadence d&rsquo;images basse luminosit\u00e9\t\t\t\t\t<\/li>\n<li class=\"product-features__item-list__item\" role=\"listitem\"><span class=\"is--medium\">Etanche :<\/span> Etanche jusqu&rsquo;\u00e0 10m\t\t\t\t\t<\/li>\n<li class=\"product-features__item-list__item\" role=\"listitem\"><span class=\"is--medium\">Vid\u00e9o acc\u00e9l\u00e9r\u00e9e (Time Lapse) :<\/span> Oui\t\t\t\t\t<\/li>\n<li class=\"product-features__item-list__item\" role=\"listitem\"><span class=\"is--medium\">Retardateur :<\/span> Oui\t\t\t\t\t<\/li>\n<li class=\"product-features__item-list__item\" role=\"listitem\"><span class=\"is--medium\">Anti-choc :<\/span> Oui\t\t\t\t\t<\/li>\n<\/ul>\n<\/li>\n<li class=\"product-features__item\" role=\"listitem\">\n<h3 class=\"product-features__label\">Connectiques<\/h3>\n<ul role=\"list\">\n<li class=\"product-features__item-list__item\" role=\"listitem\"><span class=\"is--medium\">D\u00e9tails : :<\/span> Sortie Micro HDMI\t\t\t\t\t<\/li>\n<\/ul>\n<\/li>\n<li class=\"product-features__item\" role=\"listitem\">\n<h3 class=\"product-features__label\">Stockage<\/h3>\n<ul role=\"list\">\n<li class=\"product-features__item-list__item\" role=\"listitem\"><span class=\"is--medium\">Carte(s) m\u00e9moire(s) compatible(s) : :<\/span> Micro SD\t\t\t\t\t<\/li>\n<li class=\"product-features__item-list__item\" role=\"listitem\"><span class=\"is--medium\">Type de support d&rsquo;enregistrement :<\/span> Carte m\u00e9moire\t\t\t\t\t<\/li>\n<li class=\"product-features__item-list__item\" role=\"listitem\"><span class=\"is--medium\">Fichier de compatibilit\u00e9 des cartes SD :<\/span> <a href=\"https:\/\/boulanger.scene7.com\/is\/content\/Boulanger\/1.Produit\/Annexes\/Compatibilit\u00e9SD_Hero7.pdf\" target=\"_blank\">Cliquez ici<\/a><\/li>\n<\/ul>\n<\/li>\n<li class=\"product-features__item\" role=\"listitem\">\n<h3 class=\"product-features__label\">Dimensions<\/h3>\n<ul role=\"list\">\n<li class=\"product-features__item-list__item\" role=\"listitem\"><span class=\"is--medium\">Dimensions l x h x p :<\/span> 6.2 x 3.2 x 4.45 cm\t\t\t\t\t<\/li>\n<li class=\"product-features__item-list__item\" role=\"listitem\"><span class=\"is--medium\">Poids sans accessoires :<\/span> 117,00 g\t\t\t\t\t<\/li>\n<\/ul>\n<\/li>\n<\/ul>\n<\/div>\n<div class=\"product__disclosure-content\">\n<div class=\"js-read-more product-description__content read-more read-more--truncated\" data-read-more-name=\"description\" style=\"max-height: 500px; overflow: hidden;\">\n<p>Des images incroyablement fluides, un syst\u00e8me de capture d\u2019images intelligent, un GPS int\u00e9gr\u00e9 pour suivre votre progression, une cam\u00e9ra ultra r\u00e9sistante et \u00e9tanche jusqu\u2019\u00e0 10 m\u00e8tres m\u00eame sans son boitier&#8230; GoPro pr\u00e9sente la HERO7 Black, la plus perfectionn\u00e9e des GoPro.<\/p>\n<p><img fetchpriority=\"high\" decoding=\"async\" alt=\"GoPro HERO7 Black\" height=\"465\" src=\"https:\/\/boulanger.scene7.com\/is\/image\/Boulanger\/0818279023077_p1?wid=1000\" width=\"1000\"\/><\/p>\n<h3>CAPTUREZ DES IMAGES EXCEPTIONNELLES, EN TOUTES CIRCONSTANCES<\/h3>\n<p>La GoPro HERO7 Black dispose d\u2019un syst\u00e8me de stabilisation performant baptis\u00e9 HyperSmooth qui pr\u00e9dit vos mouvements et corrige les l\u00e9gers soubresauts et tremblements de la cam\u00e9ra pour conserver toute la fluidit\u00e9 de l\u2019image. <\/p>\n<p>La cam\u00e9ra capture vos souvenirs avec une incroyable pr\u00e9cision. Elle filme en 4K60 et photographie en 12 MP. Avec SuperPhoto, votre GoPro HERO7 Black optimise les prises de vues en appliquant automatiquement et intelligemment le format HDR, le mappage tonal local ou la r\u00e9duction de bruit. <\/p>\n<p>Avec la vid\u00e9o \u00e0 fr\u00e9quence d\u2019images \u00e9lev\u00e9e vous pouvez ralentir vos vid\u00e9os jusqu\u2019\u00e0 8 fois et revivre ainsi vos plus beaux souvenirs dans les moindre d\u00e9tails. \u00c0 l\u2019inverse, le syst\u00e8me vid\u00e9o TimeWarp vous permet d&rsquo;acc\u00e9l\u00e9rer la vid\u00e9o jusqu\u2019\u00e0 30 fois tout en conservant la stabilit\u00e9 de l\u2019image, m\u00eame si vous filmez en vous d\u00e9pla\u00e7ant.<\/p>\n<p><img decoding=\"async\" alt=\"GoPro HERO7 Boulanger\" height=\"401\" src=\"https:\/\/boulanger.scene7.com\/is\/image\/Boulanger\/0818279023077_p2?wid=1000\" width=\"1000\"\/><\/p>\n<h3>PARTAGEZ EN DIRECT VOS PLUS BELLES IMAGES<\/h3>\n<p>Que vous immortalisiez vos vacances ou vos exploits sportifs, la GoPro HERO7 Black vous permet de tout partager.<\/p>\n<p>En installant l\u2019application GoPro sur votre smartphone vous pourrez transf\u00e9rer instantan\u00e9ment vos images. Une fois sur votre smartphone, vos photos et vid\u00e9os pourront \u00eatre envoy\u00e9es en un clin d\u2019oeil par message ou publi\u00e9es sur vos r\u00e9seaux sociaux. L\u2019application GoPro vous permet \u00e9galement de partager vos aventures en direct sur Facebook ou sur votre story Instagram. <\/p>\n<p>Avec le GPS, affichez votre vitesse et la distance parcourue pour ajouter des marqueurs \u00e0 vos vid\u00e9os via l\u2019application GoPro. <\/p>\n<p>La fonctionnalit\u00e9 QuikStories de la GoPro HERO7 Black envoie automatiquement vos images sur l\u2019application GoPro sur laquelle elles sont transform\u00e9es en vid\u00e9os courtes et amusantes, parfaitement optimis\u00e9es pour \u00eatre partag\u00e9es.<\/p>\n<p><img decoding=\"async\" alt=\"Appli GoPro\" height=\"510\" src=\"https:\/\/boulanger.scene7.com\/is\/image\/Boulanger\/0818279023077_p3?wid=1000\" width=\"1000\"\/><\/p>\n<h3>CONCENTREZ-VOUS SUR L\u2019ESSENTIEL<\/h3>\n<p>Gr\u00e2ce \u00e0 la GoPro HERO7 Black vous pourrez vivre et revivre l\u2019instant. Les fonctionnalit\u00e9s sont con\u00e7ues pour optimiser vos prises de vues de mani\u00e8re intelligente et intuitive. <\/p>\n<p>Les commandes vocales \u00ab GoPro Prendre Photo \u00bb et \u00ab GoPro Enregistrer Vid\u00e9o \u00bb vous aident \u00e0 contr\u00f4ler votre GoPro \u00e0 la voix, en gardant les mains libres. Un retardateur photo vous permet de capturer des selfies ou photos de groupe en toute tranquillit\u00e9. <\/p>\n<p>Aussi ergonomique et facile \u00e0 prendre en main qu\u2019un smartphone, la GoPro HERO7 Black dispose d\u2019un \u00e9cran tactile intuitif et capture des images en orientation portrait, un avantage si vous avez l\u2019habitude de publier vos aventures sur Snapchat et Instagram.<\/p>\n<\/p>\n<p><video class=\"s7Video\" controls=\"\" controlslist=\"nodownload\" poster=\"https:\/\/boulanger.scene7.com\/is\/image\/Boulanger\/0818279023077_v_0?scl=1\" preload=\"metadata\" src=\"https:\/\/boulanger.scene7.com\/is\/content\/Boulanger\/0818279023077_v_0\" width=\"100%\"><\/video><\/p>\n<\/p>\n<p><center><img decoding=\"async\" src=\"https:\/\/boulanger.scene7.com\/is\/image\/Boulanger\/comparatif_Gopro2?wid=1000\"\/><\/center><\/p>\n<\/div>\n<p><bl-button a11yexpanded=\"false\" arialabel=\"Afficher toute la description\" class=\"read-more__btn\" full=\"false\" link=\"true\">Voir plus<\/bl-button><\/div>","protected":false},"excerpt":{"rendered":"<div class=\"keypoints\">\n<h3 class=\"keypoints__title\">Les points cl\u00e9s<\/h3>\n<ul role=\"list\">\n<li class=\"keypoints__item\" role=\"listitem\">                          Ultra HD (4K) &#8211;                                                      Etanche jusqu&rsquo;\u00e0 10m                      <\/li>\n<li class=\"keypoints__item\" role=\"listitem\">                          WiFi &#8211;                                        Bluetooth &#8211;                                                      GPS : Distance, vitesse et parcours                      <\/li>\n<li class=\"keypoints__item\" role=\"listitem\">                                        Ecran : 5,1 cm tactile                      <\/li>\n<li class=\"keypoints__item keypoints__item--advantage\" role=\"listitem\"><strong>Le + :<\/strong> Stabilisation image HyperSmooth.      <\/li>\n<\/ul>","protected":false},"featured_media":89530,"template":"","meta":{"_glsr_average":0,"_glsr_ranking":0,"_glsr_reviews":0},"product_cat":[488],"product_tag":[39,489,451],"class_list":{"0":"post-89531","1":"product","2":"type-product","3":"status-publish","4":"has-post-thumbnail","6":"product_cat-camera-sport","7":"product_tag-camera","8":"product_tag-camera-sport","9":"product_tag-tv-image-son","11":"first","12":"instock","13":"sale","14":"shipping-taxable","15":"purchasable","16":"product-type-simple"},"_links":{"self":[{"href":"https:\/\/electromenagerexpress.com\/en\/wp-json\/wp\/v2\/product\/89531","targetHints":{"allow":["GET"]}}],"collection":[{"href":"https:\/\/electromenagerexpress.com\/en\/wp-json\/wp\/v2\/product"}],"about":[{"href":"https:\/\/electromenagerexpress.com\/en\/wp-json\/wp\/v2\/types\/product"}],"wp:featuredmedia":[{"embeddable":true,"href":"https:\/\/electromenagerexpress.com\/en\/wp-json\/wp\/v2\/media\/89530"}],"wp:attachment":[{"href":"https:\/\/electromenagerexpress.com\/en\/wp-json\/wp\/v2\/media?parent=89531"}],"wp:term":[{"taxonomy":"product_cat","embeddable":true,"href":"https:\/\/electromenagerexpress.com\/en\/wp-json\/wp\/v2\/product_cat?post=89531"},{"taxonomy":"product_tag","embeddable":true,"href":"https:\/\/electromenagerexpress.com\/en\/wp-json\/wp\/v2\/product_tag?post=89531"}],"curies":[{"name":"wp","href":"https:\/\/api.w.org\/{rel}","templated":true}]}}