{"id":89512,"date":"2024-11-24T17:29:02","date_gmt":"2024-11-24T17:29:02","guid":{"rendered":"https:\/\/electromenagerexpress.com\/product\/camera-sportgoprohero6-black-reconditionne\/"},"modified":"2024-11-24T17:29:10","modified_gmt":"2024-11-24T17:29:10","slug":"camera-sportgoprohero6-black-reconditionne","status":"publish","type":"product","link":"https:\/\/electromenagerexpress.com\/en\/product\/camera-sportgoprohero6-black-reconditionne\/","title":{"rendered":"Cam\u00e9ra sport\t\t\t\t\t\t\tGOPRO\t\t\t\tHERO6 Black Reconditionn\u00e9"},"content":{"rendered":"<div class=\"product-features__content\">\n<ul role=\"list\">\n<li class=\"product-features__item\" role=\"listitem\">\n<h3 class=\"product-features__label\">Vid\u00e9o<\/h3>\n<ul role=\"list\">\n<li class=\"product-features__item-list__item\" role=\"listitem\"><span class=\"is--medium\">R\u00e9solution :<\/span> 12 M\u00e9gapixels\t\t\t\t\t<\/li>\n<li class=\"product-features__item-list__item\" role=\"listitem\"><span class=\"is--medium\">Qualit\u00e9 d&rsquo;enregistrement :<\/span> Ultra HD (4K)\t\t\t\t\t<\/li>\n<\/ul>\n<\/li>\n<li class=\"product-features__item\" role=\"listitem\">\n<h3 class=\"product-features__label\">Optique<\/h3>\n<ul role=\"list\">\n<li class=\"product-features__item-list__item\" role=\"listitem\"><span class=\"is--medium\">Stabilisateur :<\/span> Oui\t\t\t\t\t<\/li>\n<\/ul>\n<\/li>\n<li class=\"product-features__item\" role=\"listitem\">\n<h3 class=\"product-features__label\">Connexions et applications<\/h3>\n<ul role=\"list\">\n<li class=\"product-features__item-list__item\" role=\"listitem\"><span class=\"is--medium\">WiFi :<\/span> Oui\t\t\t\t\t<\/li>\n<li class=\"product-features__item-list__item\" role=\"listitem\"><span class=\"is--medium\">Bluetooth :<\/span> Oui\t\t\t\t\t<\/li>\n<li class=\"product-features__item-list__item\" role=\"listitem\"><span class=\"is--medium\">G\u00e9olocalisation des vid\u00e9os :<\/span> Oui\t\t\t\t\t<\/li>\n<li class=\"product-features__item-list__item\" role=\"listitem\"><span class=\"is--medium\">Enregistrement \u00e0 distance :<\/span> Oui\t\t\t\t\t<\/li>\n<li class=\"product-features__item-list__item\" role=\"listitem\"><span class=\"is--medium\">Transfert simplifi\u00e9 sur Internet :<\/span> Oui\t\t\t\t\t<\/li>\n<li class=\"product-features__item-list__item\" role=\"listitem\"><span class=\"is--medium\">GPS :<\/span> Oui\t\t\t\t\t<\/li>\n<\/ul>\n<\/li>\n<li class=\"product-features__item\" role=\"listitem\">\n<h3 class=\"product-features__label\">Fonctions avanc\u00e9es<\/h3>\n<ul role=\"list\">\n<li class=\"product-features__item-list__item\" role=\"listitem\"><span class=\"is--medium\">Autre(s) :<\/span> Mode rafale, R\u00e9duction avanc\u00e9e du bruit du vent, Mode vid\u00e9o en acc\u00e9l\u00e9r\u00e9, Mode photo de nuit et nuit en acc\u00e9l\u00e9r\u00e9, Balise HiLight (marquez des moments sp\u00e9cifiques de votre vid\u00e9o en temps r\u00e9el)\t\t\t\t\t<\/li>\n<\/ul>\n<\/li>\n<li class=\"product-features__item\" role=\"listitem\">\n<h3 class=\"product-features__label\">Photo<\/h3>\n<ul role=\"list\">\n<li class=\"product-features__item-list__item\" role=\"listitem\"><span class=\"is--medium\">Format(s) d&rsquo;enregistrement :<\/span> Format RAW: offre une flexibilit\u00e9 avec les logiciels de retoucheFormat HDR\t\t\t\t\t<\/li>\n<li class=\"product-features__item-list__item\" role=\"listitem\"><span class=\"is--medium\">R\u00e9solution du capteur :<\/span> 12,0 Mpx\t\t\t\t\t<\/li>\n<\/ul>\n<\/li>\n<li class=\"product-features__item\" role=\"listitem\">\n<h3 class=\"product-features__label\">Audio<\/h3>\n<ul role=\"list\">\n<li class=\"product-features__item-list__item\" role=\"listitem\"><span class=\"is--medium\">Filtre audio :<\/span> R\u00e9duction avanc\u00e9e du bruit du vent\t\t\t\t\t<\/li>\n<li class=\"product-features__item-list__item\" role=\"listitem\"><span class=\"is--medium\">Type de microphone :<\/span> 3 microphones\t\t\t\t\t<\/li>\n<\/ul>\n<\/li>\n<li class=\"product-features__item\" role=\"listitem\">\n<h3 class=\"product-features__label\">Affichage<\/h3>\n<ul role=\"list\">\n<li class=\"product-features__item-list__item\" role=\"listitem\"><span class=\"is--medium\">\u00c9cran tactile :<\/span> Oui\t\t\t\t\t<\/li>\n<li class=\"product-features__item-list__item\" role=\"listitem\"><span class=\"is--medium\">Taille de l&rsquo;\u00e9cran :<\/span> 5,1 cm\t\t\t\t\t<\/li>\n<\/ul>\n<\/li>\n<li class=\"product-features__item\" role=\"listitem\">\n<h3 class=\"product-features__label\">Fonctions sp\u00e9ciales<\/h3>\n<ul role=\"list\">\n<li class=\"product-features__item-list__item\" role=\"listitem\"><span class=\"is--medium\">Commande vocale :<\/span> Oui\t\t\t\t\t<\/li>\n<li class=\"product-features__item-list__item\" role=\"listitem\"><span class=\"is--medium\">SuperView :<\/span> Capturez la perspective d&rsquo;angle large la plus immersive au monde\t\t\t\t\t<\/li>\n<li class=\"product-features__item-list__item\" role=\"listitem\"><span class=\"is--medium\">Auto Low Light :<\/span> Ajustez automatiquement la cadence d&rsquo;images basse luminosit\u00e9\t\t\t\t\t<\/li>\n<li class=\"product-features__item-list__item\" role=\"listitem\"><span class=\"is--medium\">Etanche :<\/span> Etanche jusqu&rsquo;\u00e0 10m\t\t\t\t\t<\/li>\n<li class=\"product-features__item-list__item\" role=\"listitem\"><span class=\"is--medium\">Anti-choc :<\/span> Oui\t\t\t\t\t<\/li>\n<\/ul>\n<\/li>\n<li class=\"product-features__item\" role=\"listitem\">\n<h3 class=\"product-features__label\">Connectiques<\/h3>\n<ul role=\"list\">\n<li class=\"product-features__item-list__item\" role=\"listitem\"><span class=\"is--medium\">D\u00e9tails : :<\/span> Sortie Micro USB\t\t\t\t\t<\/li>\n<\/ul>\n<\/li>\n<li class=\"product-features__item\" role=\"listitem\">\n<h3 class=\"product-features__label\">Stockage<\/h3>\n<ul role=\"list\">\n<li class=\"product-features__item-list__item\" role=\"listitem\"><span class=\"is--medium\">Support d&rsquo;enregistrement secondaire :<\/span> Carte m\u00e9moire\t\t\t\t\t<\/li>\n<li class=\"product-features__item-list__item\" role=\"listitem\"><span class=\"is--medium\">Carte(s) m\u00e9moire(s) compatible(s) : :<\/span> Micro SD\t\t\t\t\t<\/li>\n<li class=\"product-features__item-list__item\" role=\"listitem\"><span class=\"is--medium\">Type de support d&rsquo;enregistrement :<\/span> Carte m\u00e9moire\t\t\t\t\t<\/li>\n<\/ul>\n<\/li>\n<li class=\"product-features__item\" role=\"listitem\">\n<h3 class=\"product-features__label\">Sport<\/h3>\n<ul role=\"list\">\n<li class=\"product-features__item-list__item\" role=\"listitem\"><span class=\"is--medium\">Compatible :<\/span> Running, Randonn\u00e9e, Cano\u00eb-Kayak, Natation et sports d&rsquo;eau, La voile\t\t\t\t\t<\/li>\n<\/ul>\n<\/li>\n<\/ul>\n<\/div>\n<div class=\"product__disclosure-content\">\n<div class=\"js-read-more product-description__content read-more read-more--truncated\" data-read-more-name=\"description\" style=\"max-height: 500px; overflow: hidden;\">\n<p>Dot\u00e9e d&rsquo;un \u00e9cran tactile 2 pouces, la cam\u00e9ra GoPro HERO6 Black embarque de nombreuses fonctions pour faciliter la prise de photos et vid\u00e9os : stabilisation de pointe, conception \u00e9tanche, capture en basse luminosit\u00e9. Et b\u00e9n\u00e9ficie de plusieurs am\u00e9liorations par rapport au mod\u00e8le pr\u00e9c\u00e9dent.<\/p>\n<p><center><img decoding=\"async\" alt=\"GoPro Hero6 Black\" src=\"https:\/\/boulanger.scene7.com\/is\/image\/Boulanger\/0818279017809_p1?wid=1000\"\/><\/center><\/p>\n<h3>HERO6 : la cam\u00e9ra GoPro qui s&rsquo;adapte \u00e0 tous les environnements<\/h3>\n<p>Le mod\u00e8le HERO6 est \u00e9quip\u00e9 d&rsquo;une stabilisation de haut niveau sur 3 axes, assurant d&rsquo;excellentes prises de vue, quelles que soient les conditions (cam\u00e9ra tenue \u00e0 la main ou fix\u00e9e sur un v\u00e9hicule par exemple). La qualit\u00e9 des images est renforc\u00e9e gr\u00e2ce \u00e0 une nouvelle puce GP1 qui optimise les captures pour des images plus nettes et plus fluides.<\/p>\n<p>Disposant d&rsquo;une conception robuste et r\u00e9sistante, la cam\u00e9ra HERO6 Black est \u00e9tanche jusqu&rsquo;\u00e0 10 m\u00e8tres de profondeur sans bo\u00eetier. Une fonctionnalit\u00e9 indispensable pour tous les amateurs de sports nautiques. Par ailleurs, cette cam\u00e9ra est capable de filtrer de mani\u00e8re automatis\u00e9e le bruit du vent en cas d&rsquo;intemp\u00e9ries et de capturer de belles images en basse luminosit\u00e9. De quoi rendre possible la prise de photos et vid\u00e9os dans les conditions les plus difficiles !<\/p>\n<p><center><img decoding=\"async\" alt=\"GoPro Hero6 Black\" src=\"https:\/\/boulanger.scene7.com\/is\/image\/Boulanger\/0818279017809_p2?wid=1000\"\/><\/center><\/p>\n<h3>GoPro HERO6 Black : des performances pouss\u00e9es \u00e0 leur maximum<\/h3>\n<p>Par rapport au pr\u00e9c\u00e9dent mod\u00e8le HERO5, cette cam\u00e9ra HERO6 propose des performances deux fois plus \u00e9lev\u00e9es avec des vid\u00e9os prises en 4096 pixels avec 60 images par seconde, ou en 1080 pixels avec 240 images par seconde (4K60 et 1080p240). Les photos b\u00e9n\u00e9ficient quant \u00e0 elles d&rsquo;une r\u00e9solution de 12 m\u00e9gapixels.<\/p>\n<p>La GoPro HERO6 Black est \u00e9quip\u00e9e d&rsquo;une nouvelle fonctionnalit\u00e9 nomm\u00e9e \u00a0\u00bb QuikStories \u00a0\u00bb qui permet d&rsquo;envoyer directement les images captur\u00e9es sur votre smartphone (iOS ou Android), afin de partager en toute simplicit\u00e9 vos aventures avec vos amis. Et les applications mobiles GoPro et Quick install\u00e9es sur le t\u00e9l\u00e9phone les assemblent de mani\u00e8re automatique pour cr\u00e9er de beaux montages. La vitesse de transfert des donn\u00e9es est multipli\u00e9e par 3 gr\u00e2ce au Wi-Fi 5 GHz (sur les t\u00e9l\u00e9phones compatibles).<\/p>\n<p>La cam\u00e9ra peut \u00e9galement capturer les donn\u00e9es GPS : itin\u00e9raire, d\u00e9nivel\u00e9, vitesse. Donn\u00e9es qui sont incrustables dans les vid\u00e9os en utilisant l&rsquo;application de bureau Quick. Gardez en m\u00e9moire tous vos exploits !<\/p>\n<p><center><img decoding=\"async\" alt=\"GoPro Hero6 Black\" src=\"https:\/\/boulanger.scene7.com\/is\/image\/Boulanger\/0818279017809_p3?wid=1000\"\/><\/center><\/p>\n<\/p>\n<p><video class=\"s7Video\" controls=\"\" controlslist=\"nodownload\" poster=\"https:\/\/boulanger.scene7.com\/is\/image\/Boulanger\/0818279017809_v_0?scl=1\" preload=\"metadata\" src=\"https:\/\/boulanger.scene7.com\/is\/content\/Boulanger\/0818279017809_v_0\" width=\"100%\"><\/video><\/p>\n<\/div>\n<p><bl-button a11yexpanded=\"false\" arialabel=\"Afficher toute la description\" class=\"read-more__btn\" full=\"false\" link=\"true\">Voir plus<\/bl-button><\/div>","protected":false},"excerpt":{"rendered":"<div class=\"keypoints\">\n<h3 class=\"keypoints__title\">Les points cl\u00e9s<\/h3>\n<ul role=\"list\">\n<li class=\"keypoints__item\" role=\"listitem\">                          Ultra HD (4K) &#8211;                                                      Etanche jusqu&rsquo;\u00e0 10m                      <\/li>\n<li class=\"keypoints__item\" role=\"listitem\">                          WiFi &#8211;                                        Bluetooth &#8211;                                                      GPS                      <\/li>\n<li class=\"keypoints__item\" role=\"listitem\">                                        Ecran : 5,1 cm tactile                      <\/li>\n<li class=\"keypoints__item keypoints__item--advantage\" role=\"listitem\"><strong>Le + :<\/strong> Nouvelle fonctionnalit\u00e9 QuikStories pour partager ses aventures      <\/li>\n<\/ul>","protected":false},"featured_media":89511,"template":"","meta":{"_glsr_average":0,"_glsr_ranking":0,"_glsr_reviews":0},"product_cat":[488],"product_tag":[39,489,451],"class_list":{"0":"post-89512","1":"product","2":"type-product","3":"status-publish","4":"has-post-thumbnail","6":"product_cat-camera-sport","7":"product_tag-camera","8":"product_tag-camera-sport","9":"product_tag-tv-image-son","11":"first","12":"instock","13":"sale","14":"shipping-taxable","15":"purchasable","16":"product-type-simple"},"_links":{"self":[{"href":"https:\/\/electromenagerexpress.com\/en\/wp-json\/wp\/v2\/product\/89512","targetHints":{"allow":["GET"]}}],"collection":[{"href":"https:\/\/electromenagerexpress.com\/en\/wp-json\/wp\/v2\/product"}],"about":[{"href":"https:\/\/electromenagerexpress.com\/en\/wp-json\/wp\/v2\/types\/product"}],"wp:featuredmedia":[{"embeddable":true,"href":"https:\/\/electromenagerexpress.com\/en\/wp-json\/wp\/v2\/media\/89511"}],"wp:attachment":[{"href":"https:\/\/electromenagerexpress.com\/en\/wp-json\/wp\/v2\/media?parent=89512"}],"wp:term":[{"taxonomy":"product_cat","embeddable":true,"href":"https:\/\/electromenagerexpress.com\/en\/wp-json\/wp\/v2\/product_cat?post=89512"},{"taxonomy":"product_tag","embeddable":true,"href":"https:\/\/electromenagerexpress.com\/en\/wp-json\/wp\/v2\/product_tag?post=89512"}],"curies":[{"name":"wp","href":"https:\/\/api.w.org\/{rel}","templated":true}]}}