{"id":89469,"date":"2024-11-24T17:28:20","date_gmt":"2024-11-24T17:28:20","guid":{"rendered":"https:\/\/electromenagerexpress.com\/product\/camera-sportdjiosmo-action-2-pack-double-ecrans\/"},"modified":"2024-11-24T17:28:29","modified_gmt":"2024-11-24T17:28:29","slug":"camera-sportdjiosmo-action-2-pack-double-ecrans","status":"publish","type":"product","link":"https:\/\/electromenagerexpress.com\/en\/product\/camera-sportdjiosmo-action-2-pack-double-ecrans\/","title":{"rendered":"Cam\u00e9ra sport\t\t\t\t\t\t\tDJI\t\t\t\tOsmo Action 2 pack double \u00e9crans"},"content":{"rendered":"<div class=\"product-features__content\">\n<ul role=\"list\">\n<li class=\"product-features__item\" role=\"listitem\">\n<h3 class=\"product-features__label\">Vid\u00e9o<\/h3>\n<ul role=\"list\">\n<li class=\"product-features__item-list__item\" role=\"listitem\"><span class=\"is--medium\">Type de capteur :<\/span> CMOS\t\t\t\t\t<\/li>\n<li class=\"product-features__item-list__item\" role=\"listitem\"><span class=\"is--medium\">R\u00e9solution :<\/span> 12 M\u00e9gapixels\t\t\t\t\t<\/li>\n<li class=\"product-features__item-list__item\" role=\"listitem\"><span class=\"is--medium\">Format d&rsquo;enregistrement :<\/span> Formats de photo : JPEG \/ DNG Formats de vid\u00e9o : MP4 (H.264 \/ H.265)\t\t\t\t\t<\/li>\n<li class=\"product-features__item-list__item\" role=\"listitem\"><span class=\"is--medium\">Qualit\u00e9 d&rsquo;enregistrement :<\/span> Ultra HD (4K)\t\t\t\t\t<\/li>\n<li class=\"product-features__item-list__item\" role=\"listitem\"><span class=\"is--medium\">Detail des qualit\u00e9s d&rsquo;enregistrement :<\/span> Photo\u00a0: 1\/8\u00a0000 \u00e0 30\u00a0s<br \/>Vid\u00e9o\u00a0: 1\/8\u00a0000 s dans la limite des images par seconde 4\u00a0000\u00a0x\u00a03\u00a0000 Zoom num\u00e9rique\u00a0:<br \/>Photos\u00a0: 4x<br \/>Vid\u00e9os\u00a0: 2x (&gt; 60\u00a0ips)\u00a0; 4x (&lt;60\u00a0ips)<br \/> Ralenti\u00a0: 2x<br \/>Timelapse\u00a0: non disponible Prise de vue unique\u00a0: 12 MP<br \/>Retardateur\u00a0: Off\/0,5\u00a0s\/1\/2\/3\/5\/10 seconds\t\t\t\t\t<\/li>\n<li class=\"product-features__item-list__item\" role=\"listitem\"><span class=\"is--medium\">Dur\u00e9e d&rsquo;enregistrement maximale :<\/span> 2 h\t\t\t\t\t<\/li>\n<li class=\"product-features__item-list__item\" role=\"listitem\"><span class=\"is--medium\">Informations sur le capteur principal :<\/span> CMOS 1\/1,7&Prime;<br \/>Pixels effectifs\u00a0: 12\u00a0MP\t\t\t\t\t<\/li>\n<li class=\"product-features__item-list__item\" role=\"listitem\"><span class=\"is--medium\">Dimension du capteur :<\/span> CMOS 1\/1,7&Prime;<br \/>Pixels effectifs\u00a0: 12\u00a0MP\t\t\t\t\t<\/li>\n<li class=\"product-features__item-list__item\" role=\"listitem\"><span class=\"is--medium\">Format 16\/9 :<\/span> Oui\t\t\t\t\t<\/li>\n<\/ul>\n<\/li>\n<li class=\"product-features__item\" role=\"listitem\">\n<h3 class=\"product-features__label\">Capteur secondaire<\/h3>\n<ul role=\"list\">\n<li class=\"product-features__item-list__item\" role=\"listitem\"><span class=\"is--medium\">Type de capteur :<\/span> CMOS\t\t\t\t\t<\/li>\n<li class=\"product-features__item-list__item\" role=\"listitem\"><span class=\"is--medium\">Dimension du capteur :<\/span> CMOS 1\/1,7&Prime;\t\t\t\t\t<\/li>\n<li class=\"product-features__item-list__item\" role=\"listitem\"><span class=\"is--medium\">R\u00e9solution :<\/span> 12 M\u00e9gapixels\t\t\t\t\t<\/li>\n<li class=\"product-features__item-list__item\" role=\"listitem\"><span class=\"is--medium\">Format d&rsquo;enregistrement :<\/span> Formats de photo : JPEG \/ DNG Formats de vid\u00e9o : MP4 (H.264 \/ H.265)\t\t\t\t\t<\/li>\n<li class=\"product-features__item-list__item\" role=\"listitem\"><span class=\"is--medium\">Qualit\u00e9 d&rsquo;enregistrement :<\/span> Ultra HD (4K)\t\t\t\t\t<\/li>\n<li class=\"product-features__item-list__item\" role=\"listitem\"><span class=\"is--medium\">Format 16\/9 :<\/span> Oui\t\t\t\t\t<\/li>\n<li class=\"product-features__item-list__item\" role=\"listitem\"><span class=\"is--medium\">Poids Net (kg) :<\/span> 50,00 g\t\t\t\t\t<\/li>\n<li class=\"product-features__item-list__item\" role=\"listitem\"><span class=\"is--medium\">Dimensons :<\/span> 39\u00a0x\u00a039\u00a0x\u00a021\u00a0mm\t\t\t\t\t<\/li>\n<\/ul>\n<\/li>\n<li class=\"product-features__item\" role=\"listitem\">\n<h3 class=\"product-features__label\">Optique<\/h3>\n<ul role=\"list\">\n<li class=\"product-features__item-list__item\" role=\"listitem\"><span class=\"is--medium\">Mode vid\u00e9o de nuit :<\/span> Non\t\t\t\t\t<\/li>\n<li class=\"product-features__item-list__item\" role=\"listitem\"><span class=\"is--medium\">Stabilisateur :<\/span> Oui\t\t\t\t\t<\/li>\n<li class=\"product-features__item-list__item\" role=\"listitem\"><span class=\"is--medium\">Zoom optique :<\/span> Non\t\t\t\t\t<\/li>\n<li class=\"product-features__item-list__item\" role=\"listitem\"><span class=\"is--medium\">Zoom num\u00e9rique :<\/span> x4\t\t\t\t\t<\/li>\n<\/ul>\n<\/li>\n<li class=\"product-features__item\" role=\"listitem\">\n<h3 class=\"product-features__label\">Connexions et applications<\/h3>\n<ul role=\"list\">\n<li class=\"product-features__item-list__item\" role=\"listitem\"><span class=\"is--medium\">WiFi :<\/span> Oui\t\t\t\t\t<\/li>\n<li class=\"product-features__item-list__item\" role=\"listitem\"><span class=\"is--medium\">Bluetooth :<\/span> Oui\t\t\t\t\t<\/li>\n<li class=\"product-features__item-list__item\" role=\"listitem\"><span class=\"is--medium\">GPS :<\/span> Non\t\t\t\t\t<\/li>\n<\/ul>\n<\/li>\n<li class=\"product-features__item\" role=\"listitem\">\n<h3 class=\"product-features__label\">Fonctions avanc\u00e9es<\/h3>\n<ul role=\"list\">\n<li class=\"product-features__item-list__item\" role=\"listitem\"><span class=\"is--medium\">Autre(s) :<\/span> Stabilisation \/ EIS\u00a0: Rocksteady 2.0\u00a0+\u00a0HorizonSteady* *Rocksteady ne prend pas en charge l&rsquo;EIS lors d&rsquo;enregistrement en 100\u00a0ips ou plus. La d\u00e9finition max. en utilisant HorizonSteady est de 2,7K.\t\t\t\t\t<\/li>\n<\/ul>\n<\/li>\n<li class=\"product-features__item\" role=\"listitem\">\n<h3 class=\"product-features__label\">Photo<\/h3>\n<ul role=\"list\">\n<li class=\"product-features__item-list__item\" role=\"listitem\"><span class=\"is--medium\">Format(s) d&rsquo;enregistrement :<\/span> JPEG \/ DNG MP4 (H.264 \/ H.265)\t\t\t\t\t<\/li>\n<li class=\"product-features__item-list__item\" role=\"listitem\"><span class=\"is--medium\">R\u00e9solution du capteur :<\/span> 12,0 Mpx\t\t\t\t\t<\/li>\n<\/ul>\n<\/li>\n<li class=\"product-features__item\" role=\"listitem\">\n<h3 class=\"product-features__label\">Audio<\/h3>\n<ul role=\"list\">\n<li class=\"product-features__item-list__item\" role=\"listitem\"><span class=\"is--medium\">Enregistrement sonore :<\/span> Oui\t\t\t\t\t<\/li>\n<li class=\"product-features__item-list__item\" role=\"listitem\"><span class=\"is--medium\">Type de microphone :<\/span> Interne\t\t\t\t\t<\/li>\n<\/ul>\n<\/li>\n<li class=\"product-features__item\" role=\"listitem\">\n<h3 class=\"product-features__label\">Affichage<\/h3>\n<ul role=\"list\">\n<li class=\"product-features__item-list__item\" role=\"listitem\"><span class=\"is--medium\">\u00c9cran tactile :<\/span> Oui\t\t\t\t\t<\/li>\n<li class=\"product-features__item-list__item\" role=\"listitem\"><span class=\"is--medium\">R\u00e9solution de l&rsquo;\u00e9cran :<\/span> 350 px\t\t\t\t\t<\/li>\n<li class=\"product-features__item-list__item\" role=\"listitem\"><span class=\"is--medium\">Taille de l&rsquo;\u00e9cran :<\/span> 4,6 cm\t\t\t\t\t<\/li>\n<li class=\"product-features__item-list__item\" role=\"listitem\"><span class=\"is--medium\">Double \u00e9cran :<\/span> Oui\t\t\t\t\t<\/li>\n<li class=\"product-features__item-list__item\" role=\"listitem\"><span class=\"is--medium\">Ecran :<\/span> 1 avant\u00a0+\u00a01 arri\u00e8re\t\t\t\t\t<\/li>\n<\/ul>\n<\/li>\n<li class=\"product-features__item\" role=\"listitem\">\n<h3 class=\"product-features__label\">Fonctions sp\u00e9ciales<\/h3>\n<ul role=\"list\">\n<li class=\"product-features__item-list__item\" role=\"listitem\"><span class=\"is--medium\">Slow Motion :<\/span> Oui\t\t\t\t\t<\/li>\n<li class=\"product-features__item-list__item\" role=\"listitem\"><span class=\"is--medium\">Etanche :<\/span> Jusqu&rsquo;\u00e0 10 m\t\t\t\t\t<\/li>\n<li class=\"product-features__item-list__item\" role=\"listitem\"><span class=\"is--medium\">Vid\u00e9o acc\u00e9l\u00e9r\u00e9e (Time Lapse) :<\/span> Non\t\t\t\t\t<\/li>\n<li class=\"product-features__item-list__item\" role=\"listitem\"><span class=\"is--medium\">Retardateur :<\/span> Oui\t\t\t\t\t<\/li>\n<li class=\"product-features__item-list__item\" role=\"listitem\"><span class=\"is--medium\">Anti-choc :<\/span> Non\t\t\t\t\t<\/li>\n<\/ul>\n<\/li>\n<li class=\"product-features__item\" role=\"listitem\">\n<h3 class=\"product-features__label\">Connectiques<\/h3>\n<ul role=\"list\">\n<li class=\"product-features__item-list__item\" role=\"listitem\"><span class=\"is--medium\">D\u00e9tails : :<\/span> Prise micro\t\t\t\t\t<\/li>\n<\/ul>\n<\/li>\n<li class=\"product-features__item\" role=\"listitem\">\n<h3 class=\"product-features__label\">Stockage<\/h3>\n<ul role=\"list\">\n<li class=\"product-features__item-list__item\" role=\"listitem\"><span class=\"is--medium\">Carte(s) m\u00e9moire(s) compatible(s) : :<\/span> Micro SD\t\t\t\t\t<\/li>\n<li class=\"product-features__item-list__item\" role=\"listitem\"><span class=\"is--medium\">M\u00e9moire extensible jusqu&rsquo;\u00e0 :<\/span> 256 Go\t\t\t\t\t<\/li>\n<li class=\"product-features__item-list__item\" role=\"listitem\"><span class=\"is--medium\">Type de support d&rsquo;enregistrement :<\/span> Carte m\u00e9moire\t\t\t\t\t<\/li>\n<\/ul>\n<\/li>\n<li class=\"product-features__item\" role=\"listitem\">\n<h3 class=\"product-features__label\">Sport<\/h3>\n<ul role=\"list\">\n<li class=\"product-features__item-list__item\" role=\"listitem\"><span class=\"is--medium\">Compatible :<\/span> Running, Randonn\u00e9e, Football, V\u00e9lo, Tennis, L&rsquo;\u00e9quitation, Basket, Handball, Rugby, Golf, Cano\u00eb-Kayak, Natation et sports d&rsquo;eau, Tennins de table\t\t\t\t\t<\/li>\n<\/ul>\n<\/li>\n<li class=\"product-features__item\" role=\"listitem\">\n<h3 class=\"product-features__label\">Alimentation<\/h3>\n<ul role=\"list\">\n<li class=\"product-features__item-list__item\" role=\"listitem\"><span class=\"is--medium\">Type de batterie :<\/span> LiPo\u00a01S\t\t\t\t\t<\/li>\n<li class=\"product-features__item-list__item\" role=\"listitem\"><span class=\"is--medium\">R\u00e9f\u00e9rence de la batterie :<\/span> LiPo\u00a01S\t\t\t\t\t<\/li>\n<li class=\"product-features__item-list__item\" role=\"listitem\"><span class=\"is--medium\">Consommation :<\/span> 5,0 W\t\t\t\t\t<\/li>\n<li class=\"product-features__item-list__item\" role=\"listitem\"><span class=\"is--medium\">Autonomie (en min ) :<\/span> 150\t\t\t\t\t<\/li>\n<\/ul>\n<\/li>\n<li class=\"product-features__item\" role=\"listitem\">\n<h3 class=\"product-features__label\">Informations compl\u00e9mentaires<\/h3>\n<ul role=\"list\">\n<li class=\"product-features__item-list__item\" role=\"listitem\"><span class=\"is--medium\">Fabriqu\u00e9 en :<\/span> Chine\t\t\t\t\t<\/li>\n<li class=\"product-features__item-list__item\" role=\"listitem\"><span class=\"is--medium\">Garantie :<\/span> 2 ans\t\t\t\t\t<\/li>\n<li class=\"product-features__item-list__item\" role=\"listitem\"><span class=\"is--medium\">Disponibilit\u00e9 des pi\u00e8ces d\u00e9tach\u00e9es (donn\u00e9es fournisseur) :<\/span> Pendant 2 ans, \u00e0 compter de la date fin de fabrication\t\t\t\t\t<\/li>\n<\/ul>\n<\/li>\n<li class=\"product-features__item\" role=\"listitem\">\n<h3 class=\"product-features__label\">Dimensions<\/h3>\n<ul role=\"list\">\n<li class=\"product-features__item-list__item\" role=\"listitem\"><span class=\"is--medium\">Dimensions l x h x p :<\/span> 3.9 x 3.9 x 2.1 cm\t\t\t\t\t<\/li>\n<li class=\"product-features__item-list__item\" role=\"listitem\"><span class=\"is--medium\">Poids sans accessoires :<\/span> 50,00 g\t\t\t\t\t<\/li>\n<\/ul>\n<\/li>\n<\/ul>\n<\/div>\n<div class=\"product__disclosure-content\">\n<div class=\"js-read-more product-description__content read-more read-more--truncated\" data-read-more-name=\"description\" style=\"max-height: 500px; overflow: hidden;\">\n<p><strong>Au-del\u00e0 de l&rsquo;Action<\/strong><\/p>\n<p>DJI Action\u00a02 est une cam\u00e9ra diff\u00e9rente et surprenante \u00e0 premi\u00e8re vue.\u00a0Ultra compacte, elle vous lib\u00e8re de vos mouvements tout en l\u00e9g\u00e8ret\u00e9. Cam\u00e9ra la plus puissante de DJI, facile \u00e0 porter gr\u00e2ce \u00e0 sa fixation magn\u00e9tique innovante, elle est aussi ultra-polyvalente. Pourquoi ? Car elle se compose de 2 parties facilement amovibles.<br \/>L&rsquo;unit\u00e9 de base est la cam\u00e9ra, qui est \u00e0 mettre sur soi. L&rsquo;unit\u00e9 secondaire : l&rsquo;\u00e9cran de visionnage peut alors \u00eatre attach\u00e9e \u00e0 la cam\u00e9ra, \u00eatre tenue \u00e0 la main\u00a0 ou m\u00eame pos\u00e9e un peu plus loin pour voir en direct son cadrage ; \u00e0 moins que vous choisissiez de partager cet \u00e9cran \u00e0 une personne proche de vous pour voir l&rsquo;action en m\u00eame temps que vous.\u00a0 Son concept en 2 parties en font une cam\u00e9ra o\u00f9 il est facile de changer d&rsquo;accessoires selon ses besoins. Du sport aux promenades dans un parc, sortez de la routine avec DJI\u00a0Action\u00a02.<\/p>\n<\/p>\n<p><center><img decoding=\"async\" alt=\"URL SCENE7\" src=\"https:\/\/boulanger.scene7.com\/is\/image\/Boulanger\/6941565920362_h_f_l_2?wid=1000\" width=\"400\"\/><\/center><\/p>\n<p><strong>Un design de pr\u00e9cision qui va vous \u00e9merveiller<\/strong><\/p>\n<p>Le corps en alliage aluminium l\u00e9ger et son style minimaliste en font un produit solide et l\u00e9ger, facile \u00e0 fixer gr\u00e2ce \u00e0 son syst\u00e8me d&rsquo;accroche magn\u00e9tique et confortable. La forme et l&rsquo;angle de l&rsquo;objectif ont \u00e9t\u00e9 minutieusement \u00e9tudi\u00e9s pour des performances optimales. DJI\u00a0Action\u00a02 offre des performances sup\u00e9rieures et d\u00e9borde de fonctions intuitives. Avec toute cette puissance en main, les utilisateurs peuvent capturer des moments m\u00e9morables, du quotidien au spectaculaire, en toutes conditions.<br \/>Cr\u00e9ez des prises uniques d&rsquo;une fluidit\u00e9 \u00e9poustouflante et riches en d\u00e9tail. DJI\u00a0Action\u00a02 atteint des sommets de pr\u00e9cision gr\u00e2ce \u00e0 une qualit\u00e9 d&rsquo;images 4K\/120\u00a0ips dans un champ de vision extra large. L&rsquo;image, gr\u00e2ce \u00e0 un champ ultra-large 155\u00b0 offre des perspectives et des profondeurs de champ sup\u00e9rieures. L&rsquo;objectif asph\u00e9rique de DJI\u00a0Action\u00a02 accentue \u00e9galement les angles et r\u00e9duit la distorsion de l&rsquo;image.\u00a0<br \/>Niveau stabilit\u00e9, le dernier algorithme de stabilisation int\u00e9gr\u00e9 de DJI d\u00e9tecte et corrige en temps r\u00e9el les vibrations de la cam\u00e9ra et les rotations : c&rsquo;est l&rsquo;HorizonSteady qui vous assure une image stable m\u00eame au coeur de l&rsquo;action.\u00a0<br \/>Et niveau action, l&rsquo;Action 2 est tout terrain, toute action. Le design robuste de la cam\u00e9ra principale DJI\u00a0Action\u00a02 la prot\u00e8ge des chutes. Elle est \u00e9tanche \u00e0 la poussi\u00e8re et \u00e0 l&rsquo;eau jusqu&rsquo;\u00e0 10\u00a0m\u00e8tres de profondeur. Avec son \u00e9cran tactile et son objectif en verre Gorilla Glass r\u00e9sistant, DJI\u00a0Action\u00a02 est \u00e0 la hauteur de chaque aventure.<\/p>\n<\/p>\n<p><center><img decoding=\"async\" alt=\"URL SCENE7\" src=\"https:\/\/boulanger.scene7.com\/is\/image\/Boulanger\/6941565920362_h_f_l_3?wid=1000\" width=\"400\"\/><\/center><\/p>\n<p><strong>Lib\u00e9rez votre cr\u00e9ativit\u00e9<\/strong><\/p>\n<p>D\u00e9voilez votre touche cr\u00e9ative avec un timelapse sensationnel. Capturez l&rsquo;effervescence urbaine ou le passage de nuages en une prise acc\u00e9l\u00e9r\u00e9e. Vous choisissez l&rsquo;image que vous souhaitez retranscrire. Un ralenti 8x vous autorise des effets \u00e9piques !<br \/>Un tir au but incroyable, l&rsquo;instant pr\u00e9cis d&rsquo;un impact ou une vague qui se rompt sont encore plus impressionnants au ralenti. Avec DJI\u00a0Action\u00a02, vous pouvez bien sur activer ou d\u00e9sactiver le ralenti pendant l&rsquo;enregistrement pour un timing pr\u00e9cis et encore plus de libert\u00e9. Et pour \u00eatre plus pr\u00e8s de l&rsquo;action, profitez du zoom num\u00e9rique. Alternez facilement entre les gros-plan et les prises \u00e0 distance de vue pour des vid\u00e9os encore plus nuanc\u00e9es.<\/p>\n<\/p>\n<p><center><img decoding=\"async\" alt=\"URL SCENE7\" src=\"https:\/\/boulanger.scene7.com\/is\/image\/Boulanger\/6941565920362_h_f_l_8?wid=1000\" width=\"400\"\/><\/center><\/p>\n<p><strong>Fait pour l&rsquo;action, et bien plus encore<\/strong><\/p>\n<p>Clipsez le Module \u00c9cran tactile avant et restez au centre de l&rsquo;action. Con\u00e7u pour les vloggers, l&rsquo;\u00e9cran tactile avant OLED et la fonction Matrix Stereo \u00e0 4 micros permettent de cr\u00e9er des vid\u00e9os au son net pour des aventures encore plus r\u00e9alistes.\u00a0<\/p>\n<p><strong>Application DJI Mimo<\/strong><\/p>\n<p>Synchronisez et partagez dans l&rsquo;instant gr\u00e2ce \u00e0 l&rsquo;application DJI\u00a0Mimo, vous pouvez capturer, \u00e9diter et partager le meilleur de vos aventures en toute facilit\u00e9. L&rsquo;application contient de nombreuses fonctions intuitives et outils d&rsquo;\u00e9dition puissants, le tout au bout de vos doigts. Elle s\u00e9lectionne et combine automatiquement des moments \u00e9piques avec des transitions parfaites et une musique rythm\u00e9e (Editeur IA). Enfin le transfert de fichiers est rapide : utilisez votre t\u00e9l\u00e9phone pour g\u00e9rer et transf\u00e9rer les photos et vid\u00e9os en un clin d&rsquo;oeil.\u00a0<\/p>\n<\/p>\n<p><video class=\"s7Video\" controls=\"\" controlslist=\"nodownload\" poster=\"https:\/\/boulanger.scene7.com\/is\/image\/Boulanger\/6941565920362_v_0?scl=1\" preload=\"metadata\" src=\"https:\/\/boulanger.scene7.com\/is\/content\/Boulanger\/6941565920362_v_0\" width=\"100%\"><\/video><\/p>\n<\/div>\n<p><bl-button a11yexpanded=\"false\" arialabel=\"Afficher toute la description\" class=\"read-more__btn\" full=\"false\" link=\"true\">Voir plus<\/bl-button><\/div>","protected":false},"excerpt":{"rendered":"<div class=\"keypoints\">\n<h3 class=\"keypoints__title\">Les points cl\u00e9s<\/h3>\n<ul role=\"list\">\n<li class=\"keypoints__item\" role=\"listitem\">                          Ultra HD (4K) &#8211;                                                      Jusqu&rsquo;\u00e0 10 m                      <\/li>\n<li class=\"keypoints__item\" role=\"listitem\">                                        Autonomie jusqu&rsquo;\u00e0 2h40                      <\/li>\n<li class=\"keypoints__item\" role=\"listitem\">                          WiFi &#8211;                                                      Bluetooth                      <\/li>\n<li class=\"keypoints__item\" role=\"listitem\">                          Ecran : Tactile &#8211;                                                      Capteur CMOS                      <\/li>\n<li class=\"keypoints__item keypoints__item--advantage\" role=\"listitem\"><strong>Le + :<\/strong> Pack double \u00e9crans : un pour filmer, un pour se regarder, fixation magn\u00e9tique      <\/li>\n<\/ul>","protected":false},"featured_media":89468,"template":"","meta":{"_glsr_average":0,"_glsr_ranking":0,"_glsr_reviews":0},"product_cat":[488],"product_tag":[39,489,451],"class_list":{"0":"post-89469","1":"product","2":"type-product","3":"status-publish","4":"has-post-thumbnail","6":"product_cat-camera-sport","7":"product_tag-camera","8":"product_tag-camera-sport","9":"product_tag-tv-image-son","11":"first","12":"instock","13":"sale","14":"shipping-taxable","15":"purchasable","16":"product-type-simple"},"_links":{"self":[{"href":"https:\/\/electromenagerexpress.com\/en\/wp-json\/wp\/v2\/product\/89469","targetHints":{"allow":["GET"]}}],"collection":[{"href":"https:\/\/electromenagerexpress.com\/en\/wp-json\/wp\/v2\/product"}],"about":[{"href":"https:\/\/electromenagerexpress.com\/en\/wp-json\/wp\/v2\/types\/product"}],"wp:featuredmedia":[{"embeddable":true,"href":"https:\/\/electromenagerexpress.com\/en\/wp-json\/wp\/v2\/media\/89468"}],"wp:attachment":[{"href":"https:\/\/electromenagerexpress.com\/en\/wp-json\/wp\/v2\/media?parent=89469"}],"wp:term":[{"taxonomy":"product_cat","embeddable":true,"href":"https:\/\/electromenagerexpress.com\/en\/wp-json\/wp\/v2\/product_cat?post=89469"},{"taxonomy":"product_tag","embeddable":true,"href":"https:\/\/electromenagerexpress.com\/en\/wp-json\/wp\/v2\/product_tag?post=89469"}],"curies":[{"name":"wp","href":"https:\/\/api.w.org\/{rel}","templated":true}]}}