{"id":89462,"date":"2024-11-24T17:28:13","date_gmt":"2024-11-24T17:28:13","guid":{"rendered":"https:\/\/electromenagerexpress.com\/product\/camescopevendos85aq0564\/"},"modified":"2024-11-24T17:28:13","modified_gmt":"2024-11-24T17:28:13","slug":"camescopevendos85aq0564","status":"publish","type":"product","link":"https:\/\/electromenagerexpress.com\/en\/product\/camescopevendos85aq0564\/","title":{"rendered":"Cam\u00e9scope\t\t\t\t\t\t\tVENDOS85\t\t\t\tAQ0564"},"content":{"rendered":"<div class=\"product-features__content\">\n<ul role=\"list\">\n<li class=\"product-features__item\" role=\"listitem\">\n<h3 class=\"product-features__label\">Vid\u00e9o<\/h3>\n<ul role=\"list\">\n<li class=\"product-features__item-list__item\" role=\"listitem\"><span class=\"is--medium\">Type de capteur :<\/span> CMOS\t\t\t\t\t<\/li>\n<li class=\"product-features__item-list__item\" role=\"listitem\"><span class=\"is--medium\">R\u00e9solution :<\/span> 8 M\u00e9gapixels\t\t\t\t\t<\/li>\n<li class=\"product-features__item-list__item\" role=\"listitem\"><span class=\"is--medium\">Qualit\u00e9 d&rsquo;enregistrement :<\/span> Ultra HD (4K)\t\t\t\t\t<\/li>\n<li class=\"product-features__item-list__item\" role=\"listitem\"><span class=\"is--medium\">Format 16\/9 :<\/span> Non\t\t\t\t\t<\/li>\n<\/ul>\n<\/li>\n<li class=\"product-features__item\" role=\"listitem\">\n<h3 class=\"product-features__label\">Capteur secondaire<\/h3>\n<ul role=\"list\">\n<li class=\"product-features__item-list__item\" role=\"listitem\"><span class=\"is--medium\">Type de capteur :<\/span> Non communiqu\u00e9\t\t\t\t\t<\/li>\n<li class=\"product-features__item-list__item\" role=\"listitem\"><span class=\"is--medium\">Qualit\u00e9 d&rsquo;enregistrement :<\/span> Ultra HD (4K)\t\t\t\t\t<\/li>\n<li class=\"product-features__item-list__item\" role=\"listitem\"><span class=\"is--medium\">Format 16\/9 :<\/span> Non\t\t\t\t\t<\/li>\n<li class=\"product-features__item-list__item\" role=\"listitem\"><span class=\"is--medium\">Poids Net (kg) :<\/span> 1,00 kg\t\t\t\t\t<\/li>\n<\/ul>\n<\/li>\n<li class=\"product-features__item\" role=\"listitem\">\n<h3 class=\"product-features__label\">Optique<\/h3>\n<ul role=\"list\">\n<li class=\"product-features__item-list__item\" role=\"listitem\"><span class=\"is--medium\">Mode macro :<\/span> Non\t\t\t\t\t<\/li>\n<li class=\"product-features__item-list__item\" role=\"listitem\"><span class=\"is--medium\">Mode vid\u00e9o de nuit :<\/span> Non\t\t\t\t\t<\/li>\n<li class=\"product-features__item-list__item\" role=\"listitem\"><span class=\"is--medium\">Viseur :<\/span> Non\t\t\t\t\t<\/li>\n<li class=\"product-features__item-list__item\" role=\"listitem\"><span class=\"is--medium\">Stabilisateur :<\/span> Oui\t\t\t\t\t<\/li>\n<li class=\"product-features__item-list__item\" role=\"listitem\"><span class=\"is--medium\">Zoom optique :<\/span> x16\t\t\t\t\t<\/li>\n<li class=\"product-features__item-list__item\" role=\"listitem\"><span class=\"is--medium\">Zoom num\u00e9rique :<\/span> x16\t\t\t\t\t<\/li>\n<\/ul>\n<\/li>\n<li class=\"product-features__item\" role=\"listitem\">\n<h3 class=\"product-features__label\">Connexions et applications<\/h3>\n<ul role=\"list\">\n<li class=\"product-features__item-list__item\" role=\"listitem\"><span class=\"is--medium\">WiFi :<\/span> Non\t\t\t\t\t<\/li>\n<li class=\"product-features__item-list__item\" role=\"listitem\"><span class=\"is--medium\">Bluetooth :<\/span> Non\t\t\t\t\t<\/li>\n<li class=\"product-features__item-list__item\" role=\"listitem\"><span class=\"is--medium\">G\u00e9olocalisation des vid\u00e9os :<\/span> Non\t\t\t\t\t<\/li>\n<li class=\"product-features__item-list__item\" role=\"listitem\"><span class=\"is--medium\">Enregistrement \u00e0 distance :<\/span> Non\t\t\t\t\t<\/li>\n<li class=\"product-features__item-list__item\" role=\"listitem\"><span class=\"is--medium\">Transfert simplifi\u00e9 sur Internet :<\/span> Non\t\t\t\t\t<\/li>\n<li class=\"product-features__item-list__item\" role=\"listitem\"><span class=\"is--medium\">Transfert sur smartphone :<\/span> Non\t\t\t\t\t<\/li>\n<li class=\"product-features__item-list__item\" role=\"listitem\"><span class=\"is--medium\">Contr\u00f4le \u00e0 distance via smartphone :<\/span> Non\t\t\t\t\t<\/li>\n<li class=\"product-features__item-list__item\" role=\"listitem\"><span class=\"is--medium\">Partage simplifi\u00e9 sur les r\u00e9seaux sociaux :<\/span> Non\t\t\t\t\t<\/li>\n<li class=\"product-features__item-list__item\" role=\"listitem\"><span class=\"is--medium\">GPS :<\/span> Non\t\t\t\t\t<\/li>\n<\/ul>\n<\/li>\n<li class=\"product-features__item\" role=\"listitem\">\n<h3 class=\"product-features__label\">Fonctions avanc\u00e9es<\/h3>\n<ul role=\"list\">\n<li class=\"product-features__item-list__item\" role=\"listitem\"><span class=\"is--medium\">Haut-parleur :<\/span> Non\t\t\t\t\t<\/li>\n<li class=\"product-features__item-list__item\" role=\"listitem\"><span class=\"is--medium\">Angle de cam\u00e9ra :<\/span> 110\u00b0\t\t\t\t\t<\/li>\n<li class=\"product-features__item-list__item\" role=\"listitem\"><span class=\"is--medium\">Bloquage de l&rsquo;interface par mot de passe :<\/span> Non\t\t\t\t\t<\/li>\n<\/ul>\n<\/li>\n<li class=\"product-features__item\" role=\"listitem\">\n<h3 class=\"product-features__label\">Photo<\/h3>\n<ul role=\"list\">\n<li class=\"product-features__item-list__item\" role=\"listitem\"><span class=\"is--medium\">Format(s) d&rsquo;enregistrement :<\/span> JPEG\t\t\t\t\t<\/li>\n<li class=\"product-features__item-list__item\" role=\"listitem\"><span class=\"is--medium\">R\u00e9solution du capteur :<\/span> 8,0 Mpx\t\t\t\t\t<\/li>\n<li class=\"product-features__item-list__item\" role=\"listitem\"><span class=\"is--medium\">Mode Photo nocturne :<\/span> Non\t\t\t\t\t<\/li>\n<\/ul>\n<\/li>\n<li class=\"product-features__item\" role=\"listitem\">\n<h3 class=\"product-features__label\">Audio<\/h3>\n<ul role=\"list\">\n<li class=\"product-features__item-list__item\" role=\"listitem\"><span class=\"is--medium\">Enregistrement sonore :<\/span> Non\t\t\t\t\t<\/li>\n<\/ul>\n<\/li>\n<li class=\"product-features__item\" role=\"listitem\">\n<h3 class=\"product-features__label\">Affichage<\/h3>\n<ul role=\"list\">\n<li class=\"product-features__item-list__item\" role=\"listitem\"><span class=\"is--medium\">\u00c9cran tactile :<\/span> Non\t\t\t\t\t<\/li>\n<li class=\"product-features__item-list__item\" role=\"listitem\"><span class=\"is--medium\">\u00c9cran rotatif :<\/span> Non\t\t\t\t\t<\/li>\n<li class=\"product-features__item-list__item\" role=\"listitem\"><span class=\"is--medium\">Taille de l&rsquo;\u00e9cran :<\/span> 7,6 cm\t\t\t\t\t<\/li>\n<li class=\"product-features__item-list__item\" role=\"listitem\"><span class=\"is--medium\">Ecran :<\/span> 1 avant\t\t\t\t\t<\/li>\n<\/ul>\n<\/li>\n<li class=\"product-features__item\" role=\"listitem\">\n<h3 class=\"product-features__label\">Projection<\/h3>\n<ul role=\"list\">\n<li class=\"product-features__item-list__item\" role=\"listitem\"><span class=\"is--medium\">Luminosit\u00e9 :<\/span> 13 lumens\t\t\t\t\t<\/li>\n<li class=\"product-features__item-list__item\" role=\"listitem\"><span class=\"is--medium\">R\u00e9solution :<\/span> 854&#215;480 pixels\t\t\t\t\t<\/li>\n<li class=\"product-features__item-list__item\" role=\"listitem\"><span class=\"is--medium\">Taille de l&rsquo;image :<\/span> 100&Prime; maximum \u00e0 5 m\u00e8tres\t\t\t\t\t<\/li>\n<\/ul>\n<\/li>\n<li class=\"product-features__item\" role=\"listitem\">\n<h3 class=\"product-features__label\">\u00c9clairage<\/h3>\n<ul role=\"list\">\n<li class=\"product-features__item-list__item\" role=\"listitem\"><span class=\"is--medium\">Torche int\u00e9gr\u00e9e :<\/span> Non\t\t\t\t\t<\/li>\n<li class=\"product-features__item-list__item\" role=\"listitem\"><span class=\"is--medium\">Flash int\u00e9gr\u00e9 :<\/span> Oui\t\t\t\t\t<\/li>\n<li class=\"product-features__item-list__item\" role=\"listitem\"><span class=\"is--medium\">Griffe flash :<\/span> Non\t\t\t\t\t<\/li>\n<\/ul>\n<\/li>\n<li class=\"product-features__item\" role=\"listitem\">\n<h3 class=\"product-features__label\">Fonctions sp\u00e9ciales<\/h3>\n<ul role=\"list\">\n<li class=\"product-features__item-list__item\" role=\"listitem\"><span class=\"is--medium\">Commande vocale :<\/span> Non\t\t\t\t\t<\/li>\n<li class=\"product-features__item-list__item\" role=\"listitem\"><span class=\"is--medium\">Intervallom\u00e8tre :<\/span> Non\t\t\t\t\t<\/li>\n<li class=\"product-features__item-list__item\" role=\"listitem\"><span class=\"is--medium\">LiveBurst :<\/span> Non\t\t\t\t\t<\/li>\n<li class=\"product-features__item-list__item\" role=\"listitem\"><span class=\"is--medium\">PowerPano :<\/span> Non\t\t\t\t\t<\/li>\n<li class=\"product-features__item-list__item\" role=\"listitem\"><span class=\"is--medium\">SuperPhoto :<\/span> Non\t\t\t\t\t<\/li>\n<li class=\"product-features__item-list__item\" role=\"listitem\"><span class=\"is--medium\">TimeWarp :<\/span> Non\t\t\t\t\t<\/li>\n<li class=\"product-features__item-list__item\" role=\"listitem\"><span class=\"is--medium\">HyperSmooth :<\/span> Non\t\t\t\t\t<\/li>\n<li class=\"product-features__item-list__item\" role=\"listitem\"><span class=\"is--medium\">Mode vid\u00e9o et son :<\/span> Non\t\t\t\t\t<\/li>\n<li class=\"product-features__item-list__item\" role=\"listitem\"><span class=\"is--medium\">Etanche :<\/span> Non \u00e9tanche\t\t\t\t\t<\/li>\n<li class=\"product-features__item-list__item\" role=\"listitem\"><span class=\"is--medium\">Effets cr\u00e9atifs :<\/span> Non\t\t\t\t\t<\/li>\n<li class=\"product-features__item-list__item\" role=\"listitem\"><span class=\"is--medium\">3D :<\/span> Non\t\t\t\t\t<\/li>\n<li class=\"product-features__item-list__item\" role=\"listitem\"><span class=\"is--medium\">Vid\u00e9o acc\u00e9l\u00e9r\u00e9e (Time Lapse) :<\/span> Non\t\t\t\t\t<\/li>\n<li class=\"product-features__item-list__item\" role=\"listitem\"><span class=\"is--medium\">HDMI CEC :<\/span> Non\t\t\t\t\t<\/li>\n<li class=\"product-features__item-list__item\" role=\"listitem\"><span class=\"is--medium\">Montage sur le camescope :<\/span> Non\t\t\t\t\t<\/li>\n<li class=\"product-features__item-list__item\" role=\"listitem\"><span class=\"is--medium\">Filtre anti-poussi\u00e8re :<\/span> Non\t\t\t\t\t<\/li>\n<li class=\"product-features__item-list__item\" role=\"listitem\"><span class=\"is--medium\">Anti-choc :<\/span> Oui\t\t\t\t\t<\/li>\n<\/ul>\n<\/li>\n<li class=\"product-features__item\" role=\"listitem\">\n<h3 class=\"product-features__label\">Connectiques<\/h3>\n<ul role=\"list\">\n<li class=\"product-features__item-list__item\" role=\"listitem\"><span class=\"is--medium\">D\u00e9tails : :<\/span> Sortie USB\t\t\t\t\t<\/li>\n<\/ul>\n<\/li>\n<li class=\"product-features__item\" role=\"listitem\">\n<h3 class=\"product-features__label\">Stockage<\/h3>\n<ul role=\"list\">\n<li class=\"product-features__item-list__item\" role=\"listitem\"><span class=\"is--medium\">Capacit\u00e9 de la carte m\u00e9moire incluse :<\/span> Pas de carte incluse\t\t\t\t\t<\/li>\n<li class=\"product-features__item-list__item\" role=\"listitem\"><span class=\"is--medium\">Carte(s) m\u00e9moire(s) compatible(s) : :<\/span> SD, Micro SD\t\t\t\t\t<\/li>\n<li class=\"product-features__item-list__item\" role=\"listitem\"><span class=\"is--medium\">M\u00e9moire extensible jusqu&rsquo;\u00e0 :<\/span> 128 Go\t\t\t\t\t<\/li>\n<li class=\"product-features__item-list__item\" role=\"listitem\"><span class=\"is--medium\">Type de support d&rsquo;enregistrement :<\/span> Carte m\u00e9moire\t\t\t\t\t<\/li>\n<li class=\"product-features__item-list__item\" role=\"listitem\"><span class=\"is--medium\">Consultez notre s\u00e9lection de cartes m\u00e9moires :<\/span> <a href=\"https:\/\/www.boulanger.com\/c\/carte-memoire-lecteur\" target=\"_blank\">En cliquant ici<\/a><\/li>\n<\/ul>\n<\/li>\n<li class=\"product-features__item\" role=\"listitem\">\n<h3 class=\"product-features__label\">Sport<\/h3>\n<ul role=\"list\">\n<li class=\"product-features__item-list__item\" role=\"listitem\"><span class=\"is--medium\">Compatible :<\/span> Randonn\u00e9e\t\t\t\t\t<\/li>\n<\/ul>\n<\/li>\n<li class=\"product-features__item\" role=\"listitem\">\n<h3 class=\"product-features__label\">Alimentation<\/h3>\n<ul role=\"list\">\n<li class=\"product-features__item-list__item\" role=\"listitem\"><span class=\"is--medium\">Alimentation par USB :<\/span> Oui\t\t\t\t\t<\/li>\n<li class=\"product-features__item-list__item\" role=\"listitem\"><span class=\"is--medium\">Autonomie (en min ) :<\/span> 120\t\t\t\t\t<\/li>\n<\/ul>\n<\/li>\n<li class=\"product-features__item\" role=\"listitem\">\n<h3 class=\"product-features__label\">Informations compl\u00e9mentaires<\/h3>\n<ul role=\"list\">\n<li class=\"product-features__item-list__item\" role=\"listitem\"><span class=\"is--medium\">Fabriqu\u00e9 en :<\/span> Chine\t\t\t\t\t<\/li>\n<li class=\"product-features__item-list__item\" role=\"listitem\"><span class=\"is--medium\">Disponibilit\u00e9 des pi\u00e8ces d\u00e9tach\u00e9es (donn\u00e9es fournisseur) :<\/span> Non communiqu\u00e9e\t\t\t\t\t<\/li>\n<\/ul>\n<\/li>\n<li class=\"product-features__item\" role=\"listitem\">\n<h3 class=\"product-features__label\">Dimensions<\/h3>\n<ul role=\"list\">\n<li class=\"product-features__item-list__item\" role=\"listitem\"><span class=\"is--medium\">Dimensions l x h x p :<\/span> 18 x 11 x 15 cm\t\t\t\t\t<\/li>\n<li class=\"product-features__item-list__item\" role=\"listitem\"><span class=\"is--medium\">Poids sans accessoires :<\/span> 1,00 kg\t\t\t\t\t<\/li>\n<\/ul>\n<\/li>\n<\/ul>\n<\/div>\n<div class=\"product__disclosure-content\">\n<div class=\"js-read-more product-description__content\" data-read-more-name=\"description\" style=\"max-height: 500px; overflow: hidden;\">\n<p>Le cam\u00e9scope dispose d&rsquo;une r\u00e9solution vid\u00e9o de 4K \/ 30fps et d&rsquo;une r\u00e9solution d&rsquo;image de 48MP et prend en charge le zoom num\u00e9rique 16x. La cam\u00e9ra dispose d&rsquo;un \u00e9cran tactile de 3 pouces avec fonction de rotation \u00e0 270 degr\u00e9s et WiFi, vision nocturne infrarouge, webcam et wifi. Sortie TV, fonction pause, ralenti, d\u00e9tection de mouvement, enregistrement en boucle, enregistrement continu, enregistrement facial, fonction beaut\u00e9, retardateur, mode lecture, protection contre les vibrations.Connexion Wi-Fi &amp; t\u00e9l\u00e9commande : le cam\u00e9scope WiFi 4K permet l&rsquo;affichage \u00e0 distance, la capture d&rsquo;images et l&rsquo;enregistrement vid\u00e9o. T\u00e9l\u00e9chargez directement l&rsquo;application \u00a0\u00bb RoadCam \u00a0\u00bb en scannant le code QR dans le manuel d&rsquo;utilisation ou en cherchant Google Play. L&rsquo;application \u00a0\u00bb RoadCam \u00a0\u00bb transforme votre tablette ou smartphone en une t\u00e9l\u00e9commande en temps r\u00e9el pour contr\u00f4ler le cam\u00e9scope (port\u00e9e valide : 9,8 pieds). Partagez des photos et des vid\u00e9os sur Facebook, YouTube et d&rsquo;autres m\u00e9dias sociaux.Vision nocturne infrarouge et fonction cam\u00e9ra r\u00e9seau : la cam\u00e9ra vid\u00e9o dispose d&rsquo;une fonction de vision nocturne infrarouge, qui peut enregistrer des images et des vid\u00e9os claires, m\u00eame dans des conditions de faible luminosit\u00e9 et dans l&rsquo;obscurit\u00e9. Le cam\u00e9scope a \u00e9galement une fonction webcam. Vous pouvez utiliser un c\u00e2ble USB pour vous connecter \u00e0 votre ordinateur en mode cam\u00e9ra PC pour passer des appels vid\u00e9o avec vos amis et votre famille.La cam\u00e9ra est \u00e9quip\u00e9e d&rsquo;un microphone externe et d&rsquo;un pare-soleil. Un microphone externe peut r\u00e9duire efficacement le bruit pendant l&rsquo;enregistrement et ainsi am\u00e9liorer la stabilit\u00e9 audio. Le pare-soleil d&rsquo;objectif peut prot\u00e9ger l&rsquo;objectif de l&rsquo;appareil photo contre les dommages accidentels et emp\u00eacher la lumi\u00e8re parasite d&rsquo;entrer dans l&rsquo;objectif.<\/p>\n<\/div>\n<\/div>","protected":false},"excerpt":{"rendered":"<div class=\"keypoints\">\n<h3 class=\"keypoints__title\">Les points cl\u00e9s<\/h3>\n<ul role=\"list\">\n<li class=\"keypoints__item\" role=\"listitem\">                          Ultra HD (4K) &#8211;                                                      Non \u00e9tanche                      <\/li>\n<li class=\"keypoints__item\" role=\"listitem\">                                        Capteur CMOS                      <\/li>\n<\/ul>","protected":false},"featured_media":89461,"template":"","meta":{"_glsr_average":0,"_glsr_ranking":0,"_glsr_reviews":0},"product_cat":[490],"product_tag":[39,491,451],"class_list":{"0":"post-89462","1":"product","2":"type-product","3":"status-publish","4":"has-post-thumbnail","6":"product_cat-camescope","7":"product_tag-camera","8":"product_tag-camescope","9":"product_tag-tv-image-son","11":"first","12":"instock","13":"sale","14":"shipping-taxable","15":"purchasable","16":"product-type-simple"},"_links":{"self":[{"href":"https:\/\/electromenagerexpress.com\/en\/wp-json\/wp\/v2\/product\/89462","targetHints":{"allow":["GET"]}}],"collection":[{"href":"https:\/\/electromenagerexpress.com\/en\/wp-json\/wp\/v2\/product"}],"about":[{"href":"https:\/\/electromenagerexpress.com\/en\/wp-json\/wp\/v2\/types\/product"}],"wp:featuredmedia":[{"embeddable":true,"href":"https:\/\/electromenagerexpress.com\/en\/wp-json\/wp\/v2\/media\/89461"}],"wp:attachment":[{"href":"https:\/\/electromenagerexpress.com\/en\/wp-json\/wp\/v2\/media?parent=89462"}],"wp:term":[{"taxonomy":"product_cat","embeddable":true,"href":"https:\/\/electromenagerexpress.com\/en\/wp-json\/wp\/v2\/product_cat?post=89462"},{"taxonomy":"product_tag","embeddable":true,"href":"https:\/\/electromenagerexpress.com\/en\/wp-json\/wp\/v2\/product_tag?post=89462"}],"curies":[{"name":"wp","href":"https:\/\/api.w.org\/{rel}","templated":true}]}}