{"id":89371,"date":"2024-11-24T17:26:44","date_gmt":"2024-11-24T17:26:44","guid":{"rendered":"https:\/\/electromenagerexpress.com\/product\/camerainsta360one-rs-1-inch-360-edition\/"},"modified":"2024-11-24T17:27:04","modified_gmt":"2024-11-24T17:27:04","slug":"camerainsta360one-rs-1-inch-360-edition","status":"publish","type":"product","link":"https:\/\/electromenagerexpress.com\/en\/product\/camerainsta360one-rs-1-inch-360-edition\/","title":{"rendered":"Cam\u00e9ra\t\t\t\t\t\t\tINSTA360\t\t\t\tONE RS 1 inch 360 edition"},"content":{"rendered":"<div class=\"product-features__content\">\n<ul role=\"list\">\n<li class=\"product-features__item\" role=\"listitem\">\n<h3 class=\"product-features__label\">Vid\u00e9o<\/h3>\n<ul role=\"list\">\n<li class=\"product-features__item-list__item\" role=\"listitem\"><span class=\"is--medium\">Type de capteur :<\/span> Non communiqu\u00e9\t\t\t\t\t<\/li>\n<li class=\"product-features__item-list__item\" role=\"listitem\"><span class=\"is--medium\">R\u00e9solution :<\/span> Non communiqu\u00e9\t\t\t\t\t<\/li>\n<li class=\"product-features__item-list__item\" role=\"listitem\"><span class=\"is--medium\">Format d&rsquo;enregistrement :<\/span> Format photo : insp et RAW Format vid\u00e9o : insv\t\t\t\t\t<\/li>\n<li class=\"product-features__item-list__item\" role=\"listitem\"><span class=\"is--medium\">Qualit\u00e9 d&rsquo;enregistrement :<\/span> Ultra HD (6K)\t\t\t\t\t<\/li>\n<li class=\"product-features__item-list__item\" role=\"listitem\"><span class=\"is--medium\">Detail des qualit\u00e9s d&rsquo;enregistrement :<\/span> &#8211; Ouverture : F2.2- Longueur focale \u00e9quivalente \u00e0 35mm : 6,52mm- R\u00e9solution photo: 6528&#215;3264(2:1)- R\u00e9solution vid\u00e9o : 5888&#215;2944 \u00e0 30ips 6144&#215;3072 \u00e0 25\/24ips3840x1920 \u00e0 30\/25\/24ips3040x1520 \u00e0 50ips- Format photo : insp \/ RAW(dng)-Format vid\u00e9o :insv (peut\u00eatreexport\u00e9viaAppouStudio\t\t\t\t\t<\/li>\n<li class=\"product-features__item-list__item\" role=\"listitem\"><span class=\"is--medium\">Informations sur le capteur principal :<\/span> &#8211; Ouverture : F.2.2- Longueur focale \u00e9quivalente \u00e0 35mm: 6,52mm\t\t\t\t\t<\/li>\n<\/ul>\n<\/li>\n<li class=\"product-features__item\" role=\"listitem\">\n<h3 class=\"product-features__label\">Capteur secondaire<\/h3>\n<ul role=\"list\">\n<li class=\"product-features__item-list__item\" role=\"listitem\"><span class=\"is--medium\">Poids Net (kg) :<\/span> 239,00 g\t\t\t\t\t<\/li>\n<li class=\"product-features__item-list__item\" role=\"listitem\"><span class=\"is--medium\">Dimensons :<\/span> 53,2x 49,5 x 129,3 mm\t\t\t\t\t<\/li>\n<\/ul>\n<\/li>\n<li class=\"product-features__item\" role=\"listitem\">\n<h3 class=\"product-features__label\">Optique<\/h3>\n<ul role=\"list\">\n<li class=\"product-features__item-list__item\" role=\"listitem\"><span class=\"is--medium\">Focale :<\/span> 6.52mm\t\t\t\t\t<\/li>\n<li class=\"product-features__item-list__item\" role=\"listitem\"><span class=\"is--medium\">Mode vid\u00e9o de nuit :<\/span> Non\t\t\t\t\t<\/li>\n<li class=\"product-features__item-list__item\" role=\"listitem\"><span class=\"is--medium\">Stabilisateur :<\/span> FlowState\t\t\t\t\t<\/li>\n<li class=\"product-features__item-list__item\" role=\"listitem\"><span class=\"is--medium\">Vitesse d&rsquo;obturation :<\/span> Photo : 1\/8000 &#8211; 120 sVid\u00e9o : 1\/8000 &#8211; \u00e0 la limite des images par seconde\t\t\t\t\t<\/li>\n<li class=\"product-features__item-list__item\" role=\"listitem\"><span class=\"is--medium\">Zoom optique :<\/span> Non communiqu\u00e9\t\t\t\t\t<\/li>\n<li class=\"product-features__item-list__item\" role=\"listitem\"><span class=\"is--medium\">Zoom num\u00e9rique :<\/span> Non communiqu\u00e9\t\t\t\t\t<\/li>\n<\/ul>\n<\/li>\n<li class=\"product-features__item\" role=\"listitem\">\n<h3 class=\"product-features__label\">Connexions et applications<\/h3>\n<ul role=\"list\">\n<li class=\"product-features__item-list__item\" role=\"listitem\"><span class=\"is--medium\">WiFi :<\/span> Oui\t\t\t\t\t<\/li>\n<li class=\"product-features__item-list__item\" role=\"listitem\"><span class=\"is--medium\">Bluetooth :<\/span> Oui\t\t\t\t\t<\/li>\n<li class=\"product-features__item-list__item\" role=\"listitem\"><span class=\"is--medium\">Transfert sur smartphone :<\/span> Oui\t\t\t\t\t<\/li>\n<li class=\"product-features__item-list__item\" role=\"listitem\"><span class=\"is--medium\">Diffusion en direct :<\/span> Oui\t\t\t\t\t<\/li>\n<li class=\"product-features__item-list__item\" role=\"listitem\"><span class=\"is--medium\">Application d\u00e9di\u00e9e gratuite :<\/span> Insta360 ONE R\t\t\t\t\t<\/li>\n<\/ul>\n<\/li>\n<li class=\"product-features__item\" role=\"listitem\">\n<h3 class=\"product-features__label\">Fonctions avanc\u00e9es<\/h3>\n<ul role=\"list\">\n<li class=\"product-features__item-list__item\" role=\"listitem\"><span class=\"is--medium\">Capteur gyroscopique :<\/span> Oui\t\t\t\t\t<\/li>\n<\/ul>\n<\/li>\n<li class=\"product-features__item\" role=\"listitem\">\n<h3 class=\"product-features__label\">Photo<\/h3>\n<ul role=\"list\">\n<li class=\"product-features__item-list__item\" role=\"listitem\"><span class=\"is--medium\">Format(s) d&rsquo;enregistrement :<\/span> insv (peut \u00eatre export\u00e9 via App ou Studio)\t\t\t\t\t<\/li>\n<\/ul>\n<\/li>\n<li class=\"product-features__item\" role=\"listitem\">\n<h3 class=\"product-features__label\">Audio<\/h3>\n<ul role=\"list\">\n<li class=\"product-features__item-list__item\" role=\"listitem\"><span class=\"is--medium\">Enregistrement sonore :<\/span> Non\t\t\t\t\t<\/li>\n<li class=\"product-features__item-list__item\" role=\"listitem\"><span class=\"is--medium\">Format(s) d&rsquo;enregistrement sonore(s) :<\/span> 48 kHz, AAC\t\t\t\t\t<\/li>\n<\/ul>\n<\/li>\n<li class=\"product-features__item\" role=\"listitem\">\n<h3 class=\"product-features__label\">Affichage<\/h3>\n<ul role=\"list\">\n<li class=\"product-features__item-list__item\" role=\"listitem\"><span class=\"is--medium\">\u00c9cran tactile :<\/span> Oui\t\t\t\t\t<\/li>\n<li class=\"product-features__item-list__item\" role=\"listitem\"><span class=\"is--medium\">\u00c9cran rotatif :<\/span> Non\t\t\t\t\t<\/li>\n<li class=\"product-features__item-list__item\" role=\"listitem\"><span class=\"is--medium\">Taille de l&rsquo;\u00e9cran :<\/span> Non communiqu\u00e9e\t\t\t\t\t<\/li>\n<\/ul>\n<\/li>\n<li class=\"product-features__item\" role=\"listitem\">\n<h3 class=\"product-features__label\">Fonctions sp\u00e9ciales<\/h3>\n<ul role=\"list\">\n<li class=\"product-features__item-list__item\" role=\"listitem\"><span class=\"is--medium\">Etanche :<\/span> Non \u00e9tanche\t\t\t\t\t<\/li>\n<li class=\"product-features__item-list__item\" role=\"listitem\"><span class=\"is--medium\">Vid\u00e9o acc\u00e9l\u00e9r\u00e9e (Time Lapse) :<\/span> Oui\t\t\t\t\t<\/li>\n<li class=\"product-features__item-list__item\" role=\"listitem\"><span class=\"is--medium\">Anti-choc :<\/span> Non\t\t\t\t\t<\/li>\n<\/ul>\n<\/li>\n<li class=\"product-features__item\" role=\"listitem\">\n<h3 class=\"product-features__label\">Stockage<\/h3>\n<ul role=\"list\">\n<li class=\"product-features__item-list__item\" role=\"listitem\"><span class=\"is--medium\">Carte(s) m\u00e9moire(s) compatible(s) : :<\/span> SD, Micro SD\t\t\t\t\t<\/li>\n<li class=\"product-features__item-list__item\" role=\"listitem\"><span class=\"is--medium\">Consultez notre s\u00e9lection de cartes m\u00e9moires :<\/span> <a href=\"https:\/\/www.boulanger.com\/c\/carte-memoire-lecteur\" target=\"_blank\">En cliquant ici<\/a><\/li>\n<\/ul>\n<\/li>\n<li class=\"product-features__item\" role=\"listitem\">\n<h3 class=\"product-features__label\">Logiciels<\/h3>\n<ul role=\"list\">\n<li class=\"product-features__item-list__item\" role=\"listitem\"><span class=\"is--medium\">Logiciel(s) vid\u00e9o :<\/span> Notre logiciel de bureau gratuit facilite l&rsquo;\u00e9dition de contenu 360. Si vous souhaitez combiner vos vid\u00e9os 360 avec des s\u00e9quences tourn\u00e9es sur d&rsquo;autres cam\u00e9ra, essayez le plug-in Adobe Premiere Pro. Vous pouvez ignorer l&rsquo;assemblage et passer directement au montage.\t\t\t\t\t<\/li>\n<\/ul>\n<\/li>\n<li class=\"product-features__item\" role=\"listitem\">\n<h3 class=\"product-features__label\">Sport<\/h3>\n<ul role=\"list\">\n<li class=\"product-features__item-list__item\" role=\"listitem\"><span class=\"is--medium\">Compatible :<\/span> Running, Randonn\u00e9e, Football, V\u00e9lo, Tennis, L&rsquo;\u00e9quitation, Basket, Handball, Rugby, Golf, Cano\u00eb-Kayak, Tennins de table, Badminton, Gymnastique, La voile, Fitness, Ski\/Snowboard, Yoga, Moto, La chasse, La p\u00eache\t\t\t\t\t<\/li>\n<\/ul>\n<\/li>\n<li class=\"product-features__item\" role=\"listitem\">\n<h3 class=\"product-features__label\">Alimentation<\/h3>\n<ul role=\"list\">\n<li class=\"product-features__item-list__item\" role=\"listitem\"><span class=\"is--medium\">R\u00e9f\u00e9rence de la batterie :<\/span> Batterie longue dur\u00e9eLa base de batterie verticale de 1350 mAh vous fournit toute la puissance dont vous avez besoin pour des productions de haut niveau.\t\t\t\t\t<\/li>\n<li class=\"product-features__item-list__item\" role=\"listitem\"><span class=\"is--medium\">Autonomie (en min ) :<\/span> 62\t\t\t\t\t<\/li>\n<\/ul>\n<\/li>\n<li class=\"product-features__item\" role=\"listitem\">\n<h3 class=\"product-features__label\">Informations compl\u00e9mentaires<\/h3>\n<ul role=\"list\">\n<li class=\"product-features__item-list__item\" role=\"listitem\"><span class=\"is--medium\">Fabriqu\u00e9 en :<\/span> Chine\t\t\t\t\t<\/li>\n<li class=\"product-features__item-list__item\" role=\"listitem\"><span class=\"is--medium\">Garantie :<\/span> 2 ans\t\t\t\t\t<\/li>\n<li class=\"product-features__item-list__item\" role=\"listitem\"><span class=\"is--medium\">Disponibilit\u00e9 des pi\u00e8ces d\u00e9tach\u00e9es (donn\u00e9es fournisseur) :<\/span> Pendant 2 ans, \u00e0 compter de la date fin de fabrication\t\t\t\t\t<\/li>\n<\/ul>\n<\/li>\n<li class=\"product-features__item\" role=\"listitem\">\n<h3 class=\"product-features__label\">Dimensions<\/h3>\n<ul role=\"list\">\n<li class=\"product-features__item-list__item\" role=\"listitem\"><span class=\"is--medium\">Dimensions l x h x p :<\/span> 11.1 x 6.35 x 23 cm\t\t\t\t\t<\/li>\n<li class=\"product-features__item-list__item\" role=\"listitem\"><span class=\"is--medium\">Poids sans accessoires :<\/span> 240,00 g\t\t\t\t\t<\/li>\n<li class=\"product-features__item-list__item\" role=\"listitem\"><span class=\"is--medium\">Poids avec accessoires :<\/span> 1 g\t\t\t\t\t<\/li>\n<\/ul>\n<\/li>\n<\/ul>\n<\/div>\n<div class=\"product__disclosure-content\">\n<div class=\"js-read-more product-description__content read-more read-more--truncated\" data-read-more-name=\"description\" style=\"max-height: 500px; overflow: hidden;\">\n<p>La cam\u00e9ra 360\u00b0 INSTA360 ONE RS 1 inch 360 edition est con\u00e7ue pour filmer tout ce qui se passe autour de vous, avec une excellente qualit\u00e9 d&rsquo;image sign\u00e9e Leica. <\/p>\n<h3><img fetchpriority=\"high\" decoding=\"async\" ,=\"\" alt=\"Cam\u00e9ra 360\u00b0 INSTA360 ONE RS 1 inch 360 e\" class=\"wy_tableau_gauche\" height=\"270\" src=\"https:\/\/boulanger.scene7.com\/is\/image\/Boulanger\/6970357853243_h_f_l_0?wid=400&amp;hei=270\" width=\"400\"\/>Une \u00e9norme r\u00e9solution vid\u00e9o en 6K pour une cam\u00e9ra 360\u00b0<\/h3>\n<p>La cam\u00e9ra 360\u00b0 INSTA360 ONE RS 1 inch 360 edition poss\u00e8de <b>2 capteurs CMOS de 1 po<\/b> con\u00e7us en partenariat avec Leica. Vous pouvez prendre des vid\u00e9os en panoramique complet en <b>Ultra HD (6K) et des photos de 21 Mpx<\/b>, avec une qualit\u00e9 d&rsquo;image \u00e9poustouflante. Ces capteurs de taille cons\u00e9quente offrent de belles capacit\u00e9s, y compris quand il y a peu de lumi\u00e8re.<\/p>\n<p>La capture en 360\u00b0 prend tous les angles de vue. Vos vid\u00e9os sont adapt\u00e9es \u00e0 la r\u00e9alit\u00e9 virtuelle (VR) et aux vid\u00e9os panoramiques. En format traditionnel 16\/9, vous pouvez <b>s\u00e9lectionner les cadrages les plus audacieux apr\u00e8s l&rsquo;enregistrement<\/b>. La prise de tous les angles de la cam\u00e9ra 360\u00b0 INSTA360 ONE RS 1 inch 360 edition permet aussi de programmer des mouvements de cam\u00e9ra lors du montage.<\/p>\n<h3><img decoding=\"async\" ,=\"\" alt=\"Cam\u00e9ra 360\u00b0 INSTA360 ONE RS 1 inch 360 e\" class=\"wy_tableau_right\" height=\"270\" src=\"https:\/\/boulanger.scene7.com\/is\/image\/Boulanger\/6970357853243_h_f_l_1?wid=400&amp;hei=270\" width=\"400\"\/>Des fonctions pour tourner dans les meilleures conditions<\/h3>\n<p>\u00c9quip\u00e9e d&rsquo;un <b>syst\u00e8me de stabilisation FlowState<\/b>, la cam\u00e9ra 360\u00b0 INSTA360 ONE RS 1 inch 360 edition vous dispense d&rsquo;un \u00e9quipement de stabilisation suppl\u00e9mentaire pour \u00e9liminer les secousses. Afin de capturer des images encore plus immersives, utilisez la perche \u00e0 selfie. Vous apparaissez dans le champ \u00e0 bonne distance et la perche pourra \u00eatre effac\u00e9e par le logiciel.<\/p>\n<p>La cam\u00e9ra 360\u00b0 INSTA360 ONE RS 1 inch 360 edition est r\u00e9sistante \u00e0 la pluie et \u00e0 la neige lors des prises de vues en ext\u00e9rieur, avec une certification IPX3. Avec un <b>poids plume de seulement 239 g<\/b>, vous pouvez l&#8217;emmener facilement avec vous en excursion ext\u00e9rieur. Les recharges par USB-C se font en 90 min, pour une autonomie de 62 min pour enregistrer des vid\u00e9os en 6k \u00e0 30 images\/sec.<\/p>\n<\/p>\n<\/div>\n<p><bl-button a11yexpanded=\"false\" arialabel=\"Afficher toute la description\" class=\"read-more__btn\" full=\"false\" link=\"true\">Voir plus<\/bl-button><\/div>","protected":false},"excerpt":{"rendered":"<div class=\"keypoints\">\n<h3 class=\"keypoints__title\">Les points cl\u00e9s<\/h3>\n<ul role=\"list\">\n<li class=\"keypoints__item\" role=\"listitem\">                          Ultra HD (6K) &#8211;                                                      Non \u00e9tanche                      <\/li>\n<li class=\"keypoints__item\" role=\"listitem\">                                        Autonomie jusqu&rsquo;\u00e0 1h                      <\/li>\n<li class=\"keypoints__item\" role=\"listitem\">                          WiFi &#8211;                                                      Bluetooth                      <\/li>\n<li class=\"keypoints__item\" role=\"listitem\">                                        Ecran : Tactile                      <\/li>\n<li class=\"keypoints__item keypoints__item--advantage\" role=\"listitem\"><strong>Le + :<\/strong> Polyvalence maximale avec une qualit\u00e9 d&rsquo;image remarquable.      <\/li>\n<\/ul>","protected":false},"featured_media":89370,"template":"","meta":{"_glsr_average":0,"_glsr_ranking":0,"_glsr_reviews":0},"product_cat":[490],"product_tag":[39,491,451],"class_list":{"0":"post-89371","1":"product","2":"type-product","3":"status-publish","4":"has-post-thumbnail","6":"product_cat-camescope","7":"product_tag-camera","8":"product_tag-camescope","9":"product_tag-tv-image-son","11":"first","12":"instock","13":"sale","14":"shipping-taxable","15":"purchasable","16":"product-type-simple"},"_links":{"self":[{"href":"https:\/\/electromenagerexpress.com\/en\/wp-json\/wp\/v2\/product\/89371","targetHints":{"allow":["GET"]}}],"collection":[{"href":"https:\/\/electromenagerexpress.com\/en\/wp-json\/wp\/v2\/product"}],"about":[{"href":"https:\/\/electromenagerexpress.com\/en\/wp-json\/wp\/v2\/types\/product"}],"wp:featuredmedia":[{"embeddable":true,"href":"https:\/\/electromenagerexpress.com\/en\/wp-json\/wp\/v2\/media\/89370"}],"wp:attachment":[{"href":"https:\/\/electromenagerexpress.com\/en\/wp-json\/wp\/v2\/media?parent=89371"}],"wp:term":[{"taxonomy":"product_cat","embeddable":true,"href":"https:\/\/electromenagerexpress.com\/en\/wp-json\/wp\/v2\/product_cat?post=89371"},{"taxonomy":"product_tag","embeddable":true,"href":"https:\/\/electromenagerexpress.com\/en\/wp-json\/wp\/v2\/product_tag?post=89371"}],"curies":[{"name":"wp","href":"https:\/\/api.w.org\/{rel}","templated":true}]}}