{"id":89337,"date":"2024-11-24T17:26:10","date_gmt":"2024-11-24T17:26:10","guid":{"rendered":"https:\/\/electromenagerexpress.com\/product\/camescope-4ksonyfdrax43ab-cee-4k\/"},"modified":"2024-11-24T17:26:20","modified_gmt":"2024-11-24T17:26:20","slug":"camescope-4ksonyfdrax43ab-cee-4k","status":"publish","type":"product","link":"https:\/\/electromenagerexpress.com\/en\/product\/camescope-4ksonyfdrax43ab-cee-4k\/","title":{"rendered":"Cam\u00e9scope 4K\t\t\t\t\t\t\tSONY\t\t\t\tFDRAX43AB.CEE 4K"},"content":{"rendered":"<div class=\"product-features__content\">\n<ul role=\"list\">\n<li class=\"product-features__item\" role=\"listitem\">\n<h3 class=\"product-features__label\">Vid\u00e9o<\/h3>\n<ul role=\"list\">\n<li class=\"product-features__item-list__item\" role=\"listitem\"><span class=\"is--medium\">Type de capteur :<\/span> CMOS\t\t\t\t\t<\/li>\n<li class=\"product-features__item-list__item\" role=\"listitem\"><span class=\"is--medium\">R\u00e9solution :<\/span> 8,3 M\u00e9gapixels\t\t\t\t\t<\/li>\n<li class=\"product-features__item-list__item\" role=\"listitem\"><span class=\"is--medium\">Qualit\u00e9 d&rsquo;enregistrement :<\/span> Ultra HD (4K)\t\t\t\t\t<\/li>\n<li class=\"product-features__item-list__item\" role=\"listitem\"><span class=\"is--medium\">Informations sur le capteur principal :<\/span> Capteur CMOS Exmor R (retro \u00e9clair\u00e9)Nombre de pixels : 8290 kpixels effectifs en vid\u00e9o (16.9)Taille du capteur :1\/2.5&prime; (7.2mm)Sensibilit\u00e9: 4K:Standard:9 lux(1\/50 Shutter Speed)HD:Standard:6 lux(1\/50 Shutter Speed) \/ 4K:Low Lux 1.8lux(1\/25Shutter Speed) \/HD:Low Lux 1.2lux(1\/25 Shutter Speed)\t\t\t\t\t<\/li>\n<li class=\"product-features__item-list__item\" role=\"listitem\"><span class=\"is--medium\">Dimension du capteur :<\/span> Taille du capteur :1\/2.5&prime; (7.2mm)\t\t\t\t\t<\/li>\n<li class=\"product-features__item-list__item\" role=\"listitem\"><span class=\"is--medium\">Format 16\/9 :<\/span> Oui\t\t\t\t\t<\/li>\n<\/ul>\n<\/li>\n<li class=\"product-features__item\" role=\"listitem\">\n<h3 class=\"product-features__label\">Optique<\/h3>\n<ul role=\"list\">\n<li class=\"product-features__item-list__item\" role=\"listitem\"><span class=\"is--medium\">Focale :<\/span> Distance Focale : 4.4mm88.0mm\t\t\t\t\t<\/li>\n<li class=\"product-features__item-list__item\" role=\"listitem\"><span class=\"is--medium\">Mode vid\u00e9o de nuit :<\/span> Non\t\t\t\t\t<\/li>\n<li class=\"product-features__item-list__item\" role=\"listitem\"><span class=\"is--medium\">Stabilisateur :<\/span> Optique\t\t\t\t\t<\/li>\n<li class=\"product-features__item-list__item\" role=\"listitem\"><span class=\"is--medium\">Vitesse d&rsquo;obturation :<\/span> Vitesse d&rsquo;obturation : standard 1\/501\/10000 \/ manuel 1\/6 1\/10000\t\t\t\t\t<\/li>\n<li class=\"product-features__item-list__item\" role=\"listitem\"><span class=\"is--medium\">Type de processeur d&rsquo;image :<\/span> BIONZ X\t\t\t\t\t<\/li>\n<li class=\"product-features__item-list__item\" role=\"listitem\"><span class=\"is--medium\">Zoom optique :<\/span> x20\t\t\t\t\t<\/li>\n<li class=\"product-features__item-list__item\" role=\"listitem\"><span class=\"is--medium\">Zoom num\u00e9rique :<\/span> x60\t\t\t\t\t<\/li>\n<li class=\"product-features__item-list__item\" role=\"listitem\"><span class=\"is--medium\">Sensibilit\u00e9 :<\/span> 0 Lux\t\t\t\t\t<\/li>\n<\/ul>\n<\/li>\n<li class=\"product-features__item\" role=\"listitem\">\n<h3 class=\"product-features__label\">Connexions et applications<\/h3>\n<ul role=\"list\">\n<li class=\"product-features__item-list__item\" role=\"listitem\"><span class=\"is--medium\">WiFi :<\/span> Oui\t\t\t\t\t<\/li>\n<li class=\"product-features__item-list__item\" role=\"listitem\"><span class=\"is--medium\">Bluetooth :<\/span> Non\t\t\t\t\t<\/li>\n<li class=\"product-features__item-list__item\" role=\"listitem\"><span class=\"is--medium\">R\u00e9glage par contact (NFC) :<\/span> Oui\t\t\t\t\t<\/li>\n<\/ul>\n<\/li>\n<li class=\"product-features__item\" role=\"listitem\">\n<h3 class=\"product-features__label\">Fonctions avanc\u00e9es<\/h3>\n<ul role=\"list\">\n<li class=\"product-features__item-list__item\" role=\"listitem\"><span class=\"is--medium\">Haut-parleur :<\/span> Oui\t\t\t\t\t<\/li>\n<li class=\"product-features__item-list__item\" role=\"listitem\"><span class=\"is--medium\">Angle de cam\u00e9ra :<\/span> 90\u00b0\t\t\t\t\t<\/li>\n<\/ul>\n<\/li>\n<li class=\"product-features__item\" role=\"listitem\">\n<h3 class=\"product-features__label\">Photo<\/h3>\n<ul role=\"list\">\n<li class=\"product-features__item-list__item\" role=\"listitem\"><span class=\"is--medium\">Format(s) d&rsquo;enregistrement :<\/span> JPEG\t\t\t\t\t<\/li>\n<li class=\"product-features__item-list__item\" role=\"listitem\"><span class=\"is--medium\">R\u00e9solution du capteur :<\/span> 16,6 Mpx\t\t\t\t\t<\/li>\n<\/ul>\n<\/li>\n<li class=\"product-features__item\" role=\"listitem\">\n<h3 class=\"product-features__label\">Audio<\/h3>\n<ul role=\"list\">\n<li class=\"product-features__item-list__item\" role=\"listitem\"><span class=\"is--medium\">Enregistrement sonore :<\/span> Oui\t\t\t\t\t<\/li>\n<li class=\"product-features__item-list__item\" role=\"listitem\"><span class=\"is--medium\">Format(s) d&rsquo;enregistrement sonore(s) :<\/span> Format LPCM 2ch(48kHz\/16bit) \/ Dolby Digital 5.1ch, Dolby Digital5.1Creator\/ Dolby Digital 2ch St\u00e9r\u00e9o , Dolby Digital St\u00e9r\u00e9o Creator \/MPEG 4 AAC LC 2ch\t\t\t\t\t<\/li>\n<\/ul>\n<\/li>\n<li class=\"product-features__item\" role=\"listitem\">\n<h3 class=\"product-features__label\">Affichage<\/h3>\n<ul role=\"list\">\n<li class=\"product-features__item-list__item\" role=\"listitem\"><span class=\"is--medium\">\u00c9cran tactile :<\/span> Oui\t\t\t\t\t<\/li>\n<li class=\"product-features__item-list__item\" role=\"listitem\"><span class=\"is--medium\">\u00c9cran rotatif :<\/span> Oui\t\t\t\t\t<\/li>\n<li class=\"product-features__item-list__item\" role=\"listitem\"><span class=\"is--medium\">Taille de l&rsquo;\u00e9cran :<\/span> 7,5 cm\t\t\t\t\t<\/li>\n<\/ul>\n<\/li>\n<li class=\"product-features__item\" role=\"listitem\">\n<h3 class=\"product-features__label\">Fonctions sp\u00e9ciales<\/h3>\n<ul role=\"list\">\n<li class=\"product-features__item-list__item\" role=\"listitem\"><span class=\"is--medium\">Etanche :<\/span> Non \u00e9tanche\t\t\t\t\t<\/li>\n<li class=\"product-features__item-list__item\" role=\"listitem\"><span class=\"is--medium\">Vid\u00e9o acc\u00e9l\u00e9r\u00e9e (Time Lapse) :<\/span> Oui\t\t\t\t\t<\/li>\n<li class=\"product-features__item-list__item\" role=\"listitem\"><span class=\"is--medium\">Retardateur :<\/span> Oui\t\t\t\t\t<\/li>\n<li class=\"product-features__item-list__item\" role=\"listitem\"><span class=\"is--medium\">Anti-choc :<\/span> Non\t\t\t\t\t<\/li>\n<\/ul>\n<\/li>\n<li class=\"product-features__item\" role=\"listitem\">\n<h3 class=\"product-features__label\">Connectiques<\/h3>\n<ul role=\"list\">\n<li class=\"product-features__item-list__item\" role=\"listitem\"><span class=\"is--medium\">D\u00e9tails : :<\/span> Sortie USB, Sortie Micro USB, Sortie Micro HDMI\t\t\t\t\t<\/li>\n<\/ul>\n<\/li>\n<li class=\"product-features__item\" role=\"listitem\">\n<h3 class=\"product-features__label\">Stockage<\/h3>\n<ul role=\"list\">\n<li class=\"product-features__item-list__item\" role=\"listitem\"><span class=\"is--medium\">Carte(s) m\u00e9moire(s) compatible(s) : :<\/span> SD, SDHC, SDXC, MS Pro Duo, Micro SD\t\t\t\t\t<\/li>\n<li class=\"product-features__item-list__item\" role=\"listitem\"><span class=\"is--medium\">Type de support d&rsquo;enregistrement :<\/span> Carte m\u00e9moire\t\t\t\t\t<\/li>\n<li class=\"product-features__item-list__item\" role=\"listitem\"><span class=\"is--medium\">Consultez notre s\u00e9lection de cartes m\u00e9moires :<\/span> <a href=\"https:\/\/www.boulanger.com\/c\/carte-memoire-lecteur\" target=\"_blank\">En cliquant ici<\/a><\/li>\n<\/ul>\n<\/li>\n<li class=\"product-features__item\" role=\"listitem\">\n<h3 class=\"product-features__label\">Programmes<\/h3>\n<ul role=\"list\">\n<li class=\"product-features__item-list__item\" role=\"listitem\"><span class=\"is--medium\">Mode automatique intelligent :<\/span> Mode Auto Intelligent : reconnaissance des sc\u00e8nes et r\u00e9glagesoptimis\u00e9s (11 r\u00e9glages)\t\t\t\t\t<\/li>\n<\/ul>\n<\/li>\n<li class=\"product-features__item\" role=\"listitem\">\n<h3 class=\"product-features__label\">Alimentation<\/h3>\n<ul role=\"list\">\n<li class=\"product-features__item-list__item\" role=\"listitem\"><span class=\"is--medium\">Type de batterie :<\/span> NP FV70A\t\t\t\t\t<\/li>\n<li class=\"product-features__item-list__item\" role=\"listitem\"><span class=\"is--medium\">Alimentation par USB :<\/span> Oui\t\t\t\t\t<\/li>\n<li class=\"product-features__item-list__item\" role=\"listitem\"><span class=\"is--medium\">Autonomie (en min ) :<\/span> Non communiqu\u00e9\t\t\t\t\t<\/li>\n<\/ul>\n<\/li>\n<li class=\"product-features__item\" role=\"listitem\">\n<h3 class=\"product-features__label\">Informations compl\u00e9mentaires<\/h3>\n<ul role=\"list\">\n<li class=\"product-features__item-list__item\" role=\"listitem\"><span class=\"is--medium\">Fabriqu\u00e9 en :<\/span> Chine\t\t\t\t\t<\/li>\n<li class=\"product-features__item-list__item\" role=\"listitem\"><span class=\"is--medium\">Garantie :<\/span> 2 ans\t\t\t\t\t<\/li>\n<li class=\"product-features__item-list__item\" role=\"listitem\"><span class=\"is--medium\">Disponibilit\u00e9 des pi\u00e8ces d\u00e9tach\u00e9es (donn\u00e9es fournisseur) :<\/span> Pendant 2 ans, \u00e0 compter de la date fin de commercialisation\t\t\t\t\t<\/li>\n<\/ul>\n<\/li>\n<li class=\"product-features__item\" role=\"listitem\">\n<h3 class=\"product-features__label\">Dimensions<\/h3>\n<ul role=\"list\">\n<li class=\"product-features__item-list__item\" role=\"listitem\"><span class=\"is--medium\">Dimensions l x h x p :<\/span> 8.05 x 8.05 x 7.3 cm\t\t\t\t\t<\/li>\n<li class=\"product-features__item-list__item\" role=\"listitem\"><span class=\"is--medium\">Poids sans accessoires :<\/span> 600,00 g\t\t\t\t\t<\/li>\n<li class=\"product-features__item-list__item\" role=\"listitem\"><span class=\"is--medium\">Poids avec accessoires :<\/span> 1 g\t\t\t\t\t<\/li>\n<\/ul>\n<\/li>\n<\/ul>\n<\/div>\n<div class=\"product__disclosure-content\">\n<div class=\"js-read-more product-description__content read-more read-more--truncated\" data-read-more-name=\"description\" style=\"max-height: 500px; overflow: hidden;\">\n<p>N&rsquo;attendez plus pour saisir vos instants les plus pr\u00e9cieux gr\u00e2ce \u00e0 votre cam\u00e9scope SONY FDR-AX43A !<\/p>\n<h3><img fetchpriority=\"high\" decoding=\"async\" ,=\"\" alt=\"Camescope SONY FDRAX43AB.CEE 4K\" class=\"wy_tableau_gauche\" height=\"270\" src=\"https:\/\/boulanger.scene7.com\/is\/image\/Boulanger\/4548736141254_h_f_l_0?wid=400&amp;hei=270\" width=\"400\"\/>Des atouts cl\u00e9s pour des vid\u00e9os de haute qualit\u00e9<\/h3>\n<p>Capturez vos souvenirs avec <b>une qualit\u00e9 d&rsquo;enregistrement Ultra HD 4K<\/b> et d\u00e9couvrez des images \u00e9poustouflantes et des vid\u00e9os d&rsquo;une stabilit\u00e9 remarquable ! <b>La stabilisation optique SteadyShot<\/b> de votre cam\u00e9scope SONY FDR-AX43A combinera un m\u00e9canisme intelligent et \u00e9quilibr\u00e9 qui r\u00e9duira les tremblements et les secousses lors de vos prises de vue. <\/p>\n<p>Que vous souhaitiez filmer face \u00e0 la cam\u00e9ra ou immortaliser une sc\u00e8ne sous vos yeux, le SONY FDR-AX43A sera l&rsquo;outil id\u00e9al ! <b>Compatible avec une poign\u00e9e grip pour le vlogging et dot\u00e9 d&rsquo;un \u00e9cran orientable et tactile<\/b>, ce cam\u00e9scope vous permettra d&rsquo;enregistrer vos vid\u00e9os sans effort. En plus, vous obtiendrez toujours un cadrage id\u00e9al gr\u00e2ce \u00e0 son grand angle de 26,8 mm. <\/p>\n<h3><img decoding=\"async\" ,=\"\" alt=\"Camescope SONY FDRAX43AB.CEE 4K\" class=\"wy_tableau_right\" height=\"270\" src=\"https:\/\/boulanger.scene7.com\/is\/image\/Boulanger\/4548736141254_h_f_l_1?wid=400&amp;hei=270\" width=\"400\"\/>L&rsquo;excellence audio boost\u00e9e par une connectivit\u00e9 am\u00e9lior\u00e9e<\/h3>\n<p>Parce que le son est tout aussi important que la vid\u00e9o, le cam\u00e9scope SONY FDR-AX43A vous garantira une capture audio de haute qualit\u00e9. <b>Son micro directionnel enregistrera dans 5 directions diff\u00e9rentes<\/b>, r\u00e9duisant au maximum les bruits parasites et offrant un rendu clair, ce qui en fera un outil indispensable pour les cr\u00e9ateurs de contenus et les vid\u00e9astes en herbe. <\/p>\n<p><b>Adapt\u00e9 au Wi-Fi<\/b>, votre futur cam\u00e9scope SONY FDR-AX43A disposera \u00e9galement de sorties STD, micro-HDMI et mini jack pour casque et micro. De plus, compatible ECMB1M, sa griffe porte accessoires facilitera l&rsquo;ajout d&rsquo;accessoires : la certitude de faire passer votre exp\u00e9rience de tournage au cran sup\u00e9rieur.<\/p>\n<\/p>\n<\/div>\n<p><bl-button a11yexpanded=\"false\" arialabel=\"Afficher toute la description\" class=\"read-more__btn\" full=\"false\" link=\"true\">Voir plus<\/bl-button><\/div>","protected":false},"excerpt":{"rendered":"<div class=\"keypoints\">\n<h3 class=\"keypoints__title\">Les points cl\u00e9s<\/h3>\n<ul role=\"list\">\n<li class=\"keypoints__item\" role=\"listitem\">                          Ultra HD (4K) &#8211;                                                      Non \u00e9tanche                      <\/li>\n<li class=\"keypoints__item\" role=\"listitem\">                                        WiFi                      <\/li>\n<li class=\"keypoints__item\" role=\"listitem\">                          Ecran : 7,5 cm &#8211;                                                      Capteur CMOS                      <\/li>\n<li class=\"keypoints__item keypoints__item--advantage\" role=\"listitem\"><strong>Le + :<\/strong> Une solution compl\u00e8te pour les cr\u00e9ateurs de contenus et les vid\u00e9astes !      <\/li>\n<\/ul>","protected":false},"featured_media":89336,"template":"","meta":{"_glsr_average":0,"_glsr_ranking":0,"_glsr_reviews":0},"product_cat":[490],"product_tag":[39,491,451],"class_list":{"0":"post-89337","1":"product","2":"type-product","3":"status-publish","4":"has-post-thumbnail","6":"product_cat-camescope","7":"product_tag-camera","8":"product_tag-camescope","9":"product_tag-tv-image-son","11":"first","12":"instock","13":"sale","14":"shipping-taxable","15":"purchasable","16":"product-type-simple"},"_links":{"self":[{"href":"https:\/\/electromenagerexpress.com\/en\/wp-json\/wp\/v2\/product\/89337","targetHints":{"allow":["GET"]}}],"collection":[{"href":"https:\/\/electromenagerexpress.com\/en\/wp-json\/wp\/v2\/product"}],"about":[{"href":"https:\/\/electromenagerexpress.com\/en\/wp-json\/wp\/v2\/types\/product"}],"wp:featuredmedia":[{"embeddable":true,"href":"https:\/\/electromenagerexpress.com\/en\/wp-json\/wp\/v2\/media\/89336"}],"wp:attachment":[{"href":"https:\/\/electromenagerexpress.com\/en\/wp-json\/wp\/v2\/media?parent=89337"}],"wp:term":[{"taxonomy":"product_cat","embeddable":true,"href":"https:\/\/electromenagerexpress.com\/en\/wp-json\/wp\/v2\/product_cat?post=89337"},{"taxonomy":"product_tag","embeddable":true,"href":"https:\/\/electromenagerexpress.com\/en\/wp-json\/wp\/v2\/product_tag?post=89337"}],"curies":[{"name":"wp","href":"https:\/\/api.w.org\/{rel}","templated":true}]}}